{"id":1091,"date":"2017-02-16T11:54:12","date_gmt":"2017-02-16T10:54:12","guid":{"rendered":"http:\/\/agora.xtec.cat\/ieslaromanica\/?page_id=1091"},"modified":"2023-01-16T17:12:07","modified_gmt":"2023-01-16T16:12:07","slug":"departaments-didactics","status":"publish","type":"page","link":"https:\/\/agora.xtec.cat\/ieslaromanica\/departaments-didactics\/","title":{"rendered":"\u00c0mbits educatius"},"content":{"rendered":"<p style=\"text-align: justify;\">Cliqueu sobre les etiquetes de cada \u00e0mbitt did\u00e0ctic situades al marge esquerre (men\u00fa) o sobre les imatges. Hi trobareu informacions rellevants dels diferents departaments did\u00e0ctics, com projectes, sortides&#8230; (En construcci\u00f3).<\/p>\n<table style=\"border-collapse: collapse; width: 75.3319%; height: 128px;\">\n<tbody>\n<tr>\n<td style=\"width: 50%;\"><a href=\"https:\/\/agora.xtec.cat\/ieslaromanica\/departaments-didactics\/ambit-educacio-fisica\/\"><img loading=\"lazy\" decoding=\"async\" class=\"alignleft size-large wp-image-21245\" src=\"https:\/\/agora.xtec.cat\/ieslaromanica\/wp-content\/uploads\/usu857\/2022\/04\/Educacio\u0301-fi\u0301sica2-1024x1024.jpg\" alt=\"\" width=\"1024\" height=\"1024\" srcset=\"https:\/\/agora.xtec.cat\/ieslaromanica\/wp-content\/uploads\/usu857\/2022\/04\/Educacio\u0301-fi\u0301sica2-1024x1024.jpg 1024w, https:\/\/agora.xtec.cat\/ieslaromanica\/wp-content\/uploads\/usu857\/2022\/04\/Educacio\u0301-fi\u0301sica2-300x300.jpg 300w, https:\/\/agora.xtec.cat\/ieslaromanica\/wp-content\/uploads\/usu857\/2022\/04\/Educacio\u0301-fi\u0301sica2-150x150.jpg 150w, https:\/\/agora.xtec.cat\/ieslaromanica\/wp-content\/uploads\/usu857\/2022\/04\/Educacio\u0301-fi\u0301sica2-768x768.jpg 768w, https:\/\/agora.xtec.cat\/ieslaromanica\/wp-content\/uploads\/usu857\/2022\/04\/Educacio\u0301-fi\u0301sica2-1536x1536.jpg 1536w, https:\/\/agora.xtec.cat\/ieslaromanica\/wp-content\/uploads\/usu857\/2022\/04\/Educacio\u0301-fi\u0301sica2-2048x2048.jpg 2048w\" sizes=\"auto, (max-width: 1024px) 100vw, 1024px\" \/><\/a><\/td>\n<td style=\"width: 50%;\"><a href=\"https:\/\/agora.xtec.cat\/ieslaromanica\/departaments-didactics\/ambit-cultura-i-valors\/\"><img loading=\"lazy\" decoding=\"async\" class=\"alignleft size-full wp-image-21244\" src=\"https:\/\/agora.xtec.cat\/ieslaromanica\/wp-content\/uploads\/usu857\/2022\/04\/Cultura-i-valors2.jpg\" alt=\"\" width=\"827\" height=\"827\" srcset=\"https:\/\/agora.xtec.cat\/ieslaromanica\/wp-content\/uploads\/usu857\/2022\/04\/Cultura-i-valors2.jpg 827w, https:\/\/agora.xtec.cat\/ieslaromanica\/wp-content\/uploads\/usu857\/2022\/04\/Cultura-i-valors2-300x300.jpg 300w, https:\/\/agora.xtec.cat\/ieslaromanica\/wp-content\/uploads\/usu857\/2022\/04\/Cultura-i-valors2-150x150.jpg 150w, https:\/\/agora.xtec.cat\/ieslaromanica\/wp-content\/uploads\/usu857\/2022\/04\/Cultura-i-valors2-768x768.jpg 768w\" sizes=\"auto, (max-width: 827px) 100vw, 827px\" \/><\/a><\/td>\n<\/tr>\n<tr>\n<td style=\"width: 50%;\"><a href=\"https:\/\/agora.xtec.cat\/ieslaromanica\/departaments-didactics\/ambit-linguistic\/\"><img loading=\"lazy\" decoding=\"async\" class=\"alignleft size-large wp-image-21246\" src=\"https:\/\/agora.xtec.cat\/ieslaromanica\/wp-content\/uploads\/usu857\/2022\/04\/Lingu\u0308i\u0301stic-Castella\u0300-Sergi2-1024x1024.jpg\" alt=\"\" width=\"1024\" height=\"1024\" srcset=\"https:\/\/agora.xtec.cat\/ieslaromanica\/wp-content\/uploads\/usu857\/2022\/04\/Lingu\u0308i\u0301stic-Castella\u0300-Sergi2-1024x1024.jpg 1024w, https:\/\/agora.xtec.cat\/ieslaromanica\/wp-content\/uploads\/usu857\/2022\/04\/Lingu\u0308i\u0301stic-Castella\u0300-Sergi2-300x300.jpg 300w, https:\/\/agora.xtec.cat\/ieslaromanica\/wp-content\/uploads\/usu857\/2022\/04\/Lingu\u0308i\u0301stic-Castella\u0300-Sergi2-150x150.jpg 150w, https:\/\/agora.xtec.cat\/ieslaromanica\/wp-content\/uploads\/usu857\/2022\/04\/Lingu\u0308i\u0301stic-Castella\u0300-Sergi2-768x768.jpg 768w, https:\/\/agora.xtec.cat\/ieslaromanica\/wp-content\/uploads\/usu857\/2022\/04\/Lingu\u0308i\u0301stic-Castella\u0300-Sergi2-1536x1536.jpg 1536w, https:\/\/agora.xtec.cat\/ieslaromanica\/wp-content\/uploads\/usu857\/2022\/04\/Lingu\u0308i\u0301stic-Castella\u0300-Sergi2.jpg 1559w\" sizes=\"auto, (max-width: 1024px) 100vw, 1024px\" \/><\/a><\/td>\n<td style=\"width: 50%;\"><a href=\"https:\/\/agora.xtec.cat\/ieslaromanica\/departaments-didactics\/ambit-artistic\/\"><img loading=\"lazy\" decoding=\"async\" class=\"alignleft size-large wp-image-21242\" src=\"https:\/\/agora.xtec.cat\/ieslaromanica\/wp-content\/uploads\/usu857\/2022\/04\/arti\u0301stic2-2mg-1024x1024.jpg\" alt=\"\" width=\"1024\" height=\"1024\" srcset=\"https:\/\/agora.xtec.cat\/ieslaromanica\/wp-content\/uploads\/usu857\/2022\/04\/arti\u0301stic2-2mg-1024x1024.jpg 1024w, https:\/\/agora.xtec.cat\/ieslaromanica\/wp-content\/uploads\/usu857\/2022\/04\/arti\u0301stic2-2mg-300x300.jpg 300w, https:\/\/agora.xtec.cat\/ieslaromanica\/wp-content\/uploads\/usu857\/2022\/04\/arti\u0301stic2-2mg-150x150.jpg 150w, https:\/\/agora.xtec.cat\/ieslaromanica\/wp-content\/uploads\/usu857\/2022\/04\/arti\u0301stic2-2mg-768x768.jpg 768w, https:\/\/agora.xtec.cat\/ieslaromanica\/wp-content\/uploads\/usu857\/2022\/04\/arti\u0301stic2-2mg.jpg 1417w\" sizes=\"auto, (max-width: 1024px) 100vw, 1024px\" \/><\/a><\/td>\n<\/tr>\n<tr>\n<td style=\"width: 50%;\"><a href=\"https:\/\/agora.xtec.cat\/ieslaromanica\/departaments-didactics\/ambit-matematic\/\"><img loading=\"lazy\" decoding=\"async\" class=\"alignleft size-large wp-image-21247\" src=\"https:\/\/agora.xtec.cat\/ieslaromanica\/wp-content\/uploads\/usu857\/2022\/04\/mates-6-2-2mg-1024x1024.jpg\" alt=\"\" width=\"1024\" height=\"1024\" srcset=\"https:\/\/agora.xtec.cat\/ieslaromanica\/wp-content\/uploads\/usu857\/2022\/04\/mates-6-2-2mg-1024x1024.jpg 1024w, https:\/\/agora.xtec.cat\/ieslaromanica\/wp-content\/uploads\/usu857\/2022\/04\/mates-6-2-2mg-300x300.jpg 300w, https:\/\/agora.xtec.cat\/ieslaromanica\/wp-content\/uploads\/usu857\/2022\/04\/mates-6-2-2mg-150x150.jpg 150w, https:\/\/agora.xtec.cat\/ieslaromanica\/wp-content\/uploads\/usu857\/2022\/04\/mates-6-2-2mg-768x768.jpg 768w, https:\/\/agora.xtec.cat\/ieslaromanica\/wp-content\/uploads\/usu857\/2022\/04\/mates-6-2-2mg.jpg 1535w\" sizes=\"auto, (max-width: 1024px) 100vw, 1024px\" \/><\/a><\/td>\n<td style=\"width: 50%;\"><a href=\"https:\/\/agora.xtec.cat\/ieslaromanica\/departaments-didactics\/ambit-social\/\"><img loading=\"lazy\" decoding=\"async\" class=\"alignleft size-large wp-image-21248\" src=\"https:\/\/agora.xtec.cat\/ieslaromanica\/wp-content\/uploads\/usu857\/2022\/04\/social2-2mg-1024x1024.jpg\" alt=\"\" width=\"1024\" height=\"1024\" srcset=\"https:\/\/agora.xtec.cat\/ieslaromanica\/wp-content\/uploads\/usu857\/2022\/04\/social2-2mg-1024x1024.jpg 1024w, https:\/\/agora.xtec.cat\/ieslaromanica\/wp-content\/uploads\/usu857\/2022\/04\/social2-2mg-300x300.jpg 300w, https:\/\/agora.xtec.cat\/ieslaromanica\/wp-content\/uploads\/usu857\/2022\/04\/social2-2mg-150x150.jpg 150w, https:\/\/agora.xtec.cat\/ieslaromanica\/wp-content\/uploads\/usu857\/2022\/04\/social2-2mg-768x768.jpg 768w, https:\/\/agora.xtec.cat\/ieslaromanica\/wp-content\/uploads\/usu857\/2022\/04\/social2-2mg-1536x1536.jpg 1536w, https:\/\/agora.xtec.cat\/ieslaromanica\/wp-content\/uploads\/usu857\/2022\/04\/social2-2mg-2048x2048.jpg 2048w\" sizes=\"auto, (max-width: 1024px) 100vw, 1024px\" \/><\/a><\/td>\n<\/tr>\n<tr>\n<td style=\"width: 50%;\"><a href=\"https:\/\/agora.xtec.cat\/ieslaromanica\/departaments-didactics\/ambit-cientifico-tecnologic\/\"><img loading=\"lazy\" decoding=\"async\" class=\"alignleft size-large wp-image-21243\" src=\"https:\/\/agora.xtec.cat\/ieslaromanica\/wp-content\/uploads\/usu857\/2022\/04\/cienti\u0301fic-tecnolo\u0300gic2-1024x1024.jpg\" alt=\"\" width=\"1024\" height=\"1024\" srcset=\"https:\/\/agora.xtec.cat\/ieslaromanica\/wp-content\/uploads\/usu857\/2022\/04\/cienti\u0301fic-tecnolo\u0300gic2-1024x1024.jpg 1024w, https:\/\/agora.xtec.cat\/ieslaromanica\/wp-content\/uploads\/usu857\/2022\/04\/cienti\u0301fic-tecnolo\u0300gic2-300x300.jpg 300w, https:\/\/agora.xtec.cat\/ieslaromanica\/wp-content\/uploads\/usu857\/2022\/04\/cienti\u0301fic-tecnolo\u0300gic2-150x150.jpg 150w, https:\/\/agora.xtec.cat\/ieslaromanica\/wp-content\/uploads\/usu857\/2022\/04\/cienti\u0301fic-tecnolo\u0300gic2-768x768.jpg 768w, https:\/\/agora.xtec.cat\/ieslaromanica\/wp-content\/uploads\/usu857\/2022\/04\/cienti\u0301fic-tecnolo\u0300gic2.jpg 1200w\" sizes=\"auto, (max-width: 1024px) 100vw, 1024px\" \/><\/a><\/td>\n<td style=\"width: 50%; text-align: center;\"><img loading=\"lazy\" decoding=\"async\" class=\"wp-image-22217 alignnone\" src=\"https:\/\/agora.xtec.cat\/ieslaromanica\/wp-content\/uploads\/usu857\/2023\/01\/ORIENTACIO2-300x217.png\" alt=\"\" width=\"311\" height=\"225\" srcset=\"https:\/\/agora.xtec.cat\/ieslaromanica\/wp-content\/uploads\/usu857\/2023\/01\/ORIENTACIO2-300x217.png 300w, https:\/\/agora.xtec.cat\/ieslaromanica\/wp-content\/uploads\/usu857\/2023\/01\/ORIENTACIO2.png 450w\" sizes=\"auto, (max-width: 311px) 100vw, 311px\" \/><\/p>\n<p><span style=\"color: #000000;\"><strong><a style=\"color: #000000;\" href=\"https:\/\/agora.xtec.cat\/ieslaromanica\/departaments-didactics\/orientacio\/\">Orientaci\u00f3<\/a><\/strong><\/span><\/td>\n<\/tr>\n<\/tbody>\n<\/table>\n<h4 style=\"text-align: justify;\"><span style=\"color: #ff0000;\">\u00a0<\/span><\/h4>\n<p>&nbsp;<\/p>\n","protected":false},"excerpt":{"rendered":"<p>Cliqueu sobre les etiquetes de cada \u00e0mbitt did\u00e0ctic situades al marge esquerre (men\u00fa) o sobre les imatges. Hi trobareu informacions rellevants dels diferents departaments did\u00e0ctics, com projectes, sortides&#8230; (En construcci\u00f3).<\/p>\n<p><a href=\"https:\/\/agora.xtec.cat\/ieslaromanica\/departaments-didactics\/ambit-educacio-fisica\/\"><\/a><br \/>\n<a href=\"https:\/\/agora.xtec.cat\/ieslaromanica\/departaments-didactics\/ambit-cultura-i-valors\/\"><\/a><\/p>\n<p><a href=\"https:\/\/agora.xtec.cat\/ieslaromanica\/departaments-didactics\/ambit-linguistic\/\"><\/a><br \/>\n<a href=\"https:\/\/agora.xtec.cat\/ieslaromanica\/departaments-didactics\/ambit-artistic\/\"><\/a><\/p>\n<p><a href=\"https:\/\/agora.xtec.cat\/ieslaromanica\/departaments-didactics\/ambit-matematic\/\"><\/a><br \/>\n<a href=\"https:\/\/agora.xtec.cat\/ieslaromanica\/departaments-didactics\/ambit-social\/\"><\/a><\/p>\n<p><a href=\"https:\/\/agora.xtec.cat\/ieslaromanica\/departaments-didactics\/ambit-cientifico-tecnologic\/\"><\/a><\/p>\n<p><a style=\"color: #000000;\" href=\"https:\/\/agora.xtec.cat\/ieslaromanica\/departaments-didactics\/orientacio\/\">Orientaci\u00f3<\/a><\/p>\n<p>\u00a0<br \/>\n&nbsp;<\/p>\n","protected":false},"author":1,"featured_media":0,"parent":0,"menu_order":0,"comment_status":"closed","ping_status":"closed","template":"page-templates\/side-menu.php","meta":{"_bbp_topic_count":0,"_bbp_reply_count":0,"_bbp_total_topic_count":0,"_bbp_total_reply_count":0,"_bbp_voice_count":0,"_bbp_anonymous_reply_count":0,"_bbp_topic_count_hidden":0,"_bbp_reply_count_hidden":0,"_bbp_forum_subforum_count":0,"footnotes":""},"class_list":["post-1091","page","type-page","status-publish","hentry"],"post_mailing_queue_ids":[],"_links":{"self":[{"href":"https:\/\/agora.xtec.cat\/ieslaromanica\/wp-json\/wp\/v2\/pages\/1091","targetHints":{"allow":["GET"]}}],"collection":[{"href":"https:\/\/agora.xtec.cat\/ieslaromanica\/wp-json\/wp\/v2\/pages"}],"about":[{"href":"https:\/\/agora.xtec.cat\/ieslaromanica\/wp-json\/wp\/v2\/types\/page"}],"author":[{"embeddable":true,"href":"https:\/\/agora.xtec.cat\/ieslaromanica\/wp-json\/wp\/v2\/users\/1"}],"replies":[{"embeddable":true,"href":"https:\/\/agora.xtec.cat\/ieslaromanica\/wp-json\/wp\/v2\/comments?post=1091"}],"version-history":[{"count":5,"href":"https:\/\/agora.xtec.cat\/ieslaromanica\/wp-json\/wp\/v2\/pages\/1091\/revisions"}],"predecessor-version":[{"id":22221,"href":"https:\/\/agora.xtec.cat\/ieslaromanica\/wp-json\/wp\/v2\/pages\/1091\/revisions\/22221"}],"wp:attachment":[{"href":"https:\/\/agora.xtec.cat\/ieslaromanica\/wp-json\/wp\/v2\/media?parent=1091"}],"curies":[{"name":"wp","href":"https:\/\/api.w.org\/{rel}","templated":true}]}}