{"id":798,"date":"2017-03-13T22:56:27","date_gmt":"2017-03-13T21:56:27","guid":{"rendered":"http:\/\/agora.xtec.cat\/ieslaroca\/?page_id=798"},"modified":"2025-09-17T13:23:27","modified_gmt":"2025-09-17T11:23:27","slug":"certificat-de-nivell-de-catala","status":"publish","type":"page","link":"https:\/\/agora.xtec.cat\/ieslaroca\/secretaria\/certificat-de-nivell-de-catala\/","title":{"rendered":"CERTIFICAT de nivell de CATAL\u00c0"},"content":{"rendered":"<h3><strong>Titulacions equivalents als certificats de coneixements de catal\u00e0 de la Direcci\u00f3 General de Pol\u00edtica Ling\u00fc\u00edstica<\/strong><\/h3>\n<p align=\"justify\">La Secretaria de Pol\u00edtica Ling\u00fc\u00edstica de la Generalitat de Catalunya reconeix l&#8217;equival\u00e8ncia dels coneixements de catal\u00e0 i delega als centres\u00a0 l&#8217;expedici\u00f3 del corresponent certificat:<\/p>\n<ul>\n<li><strong>Certificat de nivell intermedi (B2)<\/strong><\/li>\n<li><strong>Certificat de nivell de sufici\u00e8ncia (C1)<\/strong><\/li>\n<\/ul>\n<p align=\"justify\">Podeu fer la sol\u00b7licitud mitjan\u00e7ant un correu a la secretaria del centre secretaria@ieslaroca.cat. Juntament amb la sol\u00b7licitud, haureu d&#8217;aportar la documentaci\u00f3 que s&#8217;escaigui segons el quadre:<\/p>\n<p><strong>Nivell B2<\/strong><\/p>\n<table style=\"height: 676px; width: 1033px; border-color: #110440;\" cellspacing=\"0\" cellpadding=\"2\">\n<colgroup>\n<col width=\"44*\" \/>\n<col width=\"139*\" \/>\n<col width=\"72*\" \/> <\/colgroup>\n<tbody>\n<tr>\n<td style=\"width: 253px; background-color: #d1d5ed; height: 46px;\" bgcolor=\"#ffff99\" height=\"46\">\n<p align=\"CENTER\"><strong>Titulaci\u00f3 equivalent<br \/>\n<\/strong><\/p>\n<\/td>\n<td style=\"width: 449px; background-color: #d1d5ed; height: 46px;\" bgcolor=\"#ffff99\">\n<p style=\"text-align: center;\" align=\"CENTER\"><strong>Requisits per sol\u00b7licitar-lo<br \/>\n<\/strong><\/p>\n<\/td>\n<td style=\"width: 327px; background-color: #d1d5ed; height: 46px;\" bgcolor=\"#ffff99\">\n<p style=\"text-align: center;\" align=\"CENTER\"><strong>Documentaci\u00f3 acreditativa<br \/>\n<\/strong><\/p>\n<\/td>\n<\/tr>\n<tr>\n<td style=\"width: 253px;\" height=\"65\">\n<p align=\"CENTER\">T\u00edtol graduat escolar (EGB)<\/p>\n<\/td>\n<td style=\"width: 449px;\">\n<p align=\"JUSTIFY\">Haver cursat tota l\u2019EGB a Catalunya i s\u2019hagi cursat la mat\u00e8ria de llengua catalana en la totalitat dels estudis esmentats a partir del curs 1978-1979.<\/p>\n<\/td>\n<td style=\"width: 327px;\">\n<p align=\"JUSTIFY\">Original i fotoc\u00f2pia de:<\/p>\n<p align=\"JUSTIFY\">&#8211; DNI<\/p>\n<p align=\"JUSTIFY\">&#8211; Llibre\/certificat d&#8217;EGB<\/p>\n<p align=\"JUSTIFY\">&#8211; T\u00edtol d&#8217;EGB<\/p>\n<\/td>\n<\/tr>\n<tr>\n<td style=\"width: 253px;\" height=\"88\">\n<p align=\"CENTER\">T\u00edtol FP1<\/p>\n<\/td>\n<td style=\"width: 449px;\">\n<p align=\"JUSTIFY\">Haver cursat tota l\u2019EGB i l\u2019FP1 a Catalunya i s\u2019hagi cursat la mat\u00e8ria de llengua catalana en la totalitat dels estudis esmentats a partir del curs 1978-1979 (curs d&#8217;inici d&#8217;EGB).<\/p>\n<\/td>\n<td style=\"width: 327px;\">\n<p align=\"JUSTIFY\">Original i fotoc\u00f2pia de:<\/p>\n<p align=\"JUSTIFY\">&#8211; DNI<\/p>\n<p align=\"JUSTIFY\">&#8211; Llibre\/certificat d&#8217;EGB<\/p>\n<p align=\"JUSTIFY\">&#8211; Certificat d&#8217;FP1<\/p>\n<p align=\"JUSTIFY\">&#8211; T\u00edtol d&#8217;FP1<\/p>\n<\/td>\n<\/tr>\n<\/tbody>\n<\/table>\n<p><strong>Nivell C1<\/strong><\/p>\n<table style=\"width: 1034px; border-color: #110440;\" cellspacing=\"0\" cellpadding=\"2\">\n<colgroup>\n<col width=\"44*\" \/>\n<col width=\"139*\" \/>\n<col width=\"73*\" \/> <\/colgroup>\n<tbody>\n<tr>\n<td style=\"width: 255px; background-color: #d1d5ed;\" bgcolor=\"#ffff99\">\n<p align=\"CENTER\"><strong>Titulaci\u00f3 equivalent<\/strong><\/p>\n<\/td>\n<td style=\"width: 453px; background-color: #d1d5ed;\" bgcolor=\"#ffff99\">\n<p align=\"CENTER\"><strong>Requisits per sol\u00b7licitar-lo<\/strong><\/p>\n<\/td>\n<td style=\"width: 322px; background-color: #d1d5ed;\" bgcolor=\"#ffff99\">\n<p align=\"CENTER\"><strong>Documentaci\u00f3 acreditativa<\/strong><\/p>\n<\/td>\n<\/tr>\n<tr>\n<td style=\"width: 255px;\">\n<p align=\"CENTER\">\u00a0T\u00edtol BUP<\/p>\n<\/td>\n<td style=\"width: 453px;\">\n<p align=\"JUSTIFY\">Haver cursat tota l\u2019EGB i BUP a Catalunya i s\u2019hagi cursat de manera oficial la mat\u00e8ria de llengua catalana en la totalitat dels estudis esmentats a partir del curs 1978-1979 (curs d&#8217;inici d&#8217;EGB).<\/p>\n<\/td>\n<td style=\"width: 322px;\">\n<p align=\"JUSTIFY\">Original i fotoc\u00f2pia de:<\/p>\n<p align=\"JUSTIFY\">&#8211; DNI<\/p>\n<p align=\"JUSTIFY\">&#8211; Llibre\/certificat d&#8217;EGB<\/p>\n<p align=\"LEFT\">&#8211; Llibre\/certificat de BUP<\/p>\n<p align=\"LEFT\">&#8211; T\u00edtol de BUP<\/p>\n<\/td>\n<\/tr>\n<tr>\n<td style=\"width: 255px;\">\n<p align=\"CENTER\">T\u00edtol FP2<\/p>\n<\/td>\n<td style=\"width: 453px;\">\n<p align=\"JUSTIFY\">Haver cursat tota l\u2019EGB, FP1 i FP2 a Catalunya i s\u2019hagi cursat de manera oficial la mat\u00e8ria de llengua catalana en la totalitat dels estudis esmentats a partir del curs 1978-1979 (curs d&#8217;inici d&#8217;EGB).<\/p>\n<\/td>\n<td style=\"width: 322px;\">Original i fotoc\u00f2pia de:- DNI<\/p>\n<p>&#8211; Llibre\/certificat d&#8217;EGB<\/p>\n<p>&#8211; Certificat d\u2019FP1 i FP2<\/p>\n<p>&#8211; T\u00edtol d&#8217;FP2<\/td>\n<\/tr>\n<tr>\n<td style=\"width: 255px;\">\n<p align=\"CENTER\">T\u00edtol BATXILLERAT<\/p>\n<\/td>\n<td style=\"width: 453px;\">\n<p align=\"JUSTIFY\">Haver cursat almenys 3 cursos de PRIM\u00c0RIA i 5 entre ESO i BATX a Catalunya i s\u2019hagi cursat la mat\u00e8ria de llengua catalana en la totalitat dels estudis m\u00ednims esmentats.<\/p>\n<\/td>\n<td style=\"width: 322px;\">Original i fotoc\u00f2pia de:- DNI<\/p>\n<p>&#8211; Llibre\/certificat de<\/p>\n<p>prim\u00e0ria, d&#8217;ESO i batxillerat<\/p>\n<p>&#8211; T\u00edtol de batxillerat<\/td>\n<\/tr>\n<tr>\n<td style=\"width: 255px;\">\n<p align=\"CENTER\">T\u00edtol ESO<\/p>\n<\/td>\n<td style=\"width: 453px;\">\n<p align=\"JUSTIFY\">Haver cursat almenys 3 cursos de PRIM\u00c0RIA i tota l&#8217;ESO a Catalunya i s\u2019hagi cursat i aprovat la mat\u00e8ria de llengua catalana en la totalitat dels estudis m\u00ednims esmentats. El requisit d\u2019acreditaci\u00f3 d\u2019haver aprovat la mat\u00e8ria de llengua catalana \u00e9s d\u2019aplicaci\u00f3 als t\u00edtols de graduaci\u00f3 en educaci\u00f3 secund\u00e0ria obtinguts a partir del curs 2007\/2008.<\/p>\n<\/td>\n<td style=\"width: 322px;\">Original i fotoc\u00f2pia de :- DNI<\/p>\n<p>&#8211; Llibre\/certificat de prim\u00e0ria i<\/p>\n<p>d&#8217;ESO<\/p>\n<p>&#8211; T\u00edtol d&#8217;ESO<\/td>\n<\/tr>\n<\/tbody>\n<\/table>\n<p>Per a m\u00e9s informaci\u00f3, podeu consultar la p\u00e0gina web de <strong><a href=\"http:\/\/www20.gencat.cat\/portal\/site\/Llengcat\/menuitem.b318de7236aed0e7a129d410b0c0e1a0\/?vgnextoid=8d9bf9465ff61110VgnVCM1000000b0c1e0aRCRD&amp;vgnextchannel=8d9bf9465ff61110VgnVCM1000000b0c1e0aRCRD&amp;vgnextfmt=default\" target=\"_blank\" rel=\"noopener\">Pol\u00edtica Ling\u00fc\u00edstica<\/a><\/strong><\/p>\n","protected":false},"excerpt":{"rendered":"<p>Titulacions equivalents als certificats de coneixements de catal\u00e0 de la Direcci\u00f3 General de Pol\u00edtica Ling\u00fc\u00edstica La Secretaria de Pol\u00edtica Ling\u00fc\u00edstica [&hellip;]<\/p>\n","protected":false},"author":3,"featured_media":0,"parent":81,"menu_order":1,"comment_status":"closed","ping_status":"closed","template":"","meta":{"_bbp_topic_count":0,"_bbp_reply_count":0,"_bbp_total_topic_count":0,"_bbp_total_reply_count":0,"_bbp_voice_count":0,"_bbp_anonymous_reply_count":0,"_bbp_topic_count_hidden":0,"_bbp_reply_count_hidden":0,"_bbp_forum_subforum_count":0,"site-sidebar-layout":"default","site-content-layout":"","ast-site-content-layout":"default","site-content-style":"default","site-sidebar-style":"default","ast-global-header-display":"","ast-banner-title-visibility":"","ast-main-header-display":"","ast-hfb-above-header-display":"","ast-hfb-below-header-display":"","ast-hfb-mobile-header-display":"","site-post-title":"","ast-breadcrumbs-content":"","ast-featured-img":"","footer-sml-layout":"","theme-transparent-header-meta":"","adv-header-id-meta":"","stick-header-meta":"","header-above-stick-meta":"","header-main-stick-meta":"","header-below-stick-meta":"","astra-migrate-meta-layouts":"set","ast-page-background-enabled":"default","ast-page-background-meta":{"desktop":{"background-color":"var(--ast-global-color-4)","background-image":"","background-repeat":"repeat","background-position":"center center","background-size":"auto","background-attachment":"scroll","background-type":"","background-media":"","overlay-type":"","overlay-color":"","overlay-opacity":"","overlay-gradient":""},"tablet":{"background-color":"","background-image":"","background-repeat":"repeat","background-position":"center center","background-size":"auto","background-attachment":"scroll","background-type":"","background-media":"","overlay-type":"","overlay-color":"","overlay-opacity":"","overlay-gradient":""},"mobile":{"background-color":"","background-image":"","background-repeat":"repeat","background-position":"center center","background-size":"auto","background-attachment":"scroll","background-type":"","background-media":"","overlay-type":"","overlay-color":"","overlay-opacity":"","overlay-gradient":""}},"ast-content-background-meta":{"desktop":{"background-color":"var(--ast-global-color-5)","background-image":"","background-repeat":"repeat","background-position":"center center","background-size":"auto","background-attachment":"scroll","background-type":"","background-media":"","overlay-type":"","overlay-color":"","overlay-opacity":"","overlay-gradient":""},"tablet":{"background-color":"var(--ast-global-color-5)","background-image":"","background-repeat":"repeat","background-position":"center center","background-size":"auto","background-attachment":"scroll","background-type":"","background-media":"","overlay-type":"","overlay-color":"","overlay-opacity":"","overlay-gradient":""},"mobile":{"background-color":"var(--ast-global-color-5)","background-image":"","background-repeat":"repeat","background-position":"center center","background-size":"auto","background-attachment":"scroll","background-type":"","background-media":"","overlay-type":"","overlay-color":"","overlay-opacity":"","overlay-gradient":""}},"footnotes":""},"class_list":["post-798","page","type-page","status-publish","hentry"],"post_mailing_queue_ids":[],"_links":{"self":[{"href":"https:\/\/agora.xtec.cat\/ieslaroca\/wp-json\/wp\/v2\/pages\/798","targetHints":{"allow":["GET"]}}],"collection":[{"href":"https:\/\/agora.xtec.cat\/ieslaroca\/wp-json\/wp\/v2\/pages"}],"about":[{"href":"https:\/\/agora.xtec.cat\/ieslaroca\/wp-json\/wp\/v2\/types\/page"}],"author":[{"embeddable":true,"href":"https:\/\/agora.xtec.cat\/ieslaroca\/wp-json\/wp\/v2\/users\/3"}],"replies":[{"embeddable":true,"href":"https:\/\/agora.xtec.cat\/ieslaroca\/wp-json\/wp\/v2\/comments?post=798"}],"version-history":[{"count":5,"href":"https:\/\/agora.xtec.cat\/ieslaroca\/wp-json\/wp\/v2\/pages\/798\/revisions"}],"predecessor-version":[{"id":6544,"href":"https:\/\/agora.xtec.cat\/ieslaroca\/wp-json\/wp\/v2\/pages\/798\/revisions\/6544"}],"up":[{"embeddable":true,"href":"https:\/\/agora.xtec.cat\/ieslaroca\/wp-json\/wp\/v2\/pages\/81"}],"wp:attachment":[{"href":"https:\/\/agora.xtec.cat\/ieslaroca\/wp-json\/wp\/v2\/media?parent=798"}],"curies":[{"name":"wp","href":"https:\/\/api.w.org\/{rel}","templated":true}]}}