{"id":789,"date":"2024-05-07T18:00:30","date_gmt":"2024-05-07T16:00:30","guid":{"rendered":"http:\/\/agora.xtec.cat\/ieslaroca\/?page_id=789"},"modified":"2026-04-04T12:01:59","modified_gmt":"2026-04-04T10:01:59","slug":"beques","status":"publish","type":"page","link":"https:\/\/agora.xtec.cat\/ieslaroca\/secretaria\/beques\/","title":{"rendered":"BEQUES"},"content":{"rendered":"<h3>Convocat\u00f2ria de beques per al curs 2026-2027<\/h3>\n<ul>\n<li><span style=\"color: #000000;\"><a href=\"https:\/\/educacio.gencat.cat\/ca\/serveis-tramits\/beques\/beques-postobligatoris\/\" target=\"_blank\" rel=\"noopener\">Ensenyaments postobligatoris no universitaris<\/a><\/span><span style=\"color: #000000;\">. Beques per a estudis postobligatoris no universitaris. <\/span>El termini per sol\u00b7licitar les beques \u00e9s <strong>del 7 d&#8217;abril a les 8 hores fins al 18 de maig de 2026 a les 15 hores.<\/strong><\/li>\n<\/ul>\n<p>Beques de car\u00e0cter general per a estudis post obligatoris no universitaris:<\/p>\n<ul>\n<li style=\"list-style-type: none;\">\n<ul>\n<li>Primers i segons cursos de batxillerat<\/li>\n<li>Formaci\u00f3 professional de grau mitj\u00e0 i de grau superior<\/li>\n<li>Ensenyaments art\u00edstics professionals<\/li>\n<li>Ensenyaments esportius<\/li>\n<li>Ensenyaments art\u00edstics superiors<\/li>\n<li>Estudis religiosos superiors<\/li>\n<li>Estudis d&#8217;idiomes en escoles oficials (inclosa la modalitat de dist\u00e0ncia)<\/li>\n<li>Cursos d&#8217;acc\u00e9s i cursos de preparaci\u00f3 per a les proves d&#8217;acc\u00e9s a la formaci\u00f3 professional i cursos de formaci\u00f3 espec\u00edfics per a l&#8217;acc\u00e9s als cicles de grau mitj\u00e0 i de grau superior impartits en centres p\u00fablics i en centres privats<\/li>\n<li>Cicles formatius de grau b\u00e0sic<\/li>\n<\/ul>\n<\/li>\n<\/ul>\n<ul>\n<li><a href=\"https:\/\/agora.xtec.cat\/ieslaroca\/general\/beques-per-a-estudis-postobligatoris-no-universitaris\/\" target=\"_blank\" rel=\"noopener\"><strong> Universitat<\/strong><\/a>. Beca de car\u00e0cter general de la Generalitat per a estudis universitaris (GRAL). El termini per sol\u00b7licitar les beques \u00e9s <strong>del 7 d&#8217;abril a les 8 hores fins al 18 de maig de 2026 a les 15 hores.<\/strong><\/li>\n<\/ul>\n<ul>\n<li><a href=\"https:\/\/educacio.gencat.cat\/ca\/tramits\/tramits-temes\/ajuts-nee\" target=\"_blank\" rel=\"noopener\"><strong>NEE<\/strong><\/a> Ajuts individualitzats. Convocat\u00f2ria del Ministeri d&#8217;Educaci\u00f3 i Formaci\u00f3 Professional per a alumnes amb necessitat espec\u00edfica de suport educatiu. <span style=\"color: #000000;\">Termini per presentar la sol\u00b7licitud <strong>del 30 d&#8217;abril de 2025 al 11 de setembre de 2025 . (pendent convocat\u00f2ria 2026-2027)<\/strong><\/span>\n<ul>\n<li>Ajuts i subsidis per a alumnes amb necessitat espec\u00edfica de suport educatiu derivada de discapacitat o trastorn greu de conducta o trastorn de la comunicaci\u00f3 i el llenguatge o trastorn de l&#8217;espectre autista.<\/li>\n<li>Ajuts i subsidi per a programes complementaris a alumnes amb necessitat espec\u00edfica de suport educatiu associada a altes capacitats.<\/li>\n<\/ul>\n<\/li>\n<\/ul>\n<p><b>\u00a0 \u00a0 \u00a0 \u00a0 \u00a0 \u00a0 A difer\u00e8ncia de les convocat\u00f2ries anteriors, <u>la\u00a0sol\u00b7licitud no s\u2019ha de lliurar al centre educatiu<\/u>. La fam\u00edlia ha d&#8217;emplenar el formulari en l\u00ednia i obtenir el\u00a0 \u00a0 \u00a0 \u00a0 \u00a0 \u00a0 \u00a0 \u00a0 resguard de presentaci\u00f3.\u200b\u00a0 <a href=\"https:\/\/web.gencat.cat\/ca\/tramits\/tramits-temes\/Ajuts-per-a-alumnes-amb-necessitat-especifica-de-suport-educatiu?category=7449fd1c-a82c-11e3-a972-000c29052e2c\">Enlla\u00e7<\/a><\/b><\/p>\n<h3><\/h3>\n<h3>Convocat\u00f2ria de beques per al curs 2025-26 (<strong>pendent convocat\u00f2ria 2026-2027)<\/strong><\/h3>\n<ul>\n<li><b><span class=\"il\"><strong><a href=\"http:\/\/www.laroca.cat\/actualitat\/que-esta-passant\/noticies\/lajuntament-obre-la-convocatoria-per-sollicitar-les-beques-escolars-del-curs-2024-2025\" target=\"_blank\" rel=\"noopener\">Beques Escolars. <\/a><\/strong><\/span><\/b><span class=\"il\">C<\/span><span class=\"il\">onvocat\u00f2ria de l&#8217;Ajuntament de la Roca del Vall\u00e8s. Conceptes:\u00a0<\/span><span class=\"il\"><span class=\"il\">transport escolar, llibres, material, activitats d&#8217;estiu, activitats extraescolars i menjador. Termini per presentar la sol\u00b7licitud <\/span><\/span><strong><em>: 11 de juny a 30 de juny de 2025 Enlla\u00e7\u00a0<\/em><\/strong><\/li>\n<li><a href=\"https:\/\/www.vallesoriental.cat\/ambits\/2230-politiques-socials\/ajuts-de-menjador-escolar\/\" target=\"_blank\" rel=\"noopener\"><strong>Beques Menjador.<\/strong><\/a>\u00a0 Convocat\u00f2ria del Consell Comarcal. Termini per presentar sol.licituds <strong><em>11 de juny a 30 de juny de 2025 <a href=\"https:\/\/www.vallesoriental.cat\/ambits\/2230-politiques-socials\/ajuts-de-menjador-escolar\">Enlla\u00e7 <\/a><\/em><\/strong><b><br \/>\n<\/b><\/li>\n<\/ul>\n<ul>\n<li style=\"list-style-type: none;\"><\/li>\n<\/ul>\n<hr \/>\n<p><span style=\"color: #ffffff;\">A<\/span><\/p>\n","protected":false},"excerpt":{"rendered":"<p>Convocat\u00f2ria de beques per al curs 2026-2027 Ensenyaments postobligatoris no universitaris. Beques per a estudis postobligatoris no universitaris. El termini [&hellip;]<\/p>\n","protected":false},"author":3,"featured_media":0,"parent":81,"menu_order":1,"comment_status":"closed","ping_status":"closed","template":"","meta":{"_bbp_topic_count":0,"_bbp_reply_count":0,"_bbp_total_topic_count":0,"_bbp_total_reply_count":0,"_bbp_voice_count":0,"_bbp_anonymous_reply_count":0,"_bbp_topic_count_hidden":0,"_bbp_reply_count_hidden":0,"_bbp_forum_subforum_count":0,"site-sidebar-layout":"default","site-content-layout":"","ast-site-content-layout":"default","site-content-style":"default","site-sidebar-style":"default","ast-global-header-display":"","ast-banner-title-visibility":"","ast-main-header-display":"","ast-hfb-above-header-display":"","ast-hfb-below-header-display":"","ast-hfb-mobile-header-display":"","site-post-title":"","ast-breadcrumbs-content":"","ast-featured-img":"","footer-sml-layout":"","theme-transparent-header-meta":"","adv-header-id-meta":"","stick-header-meta":"","header-above-stick-meta":"","header-main-stick-meta":"","header-below-stick-meta":"","astra-migrate-meta-layouts":"set","ast-page-background-enabled":"default","ast-page-background-meta":{"desktop":{"background-color":"var(--ast-global-color-4)","background-image":"","background-repeat":"repeat","background-position":"center center","background-size":"auto","background-attachment":"scroll","background-type":"","background-media":"","overlay-type":"","overlay-color":"","overlay-opacity":"","overlay-gradient":""},"tablet":{"background-color":"","background-image":"","background-repeat":"repeat","background-position":"center center","background-size":"auto","background-attachment":"scroll","background-type":"","background-media":"","overlay-type":"","overlay-color":"","overlay-opacity":"","overlay-gradient":""},"mobile":{"background-color":"","background-image":"","background-repeat":"repeat","background-position":"center center","background-size":"auto","background-attachment":"scroll","background-type":"","background-media":"","overlay-type":"","overlay-color":"","overlay-opacity":"","overlay-gradient":""}},"ast-content-background-meta":{"desktop":{"background-color":"var(--ast-global-color-5)","background-image":"","background-repeat":"repeat","background-position":"center center","background-size":"auto","background-attachment":"scroll","background-type":"","background-media":"","overlay-type":"","overlay-color":"","overlay-opacity":"","overlay-gradient":""},"tablet":{"background-color":"var(--ast-global-color-5)","background-image":"","background-repeat":"repeat","background-position":"center center","background-size":"auto","background-attachment":"scroll","background-type":"","background-media":"","overlay-type":"","overlay-color":"","overlay-opacity":"","overlay-gradient":""},"mobile":{"background-color":"var(--ast-global-color-5)","background-image":"","background-repeat":"repeat","background-position":"center center","background-size":"auto","background-attachment":"scroll","background-type":"","background-media":"","overlay-type":"","overlay-color":"","overlay-opacity":"","overlay-gradient":""}},"footnotes":""},"class_list":["post-789","page","type-page","status-publish","hentry"],"post_mailing_queue_ids":[],"_links":{"self":[{"href":"https:\/\/agora.xtec.cat\/ieslaroca\/wp-json\/wp\/v2\/pages\/789","targetHints":{"allow":["GET"]}}],"collection":[{"href":"https:\/\/agora.xtec.cat\/ieslaroca\/wp-json\/wp\/v2\/pages"}],"about":[{"href":"https:\/\/agora.xtec.cat\/ieslaroca\/wp-json\/wp\/v2\/types\/page"}],"author":[{"embeddable":true,"href":"https:\/\/agora.xtec.cat\/ieslaroca\/wp-json\/wp\/v2\/users\/3"}],"replies":[{"embeddable":true,"href":"https:\/\/agora.xtec.cat\/ieslaroca\/wp-json\/wp\/v2\/comments?post=789"}],"version-history":[{"count":6,"href":"https:\/\/agora.xtec.cat\/ieslaroca\/wp-json\/wp\/v2\/pages\/789\/revisions"}],"predecessor-version":[{"id":6767,"href":"https:\/\/agora.xtec.cat\/ieslaroca\/wp-json\/wp\/v2\/pages\/789\/revisions\/6767"}],"up":[{"embeddable":true,"href":"https:\/\/agora.xtec.cat\/ieslaroca\/wp-json\/wp\/v2\/pages\/81"}],"wp:attachment":[{"href":"https:\/\/agora.xtec.cat\/ieslaroca\/wp-json\/wp\/v2\/media?parent=789"}],"curies":[{"name":"wp","href":"https:\/\/api.w.org\/{rel}","templated":true}]}}