{"id":5758,"date":"2024-03-04T13:49:43","date_gmt":"2024-03-04T12:49:43","guid":{"rendered":"https:\/\/agora.xtec.cat\/ieslaroca\/?page_id=5758"},"modified":"2025-03-19T10:52:32","modified_gmt":"2025-03-19T09:52:32","slug":"consell-escolar-2","status":"publish","type":"page","link":"https:\/\/agora.xtec.cat\/ieslaroca\/linstitut\/consell-escolar-2\/","title":{"rendered":"Consell Escolar"},"content":{"rendered":"<p>El consell escolar del centre \u00e9s l&#8217;<strong>\u00f2rgan col\u00b7legiat de participaci\u00f3<\/strong> de la comunitat escolar en el govern del centre. Els membres del consell escolar s\u00f3n elegits per un per\u00edode de quatre anys i es renoven per meitats cada dos anys.<\/p>\n<p>Corresponen al consell escolar les<strong> funcions seg\u00fcents:<\/strong><\/p>\n<ul>\n<li aria-level=\"1\">PEC Aprovar el projecte educatiu i les modificacions corresponents per una majoria de tres cinquenes parts dels membres.<\/li>\n<li aria-level=\"1\">PGA Aprovar la programaci\u00f3 general anual del centre i avaluar-ne el desenvolupament i els resultats.<\/li>\n<li aria-level=\"1\">Aprovar les propostes d&#8217;acords de corresponsabilitat, convenis i altres acords de col\u00b7laboraci\u00f3 del centre amb entitats o institucions.<\/li>\n<li aria-level=\"1\">NOF Aprovar les normes d&#8217;organitzaci\u00f3 i funcionament i les modificacions corresponents.<\/li>\n<li aria-level=\"1\">Aprovar la carta de comprom\u00eds educatiu.<\/li>\n<li aria-level=\"1\">Aprovar el pressupost del centre i el rendiment de comptes.<\/li>\n<li aria-level=\"1\">Intervenir en el procediment d&#8217;admissi\u00f3 d&#8217;alumnes.<\/li>\n<li aria-level=\"1\">Participar en el procediment de selecci\u00f3 i en la proposta de cessament del director o directora.<\/li>\n<li aria-level=\"1\">Intervenir en la resoluci\u00f3 dels conflictes i, si escau, revisar les sancions als alumnes.<\/li>\n<li aria-level=\"1\">Aprovar les directrius per a la programaci\u00f3 d&#8217;activitats escolars complement\u00e0ries i d&#8217;activitats extraescolars,i avaluar-ne el desenvolupament.<\/li>\n<li aria-level=\"1\">Participar en les an\u00e0lisis i les avaluacions del funcionament general del centre i con\u00e8ixer l&#8217;evoluci\u00f3 del rendiment escolar.<\/li>\n<li aria-level=\"1\">Aprovar els criteris de col\u00b7laboraci\u00f3 amb altres centres i amb l&#8217;entorn.<\/li>\n<li aria-level=\"1\">Qualsevol altra que li sigui atribu\u00efda per les normes legals o reglament\u00e0ries.<\/li>\n<\/ul>\n<p>Amb data 12\/12\/2023 es constitueix el consell escolar de l&#8217;Institut de la Roca amb els seg\u00fcents membres:<\/p>\n<table style=\"width: 54.3367%; height: 513px;\">\n<tbody>\n<tr style=\"height: 57px;\">\n<td style=\"height: 57px; width: 28.2463%;\"><b>Directora<\/b><\/td>\n<td style=\"height: 57px; width: 73.527%;\">Isabel Toro<\/td>\n<\/tr>\n<tr style=\"height: 57px;\">\n<td style=\"height: 57px; width: 28.2463%;\"><b>Cap d\u2019Estudis<\/b><\/td>\n<td style=\"height: 57px; width: 73.527%;\">V\u00edctor Curc\u00f3<\/td>\n<\/tr>\n<tr style=\"height: 57px;\">\n<td style=\"height: 57px; width: 28.2463%;\"><b>Secret\u00e0ria<\/b><\/td>\n<td style=\"height: 57px; width: 73.527%;\">Marta Puig<\/td>\n<\/tr>\n<tr style=\"height: 57px;\">\n<td style=\"height: 57px; width: 28.2463%;\"><b>Representants fam\u00edlies<\/b><\/td>\n<td style=\"height: 57px; width: 73.527%;\">S\u00f2nia Mas i Agn\u00e8s S\u00e1nchez. AFA Lupe Galo<\/td>\n<\/tr>\n<tr style=\"height: 57px;\">\n<td style=\"height: 57px; width: 28.2463%;\"><b>Representants alumnat<\/b><\/td>\n<td style=\"height: 57px; width: 73.527%;\">Adri\u00e0 Bonillo, Ismail Boukhzar i Gonzalo Burgue\u00f1o<\/td>\n<\/tr>\n<tr style=\"height: 57px;\">\n<td style=\"height: 57px; width: 28.2463%;\"><b>Representants Professorat<\/b><\/td>\n<td style=\"height: 57px; width: 73.527%;\">Isi Aranda, Leo Aren, Sara Arjona, Laia Segarra, Eli Serra (Pedro Cid), Dani Vila<\/td>\n<\/tr>\n<tr style=\"height: 57px;\">\n<td style=\"height: 57px; width: 28.2463%;\"><b>Representant PAS<\/b><\/td>\n<td style=\"height: 57px; width: 73.527%;\">D\u00fania Grabulosa<\/td>\n<\/tr>\n<tr style=\"height: 57px;\">\n<td style=\"height: 57px; width: 28.2463%;\"><b>Representant Ajuntament<\/b><\/td>\n<td style=\"height: 57px; width: 73.527%;\">Raquel Vilardeb\u00f3<\/td>\n<\/tr>\n<tr style=\"height: 57px;\">\n<td style=\"height: 57px; width: 101.773%;\" colspan=\"2\"><b>Representant de coeducaci\u00f3:<\/b> Isi Aranda<\/td>\n<\/tr>\n<\/tbody>\n<\/table>\n<p>Acords consell escolar: <a href=\"https:\/\/docs.google.com\/document\/d\/1VTpF_H_nBgqy9H6yxcsQIZaz-Y5p34xwkjM_UrnpFfo\/edit?usp=sharing\" target=\"_blank\" rel=\"noopener\">Enlla\u00e7<\/a><\/p>\n","protected":false},"excerpt":{"rendered":"<p>El consell escolar del centre \u00e9s l&#8217;\u00f2rgan col\u00b7legiat de participaci\u00f3 de la comunitat escolar en el govern del centre. Els [&hellip;]<\/p>\n","protected":false},"author":3,"featured_media":0,"parent":19,"menu_order":5,"comment_status":"closed","ping_status":"closed","template":"","meta":{"_bbp_topic_count":0,"_bbp_reply_count":0,"_bbp_total_topic_count":0,"_bbp_total_reply_count":0,"_bbp_voice_count":0,"_bbp_anonymous_reply_count":0,"_bbp_topic_count_hidden":0,"_bbp_reply_count_hidden":0,"_bbp_forum_subforum_count":0,"site-sidebar-layout":"default","site-content-layout":"","ast-site-content-layout":"default","site-content-style":"default","site-sidebar-style":"default","ast-global-header-display":"","ast-banner-title-visibility":"","ast-main-header-display":"","ast-hfb-above-header-display":"","ast-hfb-below-header-display":"","ast-hfb-mobile-header-display":"","site-post-title":"","ast-breadcrumbs-content":"","ast-featured-img":"","footer-sml-layout":"","theme-transparent-header-meta":"","adv-header-id-meta":"","stick-header-meta":"","header-above-stick-meta":"","header-main-stick-meta":"","header-below-stick-meta":"","astra-migrate-meta-layouts":"set","ast-page-background-enabled":"default","ast-page-background-meta":{"desktop":{"background-color":"var(--ast-global-color-4)","background-image":"","background-repeat":"repeat","background-position":"center center","background-size":"auto","background-attachment":"scroll","background-type":"","background-media":"","overlay-type":"","overlay-color":"","overlay-opacity":"","overlay-gradient":""},"tablet":{"background-color":"","background-image":"","background-repeat":"repeat","background-position":"center center","background-size":"auto","background-attachment":"scroll","background-type":"","background-media":"","overlay-type":"","overlay-color":"","overlay-opacity":"","overlay-gradient":""},"mobile":{"background-color":"","background-image":"","background-repeat":"repeat","background-position":"center center","background-size":"auto","background-attachment":"scroll","background-type":"","background-media":"","overlay-type":"","overlay-color":"","overlay-opacity":"","overlay-gradient":""}},"ast-content-background-meta":{"desktop":{"background-color":"var(--ast-global-color-5)","background-image":"","background-repeat":"repeat","background-position":"center center","background-size":"auto","background-attachment":"scroll","background-type":"","background-media":"","overlay-type":"","overlay-color":"","overlay-opacity":"","overlay-gradient":""},"tablet":{"background-color":"var(--ast-global-color-5)","background-image":"","background-repeat":"repeat","background-position":"center center","background-size":"auto","background-attachment":"scroll","background-type":"","background-media":"","overlay-type":"","overlay-color":"","overlay-opacity":"","overlay-gradient":""},"mobile":{"background-color":"var(--ast-global-color-5)","background-image":"","background-repeat":"repeat","background-position":"center center","background-size":"auto","background-attachment":"scroll","background-type":"","background-media":"","overlay-type":"","overlay-color":"","overlay-opacity":"","overlay-gradient":""}},"footnotes":""},"class_list":["post-5758","page","type-page","status-publish","hentry"],"post_mailing_queue_ids":[],"_links":{"self":[{"href":"https:\/\/agora.xtec.cat\/ieslaroca\/wp-json\/wp\/v2\/pages\/5758","targetHints":{"allow":["GET"]}}],"collection":[{"href":"https:\/\/agora.xtec.cat\/ieslaroca\/wp-json\/wp\/v2\/pages"}],"about":[{"href":"https:\/\/agora.xtec.cat\/ieslaroca\/wp-json\/wp\/v2\/types\/page"}],"author":[{"embeddable":true,"href":"https:\/\/agora.xtec.cat\/ieslaroca\/wp-json\/wp\/v2\/users\/3"}],"replies":[{"embeddable":true,"href":"https:\/\/agora.xtec.cat\/ieslaroca\/wp-json\/wp\/v2\/comments?post=5758"}],"version-history":[{"count":4,"href":"https:\/\/agora.xtec.cat\/ieslaroca\/wp-json\/wp\/v2\/pages\/5758\/revisions"}],"predecessor-version":[{"id":6401,"href":"https:\/\/agora.xtec.cat\/ieslaroca\/wp-json\/wp\/v2\/pages\/5758\/revisions\/6401"}],"up":[{"embeddable":true,"href":"https:\/\/agora.xtec.cat\/ieslaroca\/wp-json\/wp\/v2\/pages\/19"}],"wp:attachment":[{"href":"https:\/\/agora.xtec.cat\/ieslaroca\/wp-json\/wp\/v2\/media?parent=5758"}],"curies":[{"name":"wp","href":"https:\/\/api.w.org\/{rel}","templated":true}]}}