{"id":3581,"date":"2021-02-14T12:29:06","date_gmt":"2021-02-14T11:29:06","guid":{"rendered":"https:\/\/agora.xtec.cat\/ieslaroca\/?page_id=3581"},"modified":"2021-03-20T12:36:02","modified_gmt":"2021-03-20T11:36:02","slug":"projectes-innovacio","status":"publish","type":"page","link":"https:\/\/agora.xtec.cat\/ieslaroca\/innovacio\/projectes-innovacio\/","title":{"rendered":"PROJECTES D&#8217;INNOVACI\u00d3"},"content":{"rendered":"<p>&nbsp;<\/p>\n<p style=\"text-align: center;\">L&#8217;INS la Roca \u00e9s el centre responsable de la creaci\u00f3 del projecte d&#8217;innovaci\u00f3 pedag\u00f2gica Rockalins<\/p>\n<p style=\"text-align: center;\"><a href=\"https:\/\/agora.xtec.cat\/ieslaroca\/innovacio\/projectes-innovacio\/rockalins\"><img loading=\"lazy\" decoding=\"async\" class=\"alignnone wp-image-3871\" src=\"https:\/\/agora.xtec.cat\/ieslaroca\/wp-content\/uploads\/usu101\/2021\/03\/Logotip-micro-1024x321.png\" alt=\"\" width=\"418\" height=\"131\" srcset=\"https:\/\/agora.xtec.cat\/ieslaroca\/wp-content\/uploads\/usu101\/2021\/03\/Logotip-micro-1024x321.png 1024w, https:\/\/agora.xtec.cat\/ieslaroca\/wp-content\/uploads\/usu101\/2021\/03\/Logotip-micro-300x94.png 300w, https:\/\/agora.xtec.cat\/ieslaroca\/wp-content\/uploads\/usu101\/2021\/03\/Logotip-micro-768x241.png 768w, https:\/\/agora.xtec.cat\/ieslaroca\/wp-content\/uploads\/usu101\/2021\/03\/Logotip-micro.png 1460w\" sizes=\"auto, (max-width: 418px) 100vw, 418px\" \/><\/a><\/p>\n<p style=\"text-align: center;\">I tamb\u00e9 participa en el programa d&#8217;innovaci\u00f3 pedag\u00f2gica del Departament d&#8217;Educaci\u00f3 Mobils.edu<\/p>\n<p style=\"text-align: center;\"><a href=\"https:\/\/agora.xtec.cat\/ieslaroca\/wp-content\/uploads\/usu101\/2021\/02\/mobilsedu.png\"><img loading=\"lazy\" decoding=\"async\" class=\"alignnone wp-image-3582\" src=\"https:\/\/agora.xtec.cat\/ieslaroca\/wp-content\/uploads\/usu101\/2021\/02\/mobilsedu.png\" alt=\"\" width=\"330\" height=\"189\" \/><\/a><\/p>\n","protected":false},"excerpt":{"rendered":"<p>&nbsp; L&#8217;INS la Roca \u00e9s el centre responsable de la creaci\u00f3 del projecte d&#8217;innovaci\u00f3 pedag\u00f2gica Rockalins I tamb\u00e9 participa en [&hellip;]<\/p>\n","protected":false},"author":1,"featured_media":0,"parent":3627,"menu_order":0,"comment_status":"closed","ping_status":"closed","template":"","meta":{"_bbp_topic_count":0,"_bbp_reply_count":0,"_bbp_total_topic_count":0,"_bbp_total_reply_count":0,"_bbp_voice_count":0,"_bbp_anonymous_reply_count":0,"_bbp_topic_count_hidden":0,"_bbp_reply_count_hidden":0,"_bbp_forum_subforum_count":0,"site-sidebar-layout":"default","site-content-layout":"","ast-site-content-layout":"","site-content-style":"default","site-sidebar-style":"default","ast-global-header-display":"","ast-banner-title-visibility":"","ast-main-header-display":"","ast-hfb-above-header-display":"","ast-hfb-below-header-display":"","ast-hfb-mobile-header-display":"","site-post-title":"","ast-breadcrumbs-content":"","ast-featured-img":"","footer-sml-layout":"","theme-transparent-header-meta":"","adv-header-id-meta":"","stick-header-meta":"","header-above-stick-meta":"","header-main-stick-meta":"","header-below-stick-meta":"","astra-migrate-meta-layouts":"default","ast-page-background-enabled":"default","ast-page-background-meta":{"desktop":{"background-color":"var(--ast-global-color-4)","background-image":"","background-repeat":"repeat","background-position":"center center","background-size":"auto","background-attachment":"scroll","background-type":"","background-media":"","overlay-type":"","overlay-color":"","overlay-opacity":"","overlay-gradient":""},"tablet":{"background-color":"","background-image":"","background-repeat":"repeat","background-position":"center center","background-size":"auto","background-attachment":"scroll","background-type":"","background-media":"","overlay-type":"","overlay-color":"","overlay-opacity":"","overlay-gradient":""},"mobile":{"background-color":"","background-image":"","background-repeat":"repeat","background-position":"center center","background-size":"auto","background-attachment":"scroll","background-type":"","background-media":"","overlay-type":"","overlay-color":"","overlay-opacity":"","overlay-gradient":""}},"ast-content-background-meta":{"desktop":{"background-color":"var(--ast-global-color-5)","background-image":"","background-repeat":"repeat","background-position":"center center","background-size":"auto","background-attachment":"scroll","background-type":"","background-media":"","overlay-type":"","overlay-color":"","overlay-opacity":"","overlay-gradient":""},"tablet":{"background-color":"var(--ast-global-color-5)","background-image":"","background-repeat":"repeat","background-position":"center center","background-size":"auto","background-attachment":"scroll","background-type":"","background-media":"","overlay-type":"","overlay-color":"","overlay-opacity":"","overlay-gradient":""},"mobile":{"background-color":"var(--ast-global-color-5)","background-image":"","background-repeat":"repeat","background-position":"center center","background-size":"auto","background-attachment":"scroll","background-type":"","background-media":"","overlay-type":"","overlay-color":"","overlay-opacity":"","overlay-gradient":""}},"footnotes":""},"class_list":["post-3581","page","type-page","status-publish","hentry"],"post_mailing_queue_ids":[],"_links":{"self":[{"href":"https:\/\/agora.xtec.cat\/ieslaroca\/wp-json\/wp\/v2\/pages\/3581","targetHints":{"allow":["GET"]}}],"collection":[{"href":"https:\/\/agora.xtec.cat\/ieslaroca\/wp-json\/wp\/v2\/pages"}],"about":[{"href":"https:\/\/agora.xtec.cat\/ieslaroca\/wp-json\/wp\/v2\/types\/page"}],"author":[{"embeddable":true,"href":"https:\/\/agora.xtec.cat\/ieslaroca\/wp-json\/wp\/v2\/users\/1"}],"replies":[{"embeddable":true,"href":"https:\/\/agora.xtec.cat\/ieslaroca\/wp-json\/wp\/v2\/comments?post=3581"}],"version-history":[{"count":3,"href":"https:\/\/agora.xtec.cat\/ieslaroca\/wp-json\/wp\/v2\/pages\/3581\/revisions"}],"predecessor-version":[{"id":3878,"href":"https:\/\/agora.xtec.cat\/ieslaroca\/wp-json\/wp\/v2\/pages\/3581\/revisions\/3878"}],"up":[{"embeddable":true,"href":"https:\/\/agora.xtec.cat\/ieslaroca\/wp-json\/wp\/v2\/pages\/3627"}],"wp:attachment":[{"href":"https:\/\/agora.xtec.cat\/ieslaroca\/wp-json\/wp\/v2\/media?parent=3581"}],"curies":[{"name":"wp","href":"https:\/\/api.w.org\/{rel}","templated":true}]}}