{"id":1166,"date":"2017-07-25T11:49:45","date_gmt":"2017-07-25T09:49:45","guid":{"rendered":"http:\/\/agora.xtec.cat\/ieslaroca\/?page_id=1166"},"modified":"2026-02-19T08:50:35","modified_gmt":"2026-02-19T07:50:35","slug":"afa","status":"publish","type":"page","link":"https:\/\/agora.xtec.cat\/ieslaroca\/afa\/","title":{"rendered":"AFA"},"content":{"rendered":"<p class=\"widgettitle\"><a href=\"https:\/\/agora.xtec.cat\/ieslaroca\/wp-content\/uploads\/usu101\/2023\/11\/carta_afa.png\" target=\"_blank\" rel=\"noopener\"><img loading=\"lazy\" decoding=\"async\" class=\" wp-image-5636 alignleft\" src=\"https:\/\/agora.xtec.cat\/ieslaroca\/wp-content\/uploads\/usu101\/2023\/11\/carta_afa.png\" alt=\"\" width=\"201\" height=\"286\" srcset=\"https:\/\/agora.xtec.cat\/ieslaroca\/wp-content\/uploads\/usu101\/2023\/11\/carta_afa.png 559w, https:\/\/agora.xtec.cat\/ieslaroca\/wp-content\/uploads\/usu101\/2023\/11\/carta_afa-211x300.png 211w\" sizes=\"auto, (max-width: 201px) 100vw, 201px\" \/><\/a><\/p>\n<p class=\"widgettitle\">Benvinguts\/des Fam\u00edlies.<a href=\"https:\/\/agora.xtec.cat\/ieslaroca\/wp-content\/uploads\/usu101\/2023\/11\/logo.png\"><img loading=\"lazy\" decoding=\"async\" class=\"wp-image-5642 alignright\" src=\"https:\/\/agora.xtec.cat\/ieslaroca\/wp-content\/uploads\/usu101\/2023\/11\/logo.png\" alt=\"\" width=\"80\" height=\"69\" srcset=\"https:\/\/agora.xtec.cat\/ieslaroca\/wp-content\/uploads\/usu101\/2023\/11\/logo.png 310w, https:\/\/agora.xtec.cat\/ieslaroca\/wp-content\/uploads\/usu101\/2023\/11\/logo-300x259.png 300w\" sizes=\"auto, (max-width: 80px) 100vw, 80px\" \/><\/a><\/p>\n<p class=\"widgettitle\">En aquesta p\u00e0gina podeu trobar tota la informaci\u00f3 referent a l&#8217;AFA del nostre Centre:<\/p>\n<div class=\"textwidget\">\n<h4 style=\"text-align: left;\"><a href=\"https:\/\/agora.xtec.cat\/ieslaroca\/wp-content\/uploads\/usu101\/2023\/11\/LAFA-1.pdf\" target=\"_blank\" rel=\"noopener\">CARTA REBUDA FAMILIES<\/a><\/h4>\n<p style=\"text-align: left;\">Contacte:\u00a0<a href=\"mailto:afa@ieslaroca.cat\" target=\"_blank\" rel=\"noopener\"><span style=\"color: #004000; font-size: large;\"><b><span style=\"color: #0b0119; font-family: 'Open Sans', Arial, Helvetica, sans-serif; font-size: medium;\"><span style=\"color: #0000ff;\">afa<\/span><span class=\"gI\"><span class=\"qu\" tabindex=\"-1\" role=\"gridcell\"><span class=\"go\"><span style=\"color: #0000ff;\">@ieslaroca.cat<\/span><\/span><\/span><\/span><\/span><\/b><\/span><\/a><\/p>\n<p>Segueix-nos a Instagram: <a href=\"https:\/\/instagram.com\/afainslaroca?igshid=MXhjajQ4cXhqMTJmZg%3D%3D&amp;utm_source=qr\" target=\"_blank\" rel=\"noopener\">@afainslaroca<\/a><\/p>\n<h3><\/h3>\n<hr \/>\n<h3>Psicotardeo<\/h3>\n<div><span style=\"font-family: tahoma, sans-serif; font-size: large;\">Des de L&#8217;AFA de l&#8217;Institut de la Roca, comencem un nou projecte per a acompanyar a les fam\u00edlies en aquesta etapa tant important que \u00e9s l&#8217;adolesc\u00e8ncia .<\/span><\/div>\n<div><span style=\"font-family: tahoma, sans-serif; font-size: large;\">\u00a0<\/span><\/div>\n<div><span style=\"font-family: tahoma, sans-serif; font-size: large;\">De la m\u00e0 de l&#8217;<a href=\"https:\/\/psico-espai.com\/espai\/\" target=\"_blank\" rel=\"noopener\" data-saferedirecturl=\"https:\/\/www.google.com\/url?q=https:\/\/psico-espai.com\/espai\/&amp;source=gmail&amp;ust=1771573224267000&amp;usg=AOvVaw2WOBqsVpQBhwOAU0bA0pGX\">Espai,Centre de Psicologia, Psicopedagogia i Logop\u00e8dia<\/a>, i gr\u00e0cies a l&#8217;Institut de la Roca i de l&#8217;Ajuntament de la Roca del Vall\u00e8s, farem el primer &#8220;PSICOTARDEO&#8221;.<\/span><\/div>\n<div><span style=\"font-family: tahoma, sans-serif; font-size: large;\">\u00a0<\/span><\/div>\n<div><span style=\"font-family: tahoma, sans-serif; font-size: large;\">Us deixem els detalls:<\/span><\/div>\n<div><\/div>\n<div><span style=\"font-family: tahoma, sans-serif; font-size: large;\"><b>Activitat oberta a totes les families de l&#8217;INS la Roca.\u00a0<\/b><\/span><\/div>\n<div><\/div>\n<div><\/div>\n<p><img decoding=\"async\" class=\"an1\" style=\"background-color: rgba(0, 0, 0, 0); font-size: revert; font-weight: inherit;\" draggable=\"false\" src=\"https:\/\/fonts.gstatic.com\/s\/e\/notoemoji\/16.0\/1f4c5\/32.png\" alt=\"\ud83d\udcc5\" data-emoji=\"\ud83d\udcc5\" aria-label=\"\ud83d\udcc5\" \/><span style=\"background-color: rgba(0, 0, 0, 0); font-size: revert; font-weight: inherit;\">\u00a0<\/span><strong style=\"background-color: rgba(0, 0, 0, 0); font-size: revert;\">Dimecres 25 de febrer de 2026<\/strong><\/p>\n<p><img decoding=\"async\" class=\"an1\" style=\"font-size: revert; background-color: rgba(0, 0, 0, 0); font-weight: inherit;\" draggable=\"false\" src=\"https:\/\/fonts.gstatic.com\/s\/e\/notoemoji\/16.0\/1f555\/32.png\" alt=\"\ud83d\udd55\" data-emoji=\"\ud83d\udd55\" aria-label=\"\ud83d\udd55\" \/><span style=\"font-size: revert; background-color: rgba(0, 0, 0, 0); font-weight: inherit;\">\u00a0<\/span><strong style=\"font-size: revert; background-color: rgba(0, 0, 0, 0);\">De 19:00 a 20:30 h<\/strong><\/p>\n<\/div>\n<div class=\"textwidget\">\n<div>\n<div class=\"im\">\n<p><img decoding=\"async\" class=\"an1\" draggable=\"false\" src=\"https:\/\/fonts.gstatic.com\/s\/e\/notoemoji\/16.0\/1f4cd\/32.png\" alt=\"\ud83d\udccd\" data-emoji=\"\ud83d\udccd\" aria-label=\"\ud83d\udccd\" \/>\u00a0<strong>Biblioteca de l\u2019Institut<\/strong><\/p>\n<p><img decoding=\"async\" class=\"an1\" style=\"font-size: revert; background-color: rgba(0, 0, 0, 0); font-weight: inherit;\" draggable=\"false\" src=\"https:\/\/fonts.gstatic.com\/s\/e\/notoemoji\/16.0\/1f4ac\/32.png\" alt=\"\ud83d\udcac\" data-emoji=\"\ud83d\udcac\" aria-label=\"\ud83d\udcac\" \/><span style=\"font-size: revert; background-color: rgba(0, 0, 0, 0); font-weight: inherit;\">\u00a0<\/span><strong style=\"font-size: revert; background-color: rgba(0, 0, 0, 0);\">Us animem a participar-hi!!!<\/strong><\/p>\n<div>\n<div><span style=\"font-size: large;\">Amenitzarem el Psicotardeo amb caf\u00e8 i galetes!<\/span><\/div>\n<div><span style=\"font-family: tahoma, sans-serif;\">\u00a0<\/span><\/div>\n<\/div>\n<div><span style=\"font-family: tahoma, sans-serif; font-size: large;\"><b>Places limitades!<a href=\"https:\/\/forms.gle\/KkUTp9SMZFrLCvAx6\" target=\"_blank\" rel=\"noopener\" data-saferedirecturl=\"https:\/\/www.google.com\/url?q=https:\/\/forms.gle\/KkUTp9SMZFrLCvAx6&amp;source=gmail&amp;ust=1771573224267000&amp;usg=AOvVaw0QhxoAA453bba9kqVqP_dR\">\u00a0<\/a><\/b><\/span><\/div>\n<div><\/div>\n<div><span style=\"font-family: tahoma, sans-serif; font-size: large;\"><a href=\"https:\/\/forms.gle\/KkUTp9SMZFrLCvAx6\" target=\"_blank\" rel=\"noopener\" data-saferedirecturl=\"https:\/\/www.google.com\/url?q=https:\/\/forms.gle\/KkUTp9SMZFrLCvAx6&amp;source=gmail&amp;ust=1771573224267000&amp;usg=AOvVaw0QhxoAA453bba9kqVqP_dR\"><img decoding=\"async\" class=\"an1\" draggable=\"false\" src=\"https:\/\/fonts.gstatic.com\/s\/e\/notoemoji\/16.0\/25b6_fe0f\/32.png\" alt=\"\u25b6\ufe0f\" data-emoji=\"\u25b6\ufe0f\" aria-label=\"\u25b6\ufe0f\" \/>Apunteu-vos en aquest formulari si voleu venir!<\/a>\u00a0 (<i>1 registre per familia)<\/i><\/span><\/div>\n<div><\/div>\n<div><span style=\"font-family: tahoma, sans-serif; font-size: large;\">Moltes gr\u00e0cies,<br \/>\n<\/span><\/div>\n<div><\/div>\n<div><\/div>\n<div><span style=\"font-family: tahoma, sans-serif; font-size: large;\"><a href=\"https:\/\/www.instagram.com\/afainslaroca\/\" target=\"_blank\" rel=\"noopener\" data-saferedirecturl=\"https:\/\/www.google.com\/url?q=https:\/\/www.instagram.com\/afainslaroca\/&amp;source=gmail&amp;ust=1771573224267000&amp;usg=AOvVaw0TkRxyYuon43GpYbUfKd9Y\">AFA INS La Roca<\/a><\/span><\/div>\n<div><strong style=\"font-size: revert; background-color: rgba(0, 0, 0, 0);\">Tots i totes som l\u2019AFA!<\/strong><\/div>\n<\/div>\n<\/div>\n<p><a href=\"https:\/\/agora.xtec.cat\/ieslaroca\/wp-content\/uploads\/usu101\/2026\/02\/psicotardeo.jpg\"><img loading=\"lazy\" decoding=\"async\" class=\"size-full wp-image-6679 aligncenter\" src=\"https:\/\/agora.xtec.cat\/ieslaroca\/wp-content\/uploads\/usu101\/2026\/02\/psicotardeo.jpg\" alt=\"\" width=\"499\" height=\"697\" srcset=\"https:\/\/agora.xtec.cat\/ieslaroca\/wp-content\/uploads\/usu101\/2026\/02\/psicotardeo.jpg 499w, https:\/\/agora.xtec.cat\/ieslaroca\/wp-content\/uploads\/usu101\/2026\/02\/psicotardeo-215x300.jpg 215w\" sizes=\"auto, (max-width: 499px) 100vw, 499px\" \/><\/a><\/p>\n<div><\/div>\n<\/div>\n","protected":false},"excerpt":{"rendered":"<p>Benvinguts\/des Fam\u00edlies. En aquesta p\u00e0gina podeu trobar tota la informaci\u00f3 referent a l&#8217;AFA del nostre Centre: CARTA REBUDA FAMILIES Contacte:\u00a0afa@ieslaroca.cat [&hellip;]<\/p>\n","protected":false},"author":1,"featured_media":0,"parent":0,"menu_order":0,"comment_status":"closed","ping_status":"closed","template":"","meta":{"_bbp_topic_count":0,"_bbp_reply_count":0,"_bbp_total_topic_count":0,"_bbp_total_reply_count":0,"_bbp_voice_count":0,"_bbp_anonymous_reply_count":0,"_bbp_topic_count_hidden":0,"_bbp_reply_count_hidden":0,"_bbp_forum_subforum_count":0,"site-sidebar-layout":"default","site-content-layout":"","ast-site-content-layout":"default","site-content-style":"default","site-sidebar-style":"default","ast-global-header-display":"","ast-banner-title-visibility":"","ast-main-header-display":"","ast-hfb-above-header-display":"","ast-hfb-below-header-display":"","ast-hfb-mobile-header-display":"","site-post-title":"","ast-breadcrumbs-content":"","ast-featured-img":"","footer-sml-layout":"","theme-transparent-header-meta":"","adv-header-id-meta":"","stick-header-meta":"","header-above-stick-meta":"","header-main-stick-meta":"","header-below-stick-meta":"","astra-migrate-meta-layouts":"set","ast-page-background-enabled":"default","ast-page-background-meta":{"desktop":{"background-color":"var(--ast-global-color-4)","background-image":"","background-repeat":"repeat","background-position":"center center","background-size":"auto","background-attachment":"scroll","background-type":"","background-media":"","overlay-type":"","overlay-color":"","overlay-opacity":"","overlay-gradient":""},"tablet":{"background-color":"","background-image":"","background-repeat":"repeat","background-position":"center center","background-size":"auto","background-attachment":"scroll","background-type":"","background-media":"","overlay-type":"","overlay-color":"","overlay-opacity":"","overlay-gradient":""},"mobile":{"background-color":"","background-image":"","background-repeat":"repeat","background-position":"center center","background-size":"auto","background-attachment":"scroll","background-type":"","background-media":"","overlay-type":"","overlay-color":"","overlay-opacity":"","overlay-gradient":""}},"ast-content-background-meta":{"desktop":{"background-color":"var(--ast-global-color-5)","background-image":"","background-repeat":"repeat","background-position":"center center","background-size":"auto","background-attachment":"scroll","background-type":"","background-media":"","overlay-type":"","overlay-color":"","overlay-opacity":"","overlay-gradient":""},"tablet":{"background-color":"var(--ast-global-color-5)","background-image":"","background-repeat":"repeat","background-position":"center center","background-size":"auto","background-attachment":"scroll","background-type":"","background-media":"","overlay-type":"","overlay-color":"","overlay-opacity":"","overlay-gradient":""},"mobile":{"background-color":"var(--ast-global-color-5)","background-image":"","background-repeat":"repeat","background-position":"center center","background-size":"auto","background-attachment":"scroll","background-type":"","background-media":"","overlay-type":"","overlay-color":"","overlay-opacity":"","overlay-gradient":""}},"footnotes":""},"class_list":["post-1166","page","type-page","status-publish","hentry"],"post_mailing_queue_ids":[],"_links":{"self":[{"href":"https:\/\/agora.xtec.cat\/ieslaroca\/wp-json\/wp\/v2\/pages\/1166","targetHints":{"allow":["GET"]}}],"collection":[{"href":"https:\/\/agora.xtec.cat\/ieslaroca\/wp-json\/wp\/v2\/pages"}],"about":[{"href":"https:\/\/agora.xtec.cat\/ieslaroca\/wp-json\/wp\/v2\/types\/page"}],"author":[{"embeddable":true,"href":"https:\/\/agora.xtec.cat\/ieslaroca\/wp-json\/wp\/v2\/users\/1"}],"replies":[{"embeddable":true,"href":"https:\/\/agora.xtec.cat\/ieslaroca\/wp-json\/wp\/v2\/comments?post=1166"}],"version-history":[{"count":6,"href":"https:\/\/agora.xtec.cat\/ieslaroca\/wp-json\/wp\/v2\/pages\/1166\/revisions"}],"predecessor-version":[{"id":6682,"href":"https:\/\/agora.xtec.cat\/ieslaroca\/wp-json\/wp\/v2\/pages\/1166\/revisions\/6682"}],"wp:attachment":[{"href":"https:\/\/agora.xtec.cat\/ieslaroca\/wp-json\/wp\/v2\/media?parent=1166"}],"curies":[{"name":"wp","href":"https:\/\/api.w.org\/{rel}","templated":true}]}}