{"id":877,"date":"2018-09-24T20:57:48","date_gmt":"2018-09-24T18:57:48","guid":{"rendered":"http:\/\/agora.xtec.cat\/ieslaribera\/?page_id=877"},"modified":"2019-02-24T11:05:33","modified_gmt":"2019-02-24T10:05:33","slug":"projectes-de-1r-eso","status":"publish","type":"page","link":"https:\/\/agora.xtec.cat\/ieslaribera\/projectes-de-1r-eso\/","title":{"rendered":"PROJECTES DE 1r ESO"},"content":{"rendered":"<p><span style=\"text-decoration: underline;\">Projecte d&#8217;\u00e0mbit cient\u00edfic<\/span><\/p>\n<p>QR&#8230;QUIN RIU!<\/p>\n<p><span style=\"text-decoration: underline;\">Projecte socioling\u00fc\u00edstic<\/span><\/p>\n<p><a href=\"https:\/\/sites.google.com\/xtec.cat\/p-sociolingstic-1reso--2n-trim\/inici\">QUINS VAN SER ELS PRIMERS POBLADORS DE L&#8217;EDAT DEL METALL DE MONTCADA?<\/a><\/p>\n<p><span style=\"text-decoration: underline;\">Projecte art\u00edstic: expressi\u00f3 i m\u00fasica<\/span><\/p>\n<p>LA DAN\u00c7A DE L&#8217;AIGUA<\/p>\n<p>&nbsp;<\/p>\n<p>&nbsp;<\/p>\n<p>&nbsp;<\/p>\n","protected":false},"excerpt":{"rendered":"<p>Projecte d&#8217;\u00e0mbit cient\u00edfic<br \/>\nQR&#8230;QUIN RIU!<br \/>\nProjecte socioling\u00fc\u00edstic<br \/>\n<a href=\"https:\/\/sites.google.com\/xtec.cat\/p-sociolingstic-1reso--2n-trim\/inici\">QUINS VAN SER ELS PRIMERS POBLADORS DE L&#8217;EDAT DEL METALL DE MONTCADA?<\/a><br \/>\nProjecte art\u00edstic: expressi\u00f3 i m\u00fasica<br \/>\nLA DAN\u00c7A DE L&#8217;AIGUA<br \/>\n&nbsp;<br \/>\n&nbsp;<br \/>\n&nbsp;<\/p>\n","protected":false},"author":1,"featured_media":0,"parent":0,"menu_order":0,"comment_status":"closed","ping_status":"closed","template":"","meta":{"_bbp_topic_count":0,"_bbp_reply_count":0,"_bbp_total_topic_count":0,"_bbp_total_reply_count":0,"_bbp_voice_count":0,"_bbp_anonymous_reply_count":0,"_bbp_topic_count_hidden":0,"_bbp_reply_count_hidden":0,"_bbp_forum_subforum_count":0,"footnotes":""},"class_list":["post-877","page","type-page","status-publish","hentry"],"post_mailing_queue_ids":[],"_links":{"self":[{"href":"https:\/\/agora.xtec.cat\/ieslaribera\/wp-json\/wp\/v2\/pages\/877","targetHints":{"allow":["GET"]}}],"collection":[{"href":"https:\/\/agora.xtec.cat\/ieslaribera\/wp-json\/wp\/v2\/pages"}],"about":[{"href":"https:\/\/agora.xtec.cat\/ieslaribera\/wp-json\/wp\/v2\/types\/page"}],"author":[{"embeddable":true,"href":"https:\/\/agora.xtec.cat\/ieslaribera\/wp-json\/wp\/v2\/users\/1"}],"replies":[{"embeddable":true,"href":"https:\/\/agora.xtec.cat\/ieslaribera\/wp-json\/wp\/v2\/comments?post=877"}],"version-history":[{"count":3,"href":"https:\/\/agora.xtec.cat\/ieslaribera\/wp-json\/wp\/v2\/pages\/877\/revisions"}],"predecessor-version":[{"id":1331,"href":"https:\/\/agora.xtec.cat\/ieslaribera\/wp-json\/wp\/v2\/pages\/877\/revisions\/1331"}],"wp:attachment":[{"href":"https:\/\/agora.xtec.cat\/ieslaribera\/wp-json\/wp\/v2\/media?parent=877"}],"curies":[{"name":"wp","href":"https:\/\/api.w.org\/{rel}","templated":true}]}}