{"id":8067,"date":"2024-12-16T12:40:38","date_gmt":"2024-12-16T11:40:38","guid":{"rendered":"https:\/\/agora.xtec.cat\/ieslaribera\/?page_id=8067"},"modified":"2026-03-12T01:09:21","modified_gmt":"2026-03-12T00:09:21","slug":"en-residencia-el-projecte","status":"publish","type":"page","link":"https:\/\/agora.xtec.cat\/ieslaribera\/en-residencia-el-projecte\/","title":{"rendered":"EN RESiD\u00c8NCIA, el projecte"},"content":{"rendered":"<p><img loading=\"lazy\" decoding=\"async\" class=\"alignnone size-medium wp-image-8068\" src=\"https:\/\/agora.xtec.cat\/ieslaribera\/wp-content\/uploads\/usu1015\/2024\/12\/EnResidencia_logo-300x135.png\" alt=\"\" width=\"300\" height=\"135\" srcset=\"https:\/\/agora.xtec.cat\/ieslaribera\/wp-content\/uploads\/usu1015\/2024\/12\/EnResidencia_logo-300x135.png 300w, https:\/\/agora.xtec.cat\/ieslaribera\/wp-content\/uploads\/usu1015\/2024\/12\/EnResidencia_logo.png 765w\" sizes=\"auto, (max-width: 300px) 100vw, 300px\" \/><\/p>\n<p>Des del 2009, l\u2019Institut de Cultura de Barcelona (ICUB) i el Consorci d\u2019Educaci\u00f3 de Barcelona (CEB) desenvolupen Creadors EN RESiD\u00c8NCiA als instituts de Barcelona, un programa \u2014pioner en el nostre entorn\u2014 que introdueix la creaci\u00f3 contempor\u00e0nia als centres p\u00fablics d\u2019educaci\u00f3 secund\u00e0ria a trav\u00e9s del contacte directe i continuat d\u2019un creador amb els estudiants.<\/p>\n<p><a href=\"https:\/\/www.enresidencia.org\/es\">EN RESiD\u00c8NCiA<\/a>, ideat en cooperaci\u00f3 amb l\u2019Associaci\u00f3 A Bao A Qu, proposa als artistes que concebin una obra espec\u00edficament pensada per ser duta a terme juntament amb un grup d\u2019estudiants d\u2019ESO al llarg de tot un curs i dins l\u2019horari lectiu. L&#8217;alumnat participa en la seva concepci\u00f3 i realitzaci\u00f3.<\/p>\n<p>L\u2019objectiu del projecte \u00e9s triple:<\/p>\n<ul>\n<li>Propiciar que els alumnes descobreixin els processos propis de la creaci\u00f3 contempor\u00e0nia a partir del contacte i el di\u00e0leg continuat amb un creador, i que reflexionin sobre l\u2019art a partir de l\u2019experi\u00e8ncia pr\u00f2pia.<\/li>\n<li>Promoure i generar situacions i contextos que estimulin la innovaci\u00f3 i la creativitat art\u00edstiques.<\/li>\n<li>Afavorir que els instituts esdevinguin de manera activa espais per a la cultura, l\u2019art i el pensament, lloc d\u2019acollida de la creaci\u00f3 i espai per a l\u2019experimentaci\u00f3 i la innovaci\u00f3 art\u00edstiques.<\/li>\n<\/ul>\n<p>L\u2019\u00e8xit d\u2019aquesta experi\u00e8ncia, tant per als creadors com per als docents i els estudiants, ha consolidat el projecte com un espai clau a la ciutat per articular el lligam entre la creaci\u00f3 contempor\u00e0nia i els adolescents, i ha generat noves formes i contextos de creaci\u00f3.<\/p>\n<ul>\n<li><a href=\"https:\/\/blocsenresidencia.bcn.cat\/ribera2026\/\">En Resid\u00e8ncia: Laura Gin\u00e8s<\/a> (17a edici\u00f3: 25-26)<\/li>\n<li><a href=\"https:\/\/blocsenresidencia.bcn.cat\/ribera2025\/\">En Resid\u00e8ncia: Natalia Dom\u00ednguez<\/a> (16a edici\u00f3: 24-25)<\/li>\n<li><a href=\"https:\/\/blocsenresidencia.bcn.cat\/ribera2024\/\">En Resid\u00e8ncia: Rodrigo Lavi\u00f1a<\/a> (15a edici\u00f3: 23-24)<\/li>\n<\/ul>\n","protected":false},"excerpt":{"rendered":"<p>Des del 2009, l\u2019Institut de Cultura de Barcelona (ICUB) i el Consorci d\u2019Educaci\u00f3 de Barcelona (CEB) desenvolupen Creadors EN RESiD\u00c8NCiA als instituts de Barcelona, un programa \u2014pioner en el nostre entorn\u2014 que introdueix la creaci\u00f3 contempor\u00e0nia als centres p\u00fablics d\u2019educaci\u00f3 secund\u00e0ria a trav\u00e9s del contacte&hellip;  <a href=\"https:\/\/agora.xtec.cat\/ieslaribera\/en-residencia-el-projecte\/\" title=\"Read EN RESiD\u00c8NCIA, el projecte\">Llegeix m\u00e9s\u00bb<\/a><\/p>\n","protected":false},"author":1,"featured_media":0,"parent":0,"menu_order":0,"comment_status":"closed","ping_status":"closed","template":"page-templates\/side-menu.php","meta":{"_bbp_topic_count":0,"_bbp_reply_count":0,"_bbp_total_topic_count":0,"_bbp_total_reply_count":0,"_bbp_voice_count":0,"_bbp_anonymous_reply_count":0,"_bbp_topic_count_hidden":0,"_bbp_reply_count_hidden":0,"_bbp_forum_subforum_count":0,"footnotes":""},"class_list":["post-8067","page","type-page","status-publish","hentry"],"post_mailing_queue_ids":[],"_links":{"self":[{"href":"https:\/\/agora.xtec.cat\/ieslaribera\/wp-json\/wp\/v2\/pages\/8067","targetHints":{"allow":["GET"]}}],"collection":[{"href":"https:\/\/agora.xtec.cat\/ieslaribera\/wp-json\/wp\/v2\/pages"}],"about":[{"href":"https:\/\/agora.xtec.cat\/ieslaribera\/wp-json\/wp\/v2\/types\/page"}],"author":[{"embeddable":true,"href":"https:\/\/agora.xtec.cat\/ieslaribera\/wp-json\/wp\/v2\/users\/1"}],"replies":[{"embeddable":true,"href":"https:\/\/agora.xtec.cat\/ieslaribera\/wp-json\/wp\/v2\/comments?post=8067"}],"version-history":[{"count":6,"href":"https:\/\/agora.xtec.cat\/ieslaribera\/wp-json\/wp\/v2\/pages\/8067\/revisions"}],"predecessor-version":[{"id":8684,"href":"https:\/\/agora.xtec.cat\/ieslaribera\/wp-json\/wp\/v2\/pages\/8067\/revisions\/8684"}],"wp:attachment":[{"href":"https:\/\/agora.xtec.cat\/ieslaribera\/wp-json\/wp\/v2\/media?parent=8067"}],"curies":[{"name":"wp","href":"https:\/\/api.w.org\/{rel}","templated":true}]}}