{"id":769,"date":"2018-02-18T18:33:21","date_gmt":"2018-02-18T17:33:21","guid":{"rendered":"http:\/\/agora.xtec.cat\/ieslaribera\/?page_id=769"},"modified":"2026-03-23T21:16:03","modified_gmt":"2026-03-23T20:16:03","slug":"documents-de-centre","status":"publish","type":"page","link":"https:\/\/agora.xtec.cat\/ieslaribera\/normes-i-funcionament\/documents-de-centre\/","title":{"rendered":"Documents"},"content":{"rendered":"<h3><span style=\"text-decoration: underline; color: #000080;\">Documents de centre<\/span><\/h3>\n<ul>\n<li><a href=\"https:\/\/agora.xtec.cat\/ieslaribera\/wp-content\/uploads\/usu1015\/2025\/10\/PEC-2025-2026.pdf\">PEC 2025-2026<\/a>: Aquest \u00e9s el document en el qual es recullen <strong>els nostres objectius b\u00e0sics<\/strong>, emmarcats en set eixos transversals (afavorir un bon clima de conviv\u00e8ncia; atorgar el lideratge de l&#8217;aprenentatge a l&#8217;alumnat; apostar per la innovaci\u00f3 pedag\u00f2gica i la creativitat; treballar el projecte vital, personal i professional des de l\u2019orientaci\u00f3, potenciar la participaci\u00f3 activa en l&#8217;aprenentatge; consolidar la integraci\u00f3 a l\u2019entorn, i promocionar les actituds i h\u00e0bits saludables).<\/li>\n<li><a href=\"https:\/\/agora.xtec.cat\/ieslaribera\/wp-content\/uploads\/usu1015\/2022\/10\/Carta-de-COMPROMIS-EDUCATIU-Institut-La-Ribera.pdf\">Carta de COMPROM\u00cdS EDUCATIU<\/a>: \u00c9s el document on es recullen els compromisos entre les fam\u00edlies i l&#8217;institut.<\/li>\n<\/ul>\n<h3><span style=\"text-decoration: underline; color: #000080;\">Programaci\u00f3 General Anual<\/span><\/h3>\n<p><a href=\"https:\/\/agora.xtec.cat\/ieslaribera\/wp-content\/uploads\/usu1015\/2026\/03\/08054174_INSTITUT-LA-RIBERA_2025-26_PGA.docx-1.pdf\">INSTITUT LA RIBERA_2025-26_PGA<\/a>: \u00e9s un instrument de planificaci\u00f3 per a cada curs acad\u00e8mic, que t\u00e9 com a finalitat recollir les decisions i acords m\u00e9s importants que afecten l&#8217;organitzaci\u00f3 i el funcionament general del centre.<\/p>\n<p><a href=\"https:\/\/agora.xtec.cat\/ieslaribera\/wp-content\/uploads\/usu1015\/2026\/03\/PES_INS_La_Ribera_2025-2026.pdf\">Projecte Esportiu de Centre PES_INS_La_Ribera_2025-2026<\/a><\/p>\n<h3><span style=\"text-decoration: underline; color: #000080;\">Fam\u00edlies<\/span><\/h3>\n<ul>\n<li><a href=\"https:\/\/agora.xtec.cat\/ieslaribera\/wp-content\/uploads\/usu1015\/2026\/03\/Reviu-MiR_2n-ESO_2026-La-Ribera-.pdf\">Reviu MiR_2n ESO_2026 La Ribera<\/a><div style=\"width: 576px;\" class=\"wp-video\"><!--[if lt IE 9]><script>document.createElement('video');<\/script><![endif]-->\n<video class=\"wp-video-shortcode\" id=\"video-769-1\" width=\"576\" height=\"320\" preload=\"metadata\" controls=\"controls\"><source type=\"video\/mp4\" src=\"https:\/\/agora.xtec.cat\/ieslaribera\/wp-content\/uploads\/usu1015\/2026\/03\/VIDEO-2026-02-17-09-28-51.mp4?_=1\" \/><a href=\"https:\/\/agora.xtec.cat\/ieslaribera\/wp-content\/uploads\/usu1015\/2026\/03\/VIDEO-2026-02-17-09-28-51.mp4\">https:\/\/agora.xtec.cat\/ieslaribera\/wp-content\/uploads\/usu1015\/2026\/03\/VIDEO-2026-02-17-09-28-51.mp4<\/a><\/video><\/div><\/li>\n<li>Pla de digitalitzaci\u00f3 responsable\u00a0 <a href=\"https:\/\/agora.xtec.cat\/ieslaribera\/wp-content\/uploads\/usu1015\/2025\/09\/guia-families.pdf\">guia-fam\u00edlies<\/a><\/li>\n<li><a href=\"https:\/\/agora.xtec.cat\/ieslaribera\/wp-content\/uploads\/usu1015\/2025\/05\/Cercavila-Reviu-MiR-2025.pdf\">Cercavila Reviu MiR 2025<\/a><\/li>\n<li><a href=\"https:\/\/agora.xtec.cat\/ieslaribera\/wp-content\/uploads\/usu1015\/2024\/09\/Document-de-convivencia-del-centre-Annex.pdf\">Document de conviv\u00e8ncia del centre + Annex<\/a>: En aquest document es resumeix la normativa de convic\u00e8ncia del centre i s&#8217;afegeix l&#8217;annex DESCONNECTA PER CONNECTAR! (normativa de tel\u00e8fons m\u00f2bils).<\/li>\n<li><a href=\"https:\/\/agora.xtec.cat\/ieslaribera\/wp-content\/uploads\/usu1015\/2024\/06\/Comunicacio-sobre-la-Quota-Material-Institut-curs-2024-2025.pdf\">Comunicaci\u00f3 sobre la QUOTA DE MATERIAL i AMPA<\/a>: En aquesta carta informem sobre el fet de recuperar la quota de material i projectes, els seu import, i la quota de l&#8217;AMPA.<\/li>\n<li><a href=\"https:\/\/drive.google.com\/file\/d\/1Y0AaMuBMcXONSAointAprWCWxKUvkI4U\/view?usp=sharing\">Full responsabilitat port\u00e0tils<\/a>: En aquest document recollim els compromisos que adquiereixen les fam\u00edlies pel que fa als port\u00e0tils que cedim des del centre a l&#8217;alumnat per desenvolupar la seva compet\u00e8ncia digital.<\/li>\n<\/ul>\n<h3><span style=\"text-decoration: underline; color: #000080;\">Normativa de conviv\u00e8ncia del centre<\/span><\/h3>\n<ul>\n<li><a href=\"https:\/\/drive.google.com\/file\/d\/1Ny0IxVXIMwxtIwkwFtYdhC9D-IiQ2ty9\/view\">Normes d&#8217;organitzaci\u00f3 i funcionament de centre<\/a> (NOFC): A la darrera versi\u00f3 d&#8217;aquest document, on es recullen aquestes normes, s&#8217;actualitzen els apratats referents a l&#8217;\u00fas dels tel\u00e8fons m\u00f2bils, equipament inform\u00e0tic, autoritzacions i la seva vig\u00e8ncia.<\/li>\n<li><a href=\"https:\/\/agora.xtec.cat\/ieslaribera\/wp-content\/uploads\/usu1015\/2019\/02\/NORMES-PER-LES-SORTIDES.pdf\">Normes de comportament per les sortides-Ins La Ribera<\/a>: Les sortides formen part d\u2019una activitat escolar, i com a tal, hem d\u2019entendre que anem representant l\u2019institut, sota la responsabilitat del professorat, per aquest motiu \u00e9s important revisar aquestes normes de comportament abans de les sortides extraescolars.<\/li>\n<\/ul>\n","protected":false},"excerpt":{"rendered":"<p>Documents de centre<\/p>\n<ul>\n<li><a href=\"https:\/\/agora.xtec.cat\/ieslaribera\/wp-content\/uploads\/usu1015\/2025\/10\/PEC-2025-2026.pdf\">PEC 2025-2026<\/a>: Aquest \u00e9s el document en el qual es recullen els nostres objectius b\u00e0sics, emmarcats en set eixos transversals (afavorir un bon clima de conviv\u00e8ncia; atorgar el lideratge de l&#8217;aprenentatge a l&#8217;alumnat; apostar per la innovaci\u00f3 pedag\u00f2gica i la creativitat; treballar&hellip;  <a href=\"https:\/\/agora.xtec.cat\/ieslaribera\/normes-i-funcionament\/documents-de-centre\/\" title=\"Read Documents\">Llegeix m\u00e9s\u00bb<\/a><br \/>\n","protected":false},"author":1,"featured_media":0,"parent":296,"menu_order":6,"comment_status":"closed","ping_status":"closed","template":"page-templates\/side-menu.php","meta":{"_bbp_topic_count":0,"_bbp_reply_count":0,"_bbp_total_topic_count":0,"_bbp_total_reply_count":0,"_bbp_voice_count":0,"_bbp_anonymous_reply_count":0,"_bbp_topic_count_hidden":0,"_bbp_reply_count_hidden":0,"_bbp_forum_subforum_count":0,"footnotes":""},"class_list":["post-769","page","type-page","status-publish","hentry"],"post_mailing_queue_ids":[],"_links":{"self":[{"href":"https:\/\/agora.xtec.cat\/ieslaribera\/wp-json\/wp\/v2\/pages\/769","targetHints":{"allow":["GET"]}}],"collection":[{"href":"https:\/\/agora.xtec.cat\/ieslaribera\/wp-json\/wp\/v2\/pages"}],"about":[{"href":"https:\/\/agora.xtec.cat\/ieslaribera\/wp-json\/wp\/v2\/types\/page"}],"author":[{"embeddable":true,"href":"https:\/\/agora.xtec.cat\/ieslaribera\/wp-json\/wp\/v2\/users\/1"}],"replies":[{"embeddable":true,"href":"https:\/\/agora.xtec.cat\/ieslaribera\/wp-json\/wp\/v2\/comments?post=769"}],"version-history":[{"count":6,"href":"https:\/\/agora.xtec.cat\/ieslaribera\/wp-json\/wp\/v2\/pages\/769\/revisions"}],"predecessor-version":[{"id":8686,"href":"https:\/\/agora.xtec.cat\/ieslaribera\/wp-json\/wp\/v2\/pages\/769\/revisions\/8686"}],"up":[{"embeddable":true,"href":"https:\/\/agora.xtec.cat\/ieslaribera\/wp-json\/wp\/v2\/pages\/296"}],"wp:attachment":[{"href":"https:\/\/agora.xtec.cat\/ieslaribera\/wp-json\/wp\/v2\/media?parent=769"}],"curies":[{"name":"wp","href":"https:\/\/api.w.org\/{rel}","templated":true}]}}