{"id":733,"date":"2018-02-18T17:12:40","date_gmt":"2018-02-18T16:12:40","guid":{"rendered":"http:\/\/agora.xtec.cat\/ieslaribera\/?page_id=733"},"modified":"2019-02-19T09:37:27","modified_gmt":"2019-02-19T08:37:27","slug":"documents","status":"publish","type":"page","link":"https:\/\/agora.xtec.cat\/ieslaribera\/normes-i-funcionament\/documents\/","title":{"rendered":"Mediaci\u00f3"},"content":{"rendered":"<p>Estem conven\u00e7uts que <span style=\"color: #3366ff;\"><strong>la mediaci\u00f3<\/strong><\/span> \u00e9s una eina de di\u00e0leg que contribueix a millorar les relacions interpersonals i ens ajuda a resoldre els conflictes. Al nostre institut tenim un equip d&#8217;alumnes mediadors i mediadores, que s&#8217;encarreguen de gestionar els conflictes a trav\u00e9s del comprom\u00eds, l&#8217;escolta activa, l&#8217;empatia, la comprensi\u00f3, l&#8217;an\u00e0lisi de les necessitats i la cooperaci\u00f3. Aquest equip es va renovant a cada curs i ens proporciona una eina clau per a la <span style=\"color: #3366ff;\"><strong>bona conviv\u00e8ncia<\/strong> <\/span>en el centre.<\/p>\n<p>&nbsp;<\/p>\n","protected":false},"excerpt":{"rendered":"<p>Estem conven\u00e7uts que la mediaci\u00f3 \u00e9s una eina de di\u00e0leg que contribueix a millorar les relacions interpersonals i ens ajuda a resoldre els conflictes. Al nostre institut tenim un equip d&#8217;alumnes mediadors i mediadores, que s&#8217;encarreguen de gestionar els conflictes a trav\u00e9s del comprom\u00eds, l&#8217;escolta&hellip;  <a href=\"https:\/\/agora.xtec.cat\/ieslaribera\/normes-i-funcionament\/documents\/\" title=\"Read Mediaci\u00f3\">Llegeix m\u00e9s\u00bb<\/a><\/p>\n","protected":false},"author":1,"featured_media":0,"parent":296,"menu_order":3,"comment_status":"closed","ping_status":"closed","template":"page-templates\/side-menu.php","meta":{"_bbp_topic_count":0,"_bbp_reply_count":0,"_bbp_total_topic_count":0,"_bbp_total_reply_count":0,"_bbp_voice_count":0,"_bbp_anonymous_reply_count":0,"_bbp_topic_count_hidden":0,"_bbp_reply_count_hidden":0,"_bbp_forum_subforum_count":0,"footnotes":""},"class_list":["post-733","page","type-page","status-publish","hentry"],"post_mailing_queue_ids":[],"_links":{"self":[{"href":"https:\/\/agora.xtec.cat\/ieslaribera\/wp-json\/wp\/v2\/pages\/733","targetHints":{"allow":["GET"]}}],"collection":[{"href":"https:\/\/agora.xtec.cat\/ieslaribera\/wp-json\/wp\/v2\/pages"}],"about":[{"href":"https:\/\/agora.xtec.cat\/ieslaribera\/wp-json\/wp\/v2\/types\/page"}],"author":[{"embeddable":true,"href":"https:\/\/agora.xtec.cat\/ieslaribera\/wp-json\/wp\/v2\/users\/1"}],"replies":[{"embeddable":true,"href":"https:\/\/agora.xtec.cat\/ieslaribera\/wp-json\/wp\/v2\/comments?post=733"}],"version-history":[{"count":4,"href":"https:\/\/agora.xtec.cat\/ieslaribera\/wp-json\/wp\/v2\/pages\/733\/revisions"}],"predecessor-version":[{"id":1250,"href":"https:\/\/agora.xtec.cat\/ieslaribera\/wp-json\/wp\/v2\/pages\/733\/revisions\/1250"}],"up":[{"embeddable":true,"href":"https:\/\/agora.xtec.cat\/ieslaribera\/wp-json\/wp\/v2\/pages\/296"}],"wp:attachment":[{"href":"https:\/\/agora.xtec.cat\/ieslaribera\/wp-json\/wp\/v2\/media?parent=733"}],"curies":[{"name":"wp","href":"https:\/\/api.w.org\/{rel}","templated":true}]}}