{"id":731,"date":"2018-02-18T14:55:48","date_gmt":"2018-02-18T13:55:48","guid":{"rendered":"http:\/\/agora.xtec.cat\/ieslaribera\/?page_id=731"},"modified":"2020-08-30T12:23:16","modified_gmt":"2020-08-30T10:23:16","slug":"atenciofamilies","status":"publish","type":"page","link":"https:\/\/agora.xtec.cat\/ieslaribera\/normes-i-funcionament\/atenciofamilies\/","title":{"rendered":"Atenci\u00f3 a les fam\u00edlies"},"content":{"rendered":"<p>Per poder parlar de qualsevol q\u00fcesti\u00f3 que us amo\u00efni en relaci\u00f3 als vostres fills i filles, el primer pas \u00e9s trucar per demanar cita amb <strong><span style=\"color: #3366ff;\">la tutora o el tutor individual<\/span><\/strong>.<\/p>\n<p>Tamb\u00e9 podeu demanar cita amb el <span style=\"color: #3366ff;\"><strong>professorat<\/strong><\/span> de l&#8217;equip docent, directament, si \u00e9s una q\u00fcesti\u00f3 puntual en refer\u00e8ncia a la mat\u00e8ria que s&#8217;imparteix.<\/p>\n<p>Si aquests passos no han resolt el vostre problema, a\u00a0<span style=\"color: #3366ff;\"><strong>direcci\u00f3<\/strong><\/span> tamb\u00e9 us atendrem:\u00a0<span style=\"color: #3366ff;\">truqueu al centre i demaneu cita pr\u00e8via<\/span><span style=\"color: #000000;\">.<\/span><\/p>\n<p>El tel\u00e8fon del centre (consergeria) \u00e9s el <strong><span style=\"color: #3366ff;\">667 38 36 99 <\/span><\/strong><span style=\"color: #000000;\">i el de direcci\u00f3 \u00e9s el <\/span><strong><span style=\"color: #3366ff;\">667 38 37 73.<\/span><\/strong><\/p>\n<p><span style=\"color: #3366ff;\"><span style=\"color: #000000;\">El tel\u00e8fon fixe<\/span> 93 575 30 40 <span style=\"color: #000000;\">actualment no est\u00e0 disponible.<\/span><\/span><\/p>\n","protected":false},"excerpt":{"rendered":"<p>Per poder parlar de qualsevol q\u00fcesti\u00f3 que us amo\u00efni en relaci\u00f3 als vostres fills i filles, el primer pas \u00e9s trucar per demanar cita amb la tutora o el tutor individual.<br \/>\nTamb\u00e9 podeu demanar cita amb el professorat de l&#8217;equip docent, directament, si \u00e9s una q\u00fcesti\u00f3&hellip;  <a href=\"https:\/\/agora.xtec.cat\/ieslaribera\/normes-i-funcionament\/atenciofamilies\/\" title=\"Read Atenci\u00f3 a les fam\u00edlies\">Llegeix m\u00e9s\u00bb<\/a><\/p>\n","protected":false},"author":1,"featured_media":0,"parent":296,"menu_order":0,"comment_status":"closed","ping_status":"closed","template":"page-templates\/side-menu.php","meta":{"_bbp_topic_count":0,"_bbp_reply_count":0,"_bbp_total_topic_count":0,"_bbp_total_reply_count":0,"_bbp_voice_count":0,"_bbp_anonymous_reply_count":0,"_bbp_topic_count_hidden":0,"_bbp_reply_count_hidden":0,"_bbp_forum_subforum_count":0,"footnotes":""},"class_list":["post-731","page","type-page","status-publish","hentry"],"post_mailing_queue_ids":[],"_links":{"self":[{"href":"https:\/\/agora.xtec.cat\/ieslaribera\/wp-json\/wp\/v2\/pages\/731","targetHints":{"allow":["GET"]}}],"collection":[{"href":"https:\/\/agora.xtec.cat\/ieslaribera\/wp-json\/wp\/v2\/pages"}],"about":[{"href":"https:\/\/agora.xtec.cat\/ieslaribera\/wp-json\/wp\/v2\/types\/page"}],"author":[{"embeddable":true,"href":"https:\/\/agora.xtec.cat\/ieslaribera\/wp-json\/wp\/v2\/users\/1"}],"replies":[{"embeddable":true,"href":"https:\/\/agora.xtec.cat\/ieslaribera\/wp-json\/wp\/v2\/comments?post=731"}],"version-history":[{"count":3,"href":"https:\/\/agora.xtec.cat\/ieslaribera\/wp-json\/wp\/v2\/pages\/731\/revisions"}],"predecessor-version":[{"id":4595,"href":"https:\/\/agora.xtec.cat\/ieslaribera\/wp-json\/wp\/v2\/pages\/731\/revisions\/4595"}],"up":[{"embeddable":true,"href":"https:\/\/agora.xtec.cat\/ieslaribera\/wp-json\/wp\/v2\/pages\/296"}],"wp:attachment":[{"href":"https:\/\/agora.xtec.cat\/ieslaribera\/wp-json\/wp\/v2\/media?parent=731"}],"curies":[{"name":"wp","href":"https:\/\/api.w.org\/{rel}","templated":true}]}}