{"id":635,"date":"2018-02-11T09:31:06","date_gmt":"2018-02-11T08:31:06","guid":{"rendered":"http:\/\/agora.xtec.cat\/ieslaribera\/?page_id=635"},"modified":"2024-11-18T20:58:21","modified_gmt":"2024-11-18T19:58:21","slug":"magnet","status":"publish","type":"page","link":"https:\/\/agora.xtec.cat\/ieslaribera\/linstitut\/magnet\/","title":{"rendered":"MAGNET: aliances per a l&#8217;\u00e8xit educatiu"},"content":{"rendered":"<p>L&#8217;<strong>institut La Ribera\u00a0<\/strong>formem part del Programa Magnet, des del curs 2017-18.<\/p>\n<p>El programa\u00a0<a href=\"http:\/\/magnet.cat\"><strong>MAGNET<\/strong><\/a>\u00a0est\u00e0 impulsat per la <strong><a href=\"https:\/\/www.fbofill.cat\/\">Fundaci\u00f3 Jaume Bofill<\/a> <\/strong>en col\u2219laboraci\u00f3 amb el <a href=\"http:\/\/ensenyament.gencat.cat\/ca\/inici\">Departament d\u2019Ensenyament<\/a>, l\u2019<a href=\"https:\/\/www.uab.cat\/web\/institut-de-ciencies-de-l-educacio-de-la-uab-1345711355746.html\">Institut de Ci\u00e8ncies de l\u2019Educaci\u00f3 de la UAB<\/a> i la <a href=\"https:\/\/www.diba.cat\/ca\">Diputaci\u00f3 de Barcelona<\/a>. En el nostre cas, comptem tamb\u00e9 amb el suport de l&#8217;<a href=\"https:\/\/www.montcada.cat\/\">Ajuntament de Montcada i Reixac<\/a>.<\/p>\n<p>L\u2019 objectiu del programa \u00e9s\u00a0acompanyar els centres educatius, juntament amb el recolzament\u00a0d\u2019 una instituci\u00f3 de prestigi,\u00a0en el\u00a0desenvolupament d\u2019un projecte educatiu innovador, atractiu\u00a0i de qualitat, que es converteixi en un projecte de refer\u00e8ncia. El\u00a0programa est\u00e0 inspirat en les\u00a0Magnet Schools dels Estats Units, que funcionen des dels anys setanta.<\/p>\n<p>Les institucions que hi participen s\u00f3n institucions de refer\u00e8ncia i excel\u2219l\u00e8ncia, amb\u00a0un\u00a0comprom\u00eds educatiu amb la societat, i una gran capacitat de transfer\u00e8ncia d&#8217;innovaci\u00f3 i coneixement.<\/p>\n<p>En el nostre cas, es tracta de la <a href=\"http:\/\/www.ub.edu\/laubdivulga\/magnet\/contribucio.html\"><strong>Universitat de Barcelona<\/strong><\/a>.<\/p>\n<p>En el nostre cas l&#8217;eix del projecte gira en torn la tem\u00e0tica &#8220;<strong>l&#8217;aigua a Montcada<\/strong>&#8220;, tant des de la visi\u00f3 cient\u00edfico-t\u00e8cnica, com social i hist\u00f2rica.<\/p>\n<p style=\"text-align: left;\">Podeu llegir el <strong><a href=\"https:\/\/agora.xtec.cat\/ieslaribera\/wp-content\/uploads\/usu1015\/2019\/02\/projecte-Magnet_Ins-La-Ribera.pdf\">projecte Magnet_Ins La Ribera<\/a><\/strong>\u00a0que vam presentar per a participar en el programa, i que va ser seleccionat.<a href=\"http:\/\/www.fbofill.cat\/magnet-aliances-lexit-educatiu\" target=\"_blank\" rel=\"noopener noreferrer\"><img loading=\"lazy\" decoding=\"async\" class=\"aligncenter wp-image-645\" src=\"http:\/\/agora.xtec.cat\/ieslaribera\/wp-content\/uploads\/usu1015\/2018\/02\/Logo-Magnet-e1518339071844.png\" alt=\"\" width=\"216\" height=\"290\" \/><\/a><span style=\"font-family: inherit; font-size: 1em; text-align: center; color: #808080;\">Cliqueu a la icona per a m\u00e9s informaci\u00f3<\/span><\/p>\n","protected":false},"excerpt":{"rendered":"<p>L&#8217;institut La Ribera\u00a0formem part del Programa Magnet, des del curs 2017-18.<br \/>\nEl programa\u00a0<a href=\"http:\/\/magnet.cat\">MAGNET<\/a>\u00a0est\u00e0 impulsat per la <a href=\"https:\/\/www.fbofill.cat\/\">Fundaci\u00f3 Jaume Bofill<\/a> en col\u2219laboraci\u00f3 amb el <a href=\"http:\/\/ensenyament.gencat.cat\/ca\/inici\">Departament d\u2019Ensenyament<\/a>, l\u2019<a href=\"https:\/\/www.uab.cat\/web\/institut-de-ciencies-de-l-educacio-de-la-uab-1345711355746.html\">Institut de Ci\u00e8ncies de l\u2019Educaci\u00f3 de la UAB<\/a> i la <a href=\"https:\/\/www.diba.cat\/ca\">Diputaci\u00f3 de Barcelona<\/a>. En el nostre&hellip;  <a href=\"https:\/\/agora.xtec.cat\/ieslaribera\/linstitut\/magnet\/\" title=\"Read MAGNET: aliances per a l&#8217;\u00e8xit educatiu\">Llegeix m\u00e9s\u00bb<\/a><\/p>\n","protected":false},"author":1,"featured_media":0,"parent":19,"menu_order":5,"comment_status":"closed","ping_status":"closed","template":"page-templates\/side-menu.php","meta":{"_bbp_topic_count":0,"_bbp_reply_count":0,"_bbp_total_topic_count":0,"_bbp_total_reply_count":0,"_bbp_voice_count":0,"_bbp_anonymous_reply_count":0,"_bbp_topic_count_hidden":0,"_bbp_reply_count_hidden":0,"_bbp_forum_subforum_count":0,"footnotes":""},"class_list":["post-635","page","type-page","status-publish","hentry"],"post_mailing_queue_ids":[],"_links":{"self":[{"href":"https:\/\/agora.xtec.cat\/ieslaribera\/wp-json\/wp\/v2\/pages\/635","targetHints":{"allow":["GET"]}}],"collection":[{"href":"https:\/\/agora.xtec.cat\/ieslaribera\/wp-json\/wp\/v2\/pages"}],"about":[{"href":"https:\/\/agora.xtec.cat\/ieslaribera\/wp-json\/wp\/v2\/types\/page"}],"author":[{"embeddable":true,"href":"https:\/\/agora.xtec.cat\/ieslaribera\/wp-json\/wp\/v2\/users\/1"}],"replies":[{"embeddable":true,"href":"https:\/\/agora.xtec.cat\/ieslaribera\/wp-json\/wp\/v2\/comments?post=635"}],"version-history":[{"count":4,"href":"https:\/\/agora.xtec.cat\/ieslaribera\/wp-json\/wp\/v2\/pages\/635\/revisions"}],"predecessor-version":[{"id":8017,"href":"https:\/\/agora.xtec.cat\/ieslaribera\/wp-json\/wp\/v2\/pages\/635\/revisions\/8017"}],"up":[{"embeddable":true,"href":"https:\/\/agora.xtec.cat\/ieslaribera\/wp-json\/wp\/v2\/pages\/19"}],"wp:attachment":[{"href":"https:\/\/agora.xtec.cat\/ieslaribera\/wp-json\/wp\/v2\/media?parent=635"}],"curies":[{"name":"wp","href":"https:\/\/api.w.org\/{rel}","templated":true}]}}