{"id":4804,"date":"2020-10-28T20:56:59","date_gmt":"2020-10-28T19:56:59","guid":{"rendered":"http:\/\/agora.xtec.cat\/ieslaribera\/?page_id=4804"},"modified":"2024-11-18T20:15:03","modified_gmt":"2024-11-18T19:15:03","slug":"caixa-deines","status":"publish","type":"page","link":"https:\/\/agora.xtec.cat\/ieslaribera\/caixa-deines\/","title":{"rendered":"Caixa d&#8217;eines"},"content":{"rendered":"<p>Benvolguts i benvolgudes estudiants,<\/p>\n<p>Us deixem a la vostra disposici\u00f3 aquest <span style=\"color: #0000ff;\">repositori d&#8217;eines d&#8217;aprenentatge<\/span> que us seran \u00fatils per qualsevol assignatura. Recursos digitals que s\u00f3n (o haurien de ser) d&#8217;\u00fas freq\u00fcent, aix\u00ed que us els recollim tots junts perqu\u00e8 pugueu accedir-hi m\u00e9s f\u00e0cilment:<\/p>\n<table style=\"border-collapse: collapse; width: 100%;\">\n<tbody>\n<tr>\n<td style=\"width: 33.3333%;\"><a href=\"https:\/\/agora.xtec.cat\/ieslaribera\/wp-content\/uploads\/usu1015\/2020\/10\/Captura-de-pantalla-2020-10-28-a-las-20.45.14.png\"><img loading=\"lazy\" decoding=\"async\" class=\"wp-image-4805 alignnone\" src=\"https:\/\/agora.xtec.cat\/ieslaribera\/wp-content\/uploads\/usu1015\/2020\/10\/Captura-de-pantalla-2020-10-28-a-las-20.45.14.png\" alt=\"\" width=\"63\" height=\"62\" srcset=\"https:\/\/agora.xtec.cat\/ieslaribera\/wp-content\/uploads\/usu1015\/2020\/10\/Captura-de-pantalla-2020-10-28-a-las-20.45.14.png 180w, https:\/\/agora.xtec.cat\/ieslaribera\/wp-content\/uploads\/usu1015\/2020\/10\/Captura-de-pantalla-2020-10-28-a-las-20.45.14-150x150.png 150w\" sizes=\"auto, (max-width: 63px) 100vw, 63px\" \/> <\/a><\/p>\n<p><a href=\"https:\/\/dlc.iec.cat\">Diccionari de l&#8217;Institut d&#8217;Estudis Catalans (DIEC)<\/a><\/td>\n<td style=\"width: 33.3333%;\"><img loading=\"lazy\" decoding=\"async\" class=\"wp-image-4810 alignnone\" src=\"https:\/\/agora.xtec.cat\/ieslaribera\/wp-content\/uploads\/usu1015\/2020\/10\/Captura-de-pantalla-2020-10-28-a-las-20.52.31.png\" alt=\"\" width=\"84\" height=\"62\" srcset=\"https:\/\/agora.xtec.cat\/ieslaribera\/wp-content\/uploads\/usu1015\/2020\/10\/Captura-de-pantalla-2020-10-28-a-las-20.52.31.png 388w, https:\/\/agora.xtec.cat\/ieslaribera\/wp-content\/uploads\/usu1015\/2020\/10\/Captura-de-pantalla-2020-10-28-a-las-20.52.31-300x223.png 300w, https:\/\/agora.xtec.cat\/ieslaribera\/wp-content\/uploads\/usu1015\/2020\/10\/Captura-de-pantalla-2020-10-28-a-las-20.52.31-200x150.png 200w\" sizes=\"auto, (max-width: 84px) 100vw, 84px\" \/><\/p>\n<p><a href=\"https:\/\/www.wordreference.com\">Diccionari d&#8217;angl\u00e8s Wordreference<\/a><\/td>\n<td style=\"width: 33.3333%;\"><img loading=\"lazy\" decoding=\"async\" class=\"wp-image-4811 alignnone\" src=\"https:\/\/agora.xtec.cat\/ieslaribera\/wp-content\/uploads\/usu1015\/2020\/10\/Captura-de-pantalla-2020-10-28-a-las-20.54.18.png\" alt=\"\" width=\"141\" height=\"62\" srcset=\"https:\/\/agora.xtec.cat\/ieslaribera\/wp-content\/uploads\/usu1015\/2020\/10\/Captura-de-pantalla-2020-10-28-a-las-20.54.18.png 310w, https:\/\/agora.xtec.cat\/ieslaribera\/wp-content\/uploads\/usu1015\/2020\/10\/Captura-de-pantalla-2020-10-28-a-las-20.54.18-300x132.png 300w\" sizes=\"auto, (max-width: 141px) 100vw, 141px\" \/><\/p>\n<p><a href=\"https:\/\/www.softcatala.org\">Corrector catal\u00e0 Softcatal\u00e0<\/a><\/td>\n<\/tr>\n<tr>\n<td style=\"width: 33.3333%;\"><img loading=\"lazy\" decoding=\"async\" class=\"wp-image-4808 alignnone\" src=\"https:\/\/agora.xtec.cat\/ieslaribera\/wp-content\/uploads\/usu1015\/2020\/10\/Captura-de-pantalla-2020-10-28-a-las-20.49.05.png\" alt=\"\" width=\"57\" height=\"63\" \/><\/p>\n<p><a href=\"https:\/\/dle.rae.es\">Diccionari de la Real Academia Espa\u00f1ola (DLE)<\/a><\/td>\n<td style=\"width: 33.3333%;\"><img loading=\"lazy\" decoding=\"async\" class=\"wp-image-4812 alignnone\" src=\"https:\/\/agora.xtec.cat\/ieslaribera\/wp-content\/uploads\/usu1015\/2020\/10\/Captura-de-pantalla-2020-10-28-a-las-20.56.00.png\" alt=\"\" width=\"74\" height=\"62\" srcset=\"https:\/\/agora.xtec.cat\/ieslaribera\/wp-content\/uploads\/usu1015\/2020\/10\/Captura-de-pantalla-2020-10-28-a-las-20.56.00.png 308w, https:\/\/agora.xtec.cat\/ieslaribera\/wp-content\/uploads\/usu1015\/2020\/10\/Captura-de-pantalla-2020-10-28-a-las-20.56.00-300x250.png 300w\" sizes=\"auto, (max-width: 74px) 100vw, 74px\" \/><\/p>\n<p><a href=\"https:\/\/languagetool.org\">Corrector multiling\u00fce LanguageTool<\/a><\/td>\n<td style=\"width: 33.3333%;\"><img loading=\"lazy\" decoding=\"async\" class=\"alignnone size-full wp-image-7993\" src=\"https:\/\/agora.xtec.cat\/ieslaribera\/wp-content\/uploads\/usu1015\/2024\/11\/Screenshot-2024-11-18-20.01.01.png\" alt=\"\" width=\"98\" height=\"49\" \/><\/p>\n<p><a href=\"https:\/\/biblioteca.ebiblio.cat\/\">Biblio Digital<\/a><\/td>\n<\/tr>\n<tr>\n<td style=\"width: 33.3333%;\"><img loading=\"lazy\" decoding=\"async\" class=\"alignnone size-full wp-image-7992\" src=\"https:\/\/agora.xtec.cat\/ieslaribera\/wp-content\/uploads\/usu1015\/2024\/11\/Screenshot-2024-11-18-20.01.19.png\" alt=\"\" width=\"162\" height=\"89\" \/><\/p>\n<p><a href=\"https:\/\/www.3cat.cat\/tv3\/sx3\/supercampus\/\">SuperCampus<\/a><\/td>\n<td style=\"width: 33.3333%;\"><img loading=\"lazy\" decoding=\"async\" class=\"alignnone size-medium wp-image-7994\" src=\"https:\/\/agora.xtec.cat\/ieslaribera\/wp-content\/uploads\/usu1015\/2024\/11\/Screenshot-2024-11-18-20.07.17-300x97.png\" alt=\"\" width=\"300\" height=\"97\" srcset=\"https:\/\/agora.xtec.cat\/ieslaribera\/wp-content\/uploads\/usu1015\/2024\/11\/Screenshot-2024-11-18-20.07.17-300x97.png 300w, https:\/\/agora.xtec.cat\/ieslaribera\/wp-content\/uploads\/usu1015\/2024\/11\/Screenshot-2024-11-18-20.07.17.png 306w\" sizes=\"auto, (max-width: 300px) 100vw, 300px\" \/><\/p>\n<p><a href=\"https:\/\/aplicacions.llengua.gencat.cat\/llc\/AppJava\/index.html\">OPTIMOT Servei de consultes ling\u00fc\u00edstiques<\/a><\/td>\n<td style=\"width: 33.3333%;\"><img loading=\"lazy\" decoding=\"async\" class=\"alignnone size-medium wp-image-7996\" src=\"https:\/\/agora.xtec.cat\/ieslaribera\/wp-content\/uploads\/usu1015\/2024\/11\/Fundeu_BBVA_logo.svg-300x82.png\" alt=\"\" width=\"300\" height=\"82\" srcset=\"https:\/\/agora.xtec.cat\/ieslaribera\/wp-content\/uploads\/usu1015\/2024\/11\/Fundeu_BBVA_logo.svg-300x82.png 300w, https:\/\/agora.xtec.cat\/ieslaribera\/wp-content\/uploads\/usu1015\/2024\/11\/Fundeu_BBVA_logo.svg.png 320w\" sizes=\"auto, (max-width: 300px) 100vw, 300px\" \/><\/p>\n<p><a href=\"https:\/\/www.fundeu.es\/\">Fund\u00e9u RAE: buscador urgente de dudas<\/a><\/td>\n<\/tr>\n<\/tbody>\n<\/table>\n<p>&nbsp;<\/p>\n<p>&nbsp;<\/p>\n<p>&nbsp;<\/p>\n<p>&nbsp;<\/p>\n<p>&nbsp;<\/p>\n<p>&nbsp;<\/p>\n<p>&nbsp;<\/p>\n<p>&nbsp;<\/p>\n<p>&nbsp;<\/p>\n<p>&nbsp;<\/p>\n<p>&nbsp;<\/p>\n<p>&nbsp;<\/p>\n<p>&nbsp;<\/p>\n","protected":false},"excerpt":{"rendered":"<p>Benvolguts i benvolgudes estudiants,<br \/>\nUs deixem a la vostra disposici\u00f3 aquest repositori d&#8217;eines d&#8217;aprenentatge que us seran \u00fatils per qualsevol assignatura. Recursos digitals que s\u00f3n (o haurien de ser) d&#8217;\u00fas freq\u00fcent, aix\u00ed que us els recollim tots junts perqu\u00e8 pugueu accedir-hi m\u00e9s f\u00e0cilment:<\/p>\n<p><a href=\"https:\/\/agora.xtec.cat\/ieslaribera\/wp-content\/uploads\/usu1015\/2020\/10\/Captura-de-pantalla-2020-10-28-a-las-20.45.14.png\"> <\/a><br \/>\n<a href=\"https:\/\/dlc.iec.cat\">Diccionari&hellip;  <a href=\"https:\/\/agora.xtec.cat\/ieslaribera\/caixa-deines\/\" title=\"Read Caixa d&#8217;eines\">Llegeix m\u00e9s\u00bb<\/a><\/p>\n","protected":false},"author":1,"featured_media":0,"parent":0,"menu_order":0,"comment_status":"closed","ping_status":"closed","template":"","meta":{"_bbp_topic_count":0,"_bbp_reply_count":0,"_bbp_total_topic_count":0,"_bbp_total_reply_count":0,"_bbp_voice_count":0,"_bbp_anonymous_reply_count":0,"_bbp_topic_count_hidden":0,"_bbp_reply_count_hidden":0,"_bbp_forum_subforum_count":0,"footnotes":""},"class_list":["post-4804","page","type-page","status-publish","hentry"],"post_mailing_queue_ids":[],"_links":{"self":[{"href":"https:\/\/agora.xtec.cat\/ieslaribera\/wp-json\/wp\/v2\/pages\/4804","targetHints":{"allow":["GET"]}}],"collection":[{"href":"https:\/\/agora.xtec.cat\/ieslaribera\/wp-json\/wp\/v2\/pages"}],"about":[{"href":"https:\/\/agora.xtec.cat\/ieslaribera\/wp-json\/wp\/v2\/types\/page"}],"author":[{"embeddable":true,"href":"https:\/\/agora.xtec.cat\/ieslaribera\/wp-json\/wp\/v2\/users\/1"}],"replies":[{"embeddable":true,"href":"https:\/\/agora.xtec.cat\/ieslaribera\/wp-json\/wp\/v2\/comments?post=4804"}],"version-history":[{"count":5,"href":"https:\/\/agora.xtec.cat\/ieslaribera\/wp-json\/wp\/v2\/pages\/4804\/revisions"}],"predecessor-version":[{"id":7997,"href":"https:\/\/agora.xtec.cat\/ieslaribera\/wp-json\/wp\/v2\/pages\/4804\/revisions\/7997"}],"wp:attachment":[{"href":"https:\/\/agora.xtec.cat\/ieslaribera\/wp-json\/wp\/v2\/media?parent=4804"}],"curies":[{"name":"wp","href":"https:\/\/api.w.org\/{rel}","templated":true}]}}