{"id":43,"date":"2014-09-17T16:45:07","date_gmt":"2014-09-17T15:45:07","guid":{"rendered":"http:\/\/agora.xtec.cat\/ieslaribera\/?page_id=43"},"modified":"2024-08-16T13:41:36","modified_gmt":"2024-08-16T11:41:36","slug":"consell-escolar","status":"publish","type":"page","link":"https:\/\/agora.xtec.cat\/ieslaribera\/normes-i-funcionament\/consell-escolar\/","title":{"rendered":"Consell escolar"},"content":{"rendered":"<p>El consell escolar del centre \u00e9s <span style=\"color: #333333;\">l&#8217;<strong>\u00f2rgan col\u00b7legiat de participaci\u00f3<\/strong><\/span> de la comunitat escolar en el govern del centre. En el consell escolar hi ha representats tots els col\u00b7lectius que intervenen en la comunitat educativa: director, professorat, alumnat, fam\u00edlies, personal d&#8217;administraci\u00f3 i serveis.<\/p>\n<p>En els centres p\u00fablics, la funci\u00f3 principal del consell escolar \u00e9s <strong>participar en la presa de decisions<\/strong> en relaci\u00f3 amb aquells temes importants per al funcionament i l&#8217;organitzaci\u00f3 del centre: el projecte educatiu, la programaci\u00f3 general, la gesti\u00f3 econ\u00f2mica&#8230;<\/p>\n<p>Els membres del consell escolar s\u00f3n elegits per un per\u00edode de <strong>quatre anys<\/strong> i es renoven per meitats cada dos anys.<\/p>\n<p>A m\u00e9s del Director, el Cap d&#8217;Estudis i el Secretari, el nostre consell escolar est\u00e0 format pels:<\/p>\n<ul>\n<li>Representant de l&#8217;Ajuntament: <span style=\"color: #3366ff;\">Jessica Segovia<\/span><\/li>\n<li>Representants de l&#8217;alumnat: <span style=\"color: #3366ff;\">Neoma Garc\u00eda i Laia M. Maidana<\/span><span style=\"color: #3366ff;\"><br \/>\n<\/span><\/li>\n<li>Representant de fam\u00edlies: <span style=\"color: #3366ff;\">Raquel Linares i Noelia Sarda\u00f1a<\/span><span style=\"color: #3366ff;\"><br \/>\n<\/span><\/li>\n<li>Representant del PAE: <span style=\"color: #3366ff;\">Cristina Izquierdo<\/span><\/li>\n<li>Representant del PAS: <span style=\"color: #3366ff;\">Maria \u00c0ngels Ciruelos<\/span><\/li>\n<li>Representants del professorat: <span style=\"color: #3366ff;\">Marta Castell, Cristina Clavero, Anna Lorido, Sara Mart\u00ednez, Fina Ruiz i Laia Toro<br \/>\n<\/span><\/li>\n<\/ul>\n","protected":false},"excerpt":{"rendered":"<p>El consell escolar del centre \u00e9s l&#8217;\u00f2rgan col\u00b7legiat de participaci\u00f3 de la comunitat escolar en el govern del centre. En el consell escolar hi ha representats tots els col\u00b7lectius que intervenen en la comunitat educativa: director, professorat, alumnat, fam\u00edlies, personal d&#8217;administraci\u00f3 i serveis.<br \/>\nEn els centres&hellip;  <a href=\"https:\/\/agora.xtec.cat\/ieslaribera\/normes-i-funcionament\/consell-escolar\/\" title=\"Read Consell escolar\">Llegeix m\u00e9s\u00bb<\/a><\/p>\n","protected":false},"author":1,"featured_media":0,"parent":296,"menu_order":40,"comment_status":"closed","ping_status":"closed","template":"page-templates\/side-menu.php","meta":{"_bbp_topic_count":0,"_bbp_reply_count":0,"_bbp_total_topic_count":0,"_bbp_total_reply_count":0,"_bbp_voice_count":0,"_bbp_anonymous_reply_count":0,"_bbp_topic_count_hidden":0,"_bbp_reply_count_hidden":0,"_bbp_forum_subforum_count":0,"footnotes":""},"class_list":["post-43","page","type-page","status-publish","hentry"],"post_mailing_queue_ids":[],"_links":{"self":[{"href":"https:\/\/agora.xtec.cat\/ieslaribera\/wp-json\/wp\/v2\/pages\/43","targetHints":{"allow":["GET"]}}],"collection":[{"href":"https:\/\/agora.xtec.cat\/ieslaribera\/wp-json\/wp\/v2\/pages"}],"about":[{"href":"https:\/\/agora.xtec.cat\/ieslaribera\/wp-json\/wp\/v2\/types\/page"}],"author":[{"embeddable":true,"href":"https:\/\/agora.xtec.cat\/ieslaribera\/wp-json\/wp\/v2\/users\/1"}],"replies":[{"embeddable":true,"href":"https:\/\/agora.xtec.cat\/ieslaribera\/wp-json\/wp\/v2\/comments?post=43"}],"version-history":[{"count":5,"href":"https:\/\/agora.xtec.cat\/ieslaribera\/wp-json\/wp\/v2\/pages\/43\/revisions"}],"predecessor-version":[{"id":7810,"href":"https:\/\/agora.xtec.cat\/ieslaribera\/wp-json\/wp\/v2\/pages\/43\/revisions\/7810"}],"up":[{"embeddable":true,"href":"https:\/\/agora.xtec.cat\/ieslaribera\/wp-json\/wp\/v2\/pages\/296"}],"wp:attachment":[{"href":"https:\/\/agora.xtec.cat\/ieslaribera\/wp-json\/wp\/v2\/media?parent=43"}],"curies":[{"name":"wp","href":"https:\/\/api.w.org\/{rel}","templated":true}]}}