{"id":357,"date":"2016-01-28T19:54:17","date_gmt":"2016-01-28T18:54:17","guid":{"rendered":"http:\/\/agora.xtec.cat\/ieslaribera\/?page_id=357"},"modified":"2016-01-28T19:58:43","modified_gmt":"2016-01-28T18:58:43","slug":"area-tac","status":"publish","type":"page","link":"https:\/\/agora.xtec.cat\/ieslaribera\/intraweb\/area-tac\/","title":{"rendered":"\u00c0REA TAC"},"content":{"rendered":"<p>INCID\u00c8NCIES INFORM\u00c0TIQUES<\/p>\n<p><a href=\"http:\/\/goo.gl\/forms\/rgaTajMCic\" target=\"_blank\">http:\/\/goo.gl\/forms\/rgaTajMCic<\/a><\/p>\n<p>\u00c9s el mateix formulari que s&#8217;obre amb el codi QR penjat als departaments i a la sala de profes. Per poder-lo llegir, us heu de descarregar alguna aplicaci\u00f3 (una google app gratu\u00efta, al play store), que sigui un &#8220;lector de codis QR&#8221;, com per exemple\u00a0q.tk.<\/p>\n","protected":false},"excerpt":{"rendered":"<p>INCID\u00c8NCIES INFORM\u00c0TIQUES<br \/>\n<a href=\"http:\/\/goo.gl\/forms\/rgaTajMCic\" target=\"_blank\">http:\/\/goo.gl\/forms\/rgaTajMCic<\/a><br \/>\n\u00c9s el mateix formulari que s&#8217;obre amb el codi QR penjat als departaments i a la sala de profes. Per poder-lo llegir, us heu de descarregar alguna aplicaci\u00f3 (una google app gratu\u00efta, al play store), que sigui un &#8220;lector de codis QR&#8221;,&hellip;  <a href=\"https:\/\/agora.xtec.cat\/ieslaribera\/intraweb\/area-tac\/\" title=\"Read \u00c0REA TAC\">Llegeix m\u00e9s\u00bb<\/a><\/p>\n","protected":false},"author":1,"featured_media":0,"parent":353,"menu_order":0,"comment_status":"closed","ping_status":"closed","template":"","meta":{"_bbp_topic_count":0,"_bbp_reply_count":0,"_bbp_total_topic_count":0,"_bbp_total_reply_count":0,"_bbp_voice_count":0,"_bbp_anonymous_reply_count":0,"_bbp_topic_count_hidden":0,"_bbp_reply_count_hidden":0,"_bbp_forum_subforum_count":0,"footnotes":""},"class_list":["post-357","page","type-page","status-publish","hentry"],"post_mailing_queue_ids":[],"_links":{"self":[{"href":"https:\/\/agora.xtec.cat\/ieslaribera\/wp-json\/wp\/v2\/pages\/357","targetHints":{"allow":["GET"]}}],"collection":[{"href":"https:\/\/agora.xtec.cat\/ieslaribera\/wp-json\/wp\/v2\/pages"}],"about":[{"href":"https:\/\/agora.xtec.cat\/ieslaribera\/wp-json\/wp\/v2\/types\/page"}],"author":[{"embeddable":true,"href":"https:\/\/agora.xtec.cat\/ieslaribera\/wp-json\/wp\/v2\/users\/1"}],"replies":[{"embeddable":true,"href":"https:\/\/agora.xtec.cat\/ieslaribera\/wp-json\/wp\/v2\/comments?post=357"}],"version-history":[{"count":1,"href":"https:\/\/agora.xtec.cat\/ieslaribera\/wp-json\/wp\/v2\/pages\/357\/revisions"}],"predecessor-version":[{"id":358,"href":"https:\/\/agora.xtec.cat\/ieslaribera\/wp-json\/wp\/v2\/pages\/357\/revisions\/358"}],"up":[{"embeddable":true,"href":"https:\/\/agora.xtec.cat\/ieslaribera\/wp-json\/wp\/v2\/pages\/353"}],"wp:attachment":[{"href":"https:\/\/agora.xtec.cat\/ieslaribera\/wp-json\/wp\/v2\/media?parent=357"}],"curies":[{"name":"wp","href":"https:\/\/api.w.org\/{rel}","templated":true}]}}