{"id":3310,"date":"2020-03-18T17:45:32","date_gmt":"2020-03-18T16:45:32","guid":{"rendered":"http:\/\/agora.xtec.cat\/ieslaribera\/?page_id=3310"},"modified":"2020-03-24T17:02:46","modified_gmt":"2020-03-24T16:02:46","slug":"obrim-les-portes-entra-i-connecta-amb-la-ribera","status":"publish","type":"page","link":"https:\/\/agora.xtec.cat\/ieslaribera\/obrim-les-portes-entra-i-connecta-amb-la-ribera\/","title":{"rendered":"Obrim les Portes &#8211; Entra i connecta amb La Ribera"},"content":{"rendered":"<p>Et proposem un viatge. Un viatge on con\u00e8ixer i, sobretot, on connectar amb el que <span style=\"color: #3366ff;\">La Ribera \u00e9s&#8230;<\/span><\/p>\n<p><iframe loading=\"lazy\" src=\"\/\/www.youtube.com\/embed\/wbpZd1PVdv8\" width=\"560\" height=\"314\"><\/iframe><\/p>\n<p>Acabeu de veure un fragment dels testimonis d&#8217;alguns alumnes i exalumnes del nostre centre. Parlen des de la perspectiva que d\u00f3na la maduresa de 4t d&#8217;ESO, Batxillerat i els estudis universitaris. Per\u00f2, sobretot, parlen despr\u00e9s d&#8217;haver viscut La Ribera <strong><span style=\"color: #3366ff;\">en primera persona; <\/span><\/strong>com ens agradaria que els vostres fills i filles tamb\u00e9 la visquessin&#8230;<\/p>\n<p><iframe loading=\"lazy\" src=\"\/\/www.youtube.com\/embed\/mMD4ugdotq4\" width=\"560\" height=\"314\"><\/iframe><\/p>\n<p>El nostre viatge \u00e9s un itinerari, que far\u00e0s des de casa teva i que tamb\u00e9 dissenyar\u00e0s segons les teves inquietuds&#8230;<\/p>\n<ul>\n<li>Possiblement voldr\u00e0s con\u00e8ixer els detalls que envolten el funcionament de l&#8217;institut, l&#8217;equip directiu i quins s\u00f3n els trets essencials que caracteritzen el nostre centre; i tamb\u00e9 els del curs de 1r d&#8217;ESO. Aleshores, la teva p\u00e0gina \u00e9s <span style=\"color: #3366ff;\"><strong>&#8220;Comencem 1r d&#8217;ESO&#8221;<\/strong><\/span> a la que hi arribes fent clic <a href=\"http:\/\/agora.xtec.cat\/ieslaribera\/obrim-les-portes-entra-i-connecta-amb-la-ribera\/comencem-1r-deso\/\">aqu\u00ed<\/a>.<\/li>\n<li>La Ribera \u00e9s un centre actiu, on apostem per aprendre fent. Per aix\u00f2 el nostre claustre ha preparat una mostra de les activitats que fem al centre i que hem recollit a la p\u00e0gina <strong><span style=\"color: #3366ff;\">&#8220;La Ribera Activa&#8221;<\/span><\/strong>. Hi pots accedir fent clic <a href=\"http:\/\/agora.xtec.cat\/ieslaribera\/obrim-les-portes-entra-i-connecta-amb-la-ribera\/la-ribera-activa\/\">aqu\u00ed<\/a>.<\/li>\n<li>Els dubtes, en aquests moments de canvi, s\u00f3n molts i tamb\u00e9 s\u00f3n compartits per altres fam\u00edlies que estan (o han estat) en la vostra situaci\u00f3. Per aix\u00f2 hem fet una secci\u00f3 de <strong><span style=\"color: #3366ff;\">FAQS<\/span><\/strong> (Preguntes Freq\u00fcents &#8211; i les seves respostes) que et recomanen que visitis, fent clic <a href=\"http:\/\/agora.xtec.cat\/ieslaribera\/obrim-les-portes-entra-i-connecta-amb-la-ribera\/faqs\/\">aqu\u00ed<\/a>.<\/li>\n<li>I, si t&#8217;has quedat amb ganes de con\u00e8ixer m\u00e9s sobre els testimonis complets dels nostres estudiants, no et perdis la p\u00e0gina <strong><span style=\"color: #3366ff;\">&#8220;Qu\u00e8 \u00e9s per a tu La Ribera?&#8221;<\/span><\/strong>, que trobes clicant <a href=\"http:\/\/agora.xtec.cat\/ieslaribera\/obrim-les-portes-entra-i-connecta-amb-la-ribera\/que-es-per-a-tu-la-ribera\/\">aqu\u00ed<\/a>.<\/li>\n<\/ul>\n<p>Aix\u00ed doncs, qu\u00e8?<\/p>\n<p style=\"text-align: left;\">\u00a0 \u00a0 \u00a0 \u00a0 \u00a0 \u00a0 \u00a0 \u00a0 \u00a0 \u00a0 \u00a0 \u00a0 \u00a0 \u00a0 \u00a0 \u00a0<span style=\"color: #3366ff;\">Connectes?<\/span><\/p>\n<p><a href=\"https:\/\/agora.xtec.cat\/ieslaribera\/wp-content\/uploads\/usu1015\/2020\/03\/connectar.jpeg\"><img loading=\"lazy\" decoding=\"async\" class=\"aligncenter size-full wp-image-3311\" src=\"https:\/\/agora.xtec.cat\/ieslaribera\/wp-content\/uploads\/usu1015\/2020\/03\/connectar.jpeg\" alt=\"\" width=\"680\" height=\"216\" srcset=\"https:\/\/agora.xtec.cat\/ieslaribera\/wp-content\/uploads\/usu1015\/2020\/03\/connectar.jpeg 680w, https:\/\/agora.xtec.cat\/ieslaribera\/wp-content\/uploads\/usu1015\/2020\/03\/connectar-300x95.jpeg 300w\" sizes=\"auto, (max-width: 680px) 100vw, 680px\" \/><\/a><\/p>\n","protected":false},"excerpt":{"rendered":"<p>Et proposem un viatge. Un viatge on con\u00e8ixer i, sobretot, on connectar amb el que La Ribera \u00e9s&#8230;<\/p>\n<p>Acabeu de veure un fragment dels testimonis d&#8217;alguns alumnes i exalumnes del nostre centre. Parlen des de la perspectiva que d\u00f3na la maduresa de 4t d&#8217;ESO, Batxillerat i&hellip;  <a href=\"https:\/\/agora.xtec.cat\/ieslaribera\/obrim-les-portes-entra-i-connecta-amb-la-ribera\/\" title=\"Read Obrim les Portes &#8211; Entra i connecta amb La Ribera\">Llegeix m\u00e9s\u00bb<\/a><\/p>\n","protected":false},"author":1,"featured_media":0,"parent":0,"menu_order":0,"comment_status":"closed","ping_status":"closed","template":"page-templates\/side-menu.php","meta":{"_bbp_topic_count":0,"_bbp_reply_count":0,"_bbp_total_topic_count":0,"_bbp_total_reply_count":0,"_bbp_voice_count":0,"_bbp_anonymous_reply_count":0,"_bbp_topic_count_hidden":0,"_bbp_reply_count_hidden":0,"_bbp_forum_subforum_count":0,"footnotes":""},"class_list":["post-3310","page","type-page","status-publish","hentry"],"post_mailing_queue_ids":[],"_links":{"self":[{"href":"https:\/\/agora.xtec.cat\/ieslaribera\/wp-json\/wp\/v2\/pages\/3310","targetHints":{"allow":["GET"]}}],"collection":[{"href":"https:\/\/agora.xtec.cat\/ieslaribera\/wp-json\/wp\/v2\/pages"}],"about":[{"href":"https:\/\/agora.xtec.cat\/ieslaribera\/wp-json\/wp\/v2\/types\/page"}],"author":[{"embeddable":true,"href":"https:\/\/agora.xtec.cat\/ieslaribera\/wp-json\/wp\/v2\/users\/1"}],"replies":[{"embeddable":true,"href":"https:\/\/agora.xtec.cat\/ieslaribera\/wp-json\/wp\/v2\/comments?post=3310"}],"version-history":[{"count":3,"href":"https:\/\/agora.xtec.cat\/ieslaribera\/wp-json\/wp\/v2\/pages\/3310\/revisions"}],"predecessor-version":[{"id":3584,"href":"https:\/\/agora.xtec.cat\/ieslaribera\/wp-json\/wp\/v2\/pages\/3310\/revisions\/3584"}],"wp:attachment":[{"href":"https:\/\/agora.xtec.cat\/ieslaribera\/wp-json\/wp\/v2\/media?parent=3310"}],"curies":[{"name":"wp","href":"https:\/\/api.w.org\/{rel}","templated":true}]}}