{"id":296,"date":"2015-10-29T19:44:50","date_gmt":"2015-10-29T18:44:50","guid":{"rendered":"http:\/\/agora.xtec.cat\/ieslaribera\/?page_id=296"},"modified":"2021-09-14T13:47:23","modified_gmt":"2021-09-14T11:47:23","slug":"normes-i-funcionament","status":"publish","type":"page","link":"https:\/\/agora.xtec.cat\/ieslaribera\/normes-i-funcionament\/","title":{"rendered":"Normes i funcionament"},"content":{"rendered":"<p>A <strong><span style=\"color: #3366ff;\">La Ribera<\/span><\/strong> apostem per un bon clima de conviv\u00e8ncia, de treball diari (<a href=\"https:\/\/agora.xtec.cat\/ieslaribera\/wp-content\/uploads\/usu1015\/2021\/09\/document-de-convivencia-del-centre-21-22.pdf\">document de conviv\u00e8ncia<\/a>); aquest est\u00e0 fonamentat en les nostres\u00a0<a href=\"http:\/\/agora.xtec.cat\/ieslaribera\/wp-content\/uploads\/usu1015\/2018\/02\/NOFC_La-Ribera.pdf\">normes d&#8217;organitzaci\u00f3 i funcionament<\/a>.<\/p>\n<p>En el cas de les sortides, posem especial cura en que esdevinguin jornades d&#8217;aprenentatge en qu\u00e8 es continu\u00efn respectant els nostres m\u00e0xims de conviv\u00e8ncia (<a href=\"http:\/\/agora.xtec.cat\/ieslaribera\/wp-content\/uploads\/usu1015\/2018\/02\/NORMES-PER-LES-SORTIDES.pdf\">normes per les sortides<\/a>).<\/p>\n","protected":false},"excerpt":{"rendered":"<p>A La Ribera apostem per un bon clima de conviv\u00e8ncia, de treball diari (<a href=\"https:\/\/agora.xtec.cat\/ieslaribera\/wp-content\/uploads\/usu1015\/2021\/09\/document-de-convivencia-del-centre-21-22.pdf\">document de conviv\u00e8ncia<\/a>); aquest est\u00e0 fonamentat en les nostres\u00a0<a href=\"http:\/\/agora.xtec.cat\/ieslaribera\/wp-content\/uploads\/usu1015\/2018\/02\/NOFC_La-Ribera.pdf\">normes d&#8217;organitzaci\u00f3 i funcionament<\/a>.<br \/>\nEn el cas de les sortides, posem especial cura en que esdevinguin jornades d&#8217;aprenentatge en qu\u00e8 es continu\u00efn respectant&hellip;  <a href=\"https:\/\/agora.xtec.cat\/ieslaribera\/normes-i-funcionament\/\" title=\"Read Normes i funcionament\">Llegeix m\u00e9s\u00bb<\/a><\/p>\n","protected":false},"author":1,"featured_media":0,"parent":0,"menu_order":0,"comment_status":"closed","ping_status":"closed","template":"page-templates\/side-menu.php","meta":{"_bbp_topic_count":0,"_bbp_reply_count":0,"_bbp_total_topic_count":0,"_bbp_total_reply_count":0,"_bbp_voice_count":0,"_bbp_anonymous_reply_count":0,"_bbp_topic_count_hidden":0,"_bbp_reply_count_hidden":0,"_bbp_forum_subforum_count":0,"footnotes":""},"class_list":["post-296","page","type-page","status-publish","hentry"],"post_mailing_queue_ids":[],"_links":{"self":[{"href":"https:\/\/agora.xtec.cat\/ieslaribera\/wp-json\/wp\/v2\/pages\/296","targetHints":{"allow":["GET"]}}],"collection":[{"href":"https:\/\/agora.xtec.cat\/ieslaribera\/wp-json\/wp\/v2\/pages"}],"about":[{"href":"https:\/\/agora.xtec.cat\/ieslaribera\/wp-json\/wp\/v2\/types\/page"}],"author":[{"embeddable":true,"href":"https:\/\/agora.xtec.cat\/ieslaribera\/wp-json\/wp\/v2\/users\/1"}],"replies":[{"embeddable":true,"href":"https:\/\/agora.xtec.cat\/ieslaribera\/wp-json\/wp\/v2\/comments?post=296"}],"version-history":[{"count":3,"href":"https:\/\/agora.xtec.cat\/ieslaribera\/wp-json\/wp\/v2\/pages\/296\/revisions"}],"predecessor-version":[{"id":5709,"href":"https:\/\/agora.xtec.cat\/ieslaribera\/wp-json\/wp\/v2\/pages\/296\/revisions\/5709"}],"wp:attachment":[{"href":"https:\/\/agora.xtec.cat\/ieslaribera\/wp-json\/wp\/v2\/media?parent=296"}],"curies":[{"name":"wp","href":"https:\/\/api.w.org\/{rel}","templated":true}]}}