{"id":19,"date":"2014-09-17T14:56:56","date_gmt":"2014-09-17T13:56:56","guid":{"rendered":"http:\/\/agora.xtec.cat\/ieslaribera\/?page_id=19"},"modified":"2021-02-07T18:02:33","modified_gmt":"2021-02-07T17:02:33","slug":"linstitut","status":"publish","type":"page","link":"https:\/\/agora.xtec.cat\/ieslaribera\/linstitut\/","title":{"rendered":"L&#8217;institut"},"content":{"rendered":"<p>A La Ribera apostem per un aprenentatge significatiu, ent\u00e8s com aquell que treballa el contingut en context. Tots aquells que formem part del centre estem conven\u00e7uts que, amb la nostra feina di\u00e0ria, tenim davant una fant\u00e0stica oportunitat de contribuir significativament en la vida del nostre municipi.<\/p>\n<p>Oferim els estudis d&#8217;ESO i de Batxillerat (modalitats Human\u00edstic i Cient\u00edfico &#8211; Tecnol\u00f2gic) i formem part, des del curs 2017-18, del programa <a href=\"https:\/\/agora.xtec.cat\/ieslaribera\/categoria\/magnet\/\">MAGNET &#8211; Aliances per l&#8217;\u00e8xit educatiu<\/a>.<\/p>\n<p><span style=\"font-family: inherit; font-size: 1em;\">L\u2019aigua \u00e9s l\u2019eix vertebrador del nostre projecte MAGNET i, segurament per aix\u00f2, la protagonista de molts dels nostres projectes de l&#8217;ESO. Certament dir\u00edem que ens trobem en un interessant moment de transici\u00f3, en qu\u00e8 claustre de La Ribera treballa de forma activa per fer arribar les oportunitats que ens ofereix el nostre partner (la Universitat de Barcelona) al dia a dia de les aules.\u00a0<\/span><\/p>\n<p><span style=\"font-weight: 400;\">La Ribera va comen\u00e7ar com a centre d&#8217;EGB que va acollir, a la vegada, un centre de Formaci\u00f3 Professional: l<span style=\"color: #3366ff;\">&#8216;IFP 25 de Setembre<\/span>; aquest nom feia refer\u00e8ncia a la gran riuada que va patir Montcada i Reixac l&#8217;any 1968. <\/span><\/p>\n<p><span style=\"font-weight: 400;\">El centre de FP es va consolidar i va formar part de la vida d&#8217;aquest poble durant uns quants anys fins que\u00a0<\/span><span style=\"font-weight: 400;\">el setembre del 1995 s&#8217;iniciava el nou IES Montcada III, amb dues l\u00ednies de 3r d&#8217;ESO, a l&#8217;antic edifici de Formaci\u00f3 Professional.\u00a0\u00a0L&#8217;IFP 25 de Setembre es va traslladar a un nou edifici, el que avui \u00e9s l&#8217;Institut La Ferreria i, amb el temps, l&#8217;IES Montcada III va acabar sent el nostre institut<strong><span style=\"color: #3366ff;\"> La Ribera<\/span><\/strong>.<\/span><\/p>\n<p>&nbsp;<\/p>\n","protected":false},"excerpt":{"rendered":"<p>A La Ribera apostem per un aprenentatge significatiu, ent\u00e8s com aquell que treballa el contingut en context. Tots aquells que formem part del centre estem conven\u00e7uts que, amb la nostra feina di\u00e0ria, tenim davant una fant\u00e0stica oportunitat de contribuir significativament en la vida del nostre&hellip;  <a href=\"https:\/\/agora.xtec.cat\/ieslaribera\/linstitut\/\" title=\"Read L&#8217;institut\">Llegeix m\u00e9s\u00bb<\/a><\/p>\n","protected":false},"author":1,"featured_media":0,"parent":0,"menu_order":0,"comment_status":"closed","ping_status":"closed","template":"page-templates\/side-menu.php","meta":{"_bbp_topic_count":0,"_bbp_reply_count":0,"_bbp_total_topic_count":0,"_bbp_total_reply_count":0,"_bbp_voice_count":0,"_bbp_anonymous_reply_count":0,"_bbp_topic_count_hidden":0,"_bbp_reply_count_hidden":0,"_bbp_forum_subforum_count":0,"footnotes":""},"class_list":["post-19","page","type-page","status-publish","hentry"],"post_mailing_queue_ids":[],"_links":{"self":[{"href":"https:\/\/agora.xtec.cat\/ieslaribera\/wp-json\/wp\/v2\/pages\/19","targetHints":{"allow":["GET"]}}],"collection":[{"href":"https:\/\/agora.xtec.cat\/ieslaribera\/wp-json\/wp\/v2\/pages"}],"about":[{"href":"https:\/\/agora.xtec.cat\/ieslaribera\/wp-json\/wp\/v2\/types\/page"}],"author":[{"embeddable":true,"href":"https:\/\/agora.xtec.cat\/ieslaribera\/wp-json\/wp\/v2\/users\/1"}],"replies":[{"embeddable":true,"href":"https:\/\/agora.xtec.cat\/ieslaribera\/wp-json\/wp\/v2\/comments?post=19"}],"version-history":[{"count":3,"href":"https:\/\/agora.xtec.cat\/ieslaribera\/wp-json\/wp\/v2\/pages\/19\/revisions"}],"predecessor-version":[{"id":1190,"href":"https:\/\/agora.xtec.cat\/ieslaribera\/wp-json\/wp\/v2\/pages\/19\/revisions\/1190"}],"wp:attachment":[{"href":"https:\/\/agora.xtec.cat\/ieslaribera\/wp-json\/wp\/v2\/media?parent=19"}],"curies":[{"name":"wp","href":"https:\/\/api.w.org\/{rel}","templated":true}]}}