{"id":1271,"date":"2019-02-19T14:23:13","date_gmt":"2019-02-19T13:23:13","guid":{"rendered":"http:\/\/agora.xtec.cat\/ieslaribera\/?page_id=1271"},"modified":"2026-01-29T00:04:28","modified_gmt":"2026-01-28T23:04:28","slug":"ampa-2","status":"publish","type":"page","link":"https:\/\/agora.xtec.cat\/ieslaribera\/ampa-2\/","title":{"rendered":"AMPA"},"content":{"rendered":"<p><img loading=\"lazy\" decoding=\"async\" class=\"alignnone wp-image-8522\" src=\"https:\/\/agora.xtec.cat\/ieslaribera\/wp-content\/uploads\/usu1015\/2026\/01\/ampa-300x61.jpg\" alt=\"\" width=\"551\" height=\"112\" srcset=\"https:\/\/agora.xtec.cat\/ieslaribera\/wp-content\/uploads\/usu1015\/2026\/01\/ampa-300x61.jpg 300w, https:\/\/agora.xtec.cat\/ieslaribera\/wp-content\/uploads\/usu1015\/2026\/01\/ampa-1024x207.jpg 1024w, https:\/\/agora.xtec.cat\/ieslaribera\/wp-content\/uploads\/usu1015\/2026\/01\/ampa-768x155.jpg 768w, https:\/\/agora.xtec.cat\/ieslaribera\/wp-content\/uploads\/usu1015\/2026\/01\/ampa.jpg 1080w\" sizes=\"auto, (max-width: 551px) 100vw, 551px\" \/><\/p>\n<p><strong>Membres de la Junta (curs 25-26)<\/strong><\/p>\n<ul>\n<li>Presidenta: Montse L\u00f3pez<\/li>\n<li>Vicepresindenta: Pilar Campa\u00f1a<\/li>\n<li>Tresorera: Isabel Bausa<\/li>\n<li>Secretaria: Pilar Cervero<\/li>\n<li>Vocals: Montse Pic\u00f3n, Mat\u00edas \u00c1lvarez, Eva Cristina Palma i Eva Le\u00f3n<\/li>\n<\/ul>\n<p>&nbsp;<\/p>\n<p><strong>Dades de contacte<\/strong><\/p>\n<p>Podeu contactar amb nosaltres a trav\u00e9s de:<\/p>\n<ul>\n<li>correu electr\u00f2nic: <a href=\"mailto:ampaieslaribera@gmail.com\">ampaieslaribera<span class=\"\">@gmail.<\/span>com<\/a> o <a href=\"mailto:ampa.laribera@somdelaribera.cat\">ampa.laribera@somdelaribera.cat<\/a><\/li>\n<li>xarxes socials:\n<ul>\n<li>Facebook: <a href=\"https:\/\/www.facebook.com\/ampa.laribera.1\/\">Ampa La Ribera<\/a><\/li>\n<li>Instagram: <a href=\"https:\/\/www.instagram.com\/ampa_laribera?igsh=MXg4dTJxaTNpaGJycA==\">@ampa_laribera<\/a><\/li>\n<\/ul>\n<\/li>\n<\/ul>\n<p>&nbsp;<\/p>\n<p><strong>Horari d&#8217;atenci\u00f3 a l&#8217;institut<\/strong><\/p>\n<p>Tots els dimecres de 15 a 17 hores.<\/p>\n<p>&nbsp;<\/p>\n<p><strong>Darreres convocat\u00f2ries de reuni\u00f3<\/strong><\/p>\n<ul>\n<li>Desembre 2025 &#8211; <a href=\"https:\/\/agora.xtec.cat\/ieslaribera\/wp-content\/uploads\/usu1015\/2025\/11\/Convocatoria-AMPA-10.12.2025.pdf\">Convocatoria AMPA &#8211; 10.12.2025<\/a><\/li>\n<li>Octubre 2025 &#8211; <a href=\"https:\/\/agora.xtec.cat\/ieslaribera\/wp-content\/uploads\/usu1015\/2025\/10\/Convocatoria_Reunio_AMPA_La_Ribera_CAT-1.pdf\">Convocatoria_Reunio_AMPA_La_Ribera_CAT (1)<\/a><\/li>\n<\/ul>\n","protected":false},"excerpt":{"rendered":"<p>Membres de la Junta (curs 25-26)<\/p>\n<ul>\n<li>Presidenta: Montse L\u00f3pez<\/li>\n<li>Vicepresindenta: Pilar Campa\u00f1a<\/li>\n<li>Tresorera: Isabel Bausa<\/li>\n<li>Secretaria: Pilar Cervero<\/li>\n<li>Vocals: Montse Pic\u00f3n, Mat\u00edas \u00c1lvarez, Eva Cristina Palma i Eva Le\u00f3n<\/li>\n<\/ul>\n<p>&nbsp;<br \/>\nDades de contacte<br \/>\nPodeu contactar amb nosaltres a trav\u00e9s de:<\/p>\n<ul>\n<li>correu electr\u00f2nic: <a href=\"mailto:ampaieslaribera@gmail.com\">ampaieslaribera@gmail.com<\/a> o <a href=\"mailto:ampa.laribera@somdelaribera.cat\">ampa.laribera@somdelaribera.cat<\/a><\/li>\n<li>xarxes socials:\n<ul>\n<li>Facebook: <a href=\"https:\/\/www.facebook.com\/ampa.laribera.1\/\">Ampa La Ribera<\/a><\/li>\n<li>Instagram: <a href=\"https:\/\/www.instagram.com\/ampa_laribera?igsh=MXg4dTJxaTNpaGJycA==\">@ampa_laribera<\/a><\/li>\n<\/ul>\n<\/li>\n<\/ul>\n<p>&nbsp;<br \/>\nHorari&hellip;  <a href=\"https:\/\/agora.xtec.cat\/ieslaribera\/ampa-2\/\" title=\"Read AMPA\">Llegeix m\u00e9s\u00bb<\/a><\/p>\n","protected":false},"author":1,"featured_media":0,"parent":0,"menu_order":0,"comment_status":"closed","ping_status":"closed","template":"","meta":{"_bbp_topic_count":0,"_bbp_reply_count":0,"_bbp_total_topic_count":0,"_bbp_total_reply_count":0,"_bbp_voice_count":0,"_bbp_anonymous_reply_count":0,"_bbp_topic_count_hidden":0,"_bbp_reply_count_hidden":0,"_bbp_forum_subforum_count":0,"footnotes":""},"class_list":["post-1271","page","type-page","status-publish","hentry"],"post_mailing_queue_ids":[],"_links":{"self":[{"href":"https:\/\/agora.xtec.cat\/ieslaribera\/wp-json\/wp\/v2\/pages\/1271","targetHints":{"allow":["GET"]}}],"collection":[{"href":"https:\/\/agora.xtec.cat\/ieslaribera\/wp-json\/wp\/v2\/pages"}],"about":[{"href":"https:\/\/agora.xtec.cat\/ieslaribera\/wp-json\/wp\/v2\/types\/page"}],"author":[{"embeddable":true,"href":"https:\/\/agora.xtec.cat\/ieslaribera\/wp-json\/wp\/v2\/users\/1"}],"replies":[{"embeddable":true,"href":"https:\/\/agora.xtec.cat\/ieslaribera\/wp-json\/wp\/v2\/comments?post=1271"}],"version-history":[{"count":6,"href":"https:\/\/agora.xtec.cat\/ieslaribera\/wp-json\/wp\/v2\/pages\/1271\/revisions"}],"predecessor-version":[{"id":8548,"href":"https:\/\/agora.xtec.cat\/ieslaribera\/wp-json\/wp\/v2\/pages\/1271\/revisions\/8548"}],"wp:attachment":[{"href":"https:\/\/agora.xtec.cat\/ieslaribera\/wp-json\/wp\/v2\/media?parent=1271"}],"curies":[{"name":"wp","href":"https:\/\/api.w.org\/{rel}","templated":true}]}}