{"id":8076,"date":"2012-09-02T20:33:50","date_gmt":"2012-09-02T20:33:50","guid":{"rendered":"http:\/\/www.inslapineda.com\/word\/wordpress\/?page_id=93"},"modified":"2012-09-02T20:33:50","modified_gmt":"2012-09-02T20:33:50","slug":"tramits","status":"publish","type":"page","link":"https:\/\/agora.xtec.cat\/ieslapineda\/tramits\/","title":{"rendered":"Tr\u00e0mits"},"content":{"rendered":"<p>La secretaria de l&#8217;Institut La Pineda es troba a la teva disposici\u00f3 per a qualsevol tipus de tr\u00e0mit relacionat amb els teus estudis al nostres centre. Pots venir presencialment o trucar al 933990511.<\/p>\n<p>L&#8217;horari d&#8217;atenci\u00f3 al p\u00fablic \u00e9s:<\/p>\n<ul>\n<li><strong>Dilluns a Divendres de 10 a 13<\/strong><\/li>\n<li><strong>Dimarts Dijous de 15 a 17<\/strong><\/li>\n<\/ul>\n<p><a title=\"Preinscripci\u00f3 2013-2014\" href=\"http:\/\/www.inslapineda.com\/wp-content\/uploads\/2013\/02\/Calendari-Extern.pdf\" target=\"_blank\" rel=\"noopener\">En aquest enlla\u00e7 trobareu el calendari de preinscripcions i matr\u00edcules per al curs 2013-2014.<\/a><\/p>\n<p><a title=\"F\u00f2rum Tr\u00e0mits INS La Pineda\" href=\"http:\/\/agora.educat1x1.cat\/ieslapineda\/moodle\/mod\/forum\/view.php?id=26341\" target=\"_blank\" rel=\"noopener\">En aquest link trobar\u00e0s m\u00e9s informaci\u00f3 referent a temes de Secretaria i els seus tr\u00e0mits.<\/a><\/p>\n","protected":false},"excerpt":{"rendered":"<p>La secretaria de l&#8217;Institut La Pineda es troba a la teva disposici\u00f3 per a qualsevol tipus de tr\u00e0mit relacionat amb els teus estudis al nostres centre. Pots venir presencialment o trucar al 933990511.<br \/>\nL&#8217;horari d&#8217;atenci\u00f3 al p\u00fablic \u00e9s:<\/p>\n<ul>\n<li>Dilluns a Divendres de 10 a 13<\/li>\n<li>Dimarts Dijous de&hellip;  <a href=\"https:\/\/agora.xtec.cat\/ieslapineda\/tramits\/\" title=\"Read Tr\u00e0mits\">Llegeix m\u00e9s\u00bb<\/a><br \/>\n","protected":false},"author":1,"featured_media":0,"parent":0,"menu_order":0,"comment_status":"open","ping_status":"open","template":"","meta":{"_bbp_topic_count":0,"_bbp_reply_count":0,"_bbp_total_topic_count":0,"_bbp_total_reply_count":0,"_bbp_voice_count":0,"_bbp_anonymous_reply_count":0,"_bbp_topic_count_hidden":0,"_bbp_reply_count_hidden":0,"_bbp_forum_subforum_count":0,"footnotes":""},"class_list":["post-8076","page","type-page","status-publish","hentry"],"post_mailing_queue_ids":[],"_links":{"self":[{"href":"https:\/\/agora.xtec.cat\/ieslapineda\/wp-json\/wp\/v2\/pages\/8076","targetHints":{"allow":["GET"]}}],"collection":[{"href":"https:\/\/agora.xtec.cat\/ieslapineda\/wp-json\/wp\/v2\/pages"}],"about":[{"href":"https:\/\/agora.xtec.cat\/ieslapineda\/wp-json\/wp\/v2\/types\/page"}],"author":[{"embeddable":true,"href":"https:\/\/agora.xtec.cat\/ieslapineda\/wp-json\/wp\/v2\/users\/1"}],"replies":[{"embeddable":true,"href":"https:\/\/agora.xtec.cat\/ieslapineda\/wp-json\/wp\/v2\/comments?post=8076"}],"version-history":[{"count":0,"href":"https:\/\/agora.xtec.cat\/ieslapineda\/wp-json\/wp\/v2\/pages\/8076\/revisions"}],"wp:attachment":[{"href":"https:\/\/agora.xtec.cat\/ieslapineda\/wp-json\/wp\/v2\/media?parent=8076"}],"curies":[{"name":"wp","href":"https:\/\/api.w.org\/{rel}","templated":true}]}}