{"id":6875,"date":"2021-04-16T15:34:21","date_gmt":"2021-04-16T15:34:21","guid":{"rendered":"https:\/\/www.inslapineda.com\/?page_id=6875"},"modified":"2023-10-31T19:15:21","modified_gmt":"2023-10-31T18:15:21","slug":"fp-basica","status":"publish","type":"page","link":"https:\/\/agora.xtec.cat\/ieslapineda\/fp-basica\/","title":{"rendered":"FP B\u00e0sica"},"content":{"rendered":"\r\n<p><br \/>A partir del curs 2021-2022, l&#8217;Institut la Pineda ofereix un <strong>cicle formatiu de grau b\u00e0sic en Inform\u00e0tica<\/strong>.<\/p>\r\n\r\n\r\n\r\n<p><br \/><strong><a>Cicles formatius de grau b\u00e0sic<\/a><\/strong>.\u00a0<\/p>\r\n\r\n\r\n\r\n<p>Els estudis de formaci\u00f3 professional del sistema educatiu s\u00f3n els ensenyaments reglats m\u00e9s connectats amb la realitat del mercat laboral. Volen donar resposta a la necessitat de personal qualificat especialitzat en els diferents sectors d&#8217;activitat. Amb aquesta finalitat, s&#8217;organitzen en cicles formatius agrupats en fam\u00edlies professionals i en diferents nivells dirigits a alumnes amb diferents perfils d&#8217;ingr\u00e9s.\u00a0El primer nivell \u00e9s el corresponent als cicles formatius de grau b\u00e0sic.<\/p>\r\n\r\n\r\n\r\n<p><strong>A qui va adre\u00e7at<\/strong><\/p>\r\n\r\n\r\n\r\n<p>Es dirigeix a alumnes que estan cursant l&#8217;ESO i que tenen dificultats per aconseguir el graduat, per\u00f2 volen prosseguir la seva formaci\u00f3 reglada.\u00a0 Per aquest motiu aquests cicles poden convertir-se en una oportunitat motivadora per aquest alumnat.\u00a0<\/p>\r\n\r\n\r\n\r\n<p><strong>Requisits d&#8217;acc\u00e9s<\/strong><\/p>\r\n\r\n\r\n\r\n<p>a) Tenir complerts 15 anys, o complir-los durant l&#8217;any natural en curs.<\/p>\r\n\r\n\r\n\r\n<p>b) Haver cursat el tercer curs d&#8217;educaci\u00f3 secund\u00e0ria obligat\u00f2ria o, excepcionalment, haver cursat el segon curs.<\/p>\r\n\r\n\r\n\r\n<p>c) Que l&#8217;equip docent hagi proposat als pares, mares o tutors legals la incorporaci\u00f3 de l&#8217;alumne o alumna a un cicle formatiu de grau b\u00e0sic, mitjan\u00e7ant el consell orientador.<\/p>\r\n\r\n\r\n\r\n<p><strong>Estructura<\/strong><\/p>\r\n\r\n\r\n\r\n<p>Dos cursos acad\u00e8mics en torn de mat\u00ed. 2000 hores.<\/p>\r\n\r\n\r\n\r\n<p>&#8211; 43 % de m\u00f2duls professionalitzadors<\/p>\r\n\r\n\r\n\r\n<p>&#8211; 31 % de m\u00f2duls\u00a0de l&#8217;\u00e0mbit com\u00fa.<\/p>\r\n\r\n\r\n\r\n<p>&#8211; 5 % de formaci\u00f3 de l&#8217;entorn laboral<\/p>\r\n\r\n\r\n\r\n<p>&#8211; 5 % de S\u00edntesi<\/p>\r\n\r\n\r\n\r\n<p>&#8211; 16 % de Formaci\u00f3 en centres de treball.<\/p>\r\n\r\n\r\n\r\n<p><strong>Titulaci\u00f3 i sortides<\/strong><\/p>\r\n\r\n\r\n\r\n<p>&#8211; T\u00edtol de graduat o graduada en ESO.<\/p>\r\n\r\n\r\n\r\n<p>&#8211; T\u00edtol de t\u00e8cnic b\u00e0sic o t\u00e8cnica b\u00e0sica.<\/p>\r\n\r\n\r\n\r\n<p>&#8211; Acc\u00e9s al mon laboral, als estudis de Batxillerat i als Cicles Formatius de Grau Mitj\u00e0.<\/p>\r\n\r\n\r\n\r\n<p><strong>Preinscripci\u00f3 2022-2023<\/strong><\/p>\r\n\r\n\r\n\r\n<p>Consultar les dates, la documentaci\u00f3 a presentar al centre i les dades de tot el proc\u00e9s, al nostre apartat &#8220;<strong><a href=\"https:\/\/educaciodigital.cat\/ieslapineda\/moodle\/pluginfile.php\/81\/mod_forum\/post\/28141\/Preinscripci%C3%B3%20i%20matr%C3%ADcula%20FP%20b%C3%A0sica_%202021-2022.pdf\">Matr\u00edcula 2022-2023<\/a><\/strong>&#8220;<\/p>\r\n\r\n\r\n\r\n<figure class=\"wp-block-image size-large\"><img loading=\"lazy\" decoding=\"async\" width=\"908\" height=\"239\" class=\"wp-image-7191\" src=\"https:\/\/agora.xtec.cat\/ieslapineda\/wp-content\/uploads\/usu2392\/2021\/12\/banner_web_centres.png\" alt=\"\" srcset=\"https:\/\/agora.xtec.cat\/ieslapineda\/wp-content\/uploads\/usu2392\/2021\/12\/banner_web_centres.png 908w, https:\/\/agora.xtec.cat\/ieslapineda\/wp-content\/uploads\/usu2392\/2021\/12\/banner_web_centres-300x79.png 300w, https:\/\/agora.xtec.cat\/ieslapineda\/wp-content\/uploads\/usu2392\/2021\/12\/banner_web_centres-768x202.png 768w\" sizes=\"auto, (max-width: 908px) 100vw, 908px\" \/><\/figure>\r\n\r\n\r\n\r\n<figure class=\"wp-block-gallery columns-1 is-cropped wp-block-gallery-1 is-layout-flex wp-block-gallery-is-layout-flex\">\r\n<ul class=\"blocks-gallery-grid\">\r\n<li class=\"blocks-gallery-item\">\r\n<figure><img loading=\"lazy\" decoding=\"async\" width=\"1024\" height=\"595\" class=\"wp-image-7594\" src=\"https:\/\/agora.xtec.cat\/ieslapineda\/wp-content\/uploads\/usu2392\/2022\/10\/Model2_cartel_redim21-editat-00000002-1024x595.jpg\" alt=\"\" data-id=\"7594\" data-full-url=\"https:\/\/agora.xtec.cat\/ieslapineda\/wp-content\/uploads\/usu2392\/2022\/10\/Model2_cartel_redim21-editat-00000002.jpg\" data-link=\"https:\/\/www.inslapineda.com\/?attachment_id=7594\" srcset=\"https:\/\/agora.xtec.cat\/ieslapineda\/wp-content\/uploads\/usu2392\/2022\/10\/Model2_cartel_redim21-editat-00000002-1024x595.jpg 1024w, https:\/\/agora.xtec.cat\/ieslapineda\/wp-content\/uploads\/usu2392\/2022\/10\/Model2_cartel_redim21-editat-00000002-300x174.jpg 300w, https:\/\/agora.xtec.cat\/ieslapineda\/wp-content\/uploads\/usu2392\/2022\/10\/Model2_cartel_redim21-editat-00000002-768x446.jpg 768w, https:\/\/agora.xtec.cat\/ieslapineda\/wp-content\/uploads\/usu2392\/2022\/10\/Model2_cartel_redim21-editat-00000002-1536x893.jpg 1536w, https:\/\/agora.xtec.cat\/ieslapineda\/wp-content\/uploads\/usu2392\/2022\/10\/Model2_cartel_redim21-editat-00000002.jpg 1640w\" sizes=\"auto, (max-width: 1024px) 100vw, 1024px\" \/><\/figure>\r\n<\/li>\r\n<\/ul>\r\n<\/figure>\r\n","protected":false},"excerpt":{"rendered":"<p>A partir del curs 2021-2022, l&#8217;Institut la Pineda ofereix un cicle formatiu de grau b\u00e0sic en Inform\u00e0tica.<\/p>\n<p><a>Cicles formatius de grau b\u00e0sic<\/a>.\u00a0<\/p>\n<p>Els estudis de formaci\u00f3 professional del sistema educatiu s\u00f3n els ensenyaments reglats m\u00e9s connectats amb la realitat del mercat laboral. Volen donar resposta a la&hellip;  <a href=\"https:\/\/agora.xtec.cat\/ieslapineda\/fp-basica\/\" title=\"Read FP B\u00e0sica\">Llegeix m\u00e9s\u00bb<\/a><\/p>\n","protected":false},"author":1,"featured_media":0,"parent":0,"menu_order":0,"comment_status":"closed","ping_status":"closed","template":"","meta":{"_bbp_topic_count":0,"_bbp_reply_count":0,"_bbp_total_topic_count":0,"_bbp_total_reply_count":0,"_bbp_voice_count":0,"_bbp_anonymous_reply_count":0,"_bbp_topic_count_hidden":0,"_bbp_reply_count_hidden":0,"_bbp_forum_subforum_count":0,"footnotes":""},"class_list":["post-6875","page","type-page","status-publish","hentry"],"post_mailing_queue_ids":[],"_links":{"self":[{"href":"https:\/\/agora.xtec.cat\/ieslapineda\/wp-json\/wp\/v2\/pages\/6875","targetHints":{"allow":["GET"]}}],"collection":[{"href":"https:\/\/agora.xtec.cat\/ieslapineda\/wp-json\/wp\/v2\/pages"}],"about":[{"href":"https:\/\/agora.xtec.cat\/ieslapineda\/wp-json\/wp\/v2\/types\/page"}],"author":[{"embeddable":true,"href":"https:\/\/agora.xtec.cat\/ieslapineda\/wp-json\/wp\/v2\/users\/1"}],"replies":[{"embeddable":true,"href":"https:\/\/agora.xtec.cat\/ieslapineda\/wp-json\/wp\/v2\/comments?post=6875"}],"version-history":[{"count":1,"href":"https:\/\/agora.xtec.cat\/ieslapineda\/wp-json\/wp\/v2\/pages\/6875\/revisions"}],"predecessor-version":[{"id":8556,"href":"https:\/\/agora.xtec.cat\/ieslapineda\/wp-json\/wp\/v2\/pages\/6875\/revisions\/8556"}],"wp:attachment":[{"href":"https:\/\/agora.xtec.cat\/ieslapineda\/wp-json\/wp\/v2\/media?parent=6875"}],"curies":[{"name":"wp","href":"https:\/\/api.w.org\/{rel}","templated":true}]}}