{"id":56,"date":"2012-09-02T13:25:51","date_gmt":"2012-09-02T13:25:51","guid":{"rendered":"http:\/\/www.inslapineda.com\/word\/wordpress\/?page_id=56"},"modified":"2023-06-27T12:10:52","modified_gmt":"2023-06-27T10:10:52","slug":"cicles-formatius","status":"publish","type":"page","link":"https:\/\/agora.xtec.cat\/ieslapineda\/cicles-formatius\/","title":{"rendered":"Cicles Formatius"},"content":{"rendered":"<p><span style=\"color: #ff0000;\"><a title=\"Not\u00edcies de la Formaci\u00f3 Professional a la Pineda\" href=\"https:\/\/educaciodigital.cat\/ieslapineda\/moodle\/mod\/forum\/view.php?id=21\" target=\"_blank\" rel=\"noopener noreferrer\"><span style=\"color: #ff0000;\">Not\u00edcies de la Formaci\u00f3 Professional a la Pineda<\/span><\/a><\/span><\/p>\r\n<p><iframe loading=\"lazy\" title=\"Formaci\u00f3 Professional La Pineda\" width=\"500\" height=\"281\" src=\"https:\/\/www.youtube.com\/embed\/xWDdxwOdYr8?feature=oembed\" frameborder=\"0\" allow=\"accelerometer; autoplay; clipboard-write; encrypted-media; gyroscope; picture-in-picture; web-share\" referrerpolicy=\"strict-origin-when-cross-origin\" allowfullscreen><\/iframe><\/p>\r\n<p><iframe loading=\"lazy\" title=\"Oferta Educativa Formaci\u00f3 Professional\" width=\"500\" height=\"281\" src=\"https:\/\/www.youtube.com\/embed\/zk9tuwerpgI?feature=oembed\" frameborder=\"0\" allow=\"accelerometer; autoplay; clipboard-write; encrypted-media; gyroscope; picture-in-picture; web-share\" referrerpolicy=\"strict-origin-when-cross-origin\" allowfullscreen><\/iframe><\/p>\r\n<p>A l&#8217;Institut La Pineda s&#8217;ofereixen 12 cicles formatius que pertanyen a 4 fam\u00edlies professionals diferents. <span style=\"color: #ff0000;\">Aquesta \u00e9s la oferta de cicles i grups per al curs 2022-2023<\/span>:<\/p>\r\n<p><i><b>(<\/b>pots clickar sobre de les fam\u00edilies professionals per obtenir m\u00e9s informaci\u00f3<b>)<\/b><\/i><\/p>\r\n<div id=\"yui_3_17_2_1_1588160280832_58\" class=\"no-overflow\">\r\n<div id=\"yui_3_17_2_1_1588160280832_57\" class=\"content\">\r\n<div id=\"yui_3_17_2_1_1588160280832_56\" class=\"posting fullpost\">\r\n<div class=\"posting\">\r\n<div><strong><a title=\"Administraci\u00f3 i Gesti\u00f3\" href=\"http:\/\/www.inslapineda.com\/?page_id=340\" target=\"_blank\" rel=\"noreferrer noopener\"><strong>ADMINISTRACI\u00d3 I GESTI\u00d3<\/strong><\/a><\/strong><\/div>\r\n<div style=\"padding-left: 40px;\">&#8211; <a href=\"https:\/\/agora.xtec.cat\/ieslapineda\/wp-content\/uploads\/usu2392\/2022\/11\/GM_ADMIN_web.pdf\" target=\"_blank\" rel=\"noopener noreferrer\">CFGM &#8211; Gesti\u00f3 Administrativa<\/a>\u00a0\u00a0 <span style=\"color: #ff0000;\">1r de mat\u00ed i 2n de tarda<\/span> <i>(Opci\u00f3 de matr\u00edcula semipresencial)<\/i><\/div>\r\n<div style=\"padding-left: 40px;\">&#8211; <a href=\"https:\/\/agora.xtec.cat\/ieslapineda\/wp-content\/uploads\/usu2392\/2022\/11\/GS_ADMIN_FINANCES_web.pdf\" target=\"_blank\" rel=\"noopener noreferrer\">CFGS &#8211; Administraci\u00f3 i Finances<\/a> (SAF) _<span style=\"color: #ff0000;\">1r i 2n de mat\u00ed<\/span>\u00a0<i>(<i>Opci\u00f3 de matr\u00edcula semipresencial i\u00a0<i>Mobilitat Europea)<\/i><\/i><\/i><\/div>\r\n<div style=\"padding-left: 40px;\">&#8211; <i><a href=\"https:\/\/agora.xtec.cat\/ieslapineda\/wp-content\/uploads\/usu2392\/2022\/11\/GS_ASSIT_DIRECCIO_web.pdf\" target=\"_blank\" rel=\"noopener noreferrer\">CFGS &#8211; Assist\u00e8ncia a la Direcci\u00f3<\/a> ______<\/i><span style=\"color: #ff0000;\">1r i 2n de tarda<\/span>\u00a0<i><i>(<\/i><\/i><i>Opci\u00f3 de matr\u00edcula semipresencial i <i>Mobilitat Europea)<\/i><\/i><\/div>\r\n<\/div>\r\n<\/div>\r\n<div>\u00a0<\/div>\r\n<div id=\"yui_3_17_2_1_1588160280832_56\" class=\"posting fullpost\">\r\n<div id=\"yui_3_17_2_1_1588160280832_55\" class=\"posting\">\r\n<div>\r\n<div><strong><a title=\"Electricitat\" href=\"http:\/\/www.inslapineda.com\/?page_id=342\" target=\"_blank\" rel=\"noreferrer noopener\"><strong>ELECTRICITAT, ENERGIA I AIGUA<\/strong><\/a><\/strong><\/div>\r\n<div>\u00a0<\/div>\r\n<div style=\"padding-left: 40px;\">&#8211;\u00a0<a href=\"https:\/\/agora.xtec.cat\/ieslapineda\/wp-content\/uploads\/usu2392\/2022\/11\/GM_Elec_web.pdf\" target=\"_blank\" rel=\"noopener noreferrer\">CFGM &#8211; Instal\u00b7lacions El\u00e8ctriques i Autom\u00e0tiques<\/a> _<span style=\"color: #ff0000;\">1r de mat\u00ed i 2n de tarda<\/span>\u00a0<i>(En alternan\u00e7a <b>DUAL<\/b>)<\/i><\/div>\r\n<div style=\"padding-left: 40px;\">&#8211;\u00a0<a href=\"https:\/\/agora.xtec.cat\/ieslapineda\/wp-content\/uploads\/usu2392\/2022\/11\/GS_ELEC_AUTOMAT_web.pdf\" target=\"_blank\" rel=\"noopener noreferrer\">CFGS &#8211; Sistemes Electrot\u00e8cnics i Automatitzats<\/a> _____<span style=\"color: #ff0000;\">1r de mat\u00ed i 2n de tarda<\/span>\u00a0<i>(<i><i>En alternan\u00e7a <b>DUAL<\/b><\/i>,\u00a0<i><i>Opci\u00f3 de\u00a0<i><i><i><i>matr\u00edcula semipresencial i\u00a0<\/i><\/i><\/i><\/i><\/i><\/i><\/i><\/i><i><i><i>Mobilitat Europea)<\/i><\/i><\/i><\/div>\r\n<\/div>\r\n<div style=\"padding-left: 40px;\">&#8211;\u00a0<a href=\"https:\/\/agora.xtec.cat\/ieslapineda\/wp-content\/uploads\/usu2392\/2022\/11\/GS_ELEC_RENOVA_web.pdf\" target=\"_blank\" rel=\"noopener noreferrer\"><span style=\"color: #ff0000;\"><strong><em>NOU !!<\/em><\/strong><\/span> CFGS en Energies Renovables<\/a> _____<span style=\"color: #ff0000;\">1r i 2n curs de tarda<\/span>\u00a0<i>(<i><i>En alternan\u00e7a <b>DUAL<\/b>)<\/i><\/i><\/i><i><i><\/i><\/i><\/div>\r\n<div>\u00a0<\/div>\r\n<\/div>\r\n<div id=\"yui_3_17_2_1_1588160280832_55\" class=\"posting\">\r\n<div>\r\n<div>\r\n<div><strong><a title=\"Electr\u00f2nica\" href=\"http:\/\/www.inslapineda.com\/?page_id=332\" target=\"_blank\" rel=\"noreferrer noopener\">ELECTR\u00d2NICA<\/a><\/strong><\/div>\r\n<div>\u00a0<\/div>\r\n<div>\r\n<div style=\"padding-left: 40px; text-align: left;\">&#8211; <a href=\"https:\/\/agora.xtec.cat\/ieslapineda\/wp-content\/uploads\/usu2392\/2022\/11\/GM_TELECOS_web.pdf\" target=\"_blank\" rel=\"noopener noreferrer\">CFGM &#8211; Instal\u00b7lacions de telecomunicacions<\/a>_____<span style=\"color: #ff0000;\">1r de mat\u00ed i 2n de tarda<\/span>\u00a0<i>(En alternan\u00e7a <b>DUAL <\/b>i Opci\u00f3 de matr\u00edcula semipresencial)<\/i><\/div>\r\n<\/div>\r\n<div style=\"padding-left: 40px; text-align: left;\">&#8211; <a href=\"https:\/\/agora.xtec.cat\/ieslapineda\/wp-content\/uploads\/usu2392\/2022\/11\/GS_ELEC_TELECOS_web.pdf\" target=\"_blank\" rel=\"noopener noreferrer\">CFGS &#8211; Sistemes de Telecomunicacions i Inform\u00e0tics<\/a> _<span style=\"color: #ff0000;\">1r de mat\u00ed i 2n de tarda<\/span> <i>(En alternan\u00e7a <b>DUAL<\/b>,\u00a0Opci\u00f3 de\u00a0matr\u00edcula semipresencial i\u00a0<\/i><i>Mobilitat Europea)<\/i><\/div>\r\n<div>\r\n<div style=\"text-align: left; padding-left: 40px;\"><a href=\"https:\/\/agora.xtec.cat\/ieslapineda\/wp-content\/uploads\/usu2392\/2023\/03\/CEFP____EE03_CA-La_Pineda.pdf\">&#8211; CEFP EE03 &#8211; Curs d&#8217;especialitzaci\u00f3 Instal\u00b7laci\u00f3 i Manteniment de Sistemes Connectats a Internet &#8212;<\/a> Curs de tarda\u00a0<\/div>\r\n<p>&nbsp;<\/p>\r\n<\/div>\r\n<p><strong><a title=\"Inform\u00e0tica\" href=\"http:\/\/www.inslapineda.com\/?page_id=388\" target=\"_blank\" rel=\"noreferrer noopener\"><strong>INFORM\u00c0TICA I COMUNICACIONS<\/strong><\/a><\/strong><\/p>\r\n<\/div>\r\n<div style=\"padding-left: 40px;\">&#8211;\u00a0<a href=\"https:\/\/www.inslapineda.com\/?page_id=6875\" target=\"_blank\" rel=\"noopener noreferrer\">Grau B\u00e0sic en Inform\u00e0tica d&#8217;Oficina <\/a>_<span style=\"color: #ff0000;\">\u00a01r i 2n curs de mat\u00ed \u00a0<\/span><\/div>\r\n<div style=\"padding-left: 40px;\">&#8211;\u00a0<a href=\"https:\/\/agora.xtec.cat\/ieslapineda\/wp-content\/uploads\/usu2392\/2022\/11\/GM_INFO_web.pdf\" target=\"_blank\" rel=\"noopener noreferrer\">CFGM &#8211; Sistemes Micoinform\u00e0tics i Xarxes<\/a>_<span style=\"color: #ff0000;\">un\u00a01r de mat\u00ed i un altre de tarda. 2n curs de tarda\u00a0<\/span><em>(<i><i><i>Opci\u00f3 de matr\u00edcula semipresencial<\/i><\/i>)<\/i><\/em><\/div>\r\n<div style=\"padding-left: 40px;\">&#8211; <a href=\"https:\/\/agora.xtec.cat\/ieslapineda\/wp-content\/uploads\/usu2392\/2022\/11\/GS_INFO_ASIX_web.pdf\" target=\"_blank\" rel=\"noopener noreferrer\">CFGS &#8211; Administraci\u00f3 de Sistemes Inform\u00e0tics en Xarxa<\/a> (SASIX)_<span style=\"color: #ff0000;\">1r i 2n de tarda<\/span>\u00a0<em>(3&#215;2 amb el SDAW, <em><i><i><i>Opci\u00f3 de matr\u00edcula semipresencial i Mobilitat Europea<\/i><\/i><\/i><\/em>)\u00a0<\/em><\/div>\r\n<div style=\"padding-left: 40px;\">&#8211;\u00a0<a title=\"DAW\" href=\"https:\/\/agora.xtec.cat\/ieslapineda\/wp-content\/uploads\/usu2392\/2022\/11\/GS_INFO_DAW_web.pdf\" target=\"_blank\" rel=\"noopener noreferrer\">CFGS &#8211; Desenvolupament d&#8217;Aplicacions Web<\/a> (SDAW)_________<span style=\"color: #ff0000;\">1r i 2n de mat\u00ed\u00a0<\/span><em>(3&#215;2 amb el SASIX, alternan\u00e7a <b>DUAL<\/b>,\u00a0<em><i><i><i>Opci\u00f3 de matr\u00edcula semipresencial i Mobilitat Europea<\/i><\/i><\/i><\/em>)<\/em><\/div>\r\n<\/div>\r\n<div><a href=\"https:\/\/agora.xtec.cat\/ieslapineda\/wp-content\/uploads\/usu2392\/2021\/12\/banner_web_centres.png\"><img loading=\"lazy\" decoding=\"async\" class=\"size-medium wp-image-7191 aligncenter\" src=\"https:\/\/agora.xtec.cat\/ieslapineda\/wp-content\/uploads\/usu2392\/2021\/12\/banner_web_centres-300x79.png\" alt=\"\" width=\"300\" height=\"79\" srcset=\"https:\/\/agora.xtec.cat\/ieslapineda\/wp-content\/uploads\/usu2392\/2021\/12\/banner_web_centres-300x79.png 300w, https:\/\/agora.xtec.cat\/ieslapineda\/wp-content\/uploads\/usu2392\/2021\/12\/banner_web_centres-768x202.png 768w, https:\/\/agora.xtec.cat\/ieslapineda\/wp-content\/uploads\/usu2392\/2021\/12\/banner_web_centres.png 908w\" sizes=\"auto, (max-width: 300px) 100vw, 300px\" \/><\/a><!--more--><\/div>\r\n<\/div>\r\n<\/div>\r\n<\/div>\r\n<\/div>\r\n<h4><span style=\"color: #ff0000;\"><strong>Ens parlen les empreses en DUAL<\/strong>\u00a0<\/span><\/h4>\r\n<p>Empreses\u00a0col\u00b7laboradores amb l&#8217;Institut La Pineda ens expliquen la seva experi\u00e8ncia i l&#8217;aposta per la Formaci\u00f3 Professional i la modalitat DUAL.<\/p>\r\n<p><iframe loading=\"lazy\" title=\"Ens parlen les empreses en DUAL\" width=\"500\" height=\"281\" src=\"https:\/\/www.youtube.com\/embed\/gAHRUFtjR5s?feature=oembed\" frameborder=\"0\" allow=\"accelerometer; autoplay; clipboard-write; encrypted-media; gyroscope; picture-in-picture; web-share\" referrerpolicy=\"strict-origin-when-cross-origin\" allowfullscreen><\/iframe><\/p>\r\n<h4><span style=\"color: #ff0000;\"><strong>Ens parlen els alumnes en DUAL<\/strong><\/span><\/h4>\r\n<p>Alumnes de cicles en DUAL de\u00a0l&#8217;Institut\u00a0La Pineda, ens expliquen la seva experi\u00e8ncia a l&#8217;empresa.<\/p>\r\n<p><iframe loading=\"lazy\" title=\"Ens parlen els alumnes en DUAL\" width=\"500\" height=\"281\" src=\"https:\/\/www.youtube.com\/embed\/jwCMk00EmPA?feature=oembed\" frameborder=\"0\" allow=\"accelerometer; autoplay; clipboard-write; encrypted-media; gyroscope; picture-in-picture; web-share\" referrerpolicy=\"strict-origin-when-cross-origin\" allowfullscreen><\/iframe><\/p>\r\n<p>Podeu trobar m\u00e9s informaci\u00f3 referent als cicles formatius als seg\u00fcents f\u00f2rums:<\/p>\r\n<p><a title=\"Planificaci\u00f3 dels cicles formatius. Curs 2013-2014\" href=\"https:\/\/educaciodigital.cat\/ieslapineda\/moodle\/mod\/forum\/discuss.php?d=161\" target=\"_blank\" rel=\"noopener noreferrer\">Planificaci\u00f3 dels cicles formatius.<\/a><\/p>\r\n<p><a title=\"Not\u00edcies de la Formaci\u00f3 Professional a la Pineda\" href=\"https:\/\/educaciodigital.cat\/ieslapineda\/moodle\/mod\/forum\/view.php?id=21\" target=\"_blank\" rel=\"noopener noreferrer\">Not\u00edcies de la Formaci\u00f3 Professional a la Pineda<\/a><\/p>\r\n<p><iframe loading=\"lazy\" title=\"Promoci\u00f3 FP 2021\" width=\"500\" height=\"375\" src=\"https:\/\/www.youtube.com\/embed\/xYD1lOqrRTA?feature=oembed\" frameborder=\"0\" allow=\"accelerometer; autoplay; clipboard-write; encrypted-media; gyroscope; picture-in-picture; web-share\" referrerpolicy=\"strict-origin-when-cross-origin\" allowfullscreen><\/iframe><\/p>\r\n<p>&nbsp;<\/p>\r\n<p><iframe loading=\"lazy\" title=\"Qu\u00e8 \u00e9s l&#039;FP Dual?\" width=\"500\" height=\"281\" src=\"https:\/\/www.youtube.com\/embed\/UpsS-UwdXEM?feature=oembed\" frameborder=\"0\" allow=\"accelerometer; autoplay; clipboard-write; encrypted-media; gyroscope; picture-in-picture; web-share\" referrerpolicy=\"strict-origin-when-cross-origin\" allowfullscreen><\/iframe><\/p>\r\n<p><iframe loading=\"lazy\" title=\"L&#039;experi\u00e8ncia a l&#039;FP Dual\" width=\"500\" height=\"281\" src=\"https:\/\/www.youtube.com\/embed\/OfrA-aU7IJU?feature=oembed\" frameborder=\"0\" allow=\"accelerometer; autoplay; clipboard-write; encrypted-media; gyroscope; picture-in-picture; web-share\" referrerpolicy=\"strict-origin-when-cross-origin\" allowfullscreen><\/iframe><\/p>\r\n\r\n<pre class=\"wp-block-code\"><code><\/code><\/pre>\r\n\r\n\r\n\r\n<pre class=\"wp-block-code\"><code><\/code><\/pre>\r\n\r\n\r\n\r\n<pre class=\"wp-block-code\"><code><\/code><\/pre>\r\n","protected":false},"excerpt":{"rendered":"<p><a title=\"Not\u00edcies de la Formaci\u00f3 Professional a la Pineda\" href=\"https:\/\/educaciodigital.cat\/ieslapineda\/moodle\/mod\/forum\/view.php?id=21\" target=\"_blank\" rel=\"noopener noreferrer\">Not\u00edcies de la Formaci\u00f3 Professional a la Pineda<\/a><\/p>\n<p>A l&#8217;Institut La Pineda s&#8217;ofereixen 12 cicles formatius que pertanyen a 4 fam\u00edlies professionals diferents. Aquesta \u00e9s la oferta de cicles i grups per al curs&hellip;  <a href=\"https:\/\/agora.xtec.cat\/ieslapineda\/cicles-formatius\/\" title=\"Read Cicles Formatius\">Llegeix m\u00e9s\u00bb<\/a><\/p>\n","protected":false},"author":1,"featured_media":0,"parent":0,"menu_order":1,"comment_status":"open","ping_status":"open","template":"page-templates\/side-menu.php","meta":{"_bbp_topic_count":0,"_bbp_reply_count":0,"_bbp_total_topic_count":0,"_bbp_total_reply_count":0,"_bbp_voice_count":0,"_bbp_anonymous_reply_count":0,"_bbp_topic_count_hidden":0,"_bbp_reply_count_hidden":0,"_bbp_forum_subforum_count":0,"footnotes":""},"class_list":["post-56","page","type-page","status-publish","hentry"],"post_mailing_queue_ids":[],"_links":{"self":[{"href":"https:\/\/agora.xtec.cat\/ieslapineda\/wp-json\/wp\/v2\/pages\/56","targetHints":{"allow":["GET"]}}],"collection":[{"href":"https:\/\/agora.xtec.cat\/ieslapineda\/wp-json\/wp\/v2\/pages"}],"about":[{"href":"https:\/\/agora.xtec.cat\/ieslapineda\/wp-json\/wp\/v2\/types\/page"}],"author":[{"embeddable":true,"href":"https:\/\/agora.xtec.cat\/ieslapineda\/wp-json\/wp\/v2\/users\/1"}],"replies":[{"embeddable":true,"href":"https:\/\/agora.xtec.cat\/ieslapineda\/wp-json\/wp\/v2\/comments?post=56"}],"version-history":[{"count":1,"href":"https:\/\/agora.xtec.cat\/ieslapineda\/wp-json\/wp\/v2\/pages\/56\/revisions"}],"predecessor-version":[{"id":8181,"href":"https:\/\/agora.xtec.cat\/ieslapineda\/wp-json\/wp\/v2\/pages\/56\/revisions\/8181"}],"wp:attachment":[{"href":"https:\/\/agora.xtec.cat\/ieslapineda\/wp-json\/wp\/v2\/media?parent=56"}],"curies":[{"name":"wp","href":"https:\/\/api.w.org\/{rel}","templated":true}]}}