{"id":5200,"date":"2019-09-22T20:33:56","date_gmt":"2019-09-22T20:33:56","guid":{"rendered":"https:\/\/www.inslapineda.com\/?page_id=5200"},"modified":"2019-09-22T20:33:56","modified_gmt":"2019-09-22T20:33:56","slug":"fp-dual-i-la-innovacio-i-lemprenedoria-a-la-formacio-professional","status":"publish","type":"page","link":"https:\/\/agora.xtec.cat\/ieslapineda\/cicles-formatius\/fp-dual-i-la-innovacio-i-lemprenedoria-a-la-formacio-professional\/","title":{"rendered":"FP DUAL i la Innovaci\u00f3 i l&#8217;Emprenedoria a la Formaci\u00f3 Professional"},"content":{"rendered":"<p>L&#8217;Institut La Pineda ha estat selecionat per desenvolupar i impulsar la\u00a0<strong>FP DUAL<\/strong>\u00a0i la\u00a0<strong>Innovaci\u00f3 i l&#8217;Emprenedoria<\/strong>\u00a0a la Formaci\u00f3 Professional.<\/p>\n<p>L&#8217;Institut La Pineda a estat seleccionat segons Resolucions d&#8217;aquest setembre de 2019 amb ajuts econ\u00f2mics per desenvolupar i impulsar la\u00a0<strong>FP DUAL<\/strong>\u00a0i la\u00a0<strong>Innovaci\u00f3 i l&#8217;Emprenedoria<\/strong>\u00a0a la Formaci\u00f3 Professional\u00a0 en aquest curs 2019-2020.<\/p>\n<p>Ara i com sempre per\u00f2 amb m\u00e9s recursos, l&#8217;Institut La Pineda continuar\u00e0 potenciant, orientant, promovent i publicitant la Formaci\u00f3 Professional entre els seus alumnes, fam\u00edlies, la ciutadania en general, altres centres, empreses, institucions i tots els agents, que poden participar en el desenvolupament i millora d&#8217;aquest sistema.<\/p>\n<p>Per a qualsevol informaci\u00f3 respecte a aquestes mesures de la Formaci\u00f3 Profesional dirigiu-vos mitjan\u00e7ant el correu del centre &#8221; <a href=\"mailto:ieslapineda@xtec.cat\">ieslapineda@xtec.cat<\/a> &#8221; o directament al tel\u00e8fon &#8221; 933990511 &#8221; a:<\/p>\n<p><strong>FP_DUAL<\/strong>. Simon Manrique com Coordinador d&#8217;FP, a <a href=\"mailto:coordinadorfp@inslapineda.cat\">coordinadorfp@inslapineda.cat<\/a>.<\/p>\n<p><strong>Innovaci\u00f3 i Emprenedoria<\/strong>, Sara Guirado com Coordinadora de Suport a la tutoria d&#8217;FP i InnovaFP, a\u00a0<a href=\"mailto:innovafp@inslapineda.cat\" target=\"_blank\" rel=\"noopener noreferrer\">innovafp@inslapineda.cat<\/a> .<\/p>\n<p><strong>Estudis i mesures flexibilitzadores de la Formaci\u00f3 Professional<\/strong>, Alejandro Pineo com a Cap d&#8217;Estudis de Formaci\u00f3 Professiona, a <a href=\"mailto:capestudisfp@inslapineda.cat\">capestudisfp@inslapineda.cat<\/a>.<\/p>\n<p><a href=\"https:\/\/www.inslapineda.com\/wp-content\/uploads\/2019\/09\/logo_innova_dual.png\"><img loading=\"lazy\" decoding=\"async\" class=\"alignnone size-thumbnail wp-image-5201\" src=\"https:\/\/www.inslapineda.com\/wp-content\/uploads\/2019\/09\/logo_innova_dual-150x150.png\" alt=\"logo_innova_dual\" width=\"150\" height=\"150\" \/><\/a><\/p>\n","protected":false},"excerpt":{"rendered":"<p>L&#8217;Institut La Pineda ha estat selecionat per desenvolupar i impulsar la\u00a0FP DUAL\u00a0i la\u00a0Innovaci\u00f3 i l&#8217;Emprenedoria\u00a0a la Formaci\u00f3 Professional.<br \/>\nL&#8217;Institut La Pineda a estat seleccionat segons Resolucions d&#8217;aquest setembre de 2019 amb ajuts econ\u00f2mics per desenvolupar i impulsar la\u00a0FP DUAL\u00a0i la\u00a0Innovaci\u00f3 i l&#8217;Emprenedoria\u00a0a la Formaci\u00f3 Professional\u00a0 en&hellip;  <a href=\"https:\/\/agora.xtec.cat\/ieslapineda\/cicles-formatius\/fp-dual-i-la-innovacio-i-lemprenedoria-a-la-formacio-professional\/\" title=\"Read FP DUAL i la Innovaci\u00f3 i l&#8217;Emprenedoria a la Formaci\u00f3 Professional\">Llegeix m\u00e9s\u00bb<\/a><\/p>\n","protected":false},"author":1,"featured_media":0,"parent":56,"menu_order":0,"comment_status":"closed","ping_status":"open","template":"","meta":{"_bbp_topic_count":0,"_bbp_reply_count":0,"_bbp_total_topic_count":0,"_bbp_total_reply_count":0,"_bbp_voice_count":0,"_bbp_anonymous_reply_count":0,"_bbp_topic_count_hidden":0,"_bbp_reply_count_hidden":0,"_bbp_forum_subforum_count":0,"footnotes":""},"class_list":["post-5200","page","type-page","status-publish","hentry"],"post_mailing_queue_ids":[],"_links":{"self":[{"href":"https:\/\/agora.xtec.cat\/ieslapineda\/wp-json\/wp\/v2\/pages\/5200","targetHints":{"allow":["GET"]}}],"collection":[{"href":"https:\/\/agora.xtec.cat\/ieslapineda\/wp-json\/wp\/v2\/pages"}],"about":[{"href":"https:\/\/agora.xtec.cat\/ieslapineda\/wp-json\/wp\/v2\/types\/page"}],"author":[{"embeddable":true,"href":"https:\/\/agora.xtec.cat\/ieslapineda\/wp-json\/wp\/v2\/users\/1"}],"replies":[{"embeddable":true,"href":"https:\/\/agora.xtec.cat\/ieslapineda\/wp-json\/wp\/v2\/comments?post=5200"}],"version-history":[{"count":0,"href":"https:\/\/agora.xtec.cat\/ieslapineda\/wp-json\/wp\/v2\/pages\/5200\/revisions"}],"up":[{"embeddable":true,"href":"https:\/\/agora.xtec.cat\/ieslapineda\/wp-json\/wp\/v2\/pages\/56"}],"wp:attachment":[{"href":"https:\/\/agora.xtec.cat\/ieslapineda\/wp-json\/wp\/v2\/media?parent=5200"}],"curies":[{"name":"wp","href":"https:\/\/api.w.org\/{rel}","templated":true}]}}