{"id":623,"date":"2024-02-06T20:17:02","date_gmt":"2024-02-06T19:17:02","guid":{"rendered":"https:\/\/agora.xtec.cat\/ieslamardelafrau\/?page_id=623"},"modified":"2025-01-14T13:12:06","modified_gmt":"2025-01-14T12:12:06","slug":"full-de-matricula","status":"publish","type":"page","link":"https:\/\/agora.xtec.cat\/ieslamardelafrau\/secretaria\/full-de-matricula\/","title":{"rendered":"Full de matr\u00edcula"},"content":{"rendered":"<p>Benvolgudes fam\u00edlies,<\/p>\n<p>Per poder accedir al men\u00fa de Material i per la compra de llibres Iddink heu de clicar el seg\u00fcent enlla\u00e7:<\/p>\n<p><a href=\"https:\/\/lamardelafrau.clickedu.eu\/\">https:\/\/lamardelafrau.clickedu.eu<\/a><\/p>\n<p>&nbsp;<\/p>\n<p><a href=\"https:\/\/agora.xtec.cat\/ieslamardelafrau\/wp-content\/uploads\/usu2079\/2014\/09\/107-CC-ecoBook.png\"><img loading=\"lazy\" decoding=\"async\" class=\"wp-image-773 aligncenter\" src=\"https:\/\/agora.xtec.cat\/ieslamardelafrau\/wp-content\/uploads\/usu2079\/2014\/09\/107-CC-ecoBook-300x300.png\" sizes=\"auto, (max-width: 393px) 100vw, 393px\" srcset=\"https:\/\/agora.xtec.cat\/ieslamardelafrau\/wp-content\/uploads\/usu2079\/2014\/09\/107-CC-ecoBook-300x300.png 300w, https:\/\/agora.xtec.cat\/ieslamardelafrau\/wp-content\/uploads\/usu2079\/2014\/09\/107-CC-ecoBook-1024x1024.png 1024w, https:\/\/agora.xtec.cat\/ieslamardelafrau\/wp-content\/uploads\/usu2079\/2014\/09\/107-CC-ecoBook-150x150.png 150w, https:\/\/agora.xtec.cat\/ieslamardelafrau\/wp-content\/uploads\/usu2079\/2014\/09\/107-CC-ecoBook-768x768.png 768w, https:\/\/agora.xtec.cat\/ieslamardelafrau\/wp-content\/uploads\/usu2079\/2014\/09\/107-CC-ecoBook-1536x1536.png 1536w, https:\/\/agora.xtec.cat\/ieslamardelafrau\/wp-content\/uploads\/usu2079\/2014\/09\/107-CC-ecoBook-2048x2048.png 2048w\" alt=\"\" width=\"393\" height=\"393\" \/><\/a><\/p>\n<p>&nbsp;<\/p>\n","protected":false},"excerpt":{"rendered":"<p>Benvolgudes fam\u00edlies,<br \/>\nPer poder accedir al men\u00fa de Material i per la compra de llibres Iddink heu de clicar el seg\u00fcent enlla\u00e7:<br \/>\n<a href=\"https:\/\/lamardelafrau.clickedu.eu\/\">https:\/\/lamardelafrau.clickedu.eu<\/a><br \/>\n&nbsp;<br \/>\n<a href=\"https:\/\/agora.xtec.cat\/ieslamardelafrau\/wp-content\/uploads\/usu2079\/2014\/09\/107-CC-ecoBook.png\"><\/a><br \/>\n&nbsp;<\/p>\n","protected":false},"author":1,"featured_media":0,"parent":81,"menu_order":0,"comment_status":"closed","ping_status":"closed","template":"","meta":{"_bbp_topic_count":0,"_bbp_reply_count":0,"_bbp_total_topic_count":0,"_bbp_total_reply_count":0,"_bbp_voice_count":0,"_bbp_anonymous_reply_count":0,"_bbp_topic_count_hidden":0,"_bbp_reply_count_hidden":0,"_bbp_forum_subforum_count":0,"footnotes":""},"class_list":["post-623","page","type-page","status-publish","hentry"],"post_mailing_queue_ids":[],"_links":{"self":[{"href":"https:\/\/agora.xtec.cat\/ieslamardelafrau\/wp-json\/wp\/v2\/pages\/623","targetHints":{"allow":["GET"]}}],"collection":[{"href":"https:\/\/agora.xtec.cat\/ieslamardelafrau\/wp-json\/wp\/v2\/pages"}],"about":[{"href":"https:\/\/agora.xtec.cat\/ieslamardelafrau\/wp-json\/wp\/v2\/types\/page"}],"author":[{"embeddable":true,"href":"https:\/\/agora.xtec.cat\/ieslamardelafrau\/wp-json\/wp\/v2\/users\/1"}],"replies":[{"embeddable":true,"href":"https:\/\/agora.xtec.cat\/ieslamardelafrau\/wp-json\/wp\/v2\/comments?post=623"}],"version-history":[{"count":3,"href":"https:\/\/agora.xtec.cat\/ieslamardelafrau\/wp-json\/wp\/v2\/pages\/623\/revisions"}],"predecessor-version":[{"id":1051,"href":"https:\/\/agora.xtec.cat\/ieslamardelafrau\/wp-json\/wp\/v2\/pages\/623\/revisions\/1051"}],"up":[{"embeddable":true,"href":"https:\/\/agora.xtec.cat\/ieslamardelafrau\/wp-json\/wp\/v2\/pages\/81"}],"wp:attachment":[{"href":"https:\/\/agora.xtec.cat\/ieslamardelafrau\/wp-json\/wp\/v2\/media?parent=623"}],"curies":[{"name":"wp","href":"https:\/\/api.w.org\/{rel}","templated":true}]}}