{"id":5247,"date":"2026-01-29T11:13:24","date_gmt":"2026-01-29T10:13:24","guid":{"rendered":"https:\/\/agora.xtec.cat\/ieslamallola\/?page_id=5247"},"modified":"2026-01-29T11:14:25","modified_gmt":"2026-01-29T10:14:25","slug":"viatges-batx","status":"publish","type":"page","link":"https:\/\/agora.xtec.cat\/ieslamallola\/viatges-batx\/","title":{"rendered":"Viatges"},"content":{"rendered":"<p data-start=\"293\" data-end=\"596\">A Batxillerat, els viatges esdevenen una experi\u00e8ncia educativa i personal de gran valor. A l\u2019<span class=\"hover:entity-accent entity-underline inline cursor-pointer align-baseline\"><span class=\"whitespace-normal\">Institut La Mallola<\/span><\/span>, oferim a l\u2019alumnat l\u2019oportunitat de <strong data-start=\"461\" data-end=\"530\">viatjar per Europa i con\u00e8ixer dues de les grans capitals europees<\/strong>, una experi\u00e8ncia que combina cultura, aprenentatge i conviv\u00e8ncia.<\/p>\n<p data-start=\"598\" data-end=\"918\">Aquests viatges permeten <strong data-start=\"623\" data-end=\"655\">aprendre m\u00e9s enll\u00e0 de l\u2019aula<\/strong>: caminar per ciutats plenes d\u2019hist\u00f2ria, visitar espais culturals i art\u00edstics de primer nivell i entendre millor el m\u00f3n en qu\u00e8 vivim. Alhora, s\u00f3n una oportunitat real per <strong data-start=\"826\" data-end=\"847\">practicar idiomes<\/strong>, comunicar-se en contextos quotidians i guanyar seguretat i autonomia.<\/p>\n<p data-start=\"920\" data-end=\"1160\">Viatjar tamb\u00e9 significa <strong data-start=\"944\" data-end=\"963\">obrir la mirada<\/strong>, descobrir noves cultures, maneres de viure i perspectives diferents, i compartir aquesta experi\u00e8ncia amb els companys i companyes, refor\u00e7ant els vincles i creant records que perduren en el temps.<\/p>\n<p data-start=\"1162\" data-end=\"1457\">En una etapa tan exigent com el Batxillerat, aquests viatges tenen tamb\u00e9 un valor emocional molt important. Representen un <strong data-start=\"1285\" data-end=\"1308\">par\u00e8ntesi necessari<\/strong> en uns cursos intensos i exigents, un moment per desconnectar, carregar energies i tornar amb forces renovades per afrontar la recta final del curs.<\/p>\n<p data-start=\"1459\" data-end=\"1679\">Els viatges a Batxillerat s\u00f3n, aix\u00ed, molt m\u00e9s que un despla\u00e7ament: s\u00f3n una <strong data-start=\"1534\" data-end=\"1599\">experi\u00e8ncia d\u2019aprenentatge, creixement personal i conviv\u00e8ncia<\/strong>, que acompanya l\u2019alumnat en una etapa clau del seu recorregut acad\u00e8mic i vital.<\/p>\n","protected":false},"excerpt":{"rendered":"<p>A Batxillerat, els viatges esdevenen una experi\u00e8ncia educativa i personal de gran valor. A l\u2019Institut La Mallola, oferim a l\u2019alumnat l\u2019oportunitat de viatjar per Europa i con\u00e8ixer dues de les grans capitals europees, una experi\u00e8ncia que combina cultura, aprenentatge i conviv\u00e8ncia. Aquests viatges permeten aprendre m\u00e9s enll\u00e0 de l\u2019aula: caminar per ciutats plenes d\u2019hist\u00f2ria, visitar [&hellip;]<\/p>\n","protected":false},"author":1,"featured_media":0,"parent":0,"menu_order":0,"comment_status":"closed","ping_status":"closed","template":"","meta":{"_bbp_topic_count":0,"_bbp_reply_count":0,"_bbp_total_topic_count":0,"_bbp_total_reply_count":0,"_bbp_voice_count":0,"_bbp_anonymous_reply_count":0,"_bbp_topic_count_hidden":0,"_bbp_reply_count_hidden":0,"_bbp_forum_subforum_count":0,"site-sidebar-layout":"default","site-content-layout":"","ast-site-content-layout":"default","site-content-style":"default","site-sidebar-style":"default","ast-global-header-display":"","ast-banner-title-visibility":"","ast-main-header-display":"","ast-hfb-above-header-display":"","ast-hfb-below-header-display":"","ast-hfb-mobile-header-display":"","site-post-title":"","ast-breadcrumbs-content":"","ast-featured-img":"","footer-sml-layout":"","theme-transparent-header-meta":"default","adv-header-id-meta":"","stick-header-meta":"","header-above-stick-meta":"","header-main-stick-meta":"","header-below-stick-meta":"","astra-migrate-meta-layouts":"set","ast-page-background-enabled":"default","ast-page-background-meta":{"desktop":{"background-color":"var(--ast-global-color-4)","background-image":"","background-repeat":"repeat","background-position":"center center","background-size":"auto","background-attachment":"scroll","background-type":"","background-media":"","overlay-type":"","overlay-color":"","overlay-opacity":"","overlay-gradient":""},"tablet":{"background-color":"","background-image":"","background-repeat":"repeat","background-position":"center center","background-size":"auto","background-attachment":"scroll","background-type":"","background-media":"","overlay-type":"","overlay-color":"","overlay-opacity":"","overlay-gradient":""},"mobile":{"background-color":"","background-image":"","background-repeat":"repeat","background-position":"center center","background-size":"auto","background-attachment":"scroll","background-type":"","background-media":"","overlay-type":"","overlay-color":"","overlay-opacity":"","overlay-gradient":""}},"ast-content-background-meta":{"desktop":{"background-color":"var(--ast-global-color-5)","background-image":"","background-repeat":"repeat","background-position":"center center","background-size":"auto","background-attachment":"scroll","background-type":"","background-media":"","overlay-type":"","overlay-color":"","overlay-opacity":"","overlay-gradient":""},"tablet":{"background-color":"var(--ast-global-color-5)","background-image":"","background-repeat":"repeat","background-position":"center center","background-size":"auto","background-attachment":"scroll","background-type":"","background-media":"","overlay-type":"","overlay-color":"","overlay-opacity":"","overlay-gradient":""},"mobile":{"background-color":"var(--ast-global-color-5)","background-image":"","background-repeat":"repeat","background-position":"center center","background-size":"auto","background-attachment":"scroll","background-type":"","background-media":"","overlay-type":"","overlay-color":"","overlay-opacity":"","overlay-gradient":""}},"footnotes":""},"class_list":["post-5247","page","type-page","status-publish","hentry"],"post_mailing_queue_ids":[],"_links":{"self":[{"href":"https:\/\/agora.xtec.cat\/ieslamallola\/wp-json\/wp\/v2\/pages\/5247","targetHints":{"allow":["GET"]}}],"collection":[{"href":"https:\/\/agora.xtec.cat\/ieslamallola\/wp-json\/wp\/v2\/pages"}],"about":[{"href":"https:\/\/agora.xtec.cat\/ieslamallola\/wp-json\/wp\/v2\/types\/page"}],"author":[{"embeddable":true,"href":"https:\/\/agora.xtec.cat\/ieslamallola\/wp-json\/wp\/v2\/users\/1"}],"replies":[{"embeddable":true,"href":"https:\/\/agora.xtec.cat\/ieslamallola\/wp-json\/wp\/v2\/comments?post=5247"}],"version-history":[{"count":2,"href":"https:\/\/agora.xtec.cat\/ieslamallola\/wp-json\/wp\/v2\/pages\/5247\/revisions"}],"predecessor-version":[{"id":5251,"href":"https:\/\/agora.xtec.cat\/ieslamallola\/wp-json\/wp\/v2\/pages\/5247\/revisions\/5251"}],"wp:attachment":[{"href":"https:\/\/agora.xtec.cat\/ieslamallola\/wp-json\/wp\/v2\/media?parent=5247"}],"curies":[{"name":"wp","href":"https:\/\/api.w.org\/{rel}","templated":true}]}}