{"id":5136,"date":"2026-01-22T12:16:08","date_gmt":"2026-01-22T11:16:08","guid":{"rendered":"https:\/\/agora.xtec.cat\/ieslamallola\/?page_id=5136"},"modified":"2026-01-22T13:22:57","modified_gmt":"2026-01-22T12:22:57","slug":"coma-ruga","status":"publish","type":"page","link":"https:\/\/agora.xtec.cat\/ieslamallola\/viatges\/coma-ruga\/","title":{"rendered":"1r ESO Coma-ruga"},"content":{"rendered":"<h2 data-start=\"163\" data-end=\"214\">\ud83c\udf0a Viatge de conviv\u00e8ncia de 1r d\u2019ESO \u00b7 Coma-ruga<\/h2>\n<p data-start=\"216\" data-end=\"465\">A principis d\u2019octubre, l\u2019alumnat de <strong data-start=\"252\" data-end=\"264\">1r d\u2019ESO<\/strong> realitza una <strong data-start=\"278\" data-end=\"311\">sortida d\u2019una nit a Coma-ruga<\/strong>, una experi\u00e8ncia breu per\u00f2 molt intensa que t\u00e9 un objectiu clar: <strong data-start=\"377\" data-end=\"428\">afavorir la conviv\u00e8ncia i la creaci\u00f3 de vincles<\/strong> en l\u2019inici de l\u2019etapa de secund\u00e0ria.<\/p>\n<p data-start=\"467\" data-end=\"775\">Aquest primer viatge \u00e9s una oportunitat \u00fanica per <strong data-start=\"517\" data-end=\"569\">con\u00e8ixer els companys i companyes fora de l\u2019aula<\/strong>, en un context m\u00e9s proper i quotidi\u00e0. Compartir espais, temps i activitats permet que les relacions flueixin d\u2019una manera natural i ajuda l\u2019alumnat a sentir-se part del grup des dels primers dies de l\u2019ESO.<\/p>\n<p data-start=\"777\" data-end=\"806\">Durant l\u2019estada, els alumnes:<\/p>\n<ul data-start=\"807\" data-end=\"1114\">\n<li data-start=\"807\" data-end=\"912\">\n<p data-start=\"809\" data-end=\"912\">participen en <strong data-start=\"823\" data-end=\"843\">jocs cooperatius<\/strong>, que fomenten la confian\u00e7a, el treball en equip i el respecte mutu<\/p>\n<\/li>\n<li data-start=\"913\" data-end=\"1000\">\n<p data-start=\"915\" data-end=\"1000\">realitzen una <strong data-start=\"929\" data-end=\"959\">visita al Museu Pau Casals<\/strong>, que connecta cultura, m\u00fasica i valors<\/p>\n<\/li>\n<li data-start=\"1001\" data-end=\"1114\">\n<p data-start=\"1003\" data-end=\"1114\">gaudeixen d\u2019una <strong data-start=\"1019\" data-end=\"1046\">mini discoteca nocturna<\/strong>, un espai l\u00fadic per compartir, divertir-se i crear records comuns<\/p>\n<\/li>\n<\/ul>\n<p data-start=\"1116\" data-end=\"1329\">M\u00e9s enll\u00e0 de les activitats programades, aquesta sortida t\u00e9 un gran valor educatiu perqu\u00e8 permet <strong data-start=\"1213\" data-end=\"1268\">compartir \u00e0pats, converses i situacions quotidianes<\/strong>, afavorint l\u2019autonomia, la responsabilitat i la conviv\u00e8ncia.<\/p>\n<p data-start=\"1331\" data-end=\"1559\">El viatge a Coma-ruga esdev\u00e9 aix\u00ed <strong data-start=\"1365\" data-end=\"1416\">el primer pas per construir relacions positives<\/strong>, generar confian\u00e7a i iniciar el cam\u00ed de l\u2019ESO amb un grup cohesionat, on cada alumne se senti acollit i part activa de la comunitat educativa.<\/p>\n<p style=\"text-align: center;\" data-start=\"1331\" data-end=\"1559\">\u00a0 \u00a0 \u00a0 \u00a0 \u00a0<iframe loading=\"lazy\" title=\"YouTube video player\" src=\"\/\/www.youtube.com\/embed\/PS4nb7VWaDQ?si=xVHWcscQKbZSxFv_\" width=\"560\" height=\"315\" frameborder=\"0\" allowfullscreen=\"allowfullscreen\"><\/iframe><\/p>\n","protected":false},"excerpt":{"rendered":"<p>\ud83c\udf0a Viatge de conviv\u00e8ncia de 1r d\u2019ESO \u00b7 Coma-ruga A principis d\u2019octubre, l\u2019alumnat de 1r d\u2019ESO realitza una sortida d\u2019una nit a Coma-ruga, una experi\u00e8ncia breu per\u00f2 molt intensa que t\u00e9 un objectiu clar: afavorir la conviv\u00e8ncia i la creaci\u00f3 de vincles en l\u2019inici de l\u2019etapa de secund\u00e0ria. Aquest primer viatge \u00e9s una oportunitat \u00fanica [&hellip;]<\/p>\n","protected":false},"author":1,"featured_media":0,"parent":4411,"menu_order":1,"comment_status":"closed","ping_status":"closed","template":"","meta":{"_bbp_topic_count":0,"_bbp_reply_count":0,"_bbp_total_topic_count":0,"_bbp_total_reply_count":0,"_bbp_voice_count":0,"_bbp_anonymous_reply_count":0,"_bbp_topic_count_hidden":0,"_bbp_reply_count_hidden":0,"_bbp_forum_subforum_count":0,"site-sidebar-layout":"default","site-content-layout":"","ast-site-content-layout":"default","site-content-style":"default","site-sidebar-style":"default","ast-global-header-display":"","ast-banner-title-visibility":"","ast-main-header-display":"","ast-hfb-above-header-display":"","ast-hfb-below-header-display":"","ast-hfb-mobile-header-display":"","site-post-title":"","ast-breadcrumbs-content":"","ast-featured-img":"","footer-sml-layout":"","theme-transparent-header-meta":"default","adv-header-id-meta":"","stick-header-meta":"","header-above-stick-meta":"","header-main-stick-meta":"","header-below-stick-meta":"","astra-migrate-meta-layouts":"set","ast-page-background-enabled":"default","ast-page-background-meta":{"desktop":{"background-color":"var(--ast-global-color-4)","background-image":"","background-repeat":"repeat","background-position":"center center","background-size":"auto","background-attachment":"scroll","background-type":"","background-media":"","overlay-type":"","overlay-color":"","overlay-opacity":"","overlay-gradient":""},"tablet":{"background-color":"","background-image":"","background-repeat":"repeat","background-position":"center center","background-size":"auto","background-attachment":"scroll","background-type":"","background-media":"","overlay-type":"","overlay-color":"","overlay-opacity":"","overlay-gradient":""},"mobile":{"background-color":"","background-image":"","background-repeat":"repeat","background-position":"center center","background-size":"auto","background-attachment":"scroll","background-type":"","background-media":"","overlay-type":"","overlay-color":"","overlay-opacity":"","overlay-gradient":""}},"ast-content-background-meta":{"desktop":{"background-color":"var(--ast-global-color-5)","background-image":"","background-repeat":"repeat","background-position":"center center","background-size":"auto","background-attachment":"scroll","background-type":"","background-media":"","overlay-type":"","overlay-color":"","overlay-opacity":"","overlay-gradient":""},"tablet":{"background-color":"var(--ast-global-color-5)","background-image":"","background-repeat":"repeat","background-position":"center center","background-size":"auto","background-attachment":"scroll","background-type":"","background-media":"","overlay-type":"","overlay-color":"","overlay-opacity":"","overlay-gradient":""},"mobile":{"background-color":"var(--ast-global-color-5)","background-image":"","background-repeat":"repeat","background-position":"center center","background-size":"auto","background-attachment":"scroll","background-type":"","background-media":"","overlay-type":"","overlay-color":"","overlay-opacity":"","overlay-gradient":""}},"footnotes":""},"class_list":["post-5136","page","type-page","status-publish","hentry"],"post_mailing_queue_ids":[],"_links":{"self":[{"href":"https:\/\/agora.xtec.cat\/ieslamallola\/wp-json\/wp\/v2\/pages\/5136","targetHints":{"allow":["GET"]}}],"collection":[{"href":"https:\/\/agora.xtec.cat\/ieslamallola\/wp-json\/wp\/v2\/pages"}],"about":[{"href":"https:\/\/agora.xtec.cat\/ieslamallola\/wp-json\/wp\/v2\/types\/page"}],"author":[{"embeddable":true,"href":"https:\/\/agora.xtec.cat\/ieslamallola\/wp-json\/wp\/v2\/users\/1"}],"replies":[{"embeddable":true,"href":"https:\/\/agora.xtec.cat\/ieslamallola\/wp-json\/wp\/v2\/comments?post=5136"}],"version-history":[{"count":4,"href":"https:\/\/agora.xtec.cat\/ieslamallola\/wp-json\/wp\/v2\/pages\/5136\/revisions"}],"predecessor-version":[{"id":5154,"href":"https:\/\/agora.xtec.cat\/ieslamallola\/wp-json\/wp\/v2\/pages\/5136\/revisions\/5154"}],"up":[{"embeddable":true,"href":"https:\/\/agora.xtec.cat\/ieslamallola\/wp-json\/wp\/v2\/pages\/4411"}],"wp:attachment":[{"href":"https:\/\/agora.xtec.cat\/ieslamallola\/wp-json\/wp\/v2\/media?parent=5136"}],"curies":[{"name":"wp","href":"https:\/\/api.w.org\/{rel}","templated":true}]}}