{"id":46,"date":"2014-09-17T16:53:45","date_gmt":"2014-09-17T16:53:45","guid":{"rendered":"http:\/\/agora.xtec.cat\/ieslamallola\/?page_id=46"},"modified":"2026-01-16T12:43:54","modified_gmt":"2026-01-16T11:43:54","slug":"organigrama","status":"publish","type":"page","link":"https:\/\/agora.xtec.cat\/ieslamallola\/linstitut\/organigrama\/","title":{"rendered":"Organigrama"},"content":{"rendered":"<table style=\"width: 100%; border-collapse: collapse; border-style: hidden;\">\n<tbody>\n<tr>\n<td style=\"width: 33.3333%; border-style: hidden;\">\n<h4>Equip directiu:<\/h4>\n<p><strong>Direcci\u00f3<\/strong>: Isabel Jim\u00e9nez Rodr\u00edguez<\/p>\n<p><strong>Cap<\/strong> <strong>d&#8217;estudis<\/strong>: Sergi Bertran Ramos<\/p>\n<p><strong>Secret\u00e0ria<\/strong>: Laura Condes Mart\u00ednez<\/p>\n<p><strong>Coordinadora<\/strong> <strong>pedag\u00f2gica<\/strong>: M\u00edriam Garc\u00eda Esteban<\/td>\n<td style=\"width: 33.3333%; border-style: hidden;\">\n<h4>Personal no docent:<\/h4>\n<p><strong>Administraci\u00f3<\/strong>: Iolanda Mart\u00edn i \u00c0ngel Monferrer<\/p>\n<p><strong>Consergeria<\/strong>: Isidre \u00c1lvarez i Fina Di\u00e9guez<\/p>\n<p><strong>Cantina<\/strong>: Montse Recio Dalmau<\/p>\n<p><strong>Servei de neteja<\/strong>: Asunci\u00f3n Jim\u00e9nez i Mari P\u00e9rez<\/td>\n<\/tr>\n<tr>\n<td style=\"width: 33.3333%; border-style: hidden;\">\n<h4>Equip psicopedag\u00f2gic<\/h4>\n<p>Isabel Jim\u00e9nez<\/p>\n<p>Cristina Garc\u00eda<\/p>\n<p>Lourdes Vocero<\/p>\n<p><strong>EAP<\/strong>: Susana Guinard<\/td>\n<td style=\"width: 33.3333%; border-style: hidden;\">\n<h4>Programa Salut i Escola<\/h4>\n<p>Sara Aguilar<\/p>\n<h4>Agent Tutor<\/h4>\n<p>David Escudero<\/td>\n<\/tr>\n<tr>\n<td style=\"width: 33.3333%; border-style: hidden;\">\n<h4>Aula d&#8217;acollida<\/h4>\n<p>Jordi Bofill<\/td>\n<td style=\"width: 33.3333%; border-style: hidden;\">\n<h4><\/h4>\n<\/td>\n<\/tr>\n<\/tbody>\n<\/table>\n<h5 style=\"text-align: center;\">Coordinacions i Caps d&#8217;\u00e0mbit<\/h5>\n<table style=\"border-collapse: collapse; width: 100%; height: 748px;\">\n<tbody>\n<tr style=\"height: 19px;\">\n<td style=\"width: 16.6667%; height: 19px;\"><strong>1r ESO<\/strong><\/td>\n<td style=\"width: 14.3694%; height: 19px;\">Esther Cerd\u00e0<\/td>\n<td style=\"width: 20.8559%; height: 19px;\"><strong>Viatges, sortides i intercanvi<\/strong><\/td>\n<td style=\"width: 14.7748%; height: 19px;\">Blanca Ordu\u00f1a, Virg\u00ednia S\u00e1nchez<br \/>\nAlba Ciivit<\/td>\n<\/tr>\n<tr style=\"height: 52px;\">\n<td style=\"width: 16.6667%; height: 52px;\"><strong>2n ESO<\/strong><\/td>\n<td style=\"width: 14.3694%; height: 52px;\">Bel\u00e9n Ruiz<\/td>\n<td style=\"width: 20.8559%; height: 52px;\"><strong>Servei comunitari<\/strong><\/td>\n<td style=\"width: 14.7748%; height: 52px;\">Maite Sarasa<\/td>\n<\/tr>\n<tr style=\"height: 52px;\">\n<td style=\"width: 16.6667%; height: 52px;\"><strong>3r ESO<\/strong><\/td>\n<td style=\"width: 14.3694%; height: 52px;\">Cristina Abasolo<\/td>\n<td style=\"width: 20.8559%; height: 52px;\"><strong>Coordinador digital<\/strong><\/td>\n<td style=\"width: 14.7748%; height: 52px;\">Sergio L\u00f3pez<\/td>\n<\/tr>\n<tr style=\"height: 52px;\">\n<td style=\"width: 16.6667%; height: 52px;\"><strong>4t ESO<\/strong><\/td>\n<td style=\"width: 14.3694%; height: 52px;\">Basi Mojonero<\/td>\n<td style=\"width: 20.8559%; height: 52px;\"><strong>Riscos Laborals<\/strong><\/td>\n<td style=\"width: 14.7748%; height: 52px;\">Daniel Ferrer<\/td>\n<\/tr>\n<tr style=\"height: 52px;\">\n<td style=\"width: 16.6667%; height: 52px;\"><strong>Batxillerat<\/strong><\/td>\n<td style=\"width: 14.3694%; height: 52px;\">Laura S\u00e1nchez<\/td>\n<td style=\"width: 20.8559%; height: 52px;\"><strong>LIC<\/strong><\/td>\n<td style=\"width: 14.7748%; height: 52px;\">Jordi Bofill i Esther Alqu\u00e9zar<\/td>\n<\/tr>\n<tr style=\"height: 82px;\">\n<td style=\"width: 16.6667%; height: 82px;\"><strong>\u00c0mbit cient\u00edfic-tecnol\u00f2gic<\/strong><\/td>\n<td style=\"width: 14.3694%; height: 82px;\">Alex Mari\u00f1o<\/td>\n<td style=\"width: 20.8559%; height: 82px;\"><strong>Pla Catal\u00e0 de l&#8217;esport<\/strong><\/td>\n<td style=\"width: 14.7748%; height: 82px;\">Basi Mojonero<\/td>\n<\/tr>\n<tr style=\"height: 82px;\">\n<td style=\"width: 16.6667%; height: 82px;\"><strong>\u00c0mbit expressi\u00f3 art\u00edstica<\/strong><\/td>\n<td style=\"width: 14.3694%; height: 82px;\">Magda Al\u00e0s<\/td>\n<td style=\"width: 20.8559%; height: 82px;\"><strong>MUFPS<\/strong><\/td>\n<td style=\"width: 14.7748%; height: 82px;\">Corina Brezuleanu<\/td>\n<\/tr>\n<tr style=\"height: 82px;\">\n<td style=\"width: 16.6667%; height: 82px;\"><strong>\u00c0mbit human\u00edstic-social<\/strong><\/td>\n<td style=\"width: 14.3694%; height: 82px;\">Esther Alqu\u00e9zar<\/td>\n<td style=\"width: 20.8559%; height: 82px;\"><strong>Coordinaci\u00f3 Xarxes i Web<\/strong><\/td>\n<td style=\"width: 14.7748%; height: 82px;\">Marcos Burillo<\/td>\n<\/tr>\n<tr style=\"height: 82px;\">\n<td style=\"width: 16.6667%; height: 82px;\"><strong>\u00c0mbit ling\u00fc\u00edstic<\/strong><\/td>\n<td style=\"width: 14.3694%; height: 82px;\">Mar\u00eda Pin<\/td>\n<td style=\"width: 20.8559%; height: 82px;\"><strong>Coordinaci\u00f3 estada a l&#8217;empresa<\/strong><\/td>\n<td style=\"width: 14.7748%; height: 82px;\">Esperanza Garc\u00eda<\/td>\n<\/tr>\n<tr style=\"height: 141px;\">\n<td style=\"width: 16.6667%; height: 141px;\"><strong>\u00c0mbit matem\u00e0tic<\/strong><\/td>\n<td style=\"width: 14.3694%; height: 141px;\">Corina Brezuleanu<\/td>\n<td style=\"width: 20.8559%; height: 141px;\"><strong>Coordinaci\u00f3 Coeducaci\u00f3, conviv\u00e8ncia i benestar\u00a0<\/strong><\/td>\n<td style=\"width: 14.7748%; height: 141px;\">Magda Al\u00e0s<\/td>\n<\/tr>\n<tr style=\"height: 52px;\">\n<td style=\"width: 16.6667%; height: 52px;\"><strong>\u00c0mbit orientaci\u00f3<\/strong><\/td>\n<td style=\"width: 14.3694%; height: 52px;\">Lourdes Vocero<\/td>\n<td style=\"width: 20.8559%; height: 52px;\"><\/td>\n<td style=\"width: 14.7748%; height: 52px;\"><\/td>\n<\/tr>\n<\/tbody>\n<\/table>\n<h5><\/h5>\n<h5 style=\"text-align: center;\">\u00a0Tutories<\/h5>\n<table style=\"height: 337px; width: 100%; border-collapse: collapse; border-style: hidden;\">\n<tbody>\n<tr style=\"height: 32px;\">\n<td style=\"width: 7.83133%; height: 32px; border-style: hidden;\"><strong>ESO 1A<\/strong><\/td>\n<td style=\"width: 18.8755%; height: 32px; border-style: hidden;\">Ramon Dalf\u00f3<\/td>\n<td style=\"width: 11.5462%; height: 32px; border-style: hidden;\"><strong>ESO 3A<\/strong><\/td>\n<td style=\"width: 16.3516%; height: 32px; border-style: hidden;\">Oriol Soler<\/td>\n<td style=\"width: 9.76218%; height: 32px; border-style: hidden;\"><strong><span style=\"background-color: #ffffff;\">1 BAT A<\/span><\/strong><\/td>\n<td style=\"width: 16.1113%; height: 32px; border-style: hidden;\">Eva Rosa<\/td>\n<\/tr>\n<tr style=\"height: 32px;\">\n<td style=\"width: 7.83133%; height: 32px; border-style: hidden;\"><strong>ESO 1B<\/strong><\/td>\n<td style=\"width: 18.8755%; height: 32px; border-style: hidden;\">Diana Belda<\/td>\n<td style=\"width: 11.5462%; height: 32px; border-style: hidden;\"><strong>ESO 3B<\/strong><\/td>\n<td style=\"width: 16.3516%; height: 32px; border-style: hidden;\">Virg\u00ednia S\u00e1nchez<\/td>\n<td style=\"width: 9.76218%; height: 32px; border-style: hidden;\"><strong><span style=\"background-color: #ffffff;\">1 BAT B<\/span><\/strong><\/td>\n<td style=\"width: 16.1113%; height: 32px; border-style: hidden;\">Alba Ciivit<\/td>\n<\/tr>\n<tr style=\"height: 32px;\">\n<td style=\"width: 7.83133%; height: 32px; border-style: hidden;\"><strong>ESO 1C<\/strong><\/td>\n<td style=\"width: 18.8755%; height: 32px; border-style: hidden;\">Meritxell Sans<\/td>\n<td style=\"width: 11.5462%; height: 32px; border-style: hidden;\"><strong>ESO 3C<\/strong><\/td>\n<td style=\"width: 16.3516%; height: 32px; border-style: hidden;\">Xavi Bo<\/td>\n<td style=\"width: 9.76218%; height: 32px; border-style: hidden;\"><strong>2 BAT A<\/strong><\/td>\n<td style=\"width: 16.1113%; height: 32px; border-style: hidden;\">Manel Carmona<\/td>\n<\/tr>\n<tr style=\"height: 32px;\">\n<td style=\"width: 7.83133%; height: 32px; border-style: hidden;\"><strong>ESO 1D<\/strong><\/td>\n<td style=\"width: 18.8755%; height: 32px; border-style: hidden;\">Mohamed El Aissaoui<\/td>\n<td style=\"width: 11.5462%; height: 32px; border-style: hidden;\"><strong>ESO 3D<\/strong><\/td>\n<td style=\"width: 16.3516%; height: 32px; border-style: hidden;\">M\u00f2nica Fern\u00e0ndez<\/td>\n<td style=\"width: 9.76218%; height: 32px; border-style: hidden;\"><strong>2 BAT B<\/strong><\/td>\n<td style=\"width: 16.1113%; height: 32px; border-style: hidden;\">Juan Garc\u00eda<\/td>\n<\/tr>\n<tr style=\"height: 32px;\">\n<td style=\"width: 7.83133%; height: 32px; border-style: hidden;\"><strong>ESO 1E<\/strong><\/td>\n<td style=\"width: 18.8755%; height: 32px; border-style: hidden;\">Marcos Burillo<\/td>\n<td style=\"width: 11.5462%; height: 32px; border-style: hidden;\"><strong>ESO 3E<\/strong><\/td>\n<td style=\"width: 16.3516%; height: 32px; border-style: hidden;\">Jofre Toledano<\/td>\n<td style=\"width: 9.76218%; height: 32px; border-style: hidden;\"><strong>Aula Acollida<\/strong><\/td>\n<td style=\"width: 16.1113%; height: 32px; border-style: hidden;\">Jordi Bofill<\/td>\n<\/tr>\n<tr style=\"height: 32px;\">\n<td style=\"width: 7.83133%; height: 32px; border-style: hidden;\"><strong><span style=\"background-color: #ffffff;\">ESO 2A<\/span><\/strong><\/td>\n<td style=\"width: 18.8755%; height: 32px; border-style: hidden;\">Blanca Ordu\u00f1a<\/td>\n<td style=\"width: 11.5462%; height: 32px; border-style: hidden;\"><strong>ESO 4A<\/strong><\/td>\n<td style=\"width: 16.3516%; height: 32px; border-style: hidden;\">Luc\u00eda L\u00f3pez<\/td>\n<td style=\"width: 9.76218%; height: 32px; border-style: hidden;\"><\/td>\n<td style=\"width: 16.1113%; height: 32px; border-style: hidden;\"><\/td>\n<\/tr>\n<tr style=\"height: 32px;\">\n<td style=\"width: 7.83133%; height: 32px; border-style: hidden;\"><strong><span style=\"background-color: #f9f9f9;\">ESO 2B<\/span><\/strong><\/td>\n<td style=\"width: 18.8755%; height: 32px; border-style: hidden;\">Aida Gonz\u00e1lez<\/td>\n<td style=\"width: 11.5462%; height: 32px; border-style: hidden;\"><strong>ESO 4B<\/strong><\/td>\n<td style=\"width: 16.3516%; height: 32px; border-style: hidden;\">Carles Pradas<\/td>\n<td style=\"width: 9.76218%; height: 32px; border-style: hidden;\"><\/td>\n<td style=\"width: 16.1113%; height: 32px; border-style: hidden;\"><\/td>\n<\/tr>\n<tr style=\"height: 32px;\">\n<td style=\"width: 7.83133%; height: 31px; border-style: hidden;\"><strong><span style=\"background-color: #ffffff;\">ESO 2C<\/span><\/strong><\/td>\n<td style=\"width: 18.8755%; height: 31px; border-style: hidden;\">Pedro Bernad<\/td>\n<td style=\"width: 11.5462%; height: 31px; border-style: hidden;\"><strong>ESO 4C<\/strong><\/td>\n<td style=\"width: 16.3516%; height: 31px; border-style: hidden;\">Txell Aicart<\/td>\n<td style=\"width: 9.76218%; height: 31px; border-style: hidden;\"><\/td>\n<td style=\"width: 16.1113%; height: 31px; border-style: hidden;\"><\/td>\n<\/tr>\n<tr style=\"height: 32px;\">\n<td style=\"width: 7.83133%; height: 32px; border-style: hidden;\"><strong><span style=\"background-color: #f9f9f9;\">ESO 2D<\/span><\/strong><\/td>\n<td style=\"width: 18.8755%; height: 32px; border-style: hidden;\">Cristina Rosa<\/td>\n<td style=\"width: 11.5462%; height: 32px; border-style: hidden;\"><strong>ESO 4D<\/strong><\/td>\n<td style=\"width: 16.3516%; height: 32px; border-style: hidden;\">Carles Casas<\/td>\n<td style=\"width: 9.76218%; height: 32px; border-style: hidden;\"><\/td>\n<td style=\"width: 16.1113%; height: 32px; border-style: hidden;\"><\/td>\n<\/tr>\n<tr style=\"height: 32px;\">\n<td style=\"width: 7.83133%; height: 32px; border-style: hidden;\"><strong><span style=\"background-color: #ffffff;\">ESO 2E<\/span><\/strong><\/td>\n<td style=\"width: 18.8755%; height: 32px; border-style: hidden;\">Pilar Fern\u00e1ndez<\/td>\n<td style=\"width: 11.5462%; height: 32px; border-style: hidden;\"><strong>ESO 4E<\/strong><\/td>\n<td style=\"width: 16.3516%; height: 32px; border-style: hidden;\">Sara Gallardo<\/td>\n<td style=\"width: 9.76218%; height: 32px; border-style: hidden;\"><\/td>\n<td style=\"width: 16.1113%; height: 32px; border-style: hidden;\"><\/td>\n<\/tr>\n<tr style=\"height: 18px;\">\n<td style=\"width: 7.83133%; border-style: hidden; height: 18px;\"><\/td>\n<td style=\"width: 18.8755%; border-style: hidden; height: 18px;\"><\/td>\n<td style=\"width: 11.5462%; border-style: hidden; height: 18px;\"><\/td>\n<td style=\"width: 16.3516%; border-style: hidden; height: 18px;\"><\/td>\n<td style=\"width: 9.76218%; border-style: hidden; height: 18px;\"><\/td>\n<td style=\"width: 16.1113%; border-style: hidden; height: 18px;\"><\/td>\n<\/tr>\n<\/tbody>\n<\/table>\n<h5 style=\"text-align: center;\">Altres comissions permanents i temporals de La Mallola<\/h5>\n<table style=\"border-collapse: collapse; width: 100%; height: 256px;\">\n<tbody>\n<tr style=\"height: 32px;\">\n<td style=\"width: 50%; height: 32px;\">Comissi\u00f3 Atenci\u00f3 Educaci\u00f3 Inclusiva (CAEI)<\/td>\n<td style=\"width: 50%; height: 32px;\">Coordinaci\u00f3 Festival de Nadal<\/td>\n<\/tr>\n<tr style=\"height: 32px;\">\n<td style=\"width: 50%; height: 32px;\">Comissi\u00f3 Social<\/td>\n<td style=\"width: 50%; height: 32px;\">Coordinaci\u00f3 Carnestoltes<\/td>\n<\/tr>\n<tr style=\"height: 32px;\">\n<td style=\"width: 50%; height: 32px;\">Comissi\u00f3 d&#8217;Absentisme<\/td>\n<td style=\"width: 50%; height: 32px;\">Coordinaci\u00f3 Sant Jordi<\/td>\n<\/tr>\n<tr style=\"height: 32px;\">\n<td style=\"width: 50%; height: 32px;\">Comissi\u00f3 de conviv\u00e8ncia<\/td>\n<td style=\"width: 50%; height: 32px;\">Coordinaci\u00f3 graduaci\u00f3 4t ESO<\/td>\n<\/tr>\n<tr style=\"height: 32px;\">\n<td style=\"width: 50%; height: 32px;\">Comissi\u00f3 de cooperaci\u00f3 internacional<\/td>\n<td style=\"width: 50%; height: 32px;\">Coordinaci\u00f3 graduaci\u00f3 2n Bat<\/td>\n<\/tr>\n<tr style=\"height: 32px;\">\n<td style=\"width: 50%; height: 32px;\">Comissi\u00f3 de disseny de materials pedag\u00f2gics<\/td>\n<td style=\"width: 50%; height: 32px;\">Comissi\u00f3 8M<\/td>\n<\/tr>\n<tr style=\"height: 32px;\">\n<td style=\"width: 50%; height: 32px;\">Comissi\u00f3 digital<\/td>\n<td style=\"width: 50%; height: 32px;\">Comissi\u00f3 pati<\/td>\n<\/tr>\n<tr style=\"height: 32px;\">\n<td style=\"width: 50%; height: 32px;\">Comissi\u00f3 ULAE<\/td>\n<td style=\"width: 50%; height: 32px;\"><\/td>\n<\/tr>\n<\/tbody>\n<\/table>\n","protected":false},"excerpt":{"rendered":"<p>Equip directiu: Direcci\u00f3: Isabel Jim\u00e9nez Rodr\u00edguez Cap d&#8217;estudis: Sergi Bertran Ramos Secret\u00e0ria: Laura Condes Mart\u00ednez Coordinadora pedag\u00f2gica: M\u00edriam Garc\u00eda Esteban Personal no docent: Administraci\u00f3: Iolanda Mart\u00edn i \u00c0ngel Monferrer Consergeria: Isidre \u00c1lvarez i Fina Di\u00e9guez Cantina: Montse Recio Dalmau Servei de neteja: Asunci\u00f3n Jim\u00e9nez i Mari P\u00e9rez Equip psicopedag\u00f2gic Isabel Jim\u00e9nez Cristina Garc\u00eda Lourdes Vocero [&hellip;]<\/p>\n","protected":false},"author":1,"featured_media":0,"parent":19,"menu_order":50,"comment_status":"closed","ping_status":"closed","template":"","meta":{"_bbp_topic_count":0,"_bbp_reply_count":0,"_bbp_total_topic_count":0,"_bbp_total_reply_count":0,"_bbp_voice_count":0,"_bbp_anonymous_reply_count":0,"_bbp_topic_count_hidden":0,"_bbp_reply_count_hidden":0,"_bbp_forum_subforum_count":0,"site-sidebar-layout":"default","site-content-layout":"","ast-site-content-layout":"default","site-content-style":"default","site-sidebar-style":"default","ast-global-header-display":"","ast-banner-title-visibility":"","ast-main-header-display":"","ast-hfb-above-header-display":"","ast-hfb-below-header-display":"","ast-hfb-mobile-header-display":"","site-post-title":"","ast-breadcrumbs-content":"","ast-featured-img":"","footer-sml-layout":"","theme-transparent-header-meta":"default","adv-header-id-meta":"","stick-header-meta":"","header-above-stick-meta":"","header-main-stick-meta":"","header-below-stick-meta":"","astra-migrate-meta-layouts":"set","ast-page-background-enabled":"default","ast-page-background-meta":{"desktop":{"background-color":"var(--ast-global-color-4)","background-image":"","background-repeat":"repeat","background-position":"center center","background-size":"auto","background-attachment":"scroll","background-type":"","background-media":"","overlay-type":"","overlay-color":"","overlay-opacity":"","overlay-gradient":""},"tablet":{"background-color":"","background-image":"","background-repeat":"repeat","background-position":"center center","background-size":"auto","background-attachment":"scroll","background-type":"","background-media":"","overlay-type":"","overlay-color":"","overlay-opacity":"","overlay-gradient":""},"mobile":{"background-color":"","background-image":"","background-repeat":"repeat","background-position":"center center","background-size":"auto","background-attachment":"scroll","background-type":"","background-media":"","overlay-type":"","overlay-color":"","overlay-opacity":"","overlay-gradient":""}},"ast-content-background-meta":{"desktop":{"background-color":"var(--ast-global-color-5)","background-image":"","background-repeat":"repeat","background-position":"center center","background-size":"auto","background-attachment":"scroll","background-type":"","background-media":"","overlay-type":"","overlay-color":"","overlay-opacity":"","overlay-gradient":""},"tablet":{"background-color":"var(--ast-global-color-5)","background-image":"","background-repeat":"repeat","background-position":"center center","background-size":"auto","background-attachment":"scroll","background-type":"","background-media":"","overlay-type":"","overlay-color":"","overlay-opacity":"","overlay-gradient":""},"mobile":{"background-color":"var(--ast-global-color-5)","background-image":"","background-repeat":"repeat","background-position":"center center","background-size":"auto","background-attachment":"scroll","background-type":"","background-media":"","overlay-type":"","overlay-color":"","overlay-opacity":"","overlay-gradient":""}},"footnotes":""},"class_list":["post-46","page","type-page","status-publish","hentry"],"post_mailing_queue_ids":[],"_links":{"self":[{"href":"https:\/\/agora.xtec.cat\/ieslamallola\/wp-json\/wp\/v2\/pages\/46","targetHints":{"allow":["GET"]}}],"collection":[{"href":"https:\/\/agora.xtec.cat\/ieslamallola\/wp-json\/wp\/v2\/pages"}],"about":[{"href":"https:\/\/agora.xtec.cat\/ieslamallola\/wp-json\/wp\/v2\/types\/page"}],"author":[{"embeddable":true,"href":"https:\/\/agora.xtec.cat\/ieslamallola\/wp-json\/wp\/v2\/users\/1"}],"replies":[{"embeddable":true,"href":"https:\/\/agora.xtec.cat\/ieslamallola\/wp-json\/wp\/v2\/comments?post=46"}],"version-history":[{"count":6,"href":"https:\/\/agora.xtec.cat\/ieslamallola\/wp-json\/wp\/v2\/pages\/46\/revisions"}],"predecessor-version":[{"id":5105,"href":"https:\/\/agora.xtec.cat\/ieslamallola\/wp-json\/wp\/v2\/pages\/46\/revisions\/5105"}],"up":[{"embeddable":true,"href":"https:\/\/agora.xtec.cat\/ieslamallola\/wp-json\/wp\/v2\/pages\/19"}],"wp:attachment":[{"href":"https:\/\/agora.xtec.cat\/ieslamallola\/wp-json\/wp\/v2\/media?parent=46"}],"curies":[{"name":"wp","href":"https:\/\/api.w.org\/{rel}","templated":true}]}}