{"id":3916,"date":"2023-01-31T14:12:02","date_gmt":"2023-01-31T13:12:02","guid":{"rendered":"https:\/\/agora.xtec.cat\/ieslamallola\/?page_id=3916"},"modified":"2023-03-14T14:43:24","modified_gmt":"2023-03-14T13:43:24","slug":"objectius","status":"publish","type":"page","link":"https:\/\/agora.xtec.cat\/ieslamallola\/estrategia-digital-de-centre\/estrategia-digital\/objectius\/","title":{"rendered":"Objectius"},"content":{"rendered":"<p><strong>PREMISSES<\/strong><\/p>\n<p>Ja des de fa molts anys, l&#8217;institut La Mallola \u00e9s un centre altament digitalitzat, ja que, des de la implementaci\u00f3 del projecte Educat 1&#215;1, alumnat i professorat treballem en base a una plataforma educativa i amb llibres digitals. A m\u00e9s, la comunicaci\u00f3 amb les fam\u00edlies es fa essencialment amb la plataforma.<\/p>\n<p>Per tant, alumnat, professorat i fam\u00edlies tenim usuari i contrasenya de la plataforma i l&#8217;alumnat i el professorat tenim adre\u00e7a de correu corporatiu del centre dins l&#8217;entorn Gmail.<\/p>\n<p>Arrel de pand\u00e8mia, a m\u00e9s, vam comen\u00e7ar a treballar amb l&#8217;entorn virtual d&#8217;aprenentatge (EVA) recomanat pel Departament d&#8217;Educaci\u00f3, el Google Classroom, vinculat a l&#8217;adre\u00e7a de correu corporatiu del nostre centre.<\/p>\n<p><strong>OBJECTIUS<\/strong><\/p>\n<p>Tenint en compte aquestes premisses i els resultats de l&#8217;enquesta SELFIE resposta per alumnat i professorat en iniciar el curs 2022-2023, hem definit els objectius generals de l\u2019EDC de l\u2019INS La Mallola per als propers quatre anys, que s\u00f3n:<\/p>\n<ol>\n<li>Millorar la compet\u00e8ncia digital del professorat.<\/li>\n<li>Impulsar l&#8217;avaluaci\u00f3 del proc\u00e9s d&#8217;aprenentatge del nostre alumnat mitjan\u00e7ant eines digitals.<\/li>\n<li>Assegurar l&#8217;assoliment dels conceptes clau de la compet\u00e8ncia digital m\u00e9s allunyats de les mat\u00e8ries i dels projectes.<\/li>\n<li>Vetllar per un \u00fas de les eines digitals de forma segura, establint les normes d&#8217;\u00fas i seguint els protocols de drets d&#8217;autoria i llic\u00e8ncies digitals per treballar la seguretat i el respecte en entorns digitals.<\/li>\n<\/ol>\n<p><strong>Temporitzaci\u00f3 i indicadors<\/strong><\/p>\n<p><iframe loading=\"lazy\" src=\"https:\/\/docs.google.com\/spreadsheets\/d\/e\/2PACX-1vSpC0VdSD8tSP4FiD29q00TqSbkO0QY0FOGvdnqUdvuubLcqNotpHd9rnbwHpK8CxzFL_xxhS5HEPFT\/pubhtml?widget=true&amp;headers=false\" width=\"1100\" height=\"800\"><span data-mce-type=\"bookmark\" style=\"display: inline-block; width: 0px; overflow: hidden; line-height: 0;\" class=\"mce_SELRES_start\">\ufeff<\/span><\/iframe><\/p>\n","protected":false},"excerpt":{"rendered":"<p>PREMISSES Ja des de fa molts anys, l&#8217;institut La Mallola \u00e9s un centre altament digitalitzat, ja que, des de la implementaci\u00f3 del projecte Educat 1&#215;1, alumnat i professorat treballem en base a una plataforma educativa i amb llibres digitals. A m\u00e9s, la comunicaci\u00f3 amb les fam\u00edlies es fa essencialment amb la plataforma. Per tant, alumnat, [&hellip;]<\/p>\n","protected":false},"author":1,"featured_media":0,"parent":3861,"menu_order":0,"comment_status":"closed","ping_status":"closed","template":"page-templates\/side-menu.php","meta":{"_bbp_topic_count":0,"_bbp_reply_count":0,"_bbp_total_topic_count":0,"_bbp_total_reply_count":0,"_bbp_voice_count":0,"_bbp_anonymous_reply_count":0,"_bbp_topic_count_hidden":0,"_bbp_reply_count_hidden":0,"_bbp_forum_subforum_count":0,"site-sidebar-layout":"default","site-content-layout":"","ast-site-content-layout":"","site-content-style":"default","site-sidebar-style":"default","ast-global-header-display":"","ast-banner-title-visibility":"","ast-main-header-display":"","ast-hfb-above-header-display":"","ast-hfb-below-header-display":"","ast-hfb-mobile-header-display":"","site-post-title":"","ast-breadcrumbs-content":"","ast-featured-img":"","footer-sml-layout":"","theme-transparent-header-meta":"","adv-header-id-meta":"","stick-header-meta":"","header-above-stick-meta":"","header-main-stick-meta":"","header-below-stick-meta":"","astra-migrate-meta-layouts":"default","ast-page-background-enabled":"default","ast-page-background-meta":{"desktop":{"background-color":"var(--ast-global-color-4)","background-image":"","background-repeat":"repeat","background-position":"center center","background-size":"auto","background-attachment":"scroll","background-type":"","background-media":"","overlay-type":"","overlay-color":"","overlay-opacity":"","overlay-gradient":""},"tablet":{"background-color":"","background-image":"","background-repeat":"repeat","background-position":"center center","background-size":"auto","background-attachment":"scroll","background-type":"","background-media":"","overlay-type":"","overlay-color":"","overlay-opacity":"","overlay-gradient":""},"mobile":{"background-color":"","background-image":"","background-repeat":"repeat","background-position":"center center","background-size":"auto","background-attachment":"scroll","background-type":"","background-media":"","overlay-type":"","overlay-color":"","overlay-opacity":"","overlay-gradient":""}},"ast-content-background-meta":{"desktop":{"background-color":"var(--ast-global-color-5)","background-image":"","background-repeat":"repeat","background-position":"center center","background-size":"auto","background-attachment":"scroll","background-type":"","background-media":"","overlay-type":"","overlay-color":"","overlay-opacity":"","overlay-gradient":""},"tablet":{"background-color":"var(--ast-global-color-5)","background-image":"","background-repeat":"repeat","background-position":"center center","background-size":"auto","background-attachment":"scroll","background-type":"","background-media":"","overlay-type":"","overlay-color":"","overlay-opacity":"","overlay-gradient":""},"mobile":{"background-color":"var(--ast-global-color-5)","background-image":"","background-repeat":"repeat","background-position":"center center","background-size":"auto","background-attachment":"scroll","background-type":"","background-media":"","overlay-type":"","overlay-color":"","overlay-opacity":"","overlay-gradient":""}},"footnotes":""},"class_list":["post-3916","page","type-page","status-publish","hentry"],"post_mailing_queue_ids":[],"_links":{"self":[{"href":"https:\/\/agora.xtec.cat\/ieslamallola\/wp-json\/wp\/v2\/pages\/3916","targetHints":{"allow":["GET"]}}],"collection":[{"href":"https:\/\/agora.xtec.cat\/ieslamallola\/wp-json\/wp\/v2\/pages"}],"about":[{"href":"https:\/\/agora.xtec.cat\/ieslamallola\/wp-json\/wp\/v2\/types\/page"}],"author":[{"embeddable":true,"href":"https:\/\/agora.xtec.cat\/ieslamallola\/wp-json\/wp\/v2\/users\/1"}],"replies":[{"embeddable":true,"href":"https:\/\/agora.xtec.cat\/ieslamallola\/wp-json\/wp\/v2\/comments?post=3916"}],"version-history":[{"count":3,"href":"https:\/\/agora.xtec.cat\/ieslamallola\/wp-json\/wp\/v2\/pages\/3916\/revisions"}],"predecessor-version":[{"id":3978,"href":"https:\/\/agora.xtec.cat\/ieslamallola\/wp-json\/wp\/v2\/pages\/3916\/revisions\/3978"}],"up":[{"embeddable":true,"href":"https:\/\/agora.xtec.cat\/ieslamallola\/wp-json\/wp\/v2\/pages\/3861"}],"wp:attachment":[{"href":"https:\/\/agora.xtec.cat\/ieslamallola\/wp-json\/wp\/v2\/media?parent=3916"}],"curies":[{"name":"wp","href":"https:\/\/api.w.org\/{rel}","templated":true}]}}