{"id":895,"date":"2020-10-22T14:54:52","date_gmt":"2020-10-22T12:54:52","guid":{"rendered":"https:\/\/agora.xtec.cat\/ieslallauna\/?page_id=895"},"modified":"2026-01-29T13:02:09","modified_gmt":"2026-01-29T12:02:09","slug":"normes-d-organitzacio-i-funcionament","status":"publish","type":"page","link":"https:\/\/agora.xtec.cat\/ieslallauna\/presentacio\/documents-de-centre\/normes-d-organitzacio-i-funcionament\/","title":{"rendered":"Normes d&#8217;organitzaci\u00f3 i funcionament (NOFC)"},"content":{"rendered":"<p style=\"text-align: justify;\">La <strong>Normativa d\u2019Organitzaci\u00f3 i Funcionament de Centre<\/strong> (NOFC) \u00e9s una eina que regula la vida del centre i estableix les relacions entre els diferents integrants de la comunitat escolar de l&#8217;Institut la Llauna. Recull els deures de tothom qui participa en I \u2018educaci\u00f3 i en el funcionament del centre i garanteix els drets que els atorga la legislaci\u00f3. Els seus principis generals s\u00f3n:<\/p>\n<ul>\n<li style=\"text-align: justify;\">L&#8217;educaci\u00f3 i la conviv\u00e8ncia es desenvoluparan dins d&#8217;un marc de toler\u00e0ncia i respecte a la llibertat de l&#8217;individu i a la seva personalitat i conviccions, les quals no podran ser pertorbades per cap tipus de coacci\u00f3 ni obligaci\u00f3 d&#8217;assumpci\u00f3 d&#8217;ideologies o creences.<\/li>\n<li style=\"text-align: justify;\">Tots els membres de la comunitat escolar tenen el dret d&#8217;intervenir en les decisions que els afectin mitjan\u00e7ant els seus representants lliurement elegits.<\/li>\n<li style=\"text-align: justify;\">L&#8217;alumnat rebr\u00e0 l&#8217;orientaci\u00f3 necess\u00e0ria perqu\u00e8 pugui assumir progressivament la responsabilitat de la seva pr\u00f2pia educaci\u00f3.<\/li>\n<li style=\"text-align: justify;\">El centre vetllar\u00e0 per l&#8217;ordre intern i el compliment de les normes que permetin assolir els objectius educatius.<\/li>\n<li style=\"text-align: justify;\">En qualsevol situaci\u00f3 s&#8217;arbitraran mecanismes per aconseguir el pacte, l&#8217;acord i el di\u00e0leg entre tots els membres de la comunitat educativa.<\/li>\n<\/ul>\n<p>Podeu accedir a les Normes de Funcionament de La Llauna <a href=\"https:\/\/agora.xtec.cat\/ieslallauna\/wp-content\/uploads\/usu21\/2025\/09\/NOFC-2025.pdf\">AQU\u00cd<\/a>\u00a0(Juliol 2025)<\/p>\n","protected":false},"excerpt":{"rendered":"<p>La Normativa d\u2019Organitzaci\u00f3 i Funcionament de Centre (NOFC) \u00e9s una eina que regula la vida del centre i estableix les relacions entre els diferents integrants de la comunitat escolar de l&#8217;Institut la Llauna. Recull els deures de tothom qui participa en I \u2018educaci\u00f3 i en el funcionament del centre i garanteix els drets que els [&hellip;]<\/p>\n","protected":false},"author":1,"featured_media":0,"parent":5055,"menu_order":0,"comment_status":"closed","ping_status":"closed","template":"","meta":{"_bbp_topic_count":0,"_bbp_reply_count":0,"_bbp_total_topic_count":0,"_bbp_total_reply_count":0,"_bbp_voice_count":0,"_bbp_anonymous_reply_count":0,"_bbp_topic_count_hidden":0,"_bbp_reply_count_hidden":0,"_bbp_forum_subforum_count":0,"site-sidebar-layout":"default","site-content-layout":"","ast-site-content-layout":"default","site-content-style":"default","site-sidebar-style":"default","ast-global-header-display":"","ast-banner-title-visibility":"","ast-main-header-display":"","ast-hfb-above-header-display":"","ast-hfb-below-header-display":"","ast-hfb-mobile-header-display":"","site-post-title":"","ast-breadcrumbs-content":"","ast-featured-img":"","footer-sml-layout":"","theme-transparent-header-meta":"","adv-header-id-meta":"","stick-header-meta":"","header-above-stick-meta":"","header-main-stick-meta":"","header-below-stick-meta":"","astra-migrate-meta-layouts":"set","ast-page-background-enabled":"default","ast-page-background-meta":{"desktop":{"background-color":"var(--ast-global-color-4)","background-image":"","background-repeat":"repeat","background-position":"center center","background-size":"auto","background-attachment":"scroll","background-type":"","background-media":"","overlay-type":"","overlay-color":"","overlay-opacity":"","overlay-gradient":""},"tablet":{"background-color":"","background-image":"","background-repeat":"repeat","background-position":"center center","background-size":"auto","background-attachment":"scroll","background-type":"","background-media":"","overlay-type":"","overlay-color":"","overlay-opacity":"","overlay-gradient":""},"mobile":{"background-color":"","background-image":"","background-repeat":"repeat","background-position":"center center","background-size":"auto","background-attachment":"scroll","background-type":"","background-media":"","overlay-type":"","overlay-color":"","overlay-opacity":"","overlay-gradient":""}},"ast-content-background-meta":{"desktop":{"background-color":"var(--ast-global-color-5)","background-image":"","background-repeat":"repeat","background-position":"center center","background-size":"auto","background-attachment":"scroll","background-type":"","background-media":"","overlay-type":"","overlay-color":"","overlay-opacity":"","overlay-gradient":""},"tablet":{"background-color":"var(--ast-global-color-5)","background-image":"","background-repeat":"repeat","background-position":"center center","background-size":"auto","background-attachment":"scroll","background-type":"","background-media":"","overlay-type":"","overlay-color":"","overlay-opacity":"","overlay-gradient":""},"mobile":{"background-color":"var(--ast-global-color-5)","background-image":"","background-repeat":"repeat","background-position":"center center","background-size":"auto","background-attachment":"scroll","background-type":"","background-media":"","overlay-type":"","overlay-color":"","overlay-opacity":"","overlay-gradient":""}},"footnotes":""},"class_list":["post-895","page","type-page","status-publish","hentry"],"post_mailing_queue_ids":[],"_links":{"self":[{"href":"https:\/\/agora.xtec.cat\/ieslallauna\/wp-json\/wp\/v2\/pages\/895","targetHints":{"allow":["GET"]}}],"collection":[{"href":"https:\/\/agora.xtec.cat\/ieslallauna\/wp-json\/wp\/v2\/pages"}],"about":[{"href":"https:\/\/agora.xtec.cat\/ieslallauna\/wp-json\/wp\/v2\/types\/page"}],"author":[{"embeddable":true,"href":"https:\/\/agora.xtec.cat\/ieslallauna\/wp-json\/wp\/v2\/users\/1"}],"replies":[{"embeddable":true,"href":"https:\/\/agora.xtec.cat\/ieslallauna\/wp-json\/wp\/v2\/comments?post=895"}],"version-history":[{"count":6,"href":"https:\/\/agora.xtec.cat\/ieslallauna\/wp-json\/wp\/v2\/pages\/895\/revisions"}],"predecessor-version":[{"id":5256,"href":"https:\/\/agora.xtec.cat\/ieslallauna\/wp-json\/wp\/v2\/pages\/895\/revisions\/5256"}],"up":[{"embeddable":true,"href":"https:\/\/agora.xtec.cat\/ieslallauna\/wp-json\/wp\/v2\/pages\/5055"}],"wp:attachment":[{"href":"https:\/\/agora.xtec.cat\/ieslallauna\/wp-json\/wp\/v2\/media?parent=895"}],"curies":[{"name":"wp","href":"https:\/\/api.w.org\/{rel}","templated":true}]}}