{"id":884,"date":"2020-10-22T14:13:18","date_gmt":"2020-10-22T12:13:18","guid":{"rendered":"https:\/\/agora.xtec.cat\/ieslallauna\/?page_id=884"},"modified":"2026-01-30T12:00:19","modified_gmt":"2026-01-30T11:00:19","slug":"carta-de-compromis-educatiu","status":"publish","type":"page","link":"https:\/\/agora.xtec.cat\/ieslallauna\/families\/carta-de-compromis-educatiu\/","title":{"rendered":"Carta de comprom\u00eds educatiu"},"content":{"rendered":"<p><strong>Qu\u00e8 \u00e9s la carta de comprom\u00eds educatiu?<\/strong><\/p>\n<p>La <a href=\"http:\/\/ensenyament.gencat.cat\/ca\/arees-actuacio\/families\/families-escola\/carta-compromis-educatiu\/\" target=\"_blank\" rel=\"noopener noreferrer\">carta de comprom\u00eds educatiu<\/a> \u00e9s un document que t\u00e9 com a finalitat potenciar la comunicaci\u00f3, la participaci\u00f3, la implicaci\u00f3, el comprom\u00eds i la corresponsabilitat entre els centres i les fam\u00edlies en l&#8217;educaci\u00f3 d&#8217;infants i joves. Els nostres objectius principals s\u00f3n:<\/p>\n<ul>\n<li>Compartir amb les fam\u00edlies els principis i els continguts del projecte educatiu del centre i, si escau, els projectes educatius de l&#8217;entorn.<\/li>\n<li>Millorar la informaci\u00f3 i la comunicaci\u00f3 entre el centre i les fam\u00edlies.<\/li>\n<li>Facilitar a les fam\u00edlies l&#8217;exercici dels seus drets i el compliment dels deures.<\/li>\n<li>Fomentar la conviv\u00e8ncia i el bon clima escolar.<\/li>\n<li>Corresponsabilitzar el centre i la fam\u00edlia en l&#8217;\u00e8xit acad\u00e8mic, personal i social dels alumnes i tamb\u00e9 en el comprom\u00eds c\u00edvic dels infants i joves.<\/li>\n<\/ul>\n<p>Podeu descarregar-vos la carta de comprom\u00eds educatiu de La Llauna <a href=\"https:\/\/agora.xtec.cat\/ieslallauna\/wp-content\/uploads\/usu21\/2023\/07\/cartacompromis_inslallauna.pdf\" target=\"_blank\" rel=\"noopener\">AQU\u00cd<\/a><\/p>\n","protected":false},"excerpt":{"rendered":"<p>Qu\u00e8 \u00e9s la carta de comprom\u00eds educatiu? La carta de comprom\u00eds educatiu \u00e9s un document que t\u00e9 com a finalitat potenciar la comunicaci\u00f3, la participaci\u00f3, la implicaci\u00f3, el comprom\u00eds i la corresponsabilitat entre els centres i les fam\u00edlies en l&#8217;educaci\u00f3 d&#8217;infants i joves. Els nostres objectius principals s\u00f3n: Compartir amb les fam\u00edlies els principis i [&hellip;]<\/p>\n","protected":false},"author":1,"featured_media":0,"parent":703,"menu_order":15,"comment_status":"closed","ping_status":"closed","template":"","meta":{"_bbp_topic_count":0,"_bbp_reply_count":0,"_bbp_total_topic_count":0,"_bbp_total_reply_count":0,"_bbp_voice_count":0,"_bbp_anonymous_reply_count":0,"_bbp_topic_count_hidden":0,"_bbp_reply_count_hidden":0,"_bbp_forum_subforum_count":0,"site-sidebar-layout":"default","site-content-layout":"","ast-site-content-layout":"default","site-content-style":"default","site-sidebar-style":"default","ast-global-header-display":"","ast-banner-title-visibility":"","ast-main-header-display":"","ast-hfb-above-header-display":"","ast-hfb-below-header-display":"","ast-hfb-mobile-header-display":"","site-post-title":"","ast-breadcrumbs-content":"","ast-featured-img":"","footer-sml-layout":"","theme-transparent-header-meta":"","adv-header-id-meta":"","stick-header-meta":"","header-above-stick-meta":"","header-main-stick-meta":"","header-below-stick-meta":"","astra-migrate-meta-layouts":"set","ast-page-background-enabled":"default","ast-page-background-meta":{"desktop":{"background-color":"var(--ast-global-color-4)","background-image":"","background-repeat":"repeat","background-position":"center center","background-size":"auto","background-attachment":"scroll","background-type":"","background-media":"","overlay-type":"","overlay-color":"","overlay-opacity":"","overlay-gradient":""},"tablet":{"background-color":"","background-image":"","background-repeat":"repeat","background-position":"center center","background-size":"auto","background-attachment":"scroll","background-type":"","background-media":"","overlay-type":"","overlay-color":"","overlay-opacity":"","overlay-gradient":""},"mobile":{"background-color":"","background-image":"","background-repeat":"repeat","background-position":"center center","background-size":"auto","background-attachment":"scroll","background-type":"","background-media":"","overlay-type":"","overlay-color":"","overlay-opacity":"","overlay-gradient":""}},"ast-content-background-meta":{"desktop":{"background-color":"var(--ast-global-color-5)","background-image":"","background-repeat":"repeat","background-position":"center center","background-size":"auto","background-attachment":"scroll","background-type":"","background-media":"","overlay-type":"","overlay-color":"","overlay-opacity":"","overlay-gradient":""},"tablet":{"background-color":"var(--ast-global-color-5)","background-image":"","background-repeat":"repeat","background-position":"center center","background-size":"auto","background-attachment":"scroll","background-type":"","background-media":"","overlay-type":"","overlay-color":"","overlay-opacity":"","overlay-gradient":""},"mobile":{"background-color":"var(--ast-global-color-5)","background-image":"","background-repeat":"repeat","background-position":"center center","background-size":"auto","background-attachment":"scroll","background-type":"","background-media":"","overlay-type":"","overlay-color":"","overlay-opacity":"","overlay-gradient":""}},"footnotes":""},"class_list":["post-884","page","type-page","status-publish","hentry"],"post_mailing_queue_ids":[],"_links":{"self":[{"href":"https:\/\/agora.xtec.cat\/ieslallauna\/wp-json\/wp\/v2\/pages\/884","targetHints":{"allow":["GET"]}}],"collection":[{"href":"https:\/\/agora.xtec.cat\/ieslallauna\/wp-json\/wp\/v2\/pages"}],"about":[{"href":"https:\/\/agora.xtec.cat\/ieslallauna\/wp-json\/wp\/v2\/types\/page"}],"author":[{"embeddable":true,"href":"https:\/\/agora.xtec.cat\/ieslallauna\/wp-json\/wp\/v2\/users\/1"}],"replies":[{"embeddable":true,"href":"https:\/\/agora.xtec.cat\/ieslallauna\/wp-json\/wp\/v2\/comments?post=884"}],"version-history":[{"count":4,"href":"https:\/\/agora.xtec.cat\/ieslallauna\/wp-json\/wp\/v2\/pages\/884\/revisions"}],"predecessor-version":[{"id":5295,"href":"https:\/\/agora.xtec.cat\/ieslallauna\/wp-json\/wp\/v2\/pages\/884\/revisions\/5295"}],"up":[{"embeddable":true,"href":"https:\/\/agora.xtec.cat\/ieslallauna\/wp-json\/wp\/v2\/pages\/703"}],"wp:attachment":[{"href":"https:\/\/agora.xtec.cat\/ieslallauna\/wp-json\/wp\/v2\/media?parent=884"}],"curies":[{"name":"wp","href":"https:\/\/api.w.org\/{rel}","templated":true}]}}