{"id":589,"date":"2020-07-09T15:44:03","date_gmt":"2020-07-09T13:44:03","guid":{"rendered":"https:\/\/agora.xtec.cat\/ieslallauna\/?page_id=589"},"modified":"2022-02-11T13:03:57","modified_gmt":"2022-02-11T12:03:57","slug":"titols-i-certificacions","status":"publish","type":"page","link":"https:\/\/agora.xtec.cat\/ieslallauna\/secretaria\/titols-i-certificacions\/","title":{"rendered":"T\u00edtols i certificacions"},"content":{"rendered":"<p><strong>Documentaci\u00f3<\/strong><\/p>\n<p><a href=\"https:\/\/drive.google.com\/file\/d\/0B-hw15rIuPfHODU3MTM3MTMtZGMzMy00MzRhLTlmN2QtMjNhYzAzYTI4NmRk\/view\">Model de sol\u00b7licitud de certificats i\/o documentaci\u00f3 diversa<\/a><\/p>\n<p><strong>Expedici\u00f3 de t\u00edtols d&#8217;ESO<\/strong><\/p>\n<p>L&#8217;expedici\u00f3 dels t\u00edtols corresponents a l&#8217;ESO s&#8217;inicia d&#8217;ofici i, per tant, la persona interessada no ho ha de sol\u00b7licitar al centre ni ha de pagar cap taxa.<\/p>\n<p><strong>Expedici\u00f3 del T\u00edtol de Batxillerat<\/strong><\/p>\n<p>Cal dirigir-se a Secretaria per sol\u00b7licitar, un cop acabats els estudis de Batxillerat, l&#8217;expedici\u00f3 de la titulaci\u00f3 corresponent. La documentaci\u00f3 que cal aportar per a la sol\u00b7licitud del t\u00edtol \u00e9s la seg\u00fcent:<\/p>\n<ul>\n<li>Fotoc\u00f2pia del DNI.<\/li>\n<li>\u00daltimes notes.<\/li>\n<li>Impr\u00e8s per a pagar a La Caixa.<\/li>\n<li>Inst\u00e0ncia de sol\u00b7licitud d&#8217;expedici\u00f3 del t\u00edtol.<\/li>\n<\/ul>\n<p>L&#8217;impr\u00e8s per a pagar a La Caixa i la inst\u00e0ncia s&#8217;han de recollir a Secretaria.<\/p>\n<p><strong>Certificat acreditatiu de coneixement del catal\u00e0<\/strong><\/p>\n<p>L&#8217;exalumnat del centre pot demanar a Secretaria un certificat acreditatiu dels coneixements de catal\u00e0 per als processos de selecci\u00f3 de personal i de provisi\u00f3 de llocs de treball de l&#8217;Administraci\u00f3 de la Generalitat de Catalunya. A la <a href=\"https:\/\/agora.xtec.cat\/ieslallauna\/wp-content\/uploads\/usu21\/2022\/02\/equivalencies_nivellC.pdf\" target=\"_blank\" rel=\"noopener\">taula d&#8217;equival\u00e8ncies<\/a> hi teniu especificat quin nivell de catal\u00e0 correspon als estudis que heu cursat, els requisits i la documentaci\u00f3 que cal presentar. Sin\u00f3 disposeu de cap document que acrediti la vostra escolaritzaci\u00f3 al centre, cal omplir \u00a0la <a href=\"https:\/\/drive.google.com\/file\/d\/0B-hw15rIuPfHMWI5YmZmZTEtZjMzMS00MjgwLTk1ZjctOWIxYmVlMDYyN2Zh\/view\">sol\u00b7licitud de dades de l&#8217;expedient<\/a> per poder obtenir el certificat acreditatiu.<\/p>\n","protected":false},"excerpt":{"rendered":"<p>Documentaci\u00f3 Model de sol\u00b7licitud de certificats i\/o documentaci\u00f3 diversa Expedici\u00f3 de t\u00edtols d&#8217;ESO L&#8217;expedici\u00f3 dels t\u00edtols corresponents a l&#8217;ESO s&#8217;inicia d&#8217;ofici i, per tant, la persona interessada no ho ha de sol\u00b7licitar al centre ni ha de pagar cap taxa. Expedici\u00f3 del T\u00edtol de Batxillerat Cal dirigir-se a Secretaria per sol\u00b7licitar, un cop acabats els [&hellip;]<\/p>\n","protected":false},"author":3,"featured_media":0,"parent":566,"menu_order":0,"comment_status":"closed","ping_status":"closed","template":"page-templates\/side-menu.php","meta":{"_bbp_topic_count":0,"_bbp_reply_count":0,"_bbp_total_topic_count":0,"_bbp_total_reply_count":0,"_bbp_voice_count":0,"_bbp_anonymous_reply_count":0,"_bbp_topic_count_hidden":0,"_bbp_reply_count_hidden":0,"_bbp_forum_subforum_count":0,"site-sidebar-layout":"default","site-content-layout":"","ast-site-content-layout":"","site-content-style":"default","site-sidebar-style":"default","ast-global-header-display":"","ast-banner-title-visibility":"","ast-main-header-display":"","ast-hfb-above-header-display":"","ast-hfb-below-header-display":"","ast-hfb-mobile-header-display":"","site-post-title":"","ast-breadcrumbs-content":"","ast-featured-img":"","footer-sml-layout":"","theme-transparent-header-meta":"","adv-header-id-meta":"","stick-header-meta":"","header-above-stick-meta":"","header-main-stick-meta":"","header-below-stick-meta":"","astra-migrate-meta-layouts":"default","ast-page-background-enabled":"default","ast-page-background-meta":{"desktop":{"background-color":"var(--ast-global-color-4)","background-image":"","background-repeat":"repeat","background-position":"center center","background-size":"auto","background-attachment":"scroll","background-type":"","background-media":"","overlay-type":"","overlay-color":"","overlay-opacity":"","overlay-gradient":""},"tablet":{"background-color":"","background-image":"","background-repeat":"repeat","background-position":"center center","background-size":"auto","background-attachment":"scroll","background-type":"","background-media":"","overlay-type":"","overlay-color":"","overlay-opacity":"","overlay-gradient":""},"mobile":{"background-color":"","background-image":"","background-repeat":"repeat","background-position":"center center","background-size":"auto","background-attachment":"scroll","background-type":"","background-media":"","overlay-type":"","overlay-color":"","overlay-opacity":"","overlay-gradient":""}},"ast-content-background-meta":{"desktop":{"background-color":"var(--ast-global-color-5)","background-image":"","background-repeat":"repeat","background-position":"center center","background-size":"auto","background-attachment":"scroll","background-type":"","background-media":"","overlay-type":"","overlay-color":"","overlay-opacity":"","overlay-gradient":""},"tablet":{"background-color":"var(--ast-global-color-5)","background-image":"","background-repeat":"repeat","background-position":"center center","background-size":"auto","background-attachment":"scroll","background-type":"","background-media":"","overlay-type":"","overlay-color":"","overlay-opacity":"","overlay-gradient":""},"mobile":{"background-color":"var(--ast-global-color-5)","background-image":"","background-repeat":"repeat","background-position":"center center","background-size":"auto","background-attachment":"scroll","background-type":"","background-media":"","overlay-type":"","overlay-color":"","overlay-opacity":"","overlay-gradient":""}},"footnotes":""},"class_list":["post-589","page","type-page","status-publish","hentry"],"post_mailing_queue_ids":[],"_links":{"self":[{"href":"https:\/\/agora.xtec.cat\/ieslallauna\/wp-json\/wp\/v2\/pages\/589","targetHints":{"allow":["GET"]}}],"collection":[{"href":"https:\/\/agora.xtec.cat\/ieslallauna\/wp-json\/wp\/v2\/pages"}],"about":[{"href":"https:\/\/agora.xtec.cat\/ieslallauna\/wp-json\/wp\/v2\/types\/page"}],"author":[{"embeddable":true,"href":"https:\/\/agora.xtec.cat\/ieslallauna\/wp-json\/wp\/v2\/users\/3"}],"replies":[{"embeddable":true,"href":"https:\/\/agora.xtec.cat\/ieslallauna\/wp-json\/wp\/v2\/comments?post=589"}],"version-history":[{"count":3,"href":"https:\/\/agora.xtec.cat\/ieslallauna\/wp-json\/wp\/v2\/pages\/589\/revisions"}],"predecessor-version":[{"id":2389,"href":"https:\/\/agora.xtec.cat\/ieslallauna\/wp-json\/wp\/v2\/pages\/589\/revisions\/2389"}],"up":[{"embeddable":true,"href":"https:\/\/agora.xtec.cat\/ieslallauna\/wp-json\/wp\/v2\/pages\/566"}],"wp:attachment":[{"href":"https:\/\/agora.xtec.cat\/ieslallauna\/wp-json\/wp\/v2\/media?parent=589"}],"curies":[{"name":"wp","href":"https:\/\/api.w.org\/{rel}","templated":true}]}}