{"id":571,"date":"2020-07-08T16:10:47","date_gmt":"2020-07-08T14:10:47","guid":{"rendered":"https:\/\/agora.xtec.cat\/ieslallauna\/?page_id=571"},"modified":"2025-06-19T11:56:07","modified_gmt":"2025-06-19T09:56:07","slug":"preinscripcio-i-matricula","status":"publish","type":"page","link":"https:\/\/agora.xtec.cat\/ieslallauna\/secretaria\/preinscripcio-i-matricula\/","title":{"rendered":"Preinscripci\u00f3 i matr\u00edcula ESO i Batxillerat curs 2025\/2026. Alumnat nou"},"content":{"rendered":"<p><strong>Aquestes instruccions de matr\u00edcula nom\u00e9s s\u00f3n v\u00e0lides per al nou alumnat.\u00a0<\/strong><\/p>\n<p>En aquesta p\u00e0gina anirem actualitzant les informacions importants sobre el proc\u00e9s de preinscripci\u00f3 i matr\u00edcula. Si teniu dubtes, ens podeu escriure a <a href=\"secretaria@lallauna.cat\">secretaria@lallauna.cat<\/a><\/p>\n<p><strong>Properament anirem publicant la informaci\u00f3 corresponent a la preinscripci\u00f3 del curs 2025-2026<\/strong><\/p>\n<div><\/div>\n<p><span style=\"color: #800000;\"><strong>Educaci\u00f3 Secund\u00e0ria obligat\u00f2ria (ESO)<\/strong><\/span><\/p>\n<p>&#8211; Portes obertes: Dimarts 4 de mar\u00e7 a les 18:00h. No cal inscripci\u00f3 pr\u00e8via<br \/>\n&#8211; Preinscripci\u00f3: del 14 al 26 de mar\u00e7 de 2025<br \/>\n&#8211; Matr\u00edcula: del 25 de juny al 3 de juliol de 2025<\/p>\n<ul>\n<li><a href=\"https:\/\/preinscripcio.gencat.cat\/ca\/estudis\/eso\/inici\/\" target=\"_blank\" rel=\"noopener\">Preinscripci\u00f3 ESO. Calendari i instruccions. Web Gencat<\/a><\/li>\n<li><a href=\"https:\/\/agora.xtec.cat\/ieslallauna\/wp-content\/uploads\/usu21\/2025\/03\/Oferta-InicialESO.pdf\" target=\"_blank\" rel=\"noopener\">Oferta inicial de places ESO <\/a>(11\/3\/25)<\/li>\n<li><a href=\"https:\/\/agora.xtec.cat\/ieslallauna\/wp-content\/uploads\/usu21\/2025\/04\/INFORME_BAREM_PROVISIONAL_BAREM.pdf\" target=\"_blank\" rel=\"noopener\">Publicaci\u00f3 de la llista de sol\u00b7licituds que han demanat el centre i l&#8217;ensenyament en primera petici\u00f3 amb la puntuaci\u00f3 provisional<\/a> (24\/4\/25)<\/li>\n<li><a href=\"https:\/\/agora.xtec.cat\/ieslallauna\/wp-content\/uploads\/usu21\/2025\/05\/INFORME_BAREM_RESOLTES_BAREM.pdf\" target=\"_blank\" rel=\"noopener\">Publicaci\u00f3 de la llista de sol\u00b7licituds amb la puntuaci\u00f3 resoltes les reclamacions<\/a> (6\/5\/25)<\/li>\n<li>N\u00famero de desempat: 76.261<\/li>\n<li><a href=\"https:\/\/agora.xtec.cat\/ieslallauna\/wp-content\/uploads\/usu21\/2025\/05\/INFORME_BAREM_DEFINITIU_BAREM.pdf\" target=\"_blank\" rel=\"noopener\">Llista de sol\u00b7licituds baremada i ordenada<\/a> (9\/5\/25)<\/li>\n<li><a href=\"https:\/\/agora.xtec.cat\/ieslallauna\/wp-content\/uploads\/usu21\/2025\/06\/INFORME_PREINSCRITES_OME_INFORME_PREINSCRITES_OME-1.pdf\" target=\"_blank\" rel=\"noopener\">Alumnes preinscrits al centre <\/a>(16\/6)<\/li>\n<li><a href=\"https:\/\/agora.xtec.cat\/ieslallauna\/wp-content\/uploads\/usu21\/2025\/06\/INFORME_ASSIGNADES_INFORME_ASSIGNADES.pdf\" target=\"_blank\" rel=\"noopener\">Llista alumnes assignats al centre ESO<\/a> (16\/6)<\/li>\n<li><a href=\"https:\/\/agora.xtec.cat\/ieslallauna\/wp-content\/uploads\/usu21\/2025\/06\/INFORME_LLISTA_ESPERA_OME_LLISTA_ESPERA.pdf\" target=\"_blank\" rel=\"noopener\">Llista d&#8217;espera ESO<\/a> (16\/6)<\/li>\n<\/ul>\n<p><strong><span style=\"color: #800000;\">Batxillerat<\/span><\/strong><\/p>\n<p>Si teniu alguna pregunta, envieu un correu a <a href=\"consultes@lallauna.cat\" target=\"_blank\" rel=\"noopener\">consultes@lallauna.cat<\/a><\/p>\n<p>&#8211; Portes obertes: Dimecres 12 de mar\u00e7 a les 18h.<br \/>\n&#8211; Preinscripci\u00f3: Del 3 al 10 d&#8217;abril de 2025<br \/>\n&#8211; Matr\u00edcula: del 20 al 30 de juny de 2025<\/p>\n<ul style=\"font-size: 16px; font-family: 'Helvetica Neue', Helvetica, Helvetica, Arial, sans-serif;\">\n<li dir=\"ltr\"><a href=\"https:\/\/preinscripcio.gencat.cat\/ca\/estudis\/batxillerat\/inici\/\" target=\"_blank\" rel=\"noopener\">Calendari i terminis Batxillerat curs 2025-2026<\/a><\/li>\n<li dir=\"ltr\"><a href=\"https:\/\/agora.xtec.cat\/ieslallauna\/wp-content\/uploads\/usu21\/2025\/04\/Places-preinscripcio-batxillerat-25_26.pdf\" target=\"_blank\" rel=\"noopener\">Oferta inicial places Batxillerat curs 2025-2026<\/a> (3\/4\/25)<\/li>\n<li dir=\"ltr\"><a href=\"https:\/\/agora.xtec.cat\/ieslallauna\/wp-content\/uploads\/usu21\/2025\/05\/INFORME_BAREM_PROVISIONAL_BAREM-BATXI.pdf\" target=\"_blank\" rel=\"noopener\">Llista barem provisional<\/a> (16\/5\/25)<\/li>\n<li dir=\"ltr\"><span style=\"font-family: inherit; font-size: 1em;\"><a href=\"https:\/\/agora.xtec.cat\/ieslallauna\/wp-content\/uploads\/usu21\/2025\/05\/INFORME_BAREM_RESOLTES_BAREM-3.pdf\" target=\"_blank\" rel=\"noopener\">Llista de sol\u00b7licituds un cop resoltes les reclamacions<\/a> (28\/5\/25)<\/span><\/li>\n<li dir=\"ltr\"><a href=\"https:\/\/agora.xtec.cat\/ieslallauna\/wp-content\/uploads\/usu21\/2025\/06\/INFORME_BAREM_DEFINITIU_BAREM-1.pdf\" target=\"_blank\" rel=\"noopener\">Llista de preinscripcions ordenada <\/a>(2\/6\/25)<\/li>\n<li dir=\"ltr\"><a href=\"https:\/\/agora.xtec.cat\/ieslallauna\/wp-content\/uploads\/usu21\/2025\/06\/INFORME_PREINSCRITES_OME_INFORME_PREINSCRITES_OME.pdf\" target=\"_blank\" rel=\"noopener\">Alumnes preinscrits al centre<\/a> (19\/06\/25)<\/li>\n<li dir=\"ltr\"><a href=\"https:\/\/agora.xtec.cat\/ieslallauna\/wp-content\/uploads\/usu21\/2025\/06\/INFORME_ASSIGNADES_INFORME_ASSIGNADES-1.pdf\" target=\"_blank\" rel=\"noopener\">Llista d&#8217;alumnes assignats al centre <\/a>(19\/06\/25)<\/li>\n<li dir=\"ltr\"><a href=\"https:\/\/agora.xtec.cat\/ieslallauna\/wp-content\/uploads\/usu21\/2025\/06\/INFORME_LLISTA_ESPERA_OME_LLISTA_ESPERA-1.pdf\" target=\"_blank\" rel=\"noopener\">Llista d&#8217;espera<\/a> (19\/06\/25)<\/li>\n<\/ul>\n<p><span style=\"color: #800000;\"><strong>Batxibac<\/strong><\/span><\/p>\n<p>Si teniu dubtes sobre el Batxibac, envieu un correu a <a href=\"mailto:batxibac@lallauna.cat\" target=\"_blank\" rel=\"noopener\">batxibac@lallauna.cat<\/a><\/p>\n<p>&#8211; Portes obertes: Reuni\u00f3 telem\u00e0tica dijous 6 de mar\u00e7 a les 18h.<br \/>\n&#8211; Preinscripci\u00f3: Del 21 al 28 de mar\u00e7 de 2025<br \/>\n&#8211; Matr\u00edcula:<\/p>\n<ul style=\"font-size: 16px; font-family: 'Helvetica Neue', Helvetica, Helvetica, Arial, sans-serif;\">\n<li><a href=\"https:\/\/preinscripcio.gencat.cat\/ca\/estudis\/batxillerat\/informat\/doble-titulacio\/batxibac\/index.html\" target=\"_blank\" rel=\"noopener\">Calendari i terminis Batxibac curs 2025-2026<\/a><\/li>\n<li><a href=\"https:\/\/preinscripcio.gencat.cat\/ca\/estudis\/batxillerat\/informat\/doble-titulacio\/batxibac\/index.html\" target=\"_blank\" rel=\"noopener\">Informaci\u00f3 i documentaci\u00f3 que cal presentar<\/a> (19\/3\/25)<\/li>\n<\/ul>\n<p style=\"text-align: right;\">\u00daltima actualitzaci\u00f3: 19\/06\/25<\/p>\n<div><\/div>\n<p>&nbsp;<\/p>\n","protected":false},"excerpt":{"rendered":"<p>Aquestes instruccions de matr\u00edcula nom\u00e9s s\u00f3n v\u00e0lides per al nou alumnat.\u00a0 En aquesta p\u00e0gina anirem actualitzant les informacions importants sobre el proc\u00e9s de preinscripci\u00f3 i matr\u00edcula. Si teniu dubtes, ens podeu escriure a secretaria@lallauna.cat Properament anirem publicant la informaci\u00f3 corresponent a la preinscripci\u00f3 del curs 2025-2026 Educaci\u00f3 Secund\u00e0ria obligat\u00f2ria (ESO) &#8211; Portes obertes: Dimarts 4 [&hellip;]<\/p>\n","protected":false},"author":3,"featured_media":0,"parent":566,"menu_order":0,"comment_status":"closed","ping_status":"closed","template":"page-templates\/side-menu.php","meta":{"_bbp_topic_count":0,"_bbp_reply_count":0,"_bbp_total_topic_count":0,"_bbp_total_reply_count":0,"_bbp_voice_count":0,"_bbp_anonymous_reply_count":0,"_bbp_topic_count_hidden":0,"_bbp_reply_count_hidden":0,"_bbp_forum_subforum_count":0,"site-sidebar-layout":"default","site-content-layout":"","ast-site-content-layout":"","site-content-style":"default","site-sidebar-style":"default","ast-global-header-display":"","ast-banner-title-visibility":"","ast-main-header-display":"","ast-hfb-above-header-display":"","ast-hfb-below-header-display":"","ast-hfb-mobile-header-display":"","site-post-title":"","ast-breadcrumbs-content":"","ast-featured-img":"","footer-sml-layout":"","theme-transparent-header-meta":"","adv-header-id-meta":"","stick-header-meta":"","header-above-stick-meta":"","header-main-stick-meta":"","header-below-stick-meta":"","astra-migrate-meta-layouts":"default","ast-page-background-enabled":"default","ast-page-background-meta":{"desktop":{"background-color":"var(--ast-global-color-4)","background-image":"","background-repeat":"repeat","background-position":"center center","background-size":"auto","background-attachment":"scroll","background-type":"","background-media":"","overlay-type":"","overlay-color":"","overlay-opacity":"","overlay-gradient":""},"tablet":{"background-color":"","background-image":"","background-repeat":"repeat","background-position":"center center","background-size":"auto","background-attachment":"scroll","background-type":"","background-media":"","overlay-type":"","overlay-color":"","overlay-opacity":"","overlay-gradient":""},"mobile":{"background-color":"","background-image":"","background-repeat":"repeat","background-position":"center center","background-size":"auto","background-attachment":"scroll","background-type":"","background-media":"","overlay-type":"","overlay-color":"","overlay-opacity":"","overlay-gradient":""}},"ast-content-background-meta":{"desktop":{"background-color":"var(--ast-global-color-5)","background-image":"","background-repeat":"repeat","background-position":"center center","background-size":"auto","background-attachment":"scroll","background-type":"","background-media":"","overlay-type":"","overlay-color":"","overlay-opacity":"","overlay-gradient":""},"tablet":{"background-color":"var(--ast-global-color-5)","background-image":"","background-repeat":"repeat","background-position":"center center","background-size":"auto","background-attachment":"scroll","background-type":"","background-media":"","overlay-type":"","overlay-color":"","overlay-opacity":"","overlay-gradient":""},"mobile":{"background-color":"var(--ast-global-color-5)","background-image":"","background-repeat":"repeat","background-position":"center center","background-size":"auto","background-attachment":"scroll","background-type":"","background-media":"","overlay-type":"","overlay-color":"","overlay-opacity":"","overlay-gradient":""}},"footnotes":""},"class_list":["post-571","page","type-page","status-publish","hentry"],"post_mailing_queue_ids":[],"_links":{"self":[{"href":"https:\/\/agora.xtec.cat\/ieslallauna\/wp-json\/wp\/v2\/pages\/571","targetHints":{"allow":["GET"]}}],"collection":[{"href":"https:\/\/agora.xtec.cat\/ieslallauna\/wp-json\/wp\/v2\/pages"}],"about":[{"href":"https:\/\/agora.xtec.cat\/ieslallauna\/wp-json\/wp\/v2\/types\/page"}],"author":[{"embeddable":true,"href":"https:\/\/agora.xtec.cat\/ieslallauna\/wp-json\/wp\/v2\/users\/3"}],"replies":[{"embeddable":true,"href":"https:\/\/agora.xtec.cat\/ieslallauna\/wp-json\/wp\/v2\/comments?post=571"}],"version-history":[{"count":7,"href":"https:\/\/agora.xtec.cat\/ieslallauna\/wp-json\/wp\/v2\/pages\/571\/revisions"}],"predecessor-version":[{"id":4979,"href":"https:\/\/agora.xtec.cat\/ieslallauna\/wp-json\/wp\/v2\/pages\/571\/revisions\/4979"}],"up":[{"embeddable":true,"href":"https:\/\/agora.xtec.cat\/ieslallauna\/wp-json\/wp\/v2\/pages\/566"}],"wp:attachment":[{"href":"https:\/\/agora.xtec.cat\/ieslallauna\/wp-json\/wp\/v2\/media?parent=571"}],"curies":[{"name":"wp","href":"https:\/\/api.w.org\/{rel}","templated":true}]}}