{"id":5279,"date":"2026-01-30T11:07:55","date_gmt":"2026-01-30T10:07:55","guid":{"rendered":"https:\/\/agora.xtec.cat\/ieslallauna\/?page_id=5279"},"modified":"2026-01-30T11:10:51","modified_gmt":"2026-01-30T10:10:51","slug":"presentacio-2","status":"publish","type":"page","link":"https:\/\/agora.xtec.cat\/ieslallauna\/presentacio\/presentacio-2\/","title":{"rendered":"Presentaci\u00f3"},"content":{"rendered":"\n<p>La Llauna \u00e9s un centre de tres l\u00ednies d\u2019<strong>ESO<\/strong> i de <strong>Batxillerat<\/strong>, encara que per un augment demogr\u00e0fic puntual s\u2019ofereix un grup m\u00e9s a l\u2019ESO. \u00c9s un institut mitj\u00e0, en el qual tothom es coneix, i per tant el flux d\u2019informaci\u00f3 entre l\u2019alumnat i el professorat, entre el mateix professorat i entre les fam\u00edlies i el professorat \u00e9s f\u00e0cil. El centre disposa de tots els especialistes necessaris per poder portar endavant l\u2019ESO i els diferents Batxillerats (Cient\u00edfic-Tecnol\u00f2gic, Social-Human\u00edstic i <strong>Batxibac<\/strong>, batxillerat biling\u00fce en franc\u00e8s), aix\u00ed com d&#8217;un departament d\u2019orientaci\u00f3 format per diversos professionals.<\/p>\n\n\n\n<p>Les nostres preocupacions fonamentals s\u00f3n, d&#8217;una banda, proporcionar a l\u2019alumnat els h\u00e0bits de comportament i d\u2019estudi necessaris per poder sortir-se\u2019n en la nostra societat (<strong>saber fer<\/strong> i <strong>saber ser)<\/strong>, i de l&#8217;altre, assegurar l&#8217;adquisici\u00f3 de compet\u00e8ncies que han de permetre l&#8217;alumnat mobilitzar els <strong>sabers<\/strong> adquirits durant les diferents etapes educatives.<\/p>\n\n\n\n<p>Vetllem per mantenir un <strong>bon ambient de conviv\u00e8ncia, <\/strong>respectu\u00f3s amb la <strong>diversitat&nbsp;<\/strong> i una bona relaci\u00f3 entre l\u2019alumnat i el professorat. Per aconseguir aquests objectius donem una especial import\u00e0ncia a l\u2019<strong>acci\u00f3 tutorial<\/strong>.<\/p>\n\n\n\n<p>Per tal de refor\u00e7ar els bons h\u00e0bits de comportament que han de permetre un bon clima de conviv\u00e8ncia en el centre, afavorim la <strong>mediaci\u00f3<\/strong> per solucionar els conflictes.<\/p>\n","protected":false},"excerpt":{"rendered":"<p>La Llauna \u00e9s un centre de tres l\u00ednies d\u2019ESO i de Batxillerat, encara que per un augment demogr\u00e0fic puntual s\u2019ofereix un grup m\u00e9s a l\u2019ESO. \u00c9s un institut mitj\u00e0, en el qual tothom es coneix, i per tant el flux d\u2019informaci\u00f3 entre l\u2019alumnat i el professorat, entre el mateix professorat i entre les fam\u00edlies i [&hellip;]<\/p>\n","protected":false},"author":1,"featured_media":0,"parent":19,"menu_order":0,"comment_status":"closed","ping_status":"close","template":"","meta":{"_bbp_topic_count":0,"_bbp_reply_count":0,"_bbp_total_topic_count":0,"_bbp_total_reply_count":0,"_bbp_voice_count":0,"_bbp_anonymous_reply_count":0,"_bbp_topic_count_hidden":0,"_bbp_reply_count_hidden":0,"_bbp_forum_subforum_count":0,"site-sidebar-layout":"default","site-content-layout":"","ast-site-content-layout":"default","site-content-style":"default","site-sidebar-style":"default","ast-global-header-display":"","ast-banner-title-visibility":"","ast-main-header-display":"","ast-hfb-above-header-display":"","ast-hfb-below-header-display":"","ast-hfb-mobile-header-display":"","site-post-title":"","ast-breadcrumbs-content":"","ast-featured-img":"","footer-sml-layout":"","theme-transparent-header-meta":"","adv-header-id-meta":"","stick-header-meta":"","header-above-stick-meta":"","header-main-stick-meta":"","header-below-stick-meta":"","astra-migrate-meta-layouts":"set","ast-page-background-enabled":"default","ast-page-background-meta":{"desktop":{"background-color":"var(--ast-global-color-4)","background-image":"","background-repeat":"repeat","background-position":"center center","background-size":"auto","background-attachment":"scroll","background-type":"","background-media":"","overlay-type":"","overlay-color":"","overlay-opacity":"","overlay-gradient":""},"tablet":{"background-color":"","background-image":"","background-repeat":"repeat","background-position":"center center","background-size":"auto","background-attachment":"scroll","background-type":"","background-media":"","overlay-type":"","overlay-color":"","overlay-opacity":"","overlay-gradient":""},"mobile":{"background-color":"","background-image":"","background-repeat":"repeat","background-position":"center center","background-size":"auto","background-attachment":"scroll","background-type":"","background-media":"","overlay-type":"","overlay-color":"","overlay-opacity":"","overlay-gradient":""}},"ast-content-background-meta":{"desktop":{"background-color":"var(--ast-global-color-5)","background-image":"","background-repeat":"repeat","background-position":"center center","background-size":"auto","background-attachment":"scroll","background-type":"","background-media":"","overlay-type":"","overlay-color":"","overlay-opacity":"","overlay-gradient":""},"tablet":{"background-color":"var(--ast-global-color-5)","background-image":"","background-repeat":"repeat","background-position":"center center","background-size":"auto","background-attachment":"scroll","background-type":"","background-media":"","overlay-type":"","overlay-color":"","overlay-opacity":"","overlay-gradient":""},"mobile":{"background-color":"var(--ast-global-color-5)","background-image":"","background-repeat":"repeat","background-position":"center center","background-size":"auto","background-attachment":"scroll","background-type":"","background-media":"","overlay-type":"","overlay-color":"","overlay-opacity":"","overlay-gradient":""}},"footnotes":""},"class_list":["post-5279","page","type-page","status-publish","hentry"],"post_mailing_queue_ids":[],"_links":{"self":[{"href":"https:\/\/agora.xtec.cat\/ieslallauna\/wp-json\/wp\/v2\/pages\/5279","targetHints":{"allow":["GET"]}}],"collection":[{"href":"https:\/\/agora.xtec.cat\/ieslallauna\/wp-json\/wp\/v2\/pages"}],"about":[{"href":"https:\/\/agora.xtec.cat\/ieslallauna\/wp-json\/wp\/v2\/types\/page"}],"author":[{"embeddable":true,"href":"https:\/\/agora.xtec.cat\/ieslallauna\/wp-json\/wp\/v2\/users\/1"}],"replies":[{"embeddable":true,"href":"https:\/\/agora.xtec.cat\/ieslallauna\/wp-json\/wp\/v2\/comments?post=5279"}],"version-history":[{"count":2,"href":"https:\/\/agora.xtec.cat\/ieslallauna\/wp-json\/wp\/v2\/pages\/5279\/revisions"}],"predecessor-version":[{"id":5283,"href":"https:\/\/agora.xtec.cat\/ieslallauna\/wp-json\/wp\/v2\/pages\/5279\/revisions\/5283"}],"up":[{"embeddable":true,"href":"https:\/\/agora.xtec.cat\/ieslallauna\/wp-json\/wp\/v2\/pages\/19"}],"wp:attachment":[{"href":"https:\/\/agora.xtec.cat\/ieslallauna\/wp-json\/wp\/v2\/media?parent=5279"}],"curies":[{"name":"wp","href":"https:\/\/api.w.org\/{rel}","templated":true}]}}