{"id":5202,"date":"2026-01-29T11:37:54","date_gmt":"2026-01-29T10:37:54","guid":{"rendered":"https:\/\/agora.xtec.cat\/ieslallauna\/?page_id=5202"},"modified":"2026-04-09T12:19:47","modified_gmt":"2026-04-09T10:19:47","slug":"preinscripcio-curs-2026-2027","status":"publish","type":"page","link":"https:\/\/agora.xtec.cat\/ieslallauna\/preinscripcio-curs-2026-2027\/","title":{"rendered":"Preinscripci\u00f3 curs 2026\/2027. Alumnat nou."},"content":{"rendered":"\n<p><strong>Aquestes instruccions nom\u00e9s s\u00f3n v\u00e0lides per al nou alumnat.&nbsp;<\/strong><\/p>\n\n\n\n<p>En aquesta p\u00e0gina anirem actualitzant les informacions importants sobre el proc\u00e9s de preinscripci\u00f3 i matr\u00edcula. Si teniu dubtes, ens podeu escriure a&nbsp;<a href=\"https:\/\/agora.xtec.cat\/ieslallauna\/secretaria\/preinscripcio-i-matricula\/secretaria@lallauna.cat?customize_changeset_uuid=7470aa94-4c71-4afc-bd04-9b41e802f5ce&amp;customize_autosaved=on&amp;customize_messenger_channel=preview-39\">secretaria@lallauna.cat<\/a><\/p>\n\n\n\n<p><strong>Properament anirem publicant la informaci\u00f3 corresponent a la preinscripci\u00f3 del curs 2026-202<\/strong>7<\/p>\n\n\n\n<hr class=\"wp-block-separator has-alpha-channel-opacity is-style-wide\"\/>\n\n\n\n<p><strong>Educaci\u00f3 Secund\u00e0ria obligat\u00f2ria (ESO)<\/strong><\/p>\n\n\n\n<ul class=\"wp-block-list\">\n<li>Preinscripci\u00f3: <strong>del 6 al 18 de mar\u00e7 de 2026<\/strong><\/li>\n\n\n\n<li><a href=\"https:\/\/agora.xtec.cat\/ieslallauna\/wp-content\/uploads\/usu21\/2026\/03\/INFORME_OFERTA_OME_INFORME_OFERTA-2.pdf\" target=\"_blank\" rel=\"noreferrer noopener\">Oferta inicial de places d&#8217;ESO<\/a><\/li>\n<\/ul>\n\n\n\n<p class=\"has-text-align-right\" style=\"font-size:15px\"><a href=\"https:\/\/preinscripcio.gencat.cat\/ca\/estudis\/eso\/inici\/\">Preinscripci\u00f3 ESO<\/a><\/p>\n\n\n\n<hr class=\"wp-block-separator has-alpha-channel-opacity is-style-wide\"\/>\n\n\n\n<p><strong>Batxillerat<\/strong><\/p>\n\n\n\n<ul class=\"wp-block-list\">\n<li>Preinscripci\u00f3: <strong>del 9 al 16 d&#8217;abril de 2026<\/strong><\/li>\n\n\n\n<li><a href=\"https:\/\/drive.google.com\/file\/d\/1nBKylgCgbLkH3zAwD5cvHCHXDn-G-NIc\/view\" target=\"_blank\" rel=\"noreferrer noopener\">Oferta inicial places BATXILLERAT 26\/27<\/a><\/li>\n<\/ul>\n\n\n\n<p class=\"has-text-align-right\" style=\"font-size:15px\"><a href=\"https:\/\/preinscripcio.gencat.cat\/ca\/estudis\/batxillerat\/inici\/\">Preinscripci\u00f3 BATXILLERAT<\/a><\/p>\n\n\n\n<hr class=\"wp-block-separator has-alpha-channel-opacity is-style-wide\"\/>\n\n\n\n<p><strong>Batxibac<\/strong><\/p>\n\n\n\n<ul class=\"wp-block-list\">\n<li>Publicaci\u00f3 de les places ofertades:&nbsp;<strong>19 de mar\u00e7 de 2026<\/strong><\/li>\n\n\n\n<li>Presentaci\u00f3 de sol\u00b7licituds:&nbsp;<strong>del 20 al 27 de mar\u00e7 de 2026<\/strong><\/li>\n\n\n\n<li>Publicaci\u00f3 de la llista d\u2019admesos:&nbsp;<strong>7 d\u2019abril de 2026<\/strong><\/li>\n\n\n\n<li><a href=\"https:\/\/docs.google.com\/document\/d\/1nZcWxmH7vABorOwzBONHh9hXGK5AeRVPRlck7bSXFVQ\/edit?tab=t.0\" target=\"_blank\" rel=\"noreferrer noopener\">Oferta inicial places BATXIBAC 26\/27<\/a><\/li>\n<\/ul>\n\n\n\n<hr class=\"wp-block-separator has-alpha-channel-opacity is-style-wide\"\/>\n\n\n\n<p><a href=\"https:\/\/preinscripcio.gencat.cat\/ca\/detalls\/noticia\/dates-preinscripcio-2026-2027\">Publicaci\u00f3 oficial del calendari. Departament d&#8217;Educaci\u00f3<\/a>.<\/p>\n","protected":false},"excerpt":{"rendered":"<p>Aquestes instruccions nom\u00e9s s\u00f3n v\u00e0lides per al nou alumnat.&nbsp; En aquesta p\u00e0gina anirem actualitzant les informacions importants sobre el proc\u00e9s de preinscripci\u00f3 i matr\u00edcula. Si teniu dubtes, ens podeu escriure a&nbsp;secretaria@lallauna.cat Properament anirem publicant la informaci\u00f3 corresponent a la preinscripci\u00f3 del curs 2026-2027 Educaci\u00f3 Secund\u00e0ria obligat\u00f2ria (ESO) Preinscripci\u00f3 ESO Batxillerat Preinscripci\u00f3 BATXILLERAT Batxibac Publicaci\u00f3 oficial [&hellip;]<\/p>\n","protected":false},"author":1,"featured_media":0,"parent":0,"menu_order":0,"comment_status":"closed","ping_status":"close","template":"","meta":{"_bbp_topic_count":0,"_bbp_reply_count":0,"_bbp_total_topic_count":0,"_bbp_total_reply_count":0,"_bbp_voice_count":0,"_bbp_anonymous_reply_count":0,"_bbp_topic_count_hidden":0,"_bbp_reply_count_hidden":0,"_bbp_forum_subforum_count":0,"site-sidebar-layout":"default","site-content-layout":"","ast-site-content-layout":"default","site-content-style":"default","site-sidebar-style":"default","ast-global-header-display":"","ast-banner-title-visibility":"","ast-main-header-display":"","ast-hfb-above-header-display":"","ast-hfb-below-header-display":"","ast-hfb-mobile-header-display":"","site-post-title":"","ast-breadcrumbs-content":"","ast-featured-img":"","footer-sml-layout":"","theme-transparent-header-meta":"","adv-header-id-meta":"","stick-header-meta":"","header-above-stick-meta":"","header-main-stick-meta":"","header-below-stick-meta":"","astra-migrate-meta-layouts":"set","ast-page-background-enabled":"default","ast-page-background-meta":{"desktop":{"background-color":"var(--ast-global-color-4)","background-image":"","background-repeat":"repeat","background-position":"center center","background-size":"auto","background-attachment":"scroll","background-type":"","background-media":"","overlay-type":"","overlay-color":"","overlay-opacity":"","overlay-gradient":""},"tablet":{"background-color":"","background-image":"","background-repeat":"repeat","background-position":"center center","background-size":"auto","background-attachment":"scroll","background-type":"","background-media":"","overlay-type":"","overlay-color":"","overlay-opacity":"","overlay-gradient":""},"mobile":{"background-color":"","background-image":"","background-repeat":"repeat","background-position":"center center","background-size":"auto","background-attachment":"scroll","background-type":"","background-media":"","overlay-type":"","overlay-color":"","overlay-opacity":"","overlay-gradient":""}},"ast-content-background-meta":{"desktop":{"background-color":"var(--ast-global-color-5)","background-image":"","background-repeat":"repeat","background-position":"center center","background-size":"auto","background-attachment":"scroll","background-type":"","background-media":"","overlay-type":"","overlay-color":"","overlay-opacity":"","overlay-gradient":""},"tablet":{"background-color":"var(--ast-global-color-5)","background-image":"","background-repeat":"repeat","background-position":"center center","background-size":"auto","background-attachment":"scroll","background-type":"","background-media":"","overlay-type":"","overlay-color":"","overlay-opacity":"","overlay-gradient":""},"mobile":{"background-color":"var(--ast-global-color-5)","background-image":"","background-repeat":"repeat","background-position":"center center","background-size":"auto","background-attachment":"scroll","background-type":"","background-media":"","overlay-type":"","overlay-color":"","overlay-opacity":"","overlay-gradient":""}},"footnotes":""},"class_list":["post-5202","page","type-page","status-publish","hentry"],"post_mailing_queue_ids":[],"_links":{"self":[{"href":"https:\/\/agora.xtec.cat\/ieslallauna\/wp-json\/wp\/v2\/pages\/5202","targetHints":{"allow":["GET"]}}],"collection":[{"href":"https:\/\/agora.xtec.cat\/ieslallauna\/wp-json\/wp\/v2\/pages"}],"about":[{"href":"https:\/\/agora.xtec.cat\/ieslallauna\/wp-json\/wp\/v2\/types\/page"}],"author":[{"embeddable":true,"href":"https:\/\/agora.xtec.cat\/ieslallauna\/wp-json\/wp\/v2\/users\/1"}],"replies":[{"embeddable":true,"href":"https:\/\/agora.xtec.cat\/ieslallauna\/wp-json\/wp\/v2\/comments?post=5202"}],"version-history":[{"count":6,"href":"https:\/\/agora.xtec.cat\/ieslallauna\/wp-json\/wp\/v2\/pages\/5202\/revisions"}],"predecessor-version":[{"id":5572,"href":"https:\/\/agora.xtec.cat\/ieslallauna\/wp-json\/wp\/v2\/pages\/5202\/revisions\/5572"}],"wp:attachment":[{"href":"https:\/\/agora.xtec.cat\/ieslallauna\/wp-json\/wp\/v2\/media?parent=5202"}],"curies":[{"name":"wp","href":"https:\/\/api.w.org\/{rel}","templated":true}]}}