{"id":5182,"date":"2026-01-28T12:13:01","date_gmt":"2026-01-28T11:13:01","guid":{"rendered":"https:\/\/agora.xtec.cat\/ieslallauna\/?page_id=5182"},"modified":"2026-02-02T11:48:52","modified_gmt":"2026-02-02T10:48:52","slug":"membres-del-consell-escolar","status":"publish","type":"page","link":"https:\/\/agora.xtec.cat\/ieslallauna\/consell-escolar\/membres-del-consell-escolar\/","title":{"rendered":"Membres del consell escolar 25\/26"},"content":{"rendered":"\n<figure class=\"wp-block-table is-style-regular\"><table><tbody><tr><td><mark style=\"background-color:rgba(0, 0, 0, 0)\" class=\"has-inline-color has-ast-global-color-0-color\">DIRECTOR\/A<\/mark><\/td><td>Lidia Miras Miralles<\/td><\/tr><tr><td><mark style=\"background-color:rgba(0, 0, 0, 0)\" class=\"has-inline-color has-ast-global-color-0-color\">CAP D&#8217;ESTUDIS<\/mark><\/td><td>Visitaci\u00f3n Mart\u00ednez Abell\u00e1n<\/td><\/tr><tr><td><mark style=\"background-color:rgba(0, 0, 0, 0)\" class=\"has-inline-color has-ast-global-color-0-color\">SECRETARI<\/mark><\/td><td>Pablo Trave Cabero<\/td><\/tr><tr><td><mark style=\"background-color:rgba(0, 0, 0, 0);color:#017dfe\" class=\"has-inline-color\">ALUMNAT<\/mark><\/td><td>Marcel Soler Cuesta<\/td><\/tr><tr><td><mark style=\"background-color:rgba(0, 0, 0, 0);color:#017dfe\" class=\"has-inline-color\">ALUMNAT<\/mark><\/td><td>Xuacu Rodr\u00edguez Casanovas<\/td><\/tr><tr><td><mark style=\"background-color:rgba(0, 0, 0, 0);color:#987afa\" class=\"has-inline-color\">AFA<\/mark><\/td><td>Oriol Soler Llaurad\u00f3<\/td><\/tr><tr><td><mark style=\"background-color:rgba(0, 0, 0, 0);color:#8500f9\" class=\"has-inline-color\">FAM\u00cdLIES<\/mark><\/td><td>Ferran Sancho Teixid\u00f3<\/td><\/tr><tr><td><mark style=\"background-color:rgba(0, 0, 0, 0);color:#8500f9\" class=\"has-inline-color\">FAM\u00cdLIES<\/mark><\/td><td>Rosa Anna Pujades<\/td><\/tr><tr><td><mark style=\"background-color:rgba(0, 0, 0, 0);color:#8500f9\" class=\"has-inline-color\">FAM\u00cdLIES<\/mark><\/td><td>Rub\u00e9n Hern\u00e1ndez Mart\u00edn<\/td><\/tr><tr><td><mark style=\"background-color:rgba(0, 0, 0, 0);color:#f805e5\" class=\"has-inline-color\">PAE<\/mark><\/td><td>Beatriz Ben\u00edtez Ib\u00e1nez<\/td><\/tr><tr><td><mark style=\"background-color:rgba(0, 0, 0, 0);color:#f70298\" class=\"has-inline-color\">PAS<\/mark><\/td><td>Alejandro Pujol Allu\u00e9<\/td><\/tr><tr><td><mark style=\"background-color:rgba(0, 0, 0, 0);color:#fe003d\" class=\"has-inline-color\">PROFESSORAT<\/mark><\/td><td>Assumpta R\u00e0fols Rubires<\/td><\/tr><tr><td><mark style=\"background-color:rgba(0, 0, 0, 0);color:#fe003d\" class=\"has-inline-color\">PROFESSORAT<\/mark><\/td><td>Meritxell Nus Gallart<\/td><\/tr><tr><td><mark style=\"background-color:rgba(0, 0, 0, 0);color:#fe003d\" class=\"has-inline-color\">PROFESSORAT<\/mark><\/td><td>Mireia Gran\u00e9 Suri\u00f1a<\/td><\/tr><tr><td><mark style=\"background-color:rgba(0, 0, 0, 0);color:#fe003d\" class=\"has-inline-color\">PROFESSORAT<\/mark><\/td><td>Ramon Rodr\u00edguez Perea<\/td><\/tr><tr><td><mark style=\"background-color:rgba(0, 0, 0, 0);color:#fe003d\" class=\"has-inline-color\">PROFESSORAT<\/mark><\/td><td>S\u00edlvia \u00c1lvarez Santos<\/td><\/tr><\/tbody><\/table><\/figure>\n\n\n\n<p class=\"has-text-align-right has-small-font-size\">Actualitzat 02\/02\/26<\/p>\n\n\n\n<details class=\"wp-block-details is-layout-flow wp-block-details-is-layout-flow\"><summary>Funcions del consell escolar<\/summary>\n<p>\u25cf Participar en l&#8217;aprovaci\u00f3 del projecte educatiu i les seves modificacions. El consell escolar ha<br>de ser consultat pel director de manera preceptiva per valorar la proposta del projecte<br>educatiu i manifestar el seu suport amb una majoria de les tres cinquenes parts dels<br>membres.<br>\u25cf Participar en l&#8217;aprovaci\u00f3 de la programaci\u00f3 general anual, de les normes de funcionament i de<br>la gesti\u00f3 econ\u00f2mica del centre. El consell escolar ha de ser consultat de manera preceptiva<br>per valorar cada una de les propostes i manifestar el seu suport per majoria simple dels<br>membres.<br>\u25cf Avaluar l&#8217;aplicaci\u00f3 del projecte educatiu i de les seves modificacions aix\u00ed com de la resta de<br>documents de gesti\u00f3 del centre.<br>\u25cf Aprovar les propostes d&#8217;acords de corresponsabilitat, convenis i altres acords de col\u00b7laboraci\u00f3<br>del centre amb entitats i institucions.<br>\u25cf Intervenir en el procediment d&#8217;admissi\u00f3 d&#8217;alumnes.<br>\u25cf Participar en el procediment de selecci\u00f3 i en la proposta de cessament del director o<br>directora.<br>\u25cf Intervenir en la resoluci\u00f3 dels conflictes i, si escau, revisar les sancions als alumnes.<br>\u25cf Aprovar les directrius per a la programaci\u00f3 d&#8217;activitats escolars complement\u00e0ries i d&#8217;activitats<br>extraescolars, i avaluar-ne el desenvolupament.<br>\u25cf Participar en les an\u00e0lisis i les avaluacions del funcionament general del centre i con\u00e8ixer<br>l&#8217;evoluci\u00f3 del rendiment escolar.<br>\u25cf Aprovar els criteris de col\u00b7laboraci\u00f3 amb altres centres i amb l&#8217;entorn.<br>\u25cf Qualsevol altre que li sigui atribu\u00efda per les normes legals o reglament\u00e0ries.<\/p>\n\n\n\n<p class=\"has-small-font-size\"><a href=\"https:\/\/educacio.gencat.cat\/ca\/arees-actuacio\/centres-serveis-educatius\/centres\/consells-escolars-centres\/centres-publics\/\" target=\"_blank\" rel=\"noreferrer noopener\">Link Departament d&#8217;Educaci\u00f3<\/a><\/p>\n<\/details>\n","protected":false},"excerpt":{"rendered":"<p>DIRECTOR\/A Lidia Miras Miralles CAP D&#8217;ESTUDIS Visitaci\u00f3n Mart\u00ednez Abell\u00e1n SECRETARI Pablo Trave Cabero ALUMNAT Marcel Soler Cuesta ALUMNAT Xuacu Rodr\u00edguez Casanovas AFA Oriol Soler Llaurad\u00f3 FAM\u00cdLIES Ferran Sancho Teixid\u00f3 FAM\u00cdLIES Rosa Anna Pujades FAM\u00cdLIES Rub\u00e9n Hern\u00e1ndez Mart\u00edn PAE Beatriz Ben\u00edtez Ib\u00e1nez PAS Alejandro Pujol Allu\u00e9 PROFESSORAT Assumpta R\u00e0fols Rubires PROFESSORAT Meritxell Nus Gallart PROFESSORAT Mireia [&hellip;]<\/p>\n","protected":false},"author":1,"featured_media":0,"parent":5181,"menu_order":0,"comment_status":"closed","ping_status":"close","template":"","meta":{"_bbp_topic_count":0,"_bbp_reply_count":0,"_bbp_total_topic_count":0,"_bbp_total_reply_count":0,"_bbp_voice_count":0,"_bbp_anonymous_reply_count":0,"_bbp_topic_count_hidden":0,"_bbp_reply_count_hidden":0,"_bbp_forum_subforum_count":0,"site-sidebar-layout":"default","site-content-layout":"","ast-site-content-layout":"default","site-content-style":"default","site-sidebar-style":"default","ast-global-header-display":"","ast-banner-title-visibility":"","ast-main-header-display":"","ast-hfb-above-header-display":"","ast-hfb-below-header-display":"","ast-hfb-mobile-header-display":"","site-post-title":"","ast-breadcrumbs-content":"","ast-featured-img":"","footer-sml-layout":"","theme-transparent-header-meta":"","adv-header-id-meta":"","stick-header-meta":"","header-above-stick-meta":"","header-main-stick-meta":"","header-below-stick-meta":"","astra-migrate-meta-layouts":"set","ast-page-background-enabled":"default","ast-page-background-meta":{"desktop":{"background-color":"var(--ast-global-color-4)","background-image":"","background-repeat":"repeat","background-position":"center center","background-size":"auto","background-attachment":"scroll","background-type":"","background-media":"","overlay-type":"","overlay-color":"","overlay-opacity":"","overlay-gradient":""},"tablet":{"background-color":"","background-image":"","background-repeat":"repeat","background-position":"center center","background-size":"auto","background-attachment":"scroll","background-type":"","background-media":"","overlay-type":"","overlay-color":"","overlay-opacity":"","overlay-gradient":""},"mobile":{"background-color":"","background-image":"","background-repeat":"repeat","background-position":"center center","background-size":"auto","background-attachment":"scroll","background-type":"","background-media":"","overlay-type":"","overlay-color":"","overlay-opacity":"","overlay-gradient":""}},"ast-content-background-meta":{"desktop":{"background-color":"var(--ast-global-color-5)","background-image":"","background-repeat":"repeat","background-position":"center center","background-size":"auto","background-attachment":"scroll","background-type":"","background-media":"","overlay-type":"","overlay-color":"","overlay-opacity":"","overlay-gradient":""},"tablet":{"background-color":"var(--ast-global-color-5)","background-image":"","background-repeat":"repeat","background-position":"center center","background-size":"auto","background-attachment":"scroll","background-type":"","background-media":"","overlay-type":"","overlay-color":"","overlay-opacity":"","overlay-gradient":""},"mobile":{"background-color":"var(--ast-global-color-5)","background-image":"","background-repeat":"repeat","background-position":"center center","background-size":"auto","background-attachment":"scroll","background-type":"","background-media":"","overlay-type":"","overlay-color":"","overlay-opacity":"","overlay-gradient":""}},"footnotes":""},"class_list":["post-5182","page","type-page","status-publish","hentry"],"post_mailing_queue_ids":[],"_links":{"self":[{"href":"https:\/\/agora.xtec.cat\/ieslallauna\/wp-json\/wp\/v2\/pages\/5182","targetHints":{"allow":["GET"]}}],"collection":[{"href":"https:\/\/agora.xtec.cat\/ieslallauna\/wp-json\/wp\/v2\/pages"}],"about":[{"href":"https:\/\/agora.xtec.cat\/ieslallauna\/wp-json\/wp\/v2\/types\/page"}],"author":[{"embeddable":true,"href":"https:\/\/agora.xtec.cat\/ieslallauna\/wp-json\/wp\/v2\/users\/1"}],"replies":[{"embeddable":true,"href":"https:\/\/agora.xtec.cat\/ieslallauna\/wp-json\/wp\/v2\/comments?post=5182"}],"version-history":[{"count":3,"href":"https:\/\/agora.xtec.cat\/ieslallauna\/wp-json\/wp\/v2\/pages\/5182\/revisions"}],"predecessor-version":[{"id":5322,"href":"https:\/\/agora.xtec.cat\/ieslallauna\/wp-json\/wp\/v2\/pages\/5182\/revisions\/5322"}],"up":[{"embeddable":true,"href":"https:\/\/agora.xtec.cat\/ieslallauna\/wp-json\/wp\/v2\/pages\/5181"}],"wp:attachment":[{"href":"https:\/\/agora.xtec.cat\/ieslallauna\/wp-json\/wp\/v2\/media?parent=5182"}],"curies":[{"name":"wp","href":"https:\/\/api.w.org\/{rel}","templated":true}]}}