{"id":5055,"date":"2025-10-03T14:38:22","date_gmt":"2025-10-03T12:38:22","guid":{"rendered":"https:\/\/agora.xtec.cat\/ieslallauna\/?page_id=5055"},"modified":"2026-01-29T13:06:23","modified_gmt":"2026-01-29T12:06:23","slug":"documents-de-centre","status":"publish","type":"page","link":"https:\/\/agora.xtec.cat\/ieslallauna\/presentacio\/documents-de-centre\/","title":{"rendered":"Documents de centre"},"content":{"rendered":"<p>En els seg\u00fcents links trobareu els documents m\u00e9s importants per al funcionament del centre:<\/p>\n<ul>\n<li><a href=\"https:\/\/agora.xtec.cat\/ieslallauna\/wp-content\/uploads\/usu21\/2025\/09\/NOFC-2025.pdf\">Normes d&#8217;organitzaci\u00f3 i funcionament de centre (NOFC)<\/a><\/li>\n<li><a href=\"https:\/\/agora.xtec.cat\/ieslallauna\/wp-content\/uploads\/usu21\/2023\/09\/POCAT-altes-temperatures-versio-2-amb-index.docx-2.pdf\">Pla d\u2019Organitzaci\u00f3 del Centre per Altes Temperatures (POCAT)<\/a><\/li>\n<li><a href=\"https:\/\/agora.xtec.cat\/ieslallauna\/wp-content\/uploads\/usu21\/2020\/10\/PEC_octubre2019.pdf\">Projecte educatiu de centre (PEC)<\/a><\/li>\n<li><a href=\"https:\/\/agora.xtec.cat\/ieslallauna\/wp-content\/uploads\/usu21\/2024\/05\/PLClallauna2324v7.pdf\">Projecte Ling\u00fc\u00edstic<\/a><\/li>\n<li><a href=\"https:\/\/agora.xtec.cat\/ieslallauna\/coordinacio-prevencio-de-riscos-laborals\/\">Pla de prevenci\u00f3 de riscos laborals<\/a><\/li>\n<\/ul>\n","protected":false},"excerpt":{"rendered":"<p>En els seg\u00fcents links trobareu els documents m\u00e9s importants per al funcionament del centre: Normes d&#8217;organitzaci\u00f3 i funcionament de centre (NOFC) Pla d\u2019Organitzaci\u00f3 del Centre per Altes Temperatures (POCAT) Projecte educatiu de centre (PEC) Projecte Ling\u00fc\u00edstic Pla de prevenci\u00f3 de riscos laborals<\/p>\n","protected":false},"author":1,"featured_media":0,"parent":19,"menu_order":15,"comment_status":"closed","ping_status":"closed","template":"","meta":{"_bbp_topic_count":0,"_bbp_reply_count":0,"_bbp_total_topic_count":0,"_bbp_total_reply_count":0,"_bbp_voice_count":0,"_bbp_anonymous_reply_count":0,"_bbp_topic_count_hidden":0,"_bbp_reply_count_hidden":0,"_bbp_forum_subforum_count":0,"site-sidebar-layout":"default","site-content-layout":"","ast-site-content-layout":"default","site-content-style":"default","site-sidebar-style":"default","ast-global-header-display":"","ast-banner-title-visibility":"","ast-main-header-display":"","ast-hfb-above-header-display":"","ast-hfb-below-header-display":"","ast-hfb-mobile-header-display":"","site-post-title":"","ast-breadcrumbs-content":"","ast-featured-img":"","footer-sml-layout":"","theme-transparent-header-meta":"","adv-header-id-meta":"","stick-header-meta":"","header-above-stick-meta":"","header-main-stick-meta":"","header-below-stick-meta":"","astra-migrate-meta-layouts":"set","ast-page-background-enabled":"default","ast-page-background-meta":{"desktop":{"background-color":"var(--ast-global-color-4)","background-image":"","background-repeat":"repeat","background-position":"center center","background-size":"auto","background-attachment":"scroll","background-type":"","background-media":"","overlay-type":"","overlay-color":"","overlay-opacity":"","overlay-gradient":""},"tablet":{"background-color":"","background-image":"","background-repeat":"repeat","background-position":"center center","background-size":"auto","background-attachment":"scroll","background-type":"","background-media":"","overlay-type":"","overlay-color":"","overlay-opacity":"","overlay-gradient":""},"mobile":{"background-color":"","background-image":"","background-repeat":"repeat","background-position":"center center","background-size":"auto","background-attachment":"scroll","background-type":"","background-media":"","overlay-type":"","overlay-color":"","overlay-opacity":"","overlay-gradient":""}},"ast-content-background-meta":{"desktop":{"background-color":"var(--ast-global-color-5)","background-image":"","background-repeat":"repeat","background-position":"center center","background-size":"auto","background-attachment":"scroll","background-type":"","background-media":"","overlay-type":"","overlay-color":"","overlay-opacity":"","overlay-gradient":""},"tablet":{"background-color":"var(--ast-global-color-5)","background-image":"","background-repeat":"repeat","background-position":"center center","background-size":"auto","background-attachment":"scroll","background-type":"","background-media":"","overlay-type":"","overlay-color":"","overlay-opacity":"","overlay-gradient":""},"mobile":{"background-color":"var(--ast-global-color-5)","background-image":"","background-repeat":"repeat","background-position":"center center","background-size":"auto","background-attachment":"scroll","background-type":"","background-media":"","overlay-type":"","overlay-color":"","overlay-opacity":"","overlay-gradient":""}},"footnotes":""},"class_list":["post-5055","page","type-page","status-publish","hentry"],"post_mailing_queue_ids":[],"_links":{"self":[{"href":"https:\/\/agora.xtec.cat\/ieslallauna\/wp-json\/wp\/v2\/pages\/5055","targetHints":{"allow":["GET"]}}],"collection":[{"href":"https:\/\/agora.xtec.cat\/ieslallauna\/wp-json\/wp\/v2\/pages"}],"about":[{"href":"https:\/\/agora.xtec.cat\/ieslallauna\/wp-json\/wp\/v2\/types\/page"}],"author":[{"embeddable":true,"href":"https:\/\/agora.xtec.cat\/ieslallauna\/wp-json\/wp\/v2\/users\/1"}],"replies":[{"embeddable":true,"href":"https:\/\/agora.xtec.cat\/ieslallauna\/wp-json\/wp\/v2\/comments?post=5055"}],"version-history":[{"count":4,"href":"https:\/\/agora.xtec.cat\/ieslallauna\/wp-json\/wp\/v2\/pages\/5055\/revisions"}],"predecessor-version":[{"id":5262,"href":"https:\/\/agora.xtec.cat\/ieslallauna\/wp-json\/wp\/v2\/pages\/5055\/revisions\/5262"}],"up":[{"embeddable":true,"href":"https:\/\/agora.xtec.cat\/ieslallauna\/wp-json\/wp\/v2\/pages\/19"}],"wp:attachment":[{"href":"https:\/\/agora.xtec.cat\/ieslallauna\/wp-json\/wp\/v2\/media?parent=5055"}],"curies":[{"name":"wp","href":"https:\/\/api.w.org\/{rel}","templated":true}]}}