{"id":5054,"date":"2025-10-03T14:38:22","date_gmt":"2025-10-03T12:38:22","guid":{"rendered":"https:\/\/agora.xtec.cat\/ieslallauna\/?page_id=5054"},"modified":"2026-03-16T10:22:44","modified_gmt":"2026-03-16T09:22:44","slug":"equip-directiu-i-coordinacions","status":"publish","type":"page","link":"https:\/\/agora.xtec.cat\/ieslallauna\/presentacio\/equip-directiu-i-coordinacions\/","title":{"rendered":"Equip directiu i coordinacions"},"content":{"rendered":"<p><strong>Equip directiu<\/strong><\/p>\n<ul>\n<li><strong>Directora<\/strong>:\u00a0L\u00eddia Miras, direccio@lallauna.cat<\/li>\n<li><strong>Cap d\u2019estudis<\/strong>: Visi Mart\u00ednez, capdestudis@lallauna.cat<\/li>\n<li><strong>Coordinadora pedag\u00f2gica<\/strong>: Laura Figuerola, coord.pedagogica@lallauna.cat<\/li>\n<li><strong>Secret\u00e0ria acad\u00e8mica<\/strong>:\u00a0Pablo Trav\u00e9, a8040527@xtec.cat<\/li>\n<\/ul>\n<p><strong>Coordinacions<\/strong><\/p>\n<ul>\n<li><strong>Coordinadora 1r ESO:<\/strong>\u00a0Helena Carbonell, hcarbonell@lallauna.cat<\/li>\n<li><strong>Coordinador 2n ESO:<\/strong>\u00a0Enrique R\u00edos, erios@lallauna.cat<\/li>\n<li><strong>Coordinadora 3r ESO:<\/strong>\u00a0Cristina Iruela, crisiruela@lallauna.cat<\/li>\n<li><strong>Coordinadora 4t ESO:<\/strong>\u00a0Eva Garc\u00eda, mgarcia@lallauna.cat<\/li>\n<li><strong>Coordinador BATX:<\/strong>\u00a0Miquel Robles, mrobles@lallauna.cat<\/li>\n<li><strong>Coordinadora BATXIBAC:<\/strong>\u00a0Merc\u00e8 Tom\u00e9, mtome4@lallauna.cat<\/li>\n<li><strong>Coordinador digital:<\/strong>\u00a0\u00c0lex \u00c0lvarez, suporttic@lallauna.cat<\/li>\n<li><strong>Coordinador de riscos laborals<\/strong>: Arcadi Llorca, arcadi@lallauna.cat<\/li>\n<li><strong>Coordinador pla catal\u00e0 de l\u2019esport: Mart\u00ed Bar\u00f3<\/strong><strong>, <\/strong>mbaro@lallauna.cat<\/li>\n<li><strong>Coordinadora LIC:<\/strong>\u00a0Maria S\u00e1nchez, msanchez@lallauna.cat<\/li>\n<li><strong>Coord. sostenibilitat i festivitats:<\/strong>\u00a0Andrea Rossell\u00f3, arossel6@lallauna.cat<\/li>\n<li><strong>Coordinador comunicaci\u00f3 (xarxes i web):<\/strong>\u00a0Marc Agust\u00ed, suporttic@lallauna.cat<\/li>\n<\/ul>\n<p><strong>Caps de departament<\/strong><\/p>\n<ul>\n<li><strong>Llengua catalana:\u00a0<\/strong>Meritxell Nus, mnus2@lallauna.cat<\/li>\n<li><strong>Llengua castellana:\u00a0<\/strong>M\u00edriam Loscos, mloscos@lallauna.cat<\/li>\n<li><strong>Llengua anglesa:\u00a0<\/strong>Elisabeth Gonz\u00e1lez, egonzalez@lallauna.cat<\/li>\n<li><strong>Llengua francesa:\u00a0<\/strong>N\u00faria Anguera, nuria.anguera@lallauna.cat<\/li>\n<li><strong>Filosofia:<\/strong> Mart\u00ed Patrocinio, mpatrocinio@lallauna.cat<\/li>\n<li><strong>Matem\u00e0tiques:\u00a0<\/strong>Manuel Cuadrado, mcuadrad@lallauna.cat<\/li>\n<li><strong>Biologia i geologia:\u00a0<\/strong>Andrea Rossell\u00f3, arossel6@lallauna.cat<\/li>\n<li><strong>F\u00edsica i qu\u00edmica:\u00a0<\/strong>Fernando Castellano, fernando@lallauna.cat<\/li>\n<li><strong>Tecnologia:\u00a0<\/strong>J.A. Piqueras, jpiqueras@lallauna.cat<\/li>\n<li><strong>Expressi\u00f3 art\u00edstica (dibuix i m\u00fasica):\u00a0<\/strong>Jos\u00e9 Antonio Armario, jarmario@lallauna.cat<\/li>\n<li><strong>Socials (geografia, hist\u00f2ria i econom\u00eda):<\/strong>\u00a0Esther Rodr\u00edguez, erodri75@lallauna.cat<\/li>\n<li><strong>Orientaci\u00f3<\/strong>: N\u00faria Bl\u00e1zquez, nblazquez@lallauna.cat<\/li>\n<li><strong>Educaci\u00f3 f\u00edsica:\u00a0<\/strong>Ferran Mart\u00edn, fmartin@lallauna.cat<\/li>\n<\/ul>\n<p><strong>Correus gen\u00e8rics<\/strong><\/p>\n<ul>\n<li><strong>Secretaria i administraci\u00f3<\/strong>:\u00a0secretaria@lallauna.cat<\/li>\n<li><strong>Correu del centre:\u00a0<\/strong>a8040527@xtec.cat<\/li>\n<\/ul>\n","protected":false},"excerpt":{"rendered":"<p>Equip directiu Directora:\u00a0L\u00eddia Miras, direccio@lallauna.cat Cap d\u2019estudis: Visi Mart\u00ednez, capdestudis@lallauna.cat Coordinadora pedag\u00f2gica: Laura Figuerola, coord.pedagogica@lallauna.cat Secret\u00e0ria acad\u00e8mica:\u00a0Pablo Trav\u00e9, a8040527@xtec.cat Coordinacions Coordinadora 1r ESO:\u00a0Helena Carbonell, hcarbonell@lallauna.cat Coordinador 2n ESO:\u00a0Enrique R\u00edos, erios@lallauna.cat Coordinadora 3r ESO:\u00a0Cristina Iruela, crisiruela@lallauna.cat Coordinadora 4t ESO:\u00a0Eva Garc\u00eda, mgarcia@lallauna.cat Coordinador BATX:\u00a0Miquel Robles, mrobles@lallauna.cat Coordinadora BATXIBAC:\u00a0Merc\u00e8 Tom\u00e9, mtome4@lallauna.cat Coordinador digital:\u00a0\u00c0lex \u00c0lvarez, suporttic@lallauna.cat Coordinador de riscos [&hellip;]<\/p>\n","protected":false},"author":1,"featured_media":0,"parent":19,"menu_order":10,"comment_status":"closed","ping_status":"closed","template":"","meta":{"_bbp_topic_count":0,"_bbp_reply_count":0,"_bbp_total_topic_count":0,"_bbp_total_reply_count":0,"_bbp_voice_count":0,"_bbp_anonymous_reply_count":0,"_bbp_topic_count_hidden":0,"_bbp_reply_count_hidden":0,"_bbp_forum_subforum_count":0,"site-sidebar-layout":"default","site-content-layout":"","ast-site-content-layout":"default","site-content-style":"default","site-sidebar-style":"default","ast-global-header-display":"","ast-banner-title-visibility":"","ast-main-header-display":"","ast-hfb-above-header-display":"","ast-hfb-below-header-display":"","ast-hfb-mobile-header-display":"","site-post-title":"","ast-breadcrumbs-content":"","ast-featured-img":"","footer-sml-layout":"","theme-transparent-header-meta":"","adv-header-id-meta":"","stick-header-meta":"","header-above-stick-meta":"","header-main-stick-meta":"","header-below-stick-meta":"","astra-migrate-meta-layouts":"set","ast-page-background-enabled":"default","ast-page-background-meta":{"desktop":{"background-color":"var(--ast-global-color-4)","background-image":"","background-repeat":"repeat","background-position":"center center","background-size":"auto","background-attachment":"scroll","background-type":"","background-media":"","overlay-type":"","overlay-color":"","overlay-opacity":"","overlay-gradient":""},"tablet":{"background-color":"","background-image":"","background-repeat":"repeat","background-position":"center center","background-size":"auto","background-attachment":"scroll","background-type":"","background-media":"","overlay-type":"","overlay-color":"","overlay-opacity":"","overlay-gradient":""},"mobile":{"background-color":"","background-image":"","background-repeat":"repeat","background-position":"center center","background-size":"auto","background-attachment":"scroll","background-type":"","background-media":"","overlay-type":"","overlay-color":"","overlay-opacity":"","overlay-gradient":""}},"ast-content-background-meta":{"desktop":{"background-color":"var(--ast-global-color-5)","background-image":"","background-repeat":"repeat","background-position":"center center","background-size":"auto","background-attachment":"scroll","background-type":"","background-media":"","overlay-type":"","overlay-color":"","overlay-opacity":"","overlay-gradient":""},"tablet":{"background-color":"var(--ast-global-color-5)","background-image":"","background-repeat":"repeat","background-position":"center center","background-size":"auto","background-attachment":"scroll","background-type":"","background-media":"","overlay-type":"","overlay-color":"","overlay-opacity":"","overlay-gradient":""},"mobile":{"background-color":"var(--ast-global-color-5)","background-image":"","background-repeat":"repeat","background-position":"center center","background-size":"auto","background-attachment":"scroll","background-type":"","background-media":"","overlay-type":"","overlay-color":"","overlay-opacity":"","overlay-gradient":""}},"footnotes":""},"class_list":["post-5054","page","type-page","status-publish","hentry"],"post_mailing_queue_ids":[],"_links":{"self":[{"href":"https:\/\/agora.xtec.cat\/ieslallauna\/wp-json\/wp\/v2\/pages\/5054","targetHints":{"allow":["GET"]}}],"collection":[{"href":"https:\/\/agora.xtec.cat\/ieslallauna\/wp-json\/wp\/v2\/pages"}],"about":[{"href":"https:\/\/agora.xtec.cat\/ieslallauna\/wp-json\/wp\/v2\/types\/page"}],"author":[{"embeddable":true,"href":"https:\/\/agora.xtec.cat\/ieslallauna\/wp-json\/wp\/v2\/users\/1"}],"replies":[{"embeddable":true,"href":"https:\/\/agora.xtec.cat\/ieslallauna\/wp-json\/wp\/v2\/comments?post=5054"}],"version-history":[{"count":6,"href":"https:\/\/agora.xtec.cat\/ieslallauna\/wp-json\/wp\/v2\/pages\/5054\/revisions"}],"predecessor-version":[{"id":5548,"href":"https:\/\/agora.xtec.cat\/ieslallauna\/wp-json\/wp\/v2\/pages\/5054\/revisions\/5548"}],"up":[{"embeddable":true,"href":"https:\/\/agora.xtec.cat\/ieslallauna\/wp-json\/wp\/v2\/pages\/19"}],"wp:attachment":[{"href":"https:\/\/agora.xtec.cat\/ieslallauna\/wp-json\/wp\/v2\/media?parent=5054"}],"curies":[{"name":"wp","href":"https:\/\/api.w.org\/{rel}","templated":true}]}}