{"id":4195,"date":"2024-04-03T19:02:40","date_gmt":"2024-04-03T17:02:40","guid":{"rendered":"https:\/\/agora.xtec.cat\/ieslallauna\/?page_id=4195"},"modified":"2026-02-26T13:02:22","modified_gmt":"2026-02-26T12:02:22","slug":"40-anys-de-la-llauna-un-referent-educatiu-a-la-ciutat","status":"publish","type":"page","link":"https:\/\/agora.xtec.cat\/ieslallauna\/presentacio\/presentacio-2\/40-anys-de-la-llauna-un-referent-educatiu-a-la-ciutat\/","title":{"rendered":"40 anys de La Llauna. Un referent educatiu a la ciutat"},"content":{"rendered":"\n<figure class=\"wp-block-image alignleft\"><a href=\"https:\/\/agora.xtec.cat\/ieslallauna\/wp-content\/uploads\/usu21\/2024\/03\/logo40anys1.jpg\"><img loading=\"lazy\" decoding=\"async\" width=\"150\" height=\"150\" src=\"https:\/\/agora.xtec.cat\/ieslallauna\/wp-content\/uploads\/usu21\/2024\/03\/logo40anys1-150x150.jpg\" alt=\"\" class=\"wp-image-4099\"\/><\/a><\/figure>\n\n\n\n<div>\n<figure><\/figure>\n<p dir=\"ltr\" style=\"text-align: justify;\">Sense gaireb\u00e9 adonar-nos-en, la Llauna celebra aquest curs el seu <span class=\"gmail-il\">40<\/span>\u00e8 aniversari. Aquestes noces de rob\u00ed representen un <strong>ferm comprom\u00eds amb l\u2019alumnat i la ciutat de Badalona<\/strong>.<\/p>\n<p dir=\"ltr\" style=\"text-align: justify;\">Hi ha persones que, en fer quaranta <span class=\"gmail-il\">anys<\/span>, entren en crisi. Per\u00f2 n\u2019hi ha d\u2019altres que, com la Llauna, aprofiten per fer balan\u00e7. Es troben en plena maduresa, s\u2019estimen tal com s\u00f3n, saben quins s\u00f3n els seus defectes i les seves virtuts, s&#8217;allunyen d\u2019all\u00f2 que no els ha fet felices, es plantegen all\u00f2 que volen ser en un futur i busquen les eines per poder realitzar els seus somnis.\u00a0\u00a0Aix\u00f2 \u00e9s el que li passa a la Llauna, que ha <strong>madurat<\/strong>, que sap el que vol i que va trobant com aconseguir-ho.<\/p>\n<p dir=\"ltr\" style=\"text-align: justify;\">L\u2019edifici s\u2019est\u00e0 fent vellet per\u00f2 el cor de la Llauna batega amb totes les forces.\u00a0 Aquest cor l&#8217;heu anat bastint totes les persones que hi heu deixat la vostra petjada: l\u2019<strong>alumnat<\/strong> que des de 1983 heu fet vostre aquest centre\u00a0 i que, quan heu marxat,\u00a0 heu tingut les eines per enfrontar-vos al m\u00f3n; el <strong>professorat <\/strong>i<strong> PAS<\/strong> que heu arribat a la Llauna amb la il\u00b7lusi\u00f3 per fer la feina ben feta i que, malgrat algunes circumst\u00e0ncies, l\u2019heu fet un referent de l\u2019ensenyament a Badalona.<\/p>\n<p dir=\"ltr\" style=\"text-align: justify;\">Entrant a la maduresa, volem fer un <strong>retrobament.<\/strong> Volem que ens expliqueu com us ha anat el vostre pas pel nostre centre, qu\u00e8\u00a0 esteu fent actualment, quins records teniu de l\u2019edifici, dels companys i del professorat. Hem preparat un seguit d\u2019activitats per anar-nos retrobant. Us hi esperem amb moltes ganes i il\u00b7lusi\u00f3.<\/p>\n<p dir=\"ltr\" style=\"text-align: justify;\">Recordeu: cada vegada que entra un ex-alumne o ex-treballador per la nostra porta, la Llauna somriu.<\/p>\n<p dir=\"ltr\" style=\"text-align: center;\"><iframe loading=\"lazy\" title=\"YouTube video player\" src=\"\/\/www.youtube.com\/embed\/h2bUP9-wXr4?si=dYaYD0d9fWfcRMoQ\" width=\"250\" height=\"150\" frameborder=\"0\" allowfullscreen=\"allowfullscreen\"><\/iframe><\/p>\n<ul>\n<li dir=\"ltr\"><a href=\"https:\/\/agora.xtec.cat\/ieslallauna\/wp-content\/uploads\/usu21\/2024\/04\/Cartell-general-actes-llauna-.pdf\" target=\"_blank\" rel=\"noopener\">Programa d&#8217;activitats<\/a><\/li>\n<li dir=\"ltr\"><a href=\"https:\/\/agora.xtec.cat\/ieslallauna\/wp-content\/uploads\/usu21\/2024\/04\/40-anys-ciencia-Poster.pdf\" target=\"_blank\" rel=\"noopener\">40 anys de ci\u00e8ncia a La Llauna. 17 d&#8217;abril a les 18:00h<\/a><\/li>\n<li><a href=\"https:\/\/agora.xtec.cat\/ieslallauna\/wp-content\/uploads\/usu21\/2024\/04\/40-anys-Musica-a-la-llauna-Poster.pdf\" target=\"_blank\" rel=\"noopener\">40 anys de m\u00fasica a La Llauna. 24\u00a0d&#8217;abril a les 18:00h<\/a><\/li>\n<li><a href=\"https:\/\/agora.xtec.cat\/ieslallauna\/wp-content\/uploads\/usu21\/2024\/04\/40-anys-Teatre-musical-Poster.pdf\" target=\"_blank\" rel=\"noopener\">Tarda de teatre musical. 8 de maig a les 18:00h<\/a><\/li>\n<li dir=\"ltr\">Dinar d&#8217;aniversari. 24 de maig a les 14:30h<\/li>\n<li dir=\"ltr\"><a href=\"https:\/\/agora.xtec.cat\/ieslallauna\/wp-content\/uploads\/usu21\/2024\/04\/40-anys-Alumnes-a-la-Llauna.pdf\" target=\"_blank\" rel=\"noopener\">Retrobament d&#8217;ex-alumnes. 24 de maig a les 18:00h.<\/a> Cal omplir el seg\u00fcent formulari: <a href=\"https:\/\/docs.google.com\/forms\/d\/e\/1FAIpQLSd-aAgug6XQ2Ga7Pu4YRY0XcMUMtwuPubeaEI9xNIhPv_ysvg\/viewform\" target=\"_blank\" rel=\"noopener\">https:\/\/docs.google.com\/forms\/d\/e\/1FAIpQLSd-aAgug6XQ2Ga7Pu4YRY0XcMUMtwuPubeaEI9xNIhPv_ysvg\/viewform<\/a><\/li>\n<li dir=\"ltr\"><a href=\"https:\/\/agora.xtec.cat\/ieslallauna\/wp-content\/uploads\/usu21\/2024\/04\/40-anys-esport-.pdf\" target=\"_blank\" rel=\"noopener\">40 anys d&#8217;esport a La Llauna. 23 de maig a les 19:00h<\/a><\/li>\n<li dir=\"ltr\">Cloenda oficial de l&#8217;aniversari. 21 de juny a les 13:00h<\/li>\n<\/ul>\n<\/div>\n","protected":false},"excerpt":{"rendered":"<p>Sense gaireb\u00e9 adonar-nos-en, la Llauna celebra aquest curs el seu 40\u00e8 aniversari. Aquestes noces de rob\u00ed representen un ferm comprom\u00eds amb l\u2019alumnat i la ciutat de Badalona. Hi ha persones que, en fer quaranta anys, entren en crisi. Per\u00f2 n\u2019hi ha d\u2019altres que, com la Llauna, aprofiten per fer balan\u00e7. Es troben en plena maduresa, [&hellip;]<\/p>\n","protected":false},"author":1,"featured_media":0,"parent":5279,"menu_order":10,"comment_status":"closed","ping_status":"closed","template":"","meta":{"_bbp_topic_count":0,"_bbp_reply_count":0,"_bbp_total_topic_count":0,"_bbp_total_reply_count":0,"_bbp_voice_count":0,"_bbp_anonymous_reply_count":0,"_bbp_topic_count_hidden":0,"_bbp_reply_count_hidden":0,"_bbp_forum_subforum_count":0,"site-sidebar-layout":"default","site-content-layout":"","ast-site-content-layout":"default","site-content-style":"default","site-sidebar-style":"default","ast-global-header-display":"","ast-banner-title-visibility":"","ast-main-header-display":"","ast-hfb-above-header-display":"","ast-hfb-below-header-display":"","ast-hfb-mobile-header-display":"","site-post-title":"","ast-breadcrumbs-content":"","ast-featured-img":"","footer-sml-layout":"","theme-transparent-header-meta":"","adv-header-id-meta":"","stick-header-meta":"","header-above-stick-meta":"","header-main-stick-meta":"","header-below-stick-meta":"","astra-migrate-meta-layouts":"set","ast-page-background-enabled":"default","ast-page-background-meta":{"desktop":{"background-color":"var(--ast-global-color-4)","background-image":"","background-repeat":"repeat","background-position":"center center","background-size":"auto","background-attachment":"scroll","background-type":"","background-media":"","overlay-type":"","overlay-color":"","overlay-opacity":"","overlay-gradient":""},"tablet":{"background-color":"","background-image":"","background-repeat":"repeat","background-position":"center center","background-size":"auto","background-attachment":"scroll","background-type":"","background-media":"","overlay-type":"","overlay-color":"","overlay-opacity":"","overlay-gradient":""},"mobile":{"background-color":"","background-image":"","background-repeat":"repeat","background-position":"center center","background-size":"auto","background-attachment":"scroll","background-type":"","background-media":"","overlay-type":"","overlay-color":"","overlay-opacity":"","overlay-gradient":""}},"ast-content-background-meta":{"desktop":{"background-color":"var(--ast-global-color-5)","background-image":"","background-repeat":"repeat","background-position":"center center","background-size":"auto","background-attachment":"scroll","background-type":"","background-media":"","overlay-type":"","overlay-color":"","overlay-opacity":"","overlay-gradient":""},"tablet":{"background-color":"var(--ast-global-color-5)","background-image":"","background-repeat":"repeat","background-position":"center center","background-size":"auto","background-attachment":"scroll","background-type":"","background-media":"","overlay-type":"","overlay-color":"","overlay-opacity":"","overlay-gradient":""},"mobile":{"background-color":"var(--ast-global-color-5)","background-image":"","background-repeat":"repeat","background-position":"center center","background-size":"auto","background-attachment":"scroll","background-type":"","background-media":"","overlay-type":"","overlay-color":"","overlay-opacity":"","overlay-gradient":""}},"footnotes":""},"class_list":["post-4195","page","type-page","status-publish","hentry"],"post_mailing_queue_ids":[],"_links":{"self":[{"href":"https:\/\/agora.xtec.cat\/ieslallauna\/wp-json\/wp\/v2\/pages\/4195","targetHints":{"allow":["GET"]}}],"collection":[{"href":"https:\/\/agora.xtec.cat\/ieslallauna\/wp-json\/wp\/v2\/pages"}],"about":[{"href":"https:\/\/agora.xtec.cat\/ieslallauna\/wp-json\/wp\/v2\/types\/page"}],"author":[{"embeddable":true,"href":"https:\/\/agora.xtec.cat\/ieslallauna\/wp-json\/wp\/v2\/users\/1"}],"replies":[{"embeddable":true,"href":"https:\/\/agora.xtec.cat\/ieslallauna\/wp-json\/wp\/v2\/comments?post=4195"}],"version-history":[{"count":6,"href":"https:\/\/agora.xtec.cat\/ieslallauna\/wp-json\/wp\/v2\/pages\/4195\/revisions"}],"predecessor-version":[{"id":5515,"href":"https:\/\/agora.xtec.cat\/ieslallauna\/wp-json\/wp\/v2\/pages\/4195\/revisions\/5515"}],"up":[{"embeddable":true,"href":"https:\/\/agora.xtec.cat\/ieslallauna\/wp-json\/wp\/v2\/pages\/5279"}],"wp:attachment":[{"href":"https:\/\/agora.xtec.cat\/ieslallauna\/wp-json\/wp\/v2\/media?parent=4195"}],"curies":[{"name":"wp","href":"https:\/\/api.w.org\/{rel}","templated":true}]}}