{"id":3790,"date":"2023-11-13T13:10:33","date_gmt":"2023-11-13T12:10:33","guid":{"rendered":"https:\/\/agora.xtec.cat\/ieslallauna\/?page_id=3790"},"modified":"2026-01-29T13:03:24","modified_gmt":"2026-01-29T12:03:24","slug":"contractacio-publica","status":"publish","type":"page","link":"https:\/\/agora.xtec.cat\/ieslallauna\/presentacio\/sobre-nosaltres\/contractacio-publica\/","title":{"rendered":"Contractaci\u00f3 p\u00fablica"},"content":{"rendered":"<p style=\"text-align: justify;\">Des de l\u2019Institut la Llauna fem contractacions de serveis com: manteniment general i de la baixa tensi\u00f3, pla contra incendis, autocars, col\u00f2nies de 1r d\u2019ESO, manteniment de l\u2019ascensor, alarma, activitats n\u00e0utiques, serveis inform\u00e0tics, xerrades diverses, sortides a exposicions o teatres, recollida de residus, aigua, gas, llum, fotoc\u00f2pies, programari de control d\u2019assist\u00e8ncia, banca, font d\u2019aigua, manteniment de la coberta, desembossament de canonades, control de plagues, etc. Tamb\u00e9 comprem subministres de material d\u2019oficina, de neteja, b\u00e0sic de farm\u00e0cia i ferreteria, de festes i de laboratori.<\/p>\n<p style=\"text-align: justify;\">En cas que vulgueu ser prove\u00efdors nostres, us demanem que ens envieu el pressupost personalitzat al correu del centre o ens truqueu per demanar-nos m\u00e9s informaci\u00f3.<\/p>\n","protected":false},"excerpt":{"rendered":"<p>Des de l\u2019Institut la Llauna fem contractacions de serveis com: manteniment general i de la baixa tensi\u00f3, pla contra incendis, autocars, col\u00f2nies de 1r d\u2019ESO, manteniment de l\u2019ascensor, alarma, activitats n\u00e0utiques, serveis inform\u00e0tics, xerrades diverses, sortides a exposicions o teatres, recollida de residus, aigua, gas, llum, fotoc\u00f2pies, programari de control d\u2019assist\u00e8ncia, banca, font d\u2019aigua, manteniment [&hellip;]<\/p>\n","protected":false},"author":1,"featured_media":0,"parent":5080,"menu_order":0,"comment_status":"closed","ping_status":"closed","template":"","meta":{"_bbp_topic_count":0,"_bbp_reply_count":0,"_bbp_total_topic_count":0,"_bbp_total_reply_count":0,"_bbp_voice_count":0,"_bbp_anonymous_reply_count":0,"_bbp_topic_count_hidden":0,"_bbp_reply_count_hidden":0,"_bbp_forum_subforum_count":0,"site-sidebar-layout":"default","site-content-layout":"","ast-site-content-layout":"default","site-content-style":"default","site-sidebar-style":"default","ast-global-header-display":"","ast-banner-title-visibility":"","ast-main-header-display":"","ast-hfb-above-header-display":"","ast-hfb-below-header-display":"","ast-hfb-mobile-header-display":"","site-post-title":"","ast-breadcrumbs-content":"","ast-featured-img":"","footer-sml-layout":"","theme-transparent-header-meta":"","adv-header-id-meta":"","stick-header-meta":"","header-above-stick-meta":"","header-main-stick-meta":"","header-below-stick-meta":"","astra-migrate-meta-layouts":"set","ast-page-background-enabled":"default","ast-page-background-meta":{"desktop":{"background-color":"var(--ast-global-color-4)","background-image":"","background-repeat":"repeat","background-position":"center center","background-size":"auto","background-attachment":"scroll","background-type":"","background-media":"","overlay-type":"","overlay-color":"","overlay-opacity":"","overlay-gradient":""},"tablet":{"background-color":"","background-image":"","background-repeat":"repeat","background-position":"center center","background-size":"auto","background-attachment":"scroll","background-type":"","background-media":"","overlay-type":"","overlay-color":"","overlay-opacity":"","overlay-gradient":""},"mobile":{"background-color":"","background-image":"","background-repeat":"repeat","background-position":"center center","background-size":"auto","background-attachment":"scroll","background-type":"","background-media":"","overlay-type":"","overlay-color":"","overlay-opacity":"","overlay-gradient":""}},"ast-content-background-meta":{"desktop":{"background-color":"var(--ast-global-color-5)","background-image":"","background-repeat":"repeat","background-position":"center center","background-size":"auto","background-attachment":"scroll","background-type":"","background-media":"","overlay-type":"","overlay-color":"","overlay-opacity":"","overlay-gradient":""},"tablet":{"background-color":"var(--ast-global-color-5)","background-image":"","background-repeat":"repeat","background-position":"center center","background-size":"auto","background-attachment":"scroll","background-type":"","background-media":"","overlay-type":"","overlay-color":"","overlay-opacity":"","overlay-gradient":""},"mobile":{"background-color":"var(--ast-global-color-5)","background-image":"","background-repeat":"repeat","background-position":"center center","background-size":"auto","background-attachment":"scroll","background-type":"","background-media":"","overlay-type":"","overlay-color":"","overlay-opacity":"","overlay-gradient":""}},"footnotes":""},"class_list":["post-3790","page","type-page","status-publish","hentry"],"post_mailing_queue_ids":[],"_links":{"self":[{"href":"https:\/\/agora.xtec.cat\/ieslallauna\/wp-json\/wp\/v2\/pages\/3790","targetHints":{"allow":["GET"]}}],"collection":[{"href":"https:\/\/agora.xtec.cat\/ieslallauna\/wp-json\/wp\/v2\/pages"}],"about":[{"href":"https:\/\/agora.xtec.cat\/ieslallauna\/wp-json\/wp\/v2\/types\/page"}],"author":[{"embeddable":true,"href":"https:\/\/agora.xtec.cat\/ieslallauna\/wp-json\/wp\/v2\/users\/1"}],"replies":[{"embeddable":true,"href":"https:\/\/agora.xtec.cat\/ieslallauna\/wp-json\/wp\/v2\/comments?post=3790"}],"version-history":[{"count":2,"href":"https:\/\/agora.xtec.cat\/ieslallauna\/wp-json\/wp\/v2\/pages\/3790\/revisions"}],"predecessor-version":[{"id":5260,"href":"https:\/\/agora.xtec.cat\/ieslallauna\/wp-json\/wp\/v2\/pages\/3790\/revisions\/5260"}],"up":[{"embeddable":true,"href":"https:\/\/agora.xtec.cat\/ieslallauna\/wp-json\/wp\/v2\/pages\/5080"}],"wp:attachment":[{"href":"https:\/\/agora.xtec.cat\/ieslallauna\/wp-json\/wp\/v2\/media?parent=3790"}],"curies":[{"name":"wp","href":"https:\/\/api.w.org\/{rel}","templated":true}]}}