{"id":2447,"date":"2022-02-11T20:37:21","date_gmt":"2022-02-11T19:37:21","guid":{"rendered":"https:\/\/agora.xtec.cat\/ieslallauna\/?page_id=2447"},"modified":"2024-02-20T16:52:34","modified_gmt":"2024-02-20T15:52:34","slug":"frances-2","status":"publish","type":"page","link":"https:\/\/agora.xtec.cat\/ieslallauna\/estudis\/eso\/ambit-linguistic\/frances-2\/","title":{"rendered":"Franc\u00e8s"},"content":{"rendered":"<p>Oferim l\u2019optativa de franc\u00e8s anual a partir de 1r d\u2019ESO i oferim continu\u00eftat fins a 2n de Batxillerat. Per tal de garantir un nivell m\u00ednim de la llengua, cal fer l&#8217;optativa, com a m\u00ednim, fins a 3r d\u2019ESO. A 4t d\u2019ESO, l\u2019alumnat que vulgui continuar t\u00e9 la possibilitat de fer l\u2019examen oficial del DELF als nivells A2-B1. L\u2019Institut La Llauna \u00e9s centre oficial examinador del <a href=\"https:\/\/delf-scolaire.cat\/\" target=\"_blank\" rel=\"noopener\" data-saferedirecturl=\"https:\/\/www.google.com\/url?q=https:\/\/delf-scolaire.cat\/&amp;source=gmail&amp;ust=1708529586151000&amp;usg=AOvVaw1phIqrTQyoxx6cnTZCJW_S\">DELF Scolaire<\/a>\u00a0i realitzem classes de preparaci\u00f3 a l\u2019examen per garantir uns excel\u00b7lents\u00a0resultats a 4t d&#8217;ESO. Durant els primers\u00a0cursos de l\u2019ESO\u00a0establim\u00a0les bases de la llengua i de la cultura francesa. Contextualitzem els aprenentatges i apliquem la llengua en situacions comunicatives, per aconseguir-ho fem sortides al cinema i al teatre. A 3r d\u2019ESO fem projectes, aquest curs amb l&#8217;auxiliar de conversa la Cl\u00e9mence,\u00a0 estem preparant la introducci\u00f3 del ioga per aprendre lleng\u00fces\u00a0estrangeres. Al batxillerat fem una estada ling\u00fc\u00edstica a Montpeller o un viatge cultural a un pa\u00eds franc\u00f2fon, on el nostre alumnat apr\u00e8n gr\u00e0cies a la immersi\u00f3 ling\u00fc\u00edstica.\u00a0<a href=\"https:\/\/agora.xtec.cat\/ieslallauna\/wp-content\/uploads\/usu21\/2021\/03\/Francais-llauna.jpg\" target=\"_blank\" rel=\"noopener\" data-saferedirecturl=\"https:\/\/www.google.com\/url?q=https:\/\/agora.xtec.cat\/ieslallauna\/wp-content\/uploads\/usu21\/2021\/03\/Francais-llauna.jpg&amp;source=gmail&amp;ust=1708529586151000&amp;usg=AOvVaw2gSUwSOn1iCiEZpM0YA0Hg\">Per qu\u00e8 escollir franc\u00e8s a l\u2019ESO com a optativa?\u00a0<\/a><\/p>\n<ul>\n<li><a href=\"https:\/\/www.youtube.com\/playlist?list=PLVyX9wtnOR-vDu1BQbP7AwMvqsjtSrXqp\" target=\"_blank\" rel=\"noopener\">Llista de Franc\u00e8s de <em>Youtube<\/em> del nostre canal<\/a><\/li>\n<\/ul>\n<p style=\"text-align: justify;\">Durant el Batxillerat hi ha\u00a0 Franc\u00e8s com a primera llengua si es t\u00e9 un nivell m\u00ednim de coneixements, amb l&#8217;objectiu d&#8217;adquirir\u00a0 a 2n de batxillerat un nivell B2. A m\u00e9s, el nostre centre \u00e9s l&#8217;\u00fanic centre de Badalona que ofereix la doble titulaci\u00f3 <a href=\"https:\/\/agora.xtec.cat\/ieslallauna\/portes-obertes-curs-2021-2022-nou-alumnat\/batxibac\/\" target=\"_blank\" rel=\"noopener\" data-saferedirecturl=\"https:\/\/www.google.com\/url?q=https:\/\/agora.xtec.cat\/ieslallauna\/portes-obertes-curs-2021-2022-nou-alumnat\/batxibac\/&amp;source=gmail&amp;ust=1647186309143000&amp;usg=AOvVaw2GteYTKpJ8lDDm9TW5HwPN\">Batxibac<\/a>, la qual permet cursar estudis tant aqu\u00ed com a les universitats franceses. M\u00e9s informaci\u00f3\u00a0<a href=\"http:\/\/xtec.gencat.cat\/ca\/projectes\/batxibac\/\" target=\"_blank\" rel=\"noopener\" data-saferedirecturl=\"https:\/\/www.google.com\/url?q=http:\/\/xtec.gencat.cat\/ca\/projectes\/batxibac\/&amp;source=gmail&amp;ust=1647186309143000&amp;usg=AOvVaw1YlKx1jyi-OEFcyx0Qi9kK\">AQU\u00cd<\/a>.<\/p>\n<p style=\"text-align: center;\"><iframe loading=\"lazy\" title=\"YouTube video player\" src=\"\/\/www.youtube.com\/embed\/lmx6Zev3AEU\" width=\"300\" height=\"171\" frameborder=\"0\" allowfullscreen=\"allowfullscreen\"><\/iframe><\/p>\n<p style=\"text-align: center;\"><iframe loading=\"lazy\" title=\"YouTube video player\" src=\"\/\/www.youtube.com\/embed\/285ICQrVd2M\" width=\"300\" height=\"171\" frameborder=\"0\" allowfullscreen=\"allowfullscreen\"><\/iframe><\/p>\n<p style=\"text-align: center;\"><iframe loading=\"lazy\" title=\"YouTube video player\" src=\"\/\/www.youtube.com\/embed\/Nq_QptbKfCE\" width=\"300\" height=\"171\" frameborder=\"0\" allowfullscreen=\"allowfullscreen\"><\/iframe><\/p>\n<p style=\"text-align: center;\"><a href=\"https:\/\/agora.xtec.cat\/ieslallauna\/wp-content\/uploads\/usu21\/2021\/04\/batxibac.png\"><img loading=\"lazy\" decoding=\"async\" class=\"alignnone size-thumbnail wp-image-1591\" src=\"https:\/\/agora.xtec.cat\/ieslallauna\/wp-content\/uploads\/usu21\/2021\/04\/batxibac-150x150.png\" alt=\"\" width=\"150\" height=\"150\" \/><\/a><\/p>\n<p>&nbsp;<\/p>\n","protected":false},"excerpt":{"rendered":"<p>Oferim l\u2019optativa de franc\u00e8s anual a partir de 1r d\u2019ESO i oferim continu\u00eftat fins a 2n de Batxillerat. Per tal de garantir un nivell m\u00ednim de la llengua, cal fer l&#8217;optativa, com a m\u00ednim, fins a 3r d\u2019ESO. A 4t d\u2019ESO, l\u2019alumnat que vulgui continuar t\u00e9 la possibilitat de fer l\u2019examen oficial del DELF als [&hellip;]<\/p>\n","protected":false},"author":1,"featured_media":0,"parent":1294,"menu_order":0,"comment_status":"closed","ping_status":"closed","template":"","meta":{"_bbp_topic_count":0,"_bbp_reply_count":0,"_bbp_total_topic_count":0,"_bbp_total_reply_count":0,"_bbp_voice_count":0,"_bbp_anonymous_reply_count":0,"_bbp_topic_count_hidden":0,"_bbp_reply_count_hidden":0,"_bbp_forum_subforum_count":0,"site-sidebar-layout":"default","site-content-layout":"","ast-site-content-layout":"","site-content-style":"default","site-sidebar-style":"default","ast-global-header-display":"","ast-banner-title-visibility":"","ast-main-header-display":"","ast-hfb-above-header-display":"","ast-hfb-below-header-display":"","ast-hfb-mobile-header-display":"","site-post-title":"","ast-breadcrumbs-content":"","ast-featured-img":"","footer-sml-layout":"","theme-transparent-header-meta":"","adv-header-id-meta":"","stick-header-meta":"","header-above-stick-meta":"","header-main-stick-meta":"","header-below-stick-meta":"","astra-migrate-meta-layouts":"default","ast-page-background-enabled":"default","ast-page-background-meta":{"desktop":{"background-color":"var(--ast-global-color-4)","background-image":"","background-repeat":"repeat","background-position":"center center","background-size":"auto","background-attachment":"scroll","background-type":"","background-media":"","overlay-type":"","overlay-color":"","overlay-opacity":"","overlay-gradient":""},"tablet":{"background-color":"","background-image":"","background-repeat":"repeat","background-position":"center center","background-size":"auto","background-attachment":"scroll","background-type":"","background-media":"","overlay-type":"","overlay-color":"","overlay-opacity":"","overlay-gradient":""},"mobile":{"background-color":"","background-image":"","background-repeat":"repeat","background-position":"center center","background-size":"auto","background-attachment":"scroll","background-type":"","background-media":"","overlay-type":"","overlay-color":"","overlay-opacity":"","overlay-gradient":""}},"ast-content-background-meta":{"desktop":{"background-color":"var(--ast-global-color-5)","background-image":"","background-repeat":"repeat","background-position":"center center","background-size":"auto","background-attachment":"scroll","background-type":"","background-media":"","overlay-type":"","overlay-color":"","overlay-opacity":"","overlay-gradient":""},"tablet":{"background-color":"var(--ast-global-color-5)","background-image":"","background-repeat":"repeat","background-position":"center center","background-size":"auto","background-attachment":"scroll","background-type":"","background-media":"","overlay-type":"","overlay-color":"","overlay-opacity":"","overlay-gradient":""},"mobile":{"background-color":"var(--ast-global-color-5)","background-image":"","background-repeat":"repeat","background-position":"center center","background-size":"auto","background-attachment":"scroll","background-type":"","background-media":"","overlay-type":"","overlay-color":"","overlay-opacity":"","overlay-gradient":""}},"footnotes":""},"class_list":["post-2447","page","type-page","status-publish","hentry"],"post_mailing_queue_ids":[],"_links":{"self":[{"href":"https:\/\/agora.xtec.cat\/ieslallauna\/wp-json\/wp\/v2\/pages\/2447","targetHints":{"allow":["GET"]}}],"collection":[{"href":"https:\/\/agora.xtec.cat\/ieslallauna\/wp-json\/wp\/v2\/pages"}],"about":[{"href":"https:\/\/agora.xtec.cat\/ieslallauna\/wp-json\/wp\/v2\/types\/page"}],"author":[{"embeddable":true,"href":"https:\/\/agora.xtec.cat\/ieslallauna\/wp-json\/wp\/v2\/users\/1"}],"replies":[{"embeddable":true,"href":"https:\/\/agora.xtec.cat\/ieslallauna\/wp-json\/wp\/v2\/comments?post=2447"}],"version-history":[{"count":4,"href":"https:\/\/agora.xtec.cat\/ieslallauna\/wp-json\/wp\/v2\/pages\/2447\/revisions"}],"predecessor-version":[{"id":3952,"href":"https:\/\/agora.xtec.cat\/ieslallauna\/wp-json\/wp\/v2\/pages\/2447\/revisions\/3952"}],"up":[{"embeddable":true,"href":"https:\/\/agora.xtec.cat\/ieslallauna\/wp-json\/wp\/v2\/pages\/1294"}],"wp:attachment":[{"href":"https:\/\/agora.xtec.cat\/ieslallauna\/wp-json\/wp\/v2\/media?parent=2447"}],"curies":[{"name":"wp","href":"https:\/\/api.w.org\/{rel}","templated":true}]}}