{"id":2276,"date":"2022-02-03T18:26:51","date_gmt":"2022-02-03T17:26:51","guid":{"rendered":"https:\/\/agora.xtec.cat\/ieslallauna\/?page_id=2276"},"modified":"2022-03-10T18:20:35","modified_gmt":"2022-03-10T17:20:35","slug":"portes-obertes-curs-2022-2023","status":"publish","type":"page","link":"https:\/\/agora.xtec.cat\/ieslallauna\/portes-obertes-curs-2022-2023\/","title":{"rendered":"Portes Obertes ESO curs 2022-2023"},"content":{"rendered":"<p style=\"text-align: justify;\"><a href=\"https:\/\/agora.xtec.cat\/ieslallauna\/wp-content\/uploads\/usu21\/2022\/03\/Reunio-de-families-1r-ESO-PO-Curs-21-22.pdf\" target=\"_blank\" rel=\"noopener\"><span style=\"font-weight: 400;\">Presentaci\u00f3 de les Portes Obertes d&#8217;ESO del 15 de febrer<\/span><\/a><\/p>\n<p style=\"text-align: justify;\"><span style=\"font-weight: 400;\">La preinscripci\u00f3 d\u2019ESO \u00e9s <strong>del 9 al 21 de mar\u00e7<\/strong>. M\u00e9s informaci\u00f3 sobre el proc\u00e9s de preinscripci\u00f3 i matr\u00edcula a la <a href=\"https:\/\/agora.xtec.cat\/ieslallauna\/secretaria\/preinscripcio-i-matricula\/\" target=\"_blank\" rel=\"noopener\">p\u00e0gina de secretaria.\u00a0<\/a><\/span><\/p>\n<p style=\"text-align: justify;\"><span style=\"font-weight: 400;\">Us convidem a seguir-nos al nostre <em>Instagram<\/em> <a href=\"https:\/\/www.instagram.com\/inslallauna\">@inslallauna, <\/a><\/span><span style=\"font-weight: 400;\">al nostre <em>Twitter<\/em> <a href=\"https:\/\/twitter.com\/inslallauna\" target=\"_blank\" rel=\"noopener\">@inslallauna <\/a>i\u00a0al <a href=\"https:\/\/www.youtube.com\/channel\/UCBK3jqwvOu3c290cxuWdXRw\" target=\"_blank\" rel=\"noopener\">nostre canal de <em>Youtube<\/em><\/a><\/span><\/p>\n<p>Si voleu saber com treballem i qu\u00e8 fem, podeu <a href=\"https:\/\/agora.xtec.cat\/ieslallauna\/estudis\/eso\/\" target=\"_blank\" rel=\"noopener\">navegar pel web<\/a>. Tamb\u00e9 teniu m\u00e9s informaci\u00f3 sobre les mat\u00e8ries en aquesta infografia:<\/p>\n<div style=\"width: 25%;\">\n<div style=\"position: relative; padding-bottom: 99.58%; padding-top: 0px; height: 0px; text-align: center;\">\u00a0 <iframe loading=\"lazy\" style=\"position: absolute; top: 0; left: 0; width: 100%; height: 100%;\" src=\"https:\/\/view.genial.ly\/6208bfe542826900113c3048\" width=\"250\" height=\"245\" frameborder=\"0\" scrolling=\"yes\" allowfullscreen=\"allowfullscreen\"><span data-mce-type=\"bookmark\" style=\"display: inline-block; width: 0px; overflow: hidden; line-height: 0;\" class=\"mce_SELRES_start\"><span data-mce-type=\"bookmark\" style=\"display: inline-block; width: 0px; overflow: hidden; line-height: 0;\" class=\"mce_SELRES_start\">\ufeff<\/span>\ufeff<\/span><span data-mce-type=\"bookmark\" style=\"display: inline-block; width: 0px; overflow: hidden; line-height: 0;\" class=\"mce_SELRES_start\">\ufeff<\/span><span data-mce-type=\"bookmark\" style=\"display: inline-block; width: 0px; overflow: hidden; line-height: 0;\" class=\"mce_SELRES_start\"><span data-mce-type=\"bookmark\" style=\"display: inline-block; width: 0px; overflow: hidden; line-height: 0;\" class=\"mce_SELRES_start\">\ufeff<\/span>\ufeff<\/span><span data-mce-type=\"bookmark\" style=\"display: inline-block; width: 0px; overflow: hidden; line-height: 0;\" class=\"mce_SELRES_start\">\ufeff<\/span><\/iframe><\/div>\n<\/div>\n","protected":false},"excerpt":{"rendered":"<p>Presentaci\u00f3 de les Portes Obertes d&#8217;ESO del 15 de febrer La preinscripci\u00f3 d\u2019ESO \u00e9s del 9 al 21 de mar\u00e7. M\u00e9s informaci\u00f3 sobre el proc\u00e9s de preinscripci\u00f3 i matr\u00edcula a la p\u00e0gina de secretaria.\u00a0 Us convidem a seguir-nos al nostre Instagram @inslallauna, al nostre Twitter @inslallauna i\u00a0al nostre canal de Youtube Si voleu saber com [&hellip;]<\/p>\n","protected":false},"author":1,"featured_media":0,"parent":0,"menu_order":0,"comment_status":"closed","ping_status":"closed","template":"","meta":{"_bbp_topic_count":0,"_bbp_reply_count":0,"_bbp_total_topic_count":0,"_bbp_total_reply_count":0,"_bbp_voice_count":0,"_bbp_anonymous_reply_count":0,"_bbp_topic_count_hidden":0,"_bbp_reply_count_hidden":0,"_bbp_forum_subforum_count":0,"site-sidebar-layout":"default","site-content-layout":"","ast-site-content-layout":"","site-content-style":"default","site-sidebar-style":"default","ast-global-header-display":"","ast-banner-title-visibility":"","ast-main-header-display":"","ast-hfb-above-header-display":"","ast-hfb-below-header-display":"","ast-hfb-mobile-header-display":"","site-post-title":"","ast-breadcrumbs-content":"","ast-featured-img":"","footer-sml-layout":"","theme-transparent-header-meta":"","adv-header-id-meta":"","stick-header-meta":"","header-above-stick-meta":"","header-main-stick-meta":"","header-below-stick-meta":"","astra-migrate-meta-layouts":"default","ast-page-background-enabled":"default","ast-page-background-meta":{"desktop":{"background-color":"var(--ast-global-color-4)","background-image":"","background-repeat":"repeat","background-position":"center center","background-size":"auto","background-attachment":"scroll","background-type":"","background-media":"","overlay-type":"","overlay-color":"","overlay-opacity":"","overlay-gradient":""},"tablet":{"background-color":"","background-image":"","background-repeat":"repeat","background-position":"center center","background-size":"auto","background-attachment":"scroll","background-type":"","background-media":"","overlay-type":"","overlay-color":"","overlay-opacity":"","overlay-gradient":""},"mobile":{"background-color":"","background-image":"","background-repeat":"repeat","background-position":"center center","background-size":"auto","background-attachment":"scroll","background-type":"","background-media":"","overlay-type":"","overlay-color":"","overlay-opacity":"","overlay-gradient":""}},"ast-content-background-meta":{"desktop":{"background-color":"var(--ast-global-color-5)","background-image":"","background-repeat":"repeat","background-position":"center center","background-size":"auto","background-attachment":"scroll","background-type":"","background-media":"","overlay-type":"","overlay-color":"","overlay-opacity":"","overlay-gradient":""},"tablet":{"background-color":"var(--ast-global-color-5)","background-image":"","background-repeat":"repeat","background-position":"center center","background-size":"auto","background-attachment":"scroll","background-type":"","background-media":"","overlay-type":"","overlay-color":"","overlay-opacity":"","overlay-gradient":""},"mobile":{"background-color":"var(--ast-global-color-5)","background-image":"","background-repeat":"repeat","background-position":"center center","background-size":"auto","background-attachment":"scroll","background-type":"","background-media":"","overlay-type":"","overlay-color":"","overlay-opacity":"","overlay-gradient":""}},"footnotes":""},"class_list":["post-2276","page","type-page","status-publish","hentry"],"post_mailing_queue_ids":[],"_links":{"self":[{"href":"https:\/\/agora.xtec.cat\/ieslallauna\/wp-json\/wp\/v2\/pages\/2276","targetHints":{"allow":["GET"]}}],"collection":[{"href":"https:\/\/agora.xtec.cat\/ieslallauna\/wp-json\/wp\/v2\/pages"}],"about":[{"href":"https:\/\/agora.xtec.cat\/ieslallauna\/wp-json\/wp\/v2\/types\/page"}],"author":[{"embeddable":true,"href":"https:\/\/agora.xtec.cat\/ieslallauna\/wp-json\/wp\/v2\/users\/1"}],"replies":[{"embeddable":true,"href":"https:\/\/agora.xtec.cat\/ieslallauna\/wp-json\/wp\/v2\/comments?post=2276"}],"version-history":[{"count":4,"href":"https:\/\/agora.xtec.cat\/ieslallauna\/wp-json\/wp\/v2\/pages\/2276\/revisions"}],"predecessor-version":[{"id":2599,"href":"https:\/\/agora.xtec.cat\/ieslallauna\/wp-json\/wp\/v2\/pages\/2276\/revisions\/2599"}],"wp:attachment":[{"href":"https:\/\/agora.xtec.cat\/ieslallauna\/wp-json\/wp\/v2\/media?parent=2276"}],"curies":[{"name":"wp","href":"https:\/\/api.w.org\/{rel}","templated":true}]}}