{"id":1645,"date":"2021-04-24T20:34:58","date_gmt":"2021-04-24T18:34:58","guid":{"rendered":"https:\/\/agora.xtec.cat\/ieslallauna\/?page_id=1645"},"modified":"2024-03-10T12:48:20","modified_gmt":"2024-03-10T11:48:20","slug":"treball-de-recerca","status":"publish","type":"page","link":"https:\/\/agora.xtec.cat\/ieslallauna\/estudis\/batxillerat\/treball-de-recerca\/","title":{"rendered":"Treball de Recerca"},"content":{"rendered":"<p style=\"text-align: justify;\">Durant el batxillerat l&#8217;alumnat elabora un <strong>treball de recerca<\/strong>. \u00c9s un conjunt d&#8217;activitats estructurades i orientades a la investigaci\u00f3 que realitza tot l&#8217;alumnat amb l&#8217;orientaci\u00f3 i seguiment del professorat, per tal de consolidar la compet\u00e8ncia en recerca. Es pot emmarcar dins un \u00e0mbit disciplinari, o pot ser interdisciplinari o transversal. La nota d&#8217;aquest treball representa un 10% de la nota global del Batxillerat.<\/p>\n<p style=\"text-align: justify;\">Entre el segon i el tercer trimestre de 1r de Batxillerat, l&#8217;alumnat ha d&#8217;escollir un tema de recerca, el qual acostuma a estar relacionat amb la seva modalitat de Batxillerat. Li assignem un tutor\/a professor\/a del centre especialista que li fa de guia durant tota la recerca i, finalment, l&#8217;alumnat en fa una presentaci\u00f3 oral davant d&#8217;un tribunal format per tres professors\/es del centre. D&#8217;altra banda, col\u00b7laborem amb diversos estaments externs al centre per poder cotutoritzar alguns treballs.<\/p>\n<p style=\"text-align: justify;\"><a href=\"https:\/\/agora.xtec.cat\/ieslallauna\/wp-content\/uploads\/usu21\/2021\/04\/jornadescient\u00edfiques.jpg\"><img loading=\"lazy\" decoding=\"async\" class=\"size-thumbnail wp-image-1694 alignleft\" src=\"https:\/\/agora.xtec.cat\/ieslallauna\/wp-content\/uploads\/usu21\/2021\/04\/jornadescient\u00edfiques-150x150.jpg\" alt=\"\" width=\"150\" height=\"150\" \/><\/a>A La Llauna tenim una llarga tradici\u00f3 en l&#8217;elaboraci\u00f3 de Treballs de Recerca. Les <a href=\"http:\/\/inslallauna.blogspot.com\/2019\/04\/xxxiii-edicio-de-les-jornades.html\" target=\"_blank\" rel=\"noopener noreferrer\">Jornades Cient\u00edfiques de Badalona<\/a> van comen\u00e7ar al nostre centre el curs 1986-87. En aquell moment la ci\u00e8ncia es considerava quelcom ali\u00e8 a la cultura per\u00f2 ja comen\u00e7ava a fer efervesc\u00e8ncia entre els professionals de l&#8217;\u00e0mbit cient\u00edfic la voluntat de reivindicar la ci\u00e8ncia com un patrimoni de la humanitat, com un saber necessari per a comprendre el m\u00f3n i per a posicionar-s&#8217;hi; de veure l&#8217;activitat dels cient\u00edfics i cient\u00edfiques i les inversions necess\u00e0ries per a portar-les a terme com a quelcom d&#8217; inter\u00e8s per a la societat. Simult\u00e0niament, en l&#8217; \u00e0mbit de la doc\u00e8ncia naixia la preocupaci\u00f3 d&#8217; apropar els curr\u00edculums de ci\u00e8ncia a les realitats de la vida quotidiana i de plantejar una formaci\u00f3 cient\u00edfica que no es limit\u00e9s al coneixement de les teories cient\u00edfiques sin\u00f3 que inclogu\u00e9s tamb\u00e9 la naturalesa de la ci\u00e8ncia i la manera de con\u00e8ixer de la ci\u00e8ncia a trav\u00e9s del m\u00e8tode cient\u00edfic. I aix\u00ed van n\u00e9ixer les primeres Jornades Cient\u00edfiques de Secund\u00e0ria del nostre pa\u00eds; abans no s&#8217; havia fet res semblant a Catalunya ni a Espanya i aquestes van ser una refer\u00e8ncia imitada m\u00e9s tard en molts altres municipis. La novetat era que tot l&#8217; institut participava d&#8217; activitats de ci\u00e8ncia, que els mateixos alumnes les comunicaven p\u00fablicament en un ambient de simposi i les publicaven en una revista creada per l&#8217; ocasi\u00f3. I van despertar gran entusiasme entre l&#8217; alumnat i el professorat de les diferents \u00e0rees.<\/p>\n<p style=\"text-align: justify;\">L&#8217;alta qualitat dels nostres treballs ha rebut diverses distincions al llarg dels anys. A continuaci\u00f3 us en adjuntem alguns exemples:<\/p>\n<ul>\n<li><a href=\"https:\/\/agora.xtec.cat\/ieslallauna\/batxillerat\/presentem-5-treballs-de-recerca-a-les-xxxvii-jornades-cientifiques-de-badalona\/\" target=\"_blank\" rel=\"noopener\">Jornades Cient\u00edfiques de Badalona 2023-2024<\/a><\/li>\n<li><a href=\"https:\/\/agora.xtec.cat\/ieslallauna\/batxillerat\/premis-per-a-treballs-de-recerca-de-biologia\/\" target=\"_blank\" rel=\"noopener\">Premis per a Treballs de Recerca de Biologia.<\/a><\/li>\n<li><a href=\"https:\/\/agora.xtec.cat\/ieslallauna\/batxillerat\/gerard-barriga-treball-de-recerca-finalista-als-premis-cett-ub\/\" target=\"_blank\" rel=\"noopener\">Premis CETT-UB-. Finalista amb el Treball de Recerca &#8220;<em>La cuina: menjar, sentir, pensar&#8221;<\/em>.<\/a><\/li>\n<li><a href=\"https:\/\/agora.xtec.cat\/ieslallauna\/batxillerat\/premi-xavier-domingo-ub-2020-per-a-un-treball-de-recerca-sobre-microfibres-fet-a-la-llauna\/\" target=\"_blank\" rel=\"noopener noreferrer\">Premi Xavier Domingo \u2013 UB 2020 per a un Treball de Recerca sobre Microfibres fet per tres alumnes de La Llauna<\/a><\/li>\n<li><a href=\"http:\/\/inslallauna.blogspot.com\/2020\/05\/lenemic-del-plastic-tr-guanyador-de-la.html\" target=\"_blank\" rel=\"noopener noreferrer\">L&#8217;enemic del pl\u00e0stic, TR guanyador de la XV Edici\u00f3 dels prestigiosos Premis Recerca Biom\u00e8dica de Barcelona<\/a><\/li>\n<li class=\"post-title entry-title\"><a href=\"http:\/\/inslallauna.blogspot.com\/2019\/10\/3r-premi-floquet-de-neu-2019-per-dues.html\" target=\"_blank\" rel=\"noopener noreferrer\">3r Premi Floquet de Neu 2019 per a dues alumnes de La Llauna<\/a><\/li>\n<li><a href=\"http:\/\/inslallauna.blogspot.com\/search\/label\/Ci%C3%A8ncies\" target=\"_blank\" rel=\"noopener noreferrer\">El treball de Recerca <em>L&#8217;aplicaci\u00f3 de la PTC en l&#8217;estudi de les migracions, <\/em>finalista dels Premis de Recerca Biom\u00e8dica de Barcelona<\/a><\/li>\n<li><a href=\"http:\/\/inslallauna.blogspot.com\/2018\/03\/emma-rourera-i-enriqueta-casals-lalumna.html\" target=\"_blank\" rel=\"noopener noreferrer\">Enric Casals, a l&#8217;ombra del seu germ\u00e0 Pau Casals<\/a><\/li>\n<li><a href=\"http:\/\/inslallauna.blogspot.com\/2016\/04\/treball-de-recerca-finalista-del.html\" target=\"_blank\" rel=\"noopener noreferrer\">El TR <i>Predicci\u00f3 de la resposta al tractament amb Lenamidomida en pacients amb mieola m\u00faltiple <\/i>entre els 10 finalistes del Concurs Concordia-Fedefarma de Treballs de Recerca de Batxillerat relacionats amb el m\u00f3n dels medicaments, convocat per la Universitat de Barcelona.<\/a><\/li>\n<li><a href=\"http:\/\/inslallauna.blogspot.com\/2016\/06\/mencions-extraordinaries-del-concurs.html\" target=\"_blank\" rel=\"noopener noreferrer\">Mencions extraordin\u00e0ries del Concurs esdelibro<\/a><\/li>\n<li><a href=\"http:\/\/inslallauna.blogspot.com\/2016\/04\/lliurament-de-premis-recerca-jove.html\" target=\"_blank\" rel=\"noopener noreferrer\">Premis de Recerca Jove. Estudi de l&#8217;efici\u00e8ncia energ\u00e8tica d&#8217;un carregador inductiu (sense cables) comparat amb un carregador convencional en el proc\u00e9s de c\u00e0rrega d&#8217;una bateria d&#8217;i\u00f3-liti<\/a>.<\/li>\n<li><a href=\"http:\/\/inslallauna.blogspot.com\/2015\/09\/lliurament-de-premis-ub-ferran-adria.html\" target=\"_blank\" rel=\"noopener noreferrer\">Premi UB-Ferran Adri\u00e0 pel treball de recerca <i>Un dit d&#8217;escuma o m\u00e9s!<\/i><i> <\/i><\/a><\/li>\n<li><a href=\"http:\/\/inslallauna.blogspot.com\/2014\/05\/premi-pel-treball-de-recerca-els-cucs.html\" target=\"_blank\" rel=\"noopener noreferrer\">Premi esdelibro pel TR <i>Els Cucs Infinits (Regeneraci\u00f3 de teixits en plan\u00e0ries)<\/i><\/a><\/li>\n<li><a href=\"http:\/\/inslallauna.blogspot.com\/2014\/03\/treball-de-recerca-quan-lortodoxia-es.html\" target=\"_blank\" rel=\"noopener noreferrer\"><em>Quan l&#8217;ortod\u00f2xia \u00e9s la inconsci\u00e8ncia<\/em><\/a><\/li>\n<li><a href=\"http:\/\/inslallauna.blogspot.com\/2013\/06\/premi-enginy-2013-pel-treball-de.html\" target=\"_blank\" rel=\"noopener noreferrer\">Premi Enginy. <em>El cotxe intel\u00b7ligent<\/em><\/a><\/li>\n<li><a href=\"http:\/\/inslallauna.blogspot.com\/2013\/04\/la-llauna-la-2a-edicio-dels-premis-en.html\" target=\"_blank\" rel=\"noopener noreferrer\">Premis per dos TR en la Recerca del Desenvolupament<\/a><\/li>\n<\/ul>\n<p>&nbsp;<\/p>\n","protected":false},"excerpt":{"rendered":"<p>Durant el batxillerat l&#8217;alumnat elabora un treball de recerca. \u00c9s un conjunt d&#8217;activitats estructurades i orientades a la investigaci\u00f3 que realitza tot l&#8217;alumnat amb l&#8217;orientaci\u00f3 i seguiment del professorat, per tal de consolidar la compet\u00e8ncia en recerca. Es pot emmarcar dins un \u00e0mbit disciplinari, o pot ser interdisciplinari o transversal. La nota d&#8217;aquest treball representa [&hellip;]<\/p>\n","protected":false},"author":1,"featured_media":0,"parent":831,"menu_order":0,"comment_status":"closed","ping_status":"closed","template":"page-templates\/side-menu.php","meta":{"_bbp_topic_count":0,"_bbp_reply_count":0,"_bbp_total_topic_count":0,"_bbp_total_reply_count":0,"_bbp_voice_count":0,"_bbp_anonymous_reply_count":0,"_bbp_topic_count_hidden":0,"_bbp_reply_count_hidden":0,"_bbp_forum_subforum_count":0,"site-sidebar-layout":"default","site-content-layout":"","ast-site-content-layout":"","site-content-style":"default","site-sidebar-style":"default","ast-global-header-display":"","ast-banner-title-visibility":"","ast-main-header-display":"","ast-hfb-above-header-display":"","ast-hfb-below-header-display":"","ast-hfb-mobile-header-display":"","site-post-title":"","ast-breadcrumbs-content":"","ast-featured-img":"","footer-sml-layout":"","theme-transparent-header-meta":"","adv-header-id-meta":"","stick-header-meta":"","header-above-stick-meta":"","header-main-stick-meta":"","header-below-stick-meta":"","astra-migrate-meta-layouts":"default","ast-page-background-enabled":"default","ast-page-background-meta":{"desktop":{"background-color":"var(--ast-global-color-4)","background-image":"","background-repeat":"repeat","background-position":"center center","background-size":"auto","background-attachment":"scroll","background-type":"","background-media":"","overlay-type":"","overlay-color":"","overlay-opacity":"","overlay-gradient":""},"tablet":{"background-color":"","background-image":"","background-repeat":"repeat","background-position":"center center","background-size":"auto","background-attachment":"scroll","background-type":"","background-media":"","overlay-type":"","overlay-color":"","overlay-opacity":"","overlay-gradient":""},"mobile":{"background-color":"","background-image":"","background-repeat":"repeat","background-position":"center center","background-size":"auto","background-attachment":"scroll","background-type":"","background-media":"","overlay-type":"","overlay-color":"","overlay-opacity":"","overlay-gradient":""}},"ast-content-background-meta":{"desktop":{"background-color":"var(--ast-global-color-5)","background-image":"","background-repeat":"repeat","background-position":"center center","background-size":"auto","background-attachment":"scroll","background-type":"","background-media":"","overlay-type":"","overlay-color":"","overlay-opacity":"","overlay-gradient":""},"tablet":{"background-color":"var(--ast-global-color-5)","background-image":"","background-repeat":"repeat","background-position":"center center","background-size":"auto","background-attachment":"scroll","background-type":"","background-media":"","overlay-type":"","overlay-color":"","overlay-opacity":"","overlay-gradient":""},"mobile":{"background-color":"var(--ast-global-color-5)","background-image":"","background-repeat":"repeat","background-position":"center center","background-size":"auto","background-attachment":"scroll","background-type":"","background-media":"","overlay-type":"","overlay-color":"","overlay-opacity":"","overlay-gradient":""}},"footnotes":""},"class_list":["post-1645","page","type-page","status-publish","hentry"],"post_mailing_queue_ids":[],"_links":{"self":[{"href":"https:\/\/agora.xtec.cat\/ieslallauna\/wp-json\/wp\/v2\/pages\/1645","targetHints":{"allow":["GET"]}}],"collection":[{"href":"https:\/\/agora.xtec.cat\/ieslallauna\/wp-json\/wp\/v2\/pages"}],"about":[{"href":"https:\/\/agora.xtec.cat\/ieslallauna\/wp-json\/wp\/v2\/types\/page"}],"author":[{"embeddable":true,"href":"https:\/\/agora.xtec.cat\/ieslallauna\/wp-json\/wp\/v2\/users\/1"}],"replies":[{"embeddable":true,"href":"https:\/\/agora.xtec.cat\/ieslallauna\/wp-json\/wp\/v2\/comments?post=1645"}],"version-history":[{"count":5,"href":"https:\/\/agora.xtec.cat\/ieslallauna\/wp-json\/wp\/v2\/pages\/1645\/revisions"}],"predecessor-version":[{"id":4025,"href":"https:\/\/agora.xtec.cat\/ieslallauna\/wp-json\/wp\/v2\/pages\/1645\/revisions\/4025"}],"up":[{"embeddable":true,"href":"https:\/\/agora.xtec.cat\/ieslallauna\/wp-json\/wp\/v2\/pages\/831"}],"wp:attachment":[{"href":"https:\/\/agora.xtec.cat\/ieslallauna\/wp-json\/wp\/v2\/media?parent=1645"}],"curies":[{"name":"wp","href":"https:\/\/api.w.org\/{rel}","templated":true}]}}