{"id":1359,"date":"2021-02-22T16:19:22","date_gmt":"2021-02-22T15:19:22","guid":{"rendered":"https:\/\/agora.xtec.cat\/ieslallauna\/?page_id=1359"},"modified":"2025-02-20T12:04:22","modified_gmt":"2025-02-20T11:04:22","slug":"optatives-eso","status":"publish","type":"page","link":"https:\/\/agora.xtec.cat\/ieslallauna\/estudis\/eso\/optatives-eso\/","title":{"rendered":"Mat\u00e8ries Optatives ESO"},"content":{"rendered":"<div class=\"entry-content\">\n<div class=\"surlignable\">\n<div class=\"texte\">\n<p>Les mat\u00e8ries comunes del curr\u00edculum d\u2019ESO es complementen amb <strong>mat\u00e8ries optatives<\/strong>, segons les necessitats i interessos de l&#8217;alumnat.<\/p>\n<p>Durant els tres primers cursos de l\u2019ESO es dediquen dues hores a la setmana a les mat\u00e8ries optatives. Cada curs l&#8217;alumnat fa tres mat\u00e8ries. L&#8217;alumnat que opta per cursar <strong>Franc\u00e8s <\/strong>ho fa durant tota l&#8217;etapa ja que t\u00e9 continu\u00eftat.<\/p>\n<p>Les mat\u00e8ries optatives que oferim s\u00f3n:<\/p>\n<ul class=\"spip\">\n<li><span style=\"color: #800080;\"><strong>1r d\u2019ESO:<\/strong><\/span>\n<ul class=\"spip\">\n<li><span style=\"color: #800080;\"><strong>Franc\u00e8s. Segona llengua estrangera. <\/strong><span style=\"color: #000000;\">Per qu\u00e8 estudiar una segona llengua estrangera? Cliqueu <a href=\"https:\/\/agora.xtec.cat\/ieslallauna\/wp-content\/uploads\/usu21\/2021\/03\/Francais-llauna.jpg\" target=\"_blank\" rel=\"noopener noreferrer\">AQU\u00cd<\/a><\/span><strong><br \/>\n<\/strong><\/span><\/li>\n<li><span style=\"color: #800080;\"><strong>Petites investigacions<\/strong><\/span><\/li>\n<li><span style=\"color: #800080;\"><strong>Educaci\u00f3 emocional<\/strong><\/span><\/li>\n<li><span style=\"color: #800080;\"><strong>Sostenibilitat<\/strong><\/span><\/li>\n<li><span style=\"color: #800080;\"><strong>Teatre musical<\/strong><\/span><\/li>\n<li><span style=\"color: #800080;\"><strong>Fem m\u00fasica!<\/strong><\/span><\/li>\n<\/ul>\n<\/li>\n<\/ul>\n<ul class=\"spip\">\n<li><span style=\"color: #008000;\"><strong>2n d\u2019ESO:<\/strong><\/span>\n<ul class=\"spip\">\n<li><span style=\"color: #008000;\"><strong>Franc\u00e8s. Segona llengua estrangera. <\/strong><span style=\"color: #800080;\"><span style=\"color: #000000;\">Per qu\u00e8 estudiar una segona llengua estrangera? Cliqueu <a href=\"https:\/\/agora.xtec.cat\/ieslallauna\/wp-content\/uploads\/usu21\/2021\/03\/Francais-llauna.jpg\" target=\"_blank\" rel=\"noopener noreferrer\">AQU\u00cd<\/a><\/span><\/span><strong><br \/>\n<\/strong><\/span><\/li>\n<li><span style=\"color: #008000;\"><strong>Fem hort. <\/strong><span style=\"color: #000000;\">Qu\u00e8 fem a l&#8217;hort escolar? Cliqueu <a href=\"http:\/\/inslallauna.blogspot.com\/2018\/12\/nou-projecte-el-nostre-hort-urba.html\" target=\"_blank\" rel=\"noopener noreferrer\">AQU\u00cd<\/a><\/span><\/span><span style=\"color: #008000;\"><strong><br \/>\n<\/strong><\/span><\/li>\n<li><span style=\"color: #008000;\"><strong>Activitats esportives<\/strong><\/span><\/li>\n<li><span style=\"color: #008000;\"><strong>Fake News<\/strong><\/span><\/li>\n<li><span style=\"color: #008000;\"><strong>Valors<\/strong><\/span><\/li>\n<li><span style=\"color: #008000;\"><strong>Laboratorio de textos<\/strong><\/span><\/li>\n<\/ul>\n<\/li>\n<\/ul>\n<\/div>\n<div class=\"texte\">\n<ul class=\"spip\">\n<li><span style=\"color: #0000ff;\"><strong>3r d\u2019ESO:<\/strong><\/span>\n<ul class=\"spip\">\n<li><span style=\"color: #0000ff;\"><strong>Franc\u00e8s. Segona llengua estrangera. <\/strong><span style=\"color: #008000;\"><span style=\"color: #800080;\"><span style=\"color: #000000;\">Per qu\u00e8 estudiar una segona llengua estrangera? Cliqueu <a href=\"https:\/\/agora.xtec.cat\/ieslallauna\/wp-content\/uploads\/usu21\/2021\/03\/Francais-llauna.jpg\" target=\"_blank\" rel=\"noopener noreferrer\">AQU\u00cd<\/a><\/span><\/span><\/span><strong><br \/>\n<\/strong><\/span><\/li>\n<li><span style=\"color: #0000ff;\"><strong>Cultura Cl\u00e0ssica<\/strong><\/span><\/li>\n<li><span style=\"color: #0000ff;\"><strong>Comprensi\u00f3 lectora<\/strong><\/span><\/li>\n<li><span style=\"color: #0000ff;\"><strong>F\u00edsica i Qu\u00edmica<\/strong><\/span><\/li>\n<li><span style=\"color: #0000ff;\"><strong>Resoluci\u00f3 de conflictes<\/strong><\/span><\/li>\n<\/ul>\n<\/li>\n<\/ul>\n<p>L\u2019estructura de mat\u00e8ries optatives a <strong>4t d\u2019ESO<\/strong> \u00e9s diferent. Cada optativa es cursa al llarg del curs durant 3 hores a la setmana. Les optatives a 4t d\u2019ESO tenen un car\u00e0cter, doncs, de <i>mat\u00e8ries de modalitat<\/i>, orientades cap als estudis posteriors que vol cursar l&#8217;alumnat.<\/p>\n<ul class=\"spip\">\n<li>Biologia. Per qu\u00e8 escollir Biologia a 4t d&#8217;ESO? Cliqueu <a href=\"https:\/\/arossel6.wixsite.com\/departamentbioigeo\/4t-eso\" target=\"_blank\" rel=\"noopener noreferrer\">AQU\u00cd<\/a><\/li>\n<li>F\u00edsica i qu\u00edmica<\/li>\n<li>Filosofia. Per qu\u00e8 estudiar filosofia a 4t d&#8217;ESO? Cliqueu <a href=\"https:\/\/agora.xtec.cat\/ieslallauna\/wp-content\/uploads\/usu21\/2021\/02\/FILO-4T-PORTES-OBERTES.pdf\" target=\"_blank\" rel=\"noopener noreferrer\">AQU\u00cd<\/a><\/li>\n<li>Franc\u00e8s. Per qu\u00e8 estudiar una segona llengua estrangera? Cliqueu <a href=\"https:\/\/agora.xtec.cat\/ieslallauna\/wp-content\/uploads\/usu21\/2021\/03\/Francais-llauna.jpg\" target=\"_blank\" rel=\"noopener noreferrer\">AQU\u00cd<\/a><\/li>\n<li>Llat\u00ed.<\/li>\n<li>Inform\u00e0tica<\/li>\n<li>Emprenedoria<\/li>\n<li>Economia<\/li>\n<li>M\u00fasica<\/li>\n<li>Tecnologia<\/li>\n<li>Visual i pl\u00e0stica<\/li>\n<\/ul>\n<p>A m\u00e9s d\u2019aquestes optatives, cada fam\u00edlia, en el moment de la matr\u00edcula, escull si el seu fill\/a ha de cursar <strong>Religi\u00f3<\/strong> o <strong>Cultura i valors \u00e8tics<\/strong>.<\/p>\n<p>Finalment, el curr\u00edculum de cada alumne es completa amb els treballs de s\u00edntesi de 1r a 3r i el Projecte de Recerca a 4t d&#8217;ESO.<\/p>\n<\/div>\n<p style=\"text-align: right;\">\u00daltima actualitzaci\u00f3: 20\/02\/2025<\/p>\n<\/div>\n<\/div>\n<p>&nbsp;<\/p>\n","protected":false},"excerpt":{"rendered":"<p>Les mat\u00e8ries comunes del curr\u00edculum d\u2019ESO es complementen amb mat\u00e8ries optatives, segons les necessitats i interessos de l&#8217;alumnat. Durant els tres primers cursos de l\u2019ESO es dediquen dues hores a la setmana a les mat\u00e8ries optatives. Cada curs l&#8217;alumnat fa tres mat\u00e8ries. L&#8217;alumnat que opta per cursar Franc\u00e8s ho fa durant tota l&#8217;etapa ja que [&hellip;]<\/p>\n","protected":false},"author":1,"featured_media":0,"parent":1284,"menu_order":0,"comment_status":"closed","ping_status":"closed","template":"page-templates\/side-menu.php","meta":{"_bbp_topic_count":0,"_bbp_reply_count":0,"_bbp_total_topic_count":0,"_bbp_total_reply_count":0,"_bbp_voice_count":0,"_bbp_anonymous_reply_count":0,"_bbp_topic_count_hidden":0,"_bbp_reply_count_hidden":0,"_bbp_forum_subforum_count":0,"site-sidebar-layout":"default","site-content-layout":"","ast-site-content-layout":"","site-content-style":"default","site-sidebar-style":"default","ast-global-header-display":"","ast-banner-title-visibility":"","ast-main-header-display":"","ast-hfb-above-header-display":"","ast-hfb-below-header-display":"","ast-hfb-mobile-header-display":"","site-post-title":"","ast-breadcrumbs-content":"","ast-featured-img":"","footer-sml-layout":"","theme-transparent-header-meta":"","adv-header-id-meta":"","stick-header-meta":"","header-above-stick-meta":"","header-main-stick-meta":"","header-below-stick-meta":"","astra-migrate-meta-layouts":"default","ast-page-background-enabled":"default","ast-page-background-meta":{"desktop":{"background-color":"var(--ast-global-color-4)","background-image":"","background-repeat":"repeat","background-position":"center center","background-size":"auto","background-attachment":"scroll","background-type":"","background-media":"","overlay-type":"","overlay-color":"","overlay-opacity":"","overlay-gradient":""},"tablet":{"background-color":"","background-image":"","background-repeat":"repeat","background-position":"center center","background-size":"auto","background-attachment":"scroll","background-type":"","background-media":"","overlay-type":"","overlay-color":"","overlay-opacity":"","overlay-gradient":""},"mobile":{"background-color":"","background-image":"","background-repeat":"repeat","background-position":"center center","background-size":"auto","background-attachment":"scroll","background-type":"","background-media":"","overlay-type":"","overlay-color":"","overlay-opacity":"","overlay-gradient":""}},"ast-content-background-meta":{"desktop":{"background-color":"var(--ast-global-color-5)","background-image":"","background-repeat":"repeat","background-position":"center center","background-size":"auto","background-attachment":"scroll","background-type":"","background-media":"","overlay-type":"","overlay-color":"","overlay-opacity":"","overlay-gradient":""},"tablet":{"background-color":"var(--ast-global-color-5)","background-image":"","background-repeat":"repeat","background-position":"center center","background-size":"auto","background-attachment":"scroll","background-type":"","background-media":"","overlay-type":"","overlay-color":"","overlay-opacity":"","overlay-gradient":""},"mobile":{"background-color":"var(--ast-global-color-5)","background-image":"","background-repeat":"repeat","background-position":"center center","background-size":"auto","background-attachment":"scroll","background-type":"","background-media":"","overlay-type":"","overlay-color":"","overlay-opacity":"","overlay-gradient":""}},"footnotes":""},"class_list":["post-1359","page","type-page","status-publish","hentry"],"post_mailing_queue_ids":[],"_links":{"self":[{"href":"https:\/\/agora.xtec.cat\/ieslallauna\/wp-json\/wp\/v2\/pages\/1359","targetHints":{"allow":["GET"]}}],"collection":[{"href":"https:\/\/agora.xtec.cat\/ieslallauna\/wp-json\/wp\/v2\/pages"}],"about":[{"href":"https:\/\/agora.xtec.cat\/ieslallauna\/wp-json\/wp\/v2\/types\/page"}],"author":[{"embeddable":true,"href":"https:\/\/agora.xtec.cat\/ieslallauna\/wp-json\/wp\/v2\/users\/1"}],"replies":[{"embeddable":true,"href":"https:\/\/agora.xtec.cat\/ieslallauna\/wp-json\/wp\/v2\/comments?post=1359"}],"version-history":[{"count":6,"href":"https:\/\/agora.xtec.cat\/ieslallauna\/wp-json\/wp\/v2\/pages\/1359\/revisions"}],"predecessor-version":[{"id":4777,"href":"https:\/\/agora.xtec.cat\/ieslallauna\/wp-json\/wp\/v2\/pages\/1359\/revisions\/4777"}],"up":[{"embeddable":true,"href":"https:\/\/agora.xtec.cat\/ieslallauna\/wp-json\/wp\/v2\/pages\/1284"}],"wp:attachment":[{"href":"https:\/\/agora.xtec.cat\/ieslallauna\/wp-json\/wp\/v2\/media?parent=1359"}],"curies":[{"name":"wp","href":"https:\/\/api.w.org\/{rel}","templated":true}]}}