{"id":1320,"date":"2021-02-18T11:14:10","date_gmt":"2021-02-18T10:14:10","guid":{"rendered":"https:\/\/agora.xtec.cat\/ieslallauna\/?page_id=1320"},"modified":"2022-02-13T09:08:08","modified_gmt":"2022-02-13T08:08:08","slug":"castella","status":"publish","type":"page","link":"https:\/\/agora.xtec.cat\/ieslallauna\/estudis\/eso\/ambit-linguistic\/castella\/","title":{"rendered":"Lengua y literatura castellanas"},"content":{"rendered":"<p>Nuestro objetivo es, por un lado, reflexionar sobre lengua y sus usos para poder expresarse con solvencia tanto de forma oral como escrita; y, por el otro, ocuparnos de las obras literarias a fin de valorarlas en tanto que creaciones est\u00e9ticas y tratar de comprenderlas en sus contextos de producci\u00f3n y recepci\u00f3n. Todo ello para fomentar el esp\u00edritu cr\u00edtico.<\/p>\n<p style=\"text-align: center;\"><iframe loading=\"lazy\" title=\"YouTube video player\" src=\"\/\/www.youtube.com\/embed\/ANizbJ8J9Bs\" width=\"300\" height=\"171\" frameborder=\"0\" allowfullscreen=\"allowfullscreen\"><\/iframe><\/p>\n","protected":false},"excerpt":{"rendered":"<p>Nuestro objetivo es, por un lado, reflexionar sobre lengua y sus usos para poder expresarse con solvencia tanto de forma oral como escrita; y, por el otro, ocuparnos de las obras literarias a fin de valorarlas en tanto que creaciones est\u00e9ticas y tratar de comprenderlas en sus contextos de producci\u00f3n y recepci\u00f3n. Todo ello para [&hellip;]<\/p>\n","protected":false},"author":1,"featured_media":0,"parent":1294,"menu_order":0,"comment_status":"closed","ping_status":"closed","template":"","meta":{"_bbp_topic_count":0,"_bbp_reply_count":0,"_bbp_total_topic_count":0,"_bbp_total_reply_count":0,"_bbp_voice_count":0,"_bbp_anonymous_reply_count":0,"_bbp_topic_count_hidden":0,"_bbp_reply_count_hidden":0,"_bbp_forum_subforum_count":0,"site-sidebar-layout":"default","site-content-layout":"","ast-site-content-layout":"","site-content-style":"default","site-sidebar-style":"default","ast-global-header-display":"","ast-banner-title-visibility":"","ast-main-header-display":"","ast-hfb-above-header-display":"","ast-hfb-below-header-display":"","ast-hfb-mobile-header-display":"","site-post-title":"","ast-breadcrumbs-content":"","ast-featured-img":"","footer-sml-layout":"","theme-transparent-header-meta":"","adv-header-id-meta":"","stick-header-meta":"","header-above-stick-meta":"","header-main-stick-meta":"","header-below-stick-meta":"","astra-migrate-meta-layouts":"default","ast-page-background-enabled":"default","ast-page-background-meta":{"desktop":{"background-color":"var(--ast-global-color-4)","background-image":"","background-repeat":"repeat","background-position":"center center","background-size":"auto","background-attachment":"scroll","background-type":"","background-media":"","overlay-type":"","overlay-color":"","overlay-opacity":"","overlay-gradient":""},"tablet":{"background-color":"","background-image":"","background-repeat":"repeat","background-position":"center center","background-size":"auto","background-attachment":"scroll","background-type":"","background-media":"","overlay-type":"","overlay-color":"","overlay-opacity":"","overlay-gradient":""},"mobile":{"background-color":"","background-image":"","background-repeat":"repeat","background-position":"center center","background-size":"auto","background-attachment":"scroll","background-type":"","background-media":"","overlay-type":"","overlay-color":"","overlay-opacity":"","overlay-gradient":""}},"ast-content-background-meta":{"desktop":{"background-color":"var(--ast-global-color-5)","background-image":"","background-repeat":"repeat","background-position":"center center","background-size":"auto","background-attachment":"scroll","background-type":"","background-media":"","overlay-type":"","overlay-color":"","overlay-opacity":"","overlay-gradient":""},"tablet":{"background-color":"var(--ast-global-color-5)","background-image":"","background-repeat":"repeat","background-position":"center center","background-size":"auto","background-attachment":"scroll","background-type":"","background-media":"","overlay-type":"","overlay-color":"","overlay-opacity":"","overlay-gradient":""},"mobile":{"background-color":"var(--ast-global-color-5)","background-image":"","background-repeat":"repeat","background-position":"center center","background-size":"auto","background-attachment":"scroll","background-type":"","background-media":"","overlay-type":"","overlay-color":"","overlay-opacity":"","overlay-gradient":""}},"footnotes":""},"class_list":["post-1320","page","type-page","status-publish","hentry"],"post_mailing_queue_ids":[],"_links":{"self":[{"href":"https:\/\/agora.xtec.cat\/ieslallauna\/wp-json\/wp\/v2\/pages\/1320","targetHints":{"allow":["GET"]}}],"collection":[{"href":"https:\/\/agora.xtec.cat\/ieslallauna\/wp-json\/wp\/v2\/pages"}],"about":[{"href":"https:\/\/agora.xtec.cat\/ieslallauna\/wp-json\/wp\/v2\/types\/page"}],"author":[{"embeddable":true,"href":"https:\/\/agora.xtec.cat\/ieslallauna\/wp-json\/wp\/v2\/users\/1"}],"replies":[{"embeddable":true,"href":"https:\/\/agora.xtec.cat\/ieslallauna\/wp-json\/wp\/v2\/comments?post=1320"}],"version-history":[{"count":4,"href":"https:\/\/agora.xtec.cat\/ieslallauna\/wp-json\/wp\/v2\/pages\/1320\/revisions"}],"predecessor-version":[{"id":2537,"href":"https:\/\/agora.xtec.cat\/ieslallauna\/wp-json\/wp\/v2\/pages\/1320\/revisions\/2537"}],"up":[{"embeddable":true,"href":"https:\/\/agora.xtec.cat\/ieslallauna\/wp-json\/wp\/v2\/pages\/1294"}],"wp:attachment":[{"href":"https:\/\/agora.xtec.cat\/ieslallauna\/wp-json\/wp\/v2\/media?parent=1320"}],"curies":[{"name":"wp","href":"https:\/\/api.w.org\/{rel}","templated":true}]}}