{"id":1318,"date":"2021-02-18T11:13:44","date_gmt":"2021-02-18T10:13:44","guid":{"rendered":"https:\/\/agora.xtec.cat\/ieslallauna\/?page_id=1318"},"modified":"2022-02-11T20:06:00","modified_gmt":"2022-02-11T19:06:00","slug":"catala","status":"publish","type":"page","link":"https:\/\/agora.xtec.cat\/ieslallauna\/estudis\/eso\/ambit-linguistic\/catala\/","title":{"rendered":"Llengua i literatura catalanes"},"content":{"rendered":"<figure id=\"attachment_1386\" aria-describedby=\"caption-attachment-1386\" style=\"width: 150px\" class=\"wp-caption alignright\"><a href=\"https:\/\/agora.xtec.cat\/ieslallauna\/wp-content\/uploads\/usu21\/2021\/02\/reciatlpoetic.jpg\"><img loading=\"lazy\" decoding=\"async\" class=\"wp-image-1386 size-thumbnail\" src=\"https:\/\/agora.xtec.cat\/ieslallauna\/wp-content\/uploads\/usu21\/2021\/02\/reciatlpoetic-150x150.jpg\" alt=\"\" width=\"150\" height=\"150\" \/><\/a><figcaption id=\"caption-attachment-1386\" class=\"wp-caption-text\">Recital Po\u00e8tic<\/figcaption><\/figure>\n<p style=\"text-align: justify;\">L&#8217;objectiu de les nostres classes \u00e9s l&#8217;aprenentatge de la llengua oral i escrita de forma <strong>progressiva.<\/strong> Pel que fa a la llengua oral, cada estudiant prepara una o diverses <strong>presentacions p\u00fabliques<\/strong> d&#8217;un tema als seus companys de grup. L&#8217;alumnat apr\u00e8n la llengua escrita, a part d&#8217;exercicis i activitats, amb la lectura de <strong>tres obres liter\u00e0ries anuals<\/strong>, que s\u00f3n comentades per tal d&#8217;aprofundir el <strong>gust per la lectura.<\/strong> Acompanyem l&#8217;aprenentatge de la llengua amb el contacte de la <strong>literatura<\/strong>. Busquem tamb\u00e9 la <strong>creativitat<\/strong> i l&#8217;originalitat des de diverses perspectives: el concurs literari de Sant Jordi, les xerrades amb escriptors i alguna sessi\u00f3 teatral. Tamb\u00e9 podeu veure en aquests links algunes de les nostres activitats.<\/p>\n<ul>\n<li><a href=\"http:\/\/inslallauna.blogspot.com\/2018\/05\/el-passat-dimarts-15-de-maig-la-poeta.html\" target=\"_blank\" rel=\"noopener noreferrer\">3r d&#8217;ESO. Recital po\u00e8tic<\/a><\/li>\n<li><a href=\"http:\/\/inslallauna.blogspot.com\/2020\/05\/2n-deso-taller-de-poemes-en-confinament.html\" target=\"_blank\" rel=\"noopener noreferrer\">Taller de poemes en confinament<\/a><\/li>\n<li><a href=\"http:\/\/inslallauna.blogspot.com\/2018\/06\/aquest-final-de-curs-els-alumnes-de.html\" target=\"_blank\" rel=\"noopener noreferrer\">L&#8217;ESO a la Ruta Pompeu Fabra<\/a><\/li>\n<li><a href=\"http:\/\/inslallauna.blogspot.com\/2018\/06\/un-escriptor-1r-deso.html\" target=\"_blank\" rel=\"noopener noreferrer\">Visites d&#8217;escriptors<\/a><\/li>\n<\/ul>\n","protected":false},"excerpt":{"rendered":"<p>L&#8217;objectiu de les nostres classes \u00e9s l&#8217;aprenentatge de la llengua oral i escrita de forma progressiva. Pel que fa a la llengua oral, cada estudiant prepara una o diverses presentacions p\u00fabliques d&#8217;un tema als seus companys de grup. L&#8217;alumnat apr\u00e8n la llengua escrita, a part d&#8217;exercicis i activitats, amb la lectura de tres obres liter\u00e0ries [&hellip;]<\/p>\n","protected":false},"author":1,"featured_media":0,"parent":1294,"menu_order":0,"comment_status":"closed","ping_status":"closed","template":"","meta":{"_bbp_topic_count":0,"_bbp_reply_count":0,"_bbp_total_topic_count":0,"_bbp_total_reply_count":0,"_bbp_voice_count":0,"_bbp_anonymous_reply_count":0,"_bbp_topic_count_hidden":0,"_bbp_reply_count_hidden":0,"_bbp_forum_subforum_count":0,"site-sidebar-layout":"default","site-content-layout":"","ast-site-content-layout":"","site-content-style":"default","site-sidebar-style":"default","ast-global-header-display":"","ast-banner-title-visibility":"","ast-main-header-display":"","ast-hfb-above-header-display":"","ast-hfb-below-header-display":"","ast-hfb-mobile-header-display":"","site-post-title":"","ast-breadcrumbs-content":"","ast-featured-img":"","footer-sml-layout":"","theme-transparent-header-meta":"","adv-header-id-meta":"","stick-header-meta":"","header-above-stick-meta":"","header-main-stick-meta":"","header-below-stick-meta":"","astra-migrate-meta-layouts":"default","ast-page-background-enabled":"default","ast-page-background-meta":{"desktop":{"background-color":"var(--ast-global-color-4)","background-image":"","background-repeat":"repeat","background-position":"center center","background-size":"auto","background-attachment":"scroll","background-type":"","background-media":"","overlay-type":"","overlay-color":"","overlay-opacity":"","overlay-gradient":""},"tablet":{"background-color":"","background-image":"","background-repeat":"repeat","background-position":"center center","background-size":"auto","background-attachment":"scroll","background-type":"","background-media":"","overlay-type":"","overlay-color":"","overlay-opacity":"","overlay-gradient":""},"mobile":{"background-color":"","background-image":"","background-repeat":"repeat","background-position":"center center","background-size":"auto","background-attachment":"scroll","background-type":"","background-media":"","overlay-type":"","overlay-color":"","overlay-opacity":"","overlay-gradient":""}},"ast-content-background-meta":{"desktop":{"background-color":"var(--ast-global-color-5)","background-image":"","background-repeat":"repeat","background-position":"center center","background-size":"auto","background-attachment":"scroll","background-type":"","background-media":"","overlay-type":"","overlay-color":"","overlay-opacity":"","overlay-gradient":""},"tablet":{"background-color":"var(--ast-global-color-5)","background-image":"","background-repeat":"repeat","background-position":"center center","background-size":"auto","background-attachment":"scroll","background-type":"","background-media":"","overlay-type":"","overlay-color":"","overlay-opacity":"","overlay-gradient":""},"mobile":{"background-color":"var(--ast-global-color-5)","background-image":"","background-repeat":"repeat","background-position":"center center","background-size":"auto","background-attachment":"scroll","background-type":"","background-media":"","overlay-type":"","overlay-color":"","overlay-opacity":"","overlay-gradient":""}},"footnotes":""},"class_list":["post-1318","page","type-page","status-publish","hentry"],"post_mailing_queue_ids":[],"_links":{"self":[{"href":"https:\/\/agora.xtec.cat\/ieslallauna\/wp-json\/wp\/v2\/pages\/1318","targetHints":{"allow":["GET"]}}],"collection":[{"href":"https:\/\/agora.xtec.cat\/ieslallauna\/wp-json\/wp\/v2\/pages"}],"about":[{"href":"https:\/\/agora.xtec.cat\/ieslallauna\/wp-json\/wp\/v2\/types\/page"}],"author":[{"embeddable":true,"href":"https:\/\/agora.xtec.cat\/ieslallauna\/wp-json\/wp\/v2\/users\/1"}],"replies":[{"embeddable":true,"href":"https:\/\/agora.xtec.cat\/ieslallauna\/wp-json\/wp\/v2\/comments?post=1318"}],"version-history":[{"count":4,"href":"https:\/\/agora.xtec.cat\/ieslallauna\/wp-json\/wp\/v2\/pages\/1318\/revisions"}],"predecessor-version":[{"id":2439,"href":"https:\/\/agora.xtec.cat\/ieslallauna\/wp-json\/wp\/v2\/pages\/1318\/revisions\/2439"}],"up":[{"embeddable":true,"href":"https:\/\/agora.xtec.cat\/ieslallauna\/wp-json\/wp\/v2\/pages\/1294"}],"wp:attachment":[{"href":"https:\/\/agora.xtec.cat\/ieslallauna\/wp-json\/wp\/v2\/media?parent=1318"}],"curies":[{"name":"wp","href":"https:\/\/api.w.org\/{rel}","templated":true}]}}