{"id":1316,"date":"2021-02-18T09:55:31","date_gmt":"2021-02-18T08:55:31","guid":{"rendered":"https:\/\/agora.xtec.cat\/ieslallauna\/?page_id=1316"},"modified":"2022-02-12T08:44:40","modified_gmt":"2022-02-12T07:44:40","slug":"ambit-deducacio-fisica","status":"publish","type":"page","link":"https:\/\/agora.xtec.cat\/ieslallauna\/estudis\/eso\/ambit-deducacio-fisica\/","title":{"rendered":"\u00c0mbit d&#8217;Educaci\u00f3 F\u00edsica"},"content":{"rendered":"<p style=\"text-align: justify;\">Fonamentem l\u2019aprenentatge de l\u2019educaci\u00f3 f\u00edsica en el treball d\u2019aquelles compet\u00e8ncies relacionades amb el cos i la seva <strong>activitat motriu<\/strong>, que contribueixen al <strong>desenvolupament integral<\/strong> de la persona i a la millora de la qualitat de vida. La mat\u00e8ria d\u2019educaci\u00f3 f\u00edsica t\u00e9 com a principal finalitat el coneixement del <strong>propi cos<\/strong>, la reflexi\u00f3 sobre el sentit i els efectes de l\u2019activitat motriu, el desenvolupament d\u2019<strong>h\u00e0bits saludables<\/strong>, regulars i continuats i el fet de sentir-se b\u00e9 amb el propi cos, cosa que millora l\u2019autoconcepte i l\u2019autoestima.<\/p>\n<p style=\"text-align: justify;\">Complementem les activitats al centre amb sortides espec\u00edfiques de nivell. Esperem que ben aviat les puguem tornar a fer!<\/p>\n<ul>\n<li><a href=\"http:\/\/inslallauna.blogspot.com\/2018\/10\/pedalades-de-1r-deso.html\" target=\"_blank\" rel=\"noopener noreferrer\">1r d&#8217;ESO. Pedalades<\/a><\/li>\n<li><a href=\"http:\/\/inslallauna.blogspot.com\/2019\/04\/2n-deso-en-bicicleta-de-badalona-sant.html\" target=\"_blank\" rel=\"noopener noreferrer\">2n d&#8217;ESO. Ruta en bicicleta<\/a><\/li>\n<li><a href=\"http:\/\/inslallauna.blogspot.com\/2020\/02\/esqui-i-snow-la-cerdanya.html\" target=\"_blank\" rel=\"noopener noreferrer\">3r ESO. Esqu\u00ed i snow a la Cerdanya<\/a><\/li>\n<li><a href=\"http:\/\/inslallauna.blogspot.com\/2019\/11\/sortides-activitats-nautiques-4t-eso-i.html\" target=\"_blank\" rel=\"noopener noreferrer\">4t d&#8217;ESO i 1r de Batxillerat. Activitats n\u00e0utiques<\/a><\/li>\n<li><a href=\"http:\/\/inslallauna.blogspot.com\/2019\/06\/regata-del-desafiament-llagut-2019.html\" target=\"_blank\" rel=\"noopener noreferrer\">Regata del Desafiament<\/a><\/li>\n<li><a href=\"http:\/\/inslallauna.blogspot.com\/2019\/05\/korfbal-2019.html\" target=\"_blank\" rel=\"noopener noreferrer\">Korfbal. Equip de La Llauna<\/a><\/li>\n<li><a href=\"http:\/\/inslallauna.blogspot.com\/search\/label\/Copa%20Colegial\" target=\"_blank\" rel=\"noopener noreferrer\">Copa Colegial<\/a><\/li>\n<\/ul>\n","protected":false},"excerpt":{"rendered":"<p>Fonamentem l\u2019aprenentatge de l\u2019educaci\u00f3 f\u00edsica en el treball d\u2019aquelles compet\u00e8ncies relacionades amb el cos i la seva activitat motriu, que contribueixen al desenvolupament integral de la persona i a la millora de la qualitat de vida. La mat\u00e8ria d\u2019educaci\u00f3 f\u00edsica t\u00e9 com a principal finalitat el coneixement del propi cos, la reflexi\u00f3 sobre el sentit [&hellip;]<\/p>\n","protected":false},"author":1,"featured_media":0,"parent":1284,"menu_order":0,"comment_status":"closed","ping_status":"closed","template":"","meta":{"_bbp_topic_count":0,"_bbp_reply_count":0,"_bbp_total_topic_count":0,"_bbp_total_reply_count":0,"_bbp_voice_count":0,"_bbp_anonymous_reply_count":0,"_bbp_topic_count_hidden":0,"_bbp_reply_count_hidden":0,"_bbp_forum_subforum_count":0,"site-sidebar-layout":"default","site-content-layout":"","ast-site-content-layout":"","site-content-style":"default","site-sidebar-style":"default","ast-global-header-display":"","ast-banner-title-visibility":"","ast-main-header-display":"","ast-hfb-above-header-display":"","ast-hfb-below-header-display":"","ast-hfb-mobile-header-display":"","site-post-title":"","ast-breadcrumbs-content":"","ast-featured-img":"","footer-sml-layout":"","theme-transparent-header-meta":"","adv-header-id-meta":"","stick-header-meta":"","header-above-stick-meta":"","header-main-stick-meta":"","header-below-stick-meta":"","astra-migrate-meta-layouts":"default","ast-page-background-enabled":"default","ast-page-background-meta":{"desktop":{"background-color":"var(--ast-global-color-4)","background-image":"","background-repeat":"repeat","background-position":"center center","background-size":"auto","background-attachment":"scroll","background-type":"","background-media":"","overlay-type":"","overlay-color":"","overlay-opacity":"","overlay-gradient":""},"tablet":{"background-color":"","background-image":"","background-repeat":"repeat","background-position":"center center","background-size":"auto","background-attachment":"scroll","background-type":"","background-media":"","overlay-type":"","overlay-color":"","overlay-opacity":"","overlay-gradient":""},"mobile":{"background-color":"","background-image":"","background-repeat":"repeat","background-position":"center center","background-size":"auto","background-attachment":"scroll","background-type":"","background-media":"","overlay-type":"","overlay-color":"","overlay-opacity":"","overlay-gradient":""}},"ast-content-background-meta":{"desktop":{"background-color":"var(--ast-global-color-5)","background-image":"","background-repeat":"repeat","background-position":"center center","background-size":"auto","background-attachment":"scroll","background-type":"","background-media":"","overlay-type":"","overlay-color":"","overlay-opacity":"","overlay-gradient":""},"tablet":{"background-color":"var(--ast-global-color-5)","background-image":"","background-repeat":"repeat","background-position":"center center","background-size":"auto","background-attachment":"scroll","background-type":"","background-media":"","overlay-type":"","overlay-color":"","overlay-opacity":"","overlay-gradient":""},"mobile":{"background-color":"var(--ast-global-color-5)","background-image":"","background-repeat":"repeat","background-position":"center center","background-size":"auto","background-attachment":"scroll","background-type":"","background-media":"","overlay-type":"","overlay-color":"","overlay-opacity":"","overlay-gradient":""}},"footnotes":""},"class_list":["post-1316","page","type-page","status-publish","hentry"],"post_mailing_queue_ids":[],"_links":{"self":[{"href":"https:\/\/agora.xtec.cat\/ieslallauna\/wp-json\/wp\/v2\/pages\/1316","targetHints":{"allow":["GET"]}}],"collection":[{"href":"https:\/\/agora.xtec.cat\/ieslallauna\/wp-json\/wp\/v2\/pages"}],"about":[{"href":"https:\/\/agora.xtec.cat\/ieslallauna\/wp-json\/wp\/v2\/types\/page"}],"author":[{"embeddable":true,"href":"https:\/\/agora.xtec.cat\/ieslallauna\/wp-json\/wp\/v2\/users\/1"}],"replies":[{"embeddable":true,"href":"https:\/\/agora.xtec.cat\/ieslallauna\/wp-json\/wp\/v2\/comments?post=1316"}],"version-history":[{"count":4,"href":"https:\/\/agora.xtec.cat\/ieslallauna\/wp-json\/wp\/v2\/pages\/1316\/revisions"}],"predecessor-version":[{"id":2466,"href":"https:\/\/agora.xtec.cat\/ieslallauna\/wp-json\/wp\/v2\/pages\/1316\/revisions\/2466"}],"up":[{"embeddable":true,"href":"https:\/\/agora.xtec.cat\/ieslallauna\/wp-json\/wp\/v2\/pages\/1284"}],"wp:attachment":[{"href":"https:\/\/agora.xtec.cat\/ieslallauna\/wp-json\/wp\/v2\/media?parent=1316"}],"curies":[{"name":"wp","href":"https:\/\/api.w.org\/{rel}","templated":true}]}}