{"id":1310,"date":"2021-02-18T09:53:53","date_gmt":"2021-02-18T08:53:53","guid":{"rendered":"https:\/\/agora.xtec.cat\/ieslallauna\/?page_id=1310"},"modified":"2022-02-12T08:57:41","modified_gmt":"2022-02-12T07:57:41","slug":"ambit-artistic","status":"publish","type":"page","link":"https:\/\/agora.xtec.cat\/ieslallauna\/estudis\/eso\/ambit-artistic\/","title":{"rendered":"\u00c0mbit Art\u00edstic"},"content":{"rendered":"<p style=\"text-align: justify;\"><a href=\"https:\/\/agora.xtec.cat\/ieslallauna\/wp-content\/uploads\/usu21\/2021\/02\/makeartnotwar_opt.jpg\"><img loading=\"lazy\" decoding=\"async\" class=\"size-thumbnail wp-image-1341 alignleft\" src=\"https:\/\/agora.xtec.cat\/ieslallauna\/wp-content\/uploads\/usu21\/2021\/02\/makeartnotwar_opt-150x150.jpg\" alt=\"\" width=\"150\" height=\"150\" \/><\/a>La compet\u00e8ncia art\u00edstica \u00e9s la capacitat de comprendre, apreciar i valorar cr\u00edticament les diferents produccions art\u00edstiques, i utilitzarles com a font d\u2019enriquiment i gaudi en el context social en qu\u00e8 es manifesten. Tamb\u00e9 suposa crear produccions, individuals o col\u00b7lectives, fent un \u00fas integrat de la varietat de coneixements i t\u00e8cniques que configuren les arts. Les mat\u00e8ries de <strong>m\u00fasica<\/strong> i d\u2019<strong>educaci\u00f3 visual i pl\u00e0stica<\/strong> constitueixen una visi\u00f3 global i integradora de les arts amb m\u00e9s projecci\u00f3 en la societat contempor\u00e0nia. Les arts s\u00f3n actius culturals de primer ordre i cal que l\u2019alumnat adopti una actitud activa, comprengui i experimenti, durant el seu proc\u00e9s formatiu, les prestacions d\u2019aquests llenguatges.<\/p>\n<p>Mat\u00e8ries:<\/p>\n<ul>\n<li><a href=\"https:\/\/agora.xtec.cat\/ieslallauna\/portes-obertes-curs-2021-2022-nou-alumnat\/eso\/ambit-artistic\/visual-i-plastica\/\" target=\"_blank\" rel=\"noopener\">Visual i Pl\u00e0stica<\/a><\/li>\n<li><a href=\"https:\/\/agora.xtec.cat\/ieslallauna\/portes-obertes-curs-2021-2022-nou-alumnat\/eso\/ambit-artistic\/musica\/\" target=\"_blank\" rel=\"noopener\">M\u00fasica<\/a><\/li>\n<\/ul>\n","protected":false},"excerpt":{"rendered":"<p>La compet\u00e8ncia art\u00edstica \u00e9s la capacitat de comprendre, apreciar i valorar cr\u00edticament les diferents produccions art\u00edstiques, i utilitzarles com a font d\u2019enriquiment i gaudi en el context social en qu\u00e8 es manifesten. Tamb\u00e9 suposa crear produccions, individuals o col\u00b7lectives, fent un \u00fas integrat de la varietat de coneixements i t\u00e8cniques que configuren les arts. Les [&hellip;]<\/p>\n","protected":false},"author":1,"featured_media":0,"parent":1284,"menu_order":0,"comment_status":"closed","ping_status":"closed","template":"page-templates\/side-menu.php","meta":{"_bbp_topic_count":0,"_bbp_reply_count":0,"_bbp_total_topic_count":0,"_bbp_total_reply_count":0,"_bbp_voice_count":0,"_bbp_anonymous_reply_count":0,"_bbp_topic_count_hidden":0,"_bbp_reply_count_hidden":0,"_bbp_forum_subforum_count":0,"site-sidebar-layout":"default","site-content-layout":"","ast-site-content-layout":"","site-content-style":"default","site-sidebar-style":"default","ast-global-header-display":"","ast-banner-title-visibility":"","ast-main-header-display":"","ast-hfb-above-header-display":"","ast-hfb-below-header-display":"","ast-hfb-mobile-header-display":"","site-post-title":"","ast-breadcrumbs-content":"","ast-featured-img":"","footer-sml-layout":"","theme-transparent-header-meta":"","adv-header-id-meta":"","stick-header-meta":"","header-above-stick-meta":"","header-main-stick-meta":"","header-below-stick-meta":"","astra-migrate-meta-layouts":"default","ast-page-background-enabled":"default","ast-page-background-meta":{"desktop":{"background-color":"var(--ast-global-color-4)","background-image":"","background-repeat":"repeat","background-position":"center center","background-size":"auto","background-attachment":"scroll","background-type":"","background-media":"","overlay-type":"","overlay-color":"","overlay-opacity":"","overlay-gradient":""},"tablet":{"background-color":"","background-image":"","background-repeat":"repeat","background-position":"center center","background-size":"auto","background-attachment":"scroll","background-type":"","background-media":"","overlay-type":"","overlay-color":"","overlay-opacity":"","overlay-gradient":""},"mobile":{"background-color":"","background-image":"","background-repeat":"repeat","background-position":"center center","background-size":"auto","background-attachment":"scroll","background-type":"","background-media":"","overlay-type":"","overlay-color":"","overlay-opacity":"","overlay-gradient":""}},"ast-content-background-meta":{"desktop":{"background-color":"var(--ast-global-color-5)","background-image":"","background-repeat":"repeat","background-position":"center center","background-size":"auto","background-attachment":"scroll","background-type":"","background-media":"","overlay-type":"","overlay-color":"","overlay-opacity":"","overlay-gradient":""},"tablet":{"background-color":"var(--ast-global-color-5)","background-image":"","background-repeat":"repeat","background-position":"center center","background-size":"auto","background-attachment":"scroll","background-type":"","background-media":"","overlay-type":"","overlay-color":"","overlay-opacity":"","overlay-gradient":""},"mobile":{"background-color":"var(--ast-global-color-5)","background-image":"","background-repeat":"repeat","background-position":"center center","background-size":"auto","background-attachment":"scroll","background-type":"","background-media":"","overlay-type":"","overlay-color":"","overlay-opacity":"","overlay-gradient":""}},"footnotes":""},"class_list":["post-1310","page","type-page","status-publish","hentry"],"post_mailing_queue_ids":[],"_links":{"self":[{"href":"https:\/\/agora.xtec.cat\/ieslallauna\/wp-json\/wp\/v2\/pages\/1310","targetHints":{"allow":["GET"]}}],"collection":[{"href":"https:\/\/agora.xtec.cat\/ieslallauna\/wp-json\/wp\/v2\/pages"}],"about":[{"href":"https:\/\/agora.xtec.cat\/ieslallauna\/wp-json\/wp\/v2\/types\/page"}],"author":[{"embeddable":true,"href":"https:\/\/agora.xtec.cat\/ieslallauna\/wp-json\/wp\/v2\/users\/1"}],"replies":[{"embeddable":true,"href":"https:\/\/agora.xtec.cat\/ieslallauna\/wp-json\/wp\/v2\/comments?post=1310"}],"version-history":[{"count":4,"href":"https:\/\/agora.xtec.cat\/ieslallauna\/wp-json\/wp\/v2\/pages\/1310\/revisions"}],"predecessor-version":[{"id":2471,"href":"https:\/\/agora.xtec.cat\/ieslallauna\/wp-json\/wp\/v2\/pages\/1310\/revisions\/2471"}],"up":[{"embeddable":true,"href":"https:\/\/agora.xtec.cat\/ieslallauna\/wp-json\/wp\/v2\/pages\/1284"}],"wp:attachment":[{"href":"https:\/\/agora.xtec.cat\/ieslallauna\/wp-json\/wp\/v2\/media?parent=1310"}],"curies":[{"name":"wp","href":"https:\/\/api.w.org\/{rel}","templated":true}]}}