{"id":1308,"date":"2021-02-18T09:53:23","date_gmt":"2021-02-18T08:53:23","guid":{"rendered":"https:\/\/agora.xtec.cat\/ieslallauna\/?page_id=1308"},"modified":"2022-02-12T08:31:28","modified_gmt":"2022-02-12T07:31:28","slug":"ambit-social","status":"publish","type":"page","link":"https:\/\/agora.xtec.cat\/ieslallauna\/estudis\/eso\/ambit-social\/","title":{"rendered":"\u00c0mbit Social. Geografia i Hist\u00f2ria"},"content":{"rendered":"<p style=\"text-align: justify;\">Les compet\u00e8ncies b\u00e0siques de la mat\u00e8ria de <strong>geografia i hist\u00f2ria<\/strong> es refereixen a aquelles capacitats que permeten a l&#8217;alumnat analitzar fets i situacions a partir de l\u2019aplicaci\u00f3 dels coneixements i de les metodologies que proporciona la mat\u00e8ria. Ser competent en aquesta mat\u00e8ria implica que els nois i noies han adquirit les eines necess\u00e0ries per <strong>entendre el m\u00f3n<\/strong> i per esdevenir persones capaces d\u2019intervenir activament i cr\u00edtica en la societat plural, diversa i en canvi. Suposa disposar d\u2019uns <strong>coneixements<\/strong> que s\u00f3n \u00fatils en la mesura que permeten la construcci\u00f3 de conceptes i procediments, i la seva <strong>transfer\u00e8ncia<\/strong> per interpretar problemes a diferents escales espacials i temporals i, alhora, per situar-se en el m\u00f3n i desenvolupar una consci\u00e8ncia ciutadana que els permeti intervenir en un futur en la vida laboral, social, c\u00edvica i pol\u00edtica. En la comprensi\u00f3 dels fen\u00f2mens socials que requereix la societat del coneixement esdevenen determinants les destreses d\u2019obtenci\u00f3 i tractament de la informaci\u00f3 facilitada per les xarxes i els entorns digitals.<\/p>\n<p>Si cliqueu a sobre la presentaci\u00f3, podreu accedir a una imatge interactiva. Busqueu, cliqueu i descobriu com treballem la geografia i la hist\u00f2ria a l&#8217;ESO:<\/p>\n<p><a href=\"https:\/\/view.genial.ly\/6033d7d4fe8de40d1f8b360d\/presentation-portes-obertes-eso\" target=\"_blank\" rel=\"noopener noreferrer\"><img loading=\"lazy\" decoding=\"async\" class=\" wp-image-1416 aligncenter\" src=\"https:\/\/agora.xtec.cat\/ieslallauna\/wp-content\/uploads\/usu21\/2021\/02\/socials-150x150.jpg\" alt=\"\" width=\"184\" height=\"184\" \/><\/a><\/p>\n","protected":false},"excerpt":{"rendered":"<p>Les compet\u00e8ncies b\u00e0siques de la mat\u00e8ria de geografia i hist\u00f2ria es refereixen a aquelles capacitats que permeten a l&#8217;alumnat analitzar fets i situacions a partir de l\u2019aplicaci\u00f3 dels coneixements i de les metodologies que proporciona la mat\u00e8ria. Ser competent en aquesta mat\u00e8ria implica que els nois i noies han adquirit les eines necess\u00e0ries per entendre [&hellip;]<\/p>\n","protected":false},"author":1,"featured_media":0,"parent":1284,"menu_order":0,"comment_status":"closed","ping_status":"closed","template":"","meta":{"_bbp_topic_count":0,"_bbp_reply_count":0,"_bbp_total_topic_count":0,"_bbp_total_reply_count":0,"_bbp_voice_count":0,"_bbp_anonymous_reply_count":0,"_bbp_topic_count_hidden":0,"_bbp_reply_count_hidden":0,"_bbp_forum_subforum_count":0,"site-sidebar-layout":"default","site-content-layout":"","ast-site-content-layout":"","site-content-style":"default","site-sidebar-style":"default","ast-global-header-display":"","ast-banner-title-visibility":"","ast-main-header-display":"","ast-hfb-above-header-display":"","ast-hfb-below-header-display":"","ast-hfb-mobile-header-display":"","site-post-title":"","ast-breadcrumbs-content":"","ast-featured-img":"","footer-sml-layout":"","theme-transparent-header-meta":"","adv-header-id-meta":"","stick-header-meta":"","header-above-stick-meta":"","header-main-stick-meta":"","header-below-stick-meta":"","astra-migrate-meta-layouts":"default","ast-page-background-enabled":"default","ast-page-background-meta":{"desktop":{"background-color":"var(--ast-global-color-4)","background-image":"","background-repeat":"repeat","background-position":"center center","background-size":"auto","background-attachment":"scroll","background-type":"","background-media":"","overlay-type":"","overlay-color":"","overlay-opacity":"","overlay-gradient":""},"tablet":{"background-color":"","background-image":"","background-repeat":"repeat","background-position":"center center","background-size":"auto","background-attachment":"scroll","background-type":"","background-media":"","overlay-type":"","overlay-color":"","overlay-opacity":"","overlay-gradient":""},"mobile":{"background-color":"","background-image":"","background-repeat":"repeat","background-position":"center center","background-size":"auto","background-attachment":"scroll","background-type":"","background-media":"","overlay-type":"","overlay-color":"","overlay-opacity":"","overlay-gradient":""}},"ast-content-background-meta":{"desktop":{"background-color":"var(--ast-global-color-5)","background-image":"","background-repeat":"repeat","background-position":"center center","background-size":"auto","background-attachment":"scroll","background-type":"","background-media":"","overlay-type":"","overlay-color":"","overlay-opacity":"","overlay-gradient":""},"tablet":{"background-color":"var(--ast-global-color-5)","background-image":"","background-repeat":"repeat","background-position":"center center","background-size":"auto","background-attachment":"scroll","background-type":"","background-media":"","overlay-type":"","overlay-color":"","overlay-opacity":"","overlay-gradient":""},"mobile":{"background-color":"var(--ast-global-color-5)","background-image":"","background-repeat":"repeat","background-position":"center center","background-size":"auto","background-attachment":"scroll","background-type":"","background-media":"","overlay-type":"","overlay-color":"","overlay-opacity":"","overlay-gradient":""}},"footnotes":""},"class_list":["post-1308","page","type-page","status-publish","hentry"],"post_mailing_queue_ids":[],"_links":{"self":[{"href":"https:\/\/agora.xtec.cat\/ieslallauna\/wp-json\/wp\/v2\/pages\/1308","targetHints":{"allow":["GET"]}}],"collection":[{"href":"https:\/\/agora.xtec.cat\/ieslallauna\/wp-json\/wp\/v2\/pages"}],"about":[{"href":"https:\/\/agora.xtec.cat\/ieslallauna\/wp-json\/wp\/v2\/types\/page"}],"author":[{"embeddable":true,"href":"https:\/\/agora.xtec.cat\/ieslallauna\/wp-json\/wp\/v2\/users\/1"}],"replies":[{"embeddable":true,"href":"https:\/\/agora.xtec.cat\/ieslallauna\/wp-json\/wp\/v2\/comments?post=1308"}],"version-history":[{"count":4,"href":"https:\/\/agora.xtec.cat\/ieslallauna\/wp-json\/wp\/v2\/pages\/1308\/revisions"}],"predecessor-version":[{"id":2319,"href":"https:\/\/agora.xtec.cat\/ieslallauna\/wp-json\/wp\/v2\/pages\/1308\/revisions\/2319"}],"up":[{"embeddable":true,"href":"https:\/\/agora.xtec.cat\/ieslallauna\/wp-json\/wp\/v2\/pages\/1284"}],"wp:attachment":[{"href":"https:\/\/agora.xtec.cat\/ieslallauna\/wp-json\/wp\/v2\/media?parent=1308"}],"curies":[{"name":"wp","href":"https:\/\/api.w.org\/{rel}","templated":true}]}}