{"id":1300,"date":"2021-02-18T09:51:02","date_gmt":"2021-02-18T08:51:02","guid":{"rendered":"https:\/\/agora.xtec.cat\/ieslallauna\/?page_id=1300"},"modified":"2022-02-13T08:30:27","modified_gmt":"2022-02-13T07:30:27","slug":"ambit-cientificotecnologic","status":"publish","type":"page","link":"https:\/\/agora.xtec.cat\/ieslallauna\/estudis\/eso\/ambit-cientificotecnologic\/","title":{"rendered":"\u00c0mbit cientificotecnol\u00f2gic"},"content":{"rendered":"<p style=\"text-align: justify;\"><a href=\"https:\/\/agora.xtec.cat\/ieslallauna\/wp-content\/uploads\/usu21\/2021\/02\/jornadescientifiques.png\"><img loading=\"lazy\" decoding=\"async\" class=\"size-thumbnail wp-image-1424 alignright\" src=\"https:\/\/agora.xtec.cat\/ieslallauna\/wp-content\/uploads\/usu21\/2021\/02\/jornadescientifiques-150x150.png\" alt=\"\" width=\"150\" height=\"150\" srcset=\"https:\/\/agora.xtec.cat\/ieslallauna\/wp-content\/uploads\/usu21\/2021\/02\/jornadescientifiques-150x150.png 150w, https:\/\/agora.xtec.cat\/ieslallauna\/wp-content\/uploads\/usu21\/2021\/02\/jornadescientifiques-252x250.png 252w\" sizes=\"auto, (max-width: 150px) 100vw, 150px\" \/><\/a>Les compet\u00e8ncies b\u00e0siques de l\u2019\u00e0mbit cientificotecnol\u00f2gic es refereixen a aquelles capacitats que permeten a l&#8217;alumnat <strong>resoldre problemes<\/strong> a partir dels <strong>coneixements cient\u00edfics i t\u00e8cnics<\/strong>, aix\u00ed com del domini dels processos de l\u2019activitat cient\u00edfica.<\/p>\n<p style=\"text-align: justify;\">Ser competent en aquest \u00e0mbit permet actuar i respondre, aportant proves, algunes <strong>preguntes genu\u00efnes<\/strong> que els alumnes es poden formular i que saben recon\u00e8ixer com a cient\u00edfiques. \u00c9s un saber que t\u00e9 sentit i motivaci\u00f3, que permet raonar i que contribueix a l\u2019educaci\u00f3 global dels alumnes perqu\u00e8 els fa capa\u00e7os d\u2019actuar de manera reflexiva davant de situacions que es consideren rellevants.\u00a0 Per assolir-lo, els alumnes han de con\u00e8ixer els <strong>conceptes, t\u00e8cniques i metodologies<\/strong> de les diferents disciplines cient\u00edfiques i tecnol\u00f2giques.<\/p>\n<p style=\"text-align: justify;\">Els alumnes aniran adquirint les compet\u00e8ncies en resoldre els problemes que els plantegen els fen\u00f2mens f\u00edsics, qu\u00edmics, biol\u00f2gics, geol\u00f2gics i tecnol\u00f2gics del m\u00f3n, duent a terme una activitat cient\u00edfica escolar <strong>conceptual i pr\u00e0ctica<\/strong>, i alhora ha de tenir finalitats humanes i socials. Per a aix\u00f2, cal que els alumnes coneguin i s\u00e0piguen aplicar els principals models i processos de les ci\u00e8ncies, en <strong>diferents contextos<\/strong> i segons diferents demandes o finalitats. Ho aconseguiran mitjan\u00e7ant els intercanvis d\u2019idees i de maneres de treballar a classe, la comunicaci\u00f3 i l\u2019\u00fas dels llenguatges espec\u00edfics que aniran adquirint a mesura que els necessitin.<\/p>\n<p>Cliqueu i podreu descobrir com treballem aquestes tres mat\u00e8ries:<\/p>\n<ul>\n<li><a href=\"https:\/\/agora.xtec.cat\/ieslallauna\/portes-obertes-curs-2021-2022-nou-alumnat\/eso\/ambit-cientificotecnologic\/biologia-i-geologia\/\" target=\"_blank\" rel=\"noopener\"><strong>Biologia i Geologia. Un m\u00f3n per experimentar<\/strong><\/a><\/li>\n<li><a href=\"https:\/\/agora.xtec.cat\/ieslallauna\/estudis\/eso\/ambit-cientificotecnologic\/fisica-i-quimica\/\" target=\"_blank\" rel=\"noopener\"><strong>F\u00edsica i Qu\u00edmica. Un m\u00f3n per descobrir<\/strong><\/a><\/li>\n<li><a href=\"https:\/\/agora.xtec.cat\/ieslallauna\/estudis\/eso\/ambit-cientificotecnologic\/tecnologia\/\" target=\"_blank\" rel=\"noopener\"><strong>Tecnologia. Un mon per construir<\/strong><\/a><\/li>\n<\/ul>\n<p>&nbsp;<\/p>\n","protected":false},"excerpt":{"rendered":"<p>Les compet\u00e8ncies b\u00e0siques de l\u2019\u00e0mbit cientificotecnol\u00f2gic es refereixen a aquelles capacitats que permeten a l&#8217;alumnat resoldre problemes a partir dels coneixements cient\u00edfics i t\u00e8cnics, aix\u00ed com del domini dels processos de l\u2019activitat cient\u00edfica. Ser competent en aquest \u00e0mbit permet actuar i respondre, aportant proves, algunes preguntes genu\u00efnes que els alumnes es poden formular i que [&hellip;]<\/p>\n","protected":false},"author":1,"featured_media":0,"parent":1284,"menu_order":0,"comment_status":"closed","ping_status":"closed","template":"page-templates\/side-menu.php","meta":{"_bbp_topic_count":0,"_bbp_reply_count":0,"_bbp_total_topic_count":0,"_bbp_total_reply_count":0,"_bbp_voice_count":0,"_bbp_anonymous_reply_count":0,"_bbp_topic_count_hidden":0,"_bbp_reply_count_hidden":0,"_bbp_forum_subforum_count":0,"site-sidebar-layout":"default","site-content-layout":"","ast-site-content-layout":"","site-content-style":"default","site-sidebar-style":"default","ast-global-header-display":"","ast-banner-title-visibility":"","ast-main-header-display":"","ast-hfb-above-header-display":"","ast-hfb-below-header-display":"","ast-hfb-mobile-header-display":"","site-post-title":"","ast-breadcrumbs-content":"","ast-featured-img":"","footer-sml-layout":"","theme-transparent-header-meta":"","adv-header-id-meta":"","stick-header-meta":"","header-above-stick-meta":"","header-main-stick-meta":"","header-below-stick-meta":"","astra-migrate-meta-layouts":"default","ast-page-background-enabled":"default","ast-page-background-meta":{"desktop":{"background-color":"var(--ast-global-color-4)","background-image":"","background-repeat":"repeat","background-position":"center center","background-size":"auto","background-attachment":"scroll","background-type":"","background-media":"","overlay-type":"","overlay-color":"","overlay-opacity":"","overlay-gradient":""},"tablet":{"background-color":"","background-image":"","background-repeat":"repeat","background-position":"center center","background-size":"auto","background-attachment":"scroll","background-type":"","background-media":"","overlay-type":"","overlay-color":"","overlay-opacity":"","overlay-gradient":""},"mobile":{"background-color":"","background-image":"","background-repeat":"repeat","background-position":"center center","background-size":"auto","background-attachment":"scroll","background-type":"","background-media":"","overlay-type":"","overlay-color":"","overlay-opacity":"","overlay-gradient":""}},"ast-content-background-meta":{"desktop":{"background-color":"var(--ast-global-color-5)","background-image":"","background-repeat":"repeat","background-position":"center center","background-size":"auto","background-attachment":"scroll","background-type":"","background-media":"","overlay-type":"","overlay-color":"","overlay-opacity":"","overlay-gradient":""},"tablet":{"background-color":"var(--ast-global-color-5)","background-image":"","background-repeat":"repeat","background-position":"center center","background-size":"auto","background-attachment":"scroll","background-type":"","background-media":"","overlay-type":"","overlay-color":"","overlay-opacity":"","overlay-gradient":""},"mobile":{"background-color":"var(--ast-global-color-5)","background-image":"","background-repeat":"repeat","background-position":"center center","background-size":"auto","background-attachment":"scroll","background-type":"","background-media":"","overlay-type":"","overlay-color":"","overlay-opacity":"","overlay-gradient":""}},"footnotes":""},"class_list":["post-1300","page","type-page","status-publish","hentry"],"post_mailing_queue_ids":[],"_links":{"self":[{"href":"https:\/\/agora.xtec.cat\/ieslallauna\/wp-json\/wp\/v2\/pages\/1300","targetHints":{"allow":["GET"]}}],"collection":[{"href":"https:\/\/agora.xtec.cat\/ieslallauna\/wp-json\/wp\/v2\/pages"}],"about":[{"href":"https:\/\/agora.xtec.cat\/ieslallauna\/wp-json\/wp\/v2\/types\/page"}],"author":[{"embeddable":true,"href":"https:\/\/agora.xtec.cat\/ieslallauna\/wp-json\/wp\/v2\/users\/1"}],"replies":[{"embeddable":true,"href":"https:\/\/agora.xtec.cat\/ieslallauna\/wp-json\/wp\/v2\/comments?post=1300"}],"version-history":[{"count":4,"href":"https:\/\/agora.xtec.cat\/ieslallauna\/wp-json\/wp\/v2\/pages\/1300\/revisions"}],"predecessor-version":[{"id":2508,"href":"https:\/\/agora.xtec.cat\/ieslallauna\/wp-json\/wp\/v2\/pages\/1300\/revisions\/2508"}],"up":[{"embeddable":true,"href":"https:\/\/agora.xtec.cat\/ieslallauna\/wp-json\/wp\/v2\/pages\/1284"}],"wp:attachment":[{"href":"https:\/\/agora.xtec.cat\/ieslallauna\/wp-json\/wp\/v2\/media?parent=1300"}],"curies":[{"name":"wp","href":"https:\/\/api.w.org\/{rel}","templated":true}]}}