{"id":1298,"date":"2021-02-18T09:45:13","date_gmt":"2021-02-18T08:45:13","guid":{"rendered":"https:\/\/agora.xtec.cat\/ieslallauna\/?page_id=1298"},"modified":"2022-02-12T08:15:02","modified_gmt":"2022-02-12T07:15:02","slug":"ambit-matematic","status":"publish","type":"page","link":"https:\/\/agora.xtec.cat\/ieslallauna\/estudis\/eso\/ambit-matematic\/","title":{"rendered":"\u00c0mbit matem\u00e0tic"},"content":{"rendered":"<p style=\"text-align: justify;\">L\u2019adquisici\u00f3 de les compet\u00e8ncies matem\u00e0tiques demana maneres de treballar que en potenci\u00efn el seu desenvolupament. Optem per provocar <strong>curiositat<\/strong> i proposar <strong>reptes<\/strong> i donar prou temps per <strong>investigar<\/strong> i <strong>reflexionar<\/strong> a la vegada que encoratgem l\u2019alumnat a construir els seus aprenentatges i ajudar-lo a prendre consci\u00e8ncia del seu progr\u00e9s. Aix\u00f2 ho fem en un ambient de classe que afavoreix l\u2019intercanvi d\u2019idees i que anima a la reflexi\u00f3. Els <strong>contextos propers<\/strong> a l\u2019alumnat s\u00f3n indispensables per <a href=\"https:\/\/agora.xtec.cat\/ieslallauna\/general\/2n-deso-matematiques-al-pati\/\" target=\"_blank\" rel=\"noopener\">aplicar els conceptes matem\u00e0tics al m\u00f3n real<\/a>.<\/p>\n<p>Com plantegem les matem\u00e0tiques al centre? El professorat us ho explica:<\/p>\n<p style=\"text-align: center;\"><iframe loading=\"lazy\" title=\"YouTube video player\" src=\"\/\/www.youtube.com\/embed\/Uo4qJAWrywA\" width=\"300\" height=\"171\" frameborder=\"0\" allowfullscreen=\"allowfullscreen\"><\/iframe><\/p>\n<p style=\"text-align: center;\">\n","protected":false},"excerpt":{"rendered":"<p>L\u2019adquisici\u00f3 de les compet\u00e8ncies matem\u00e0tiques demana maneres de treballar que en potenci\u00efn el seu desenvolupament. Optem per provocar curiositat i proposar reptes i donar prou temps per investigar i reflexionar a la vegada que encoratgem l\u2019alumnat a construir els seus aprenentatges i ajudar-lo a prendre consci\u00e8ncia del seu progr\u00e9s. Aix\u00f2 ho fem en un ambient [&hellip;]<\/p>\n","protected":false},"author":1,"featured_media":0,"parent":1284,"menu_order":0,"comment_status":"closed","ping_status":"closed","template":"","meta":{"_bbp_topic_count":0,"_bbp_reply_count":0,"_bbp_total_topic_count":0,"_bbp_total_reply_count":0,"_bbp_voice_count":0,"_bbp_anonymous_reply_count":0,"_bbp_topic_count_hidden":0,"_bbp_reply_count_hidden":0,"_bbp_forum_subforum_count":0,"site-sidebar-layout":"default","site-content-layout":"","ast-site-content-layout":"","site-content-style":"default","site-sidebar-style":"default","ast-global-header-display":"","ast-banner-title-visibility":"","ast-main-header-display":"","ast-hfb-above-header-display":"","ast-hfb-below-header-display":"","ast-hfb-mobile-header-display":"","site-post-title":"","ast-breadcrumbs-content":"","ast-featured-img":"","footer-sml-layout":"","theme-transparent-header-meta":"","adv-header-id-meta":"","stick-header-meta":"","header-above-stick-meta":"","header-main-stick-meta":"","header-below-stick-meta":"","astra-migrate-meta-layouts":"default","ast-page-background-enabled":"default","ast-page-background-meta":{"desktop":{"background-color":"var(--ast-global-color-4)","background-image":"","background-repeat":"repeat","background-position":"center center","background-size":"auto","background-attachment":"scroll","background-type":"","background-media":"","overlay-type":"","overlay-color":"","overlay-opacity":"","overlay-gradient":""},"tablet":{"background-color":"","background-image":"","background-repeat":"repeat","background-position":"center center","background-size":"auto","background-attachment":"scroll","background-type":"","background-media":"","overlay-type":"","overlay-color":"","overlay-opacity":"","overlay-gradient":""},"mobile":{"background-color":"","background-image":"","background-repeat":"repeat","background-position":"center center","background-size":"auto","background-attachment":"scroll","background-type":"","background-media":"","overlay-type":"","overlay-color":"","overlay-opacity":"","overlay-gradient":""}},"ast-content-background-meta":{"desktop":{"background-color":"var(--ast-global-color-5)","background-image":"","background-repeat":"repeat","background-position":"center center","background-size":"auto","background-attachment":"scroll","background-type":"","background-media":"","overlay-type":"","overlay-color":"","overlay-opacity":"","overlay-gradient":""},"tablet":{"background-color":"var(--ast-global-color-5)","background-image":"","background-repeat":"repeat","background-position":"center center","background-size":"auto","background-attachment":"scroll","background-type":"","background-media":"","overlay-type":"","overlay-color":"","overlay-opacity":"","overlay-gradient":""},"mobile":{"background-color":"var(--ast-global-color-5)","background-image":"","background-repeat":"repeat","background-position":"center center","background-size":"auto","background-attachment":"scroll","background-type":"","background-media":"","overlay-type":"","overlay-color":"","overlay-opacity":"","overlay-gradient":""}},"footnotes":""},"class_list":["post-1298","page","type-page","status-publish","hentry"],"post_mailing_queue_ids":[],"_links":{"self":[{"href":"https:\/\/agora.xtec.cat\/ieslallauna\/wp-json\/wp\/v2\/pages\/1298","targetHints":{"allow":["GET"]}}],"collection":[{"href":"https:\/\/agora.xtec.cat\/ieslallauna\/wp-json\/wp\/v2\/pages"}],"about":[{"href":"https:\/\/agora.xtec.cat\/ieslallauna\/wp-json\/wp\/v2\/types\/page"}],"author":[{"embeddable":true,"href":"https:\/\/agora.xtec.cat\/ieslallauna\/wp-json\/wp\/v2\/users\/1"}],"replies":[{"embeddable":true,"href":"https:\/\/agora.xtec.cat\/ieslallauna\/wp-json\/wp\/v2\/comments?post=1298"}],"version-history":[{"count":4,"href":"https:\/\/agora.xtec.cat\/ieslallauna\/wp-json\/wp\/v2\/pages\/1298\/revisions"}],"predecessor-version":[{"id":2457,"href":"https:\/\/agora.xtec.cat\/ieslallauna\/wp-json\/wp\/v2\/pages\/1298\/revisions\/2457"}],"up":[{"embeddable":true,"href":"https:\/\/agora.xtec.cat\/ieslallauna\/wp-json\/wp\/v2\/pages\/1284"}],"wp:attachment":[{"href":"https:\/\/agora.xtec.cat\/ieslallauna\/wp-json\/wp\/v2\/media?parent=1298"}],"curies":[{"name":"wp","href":"https:\/\/api.w.org\/{rel}","templated":true}]}}